{"id":8218,"date":"2025-10-15T13:54:09","date_gmt":"2025-10-15T11:54:09","guid":{"rendered":"https:\/\/circle2.de\/fr\/?page_id=8218"},"modified":"2025-10-15T16:52:33","modified_gmt":"2025-10-15T14:52:33","slug":"kevin-woodward","status":"publish","type":"page","link":"https:\/\/circle2.de\/fr\/a-propos-de-nous\/equipe\/kevin-woodward\/","title":{"rendered":"Kevin Woodward"},"content":{"rendered":"\t\t<div data-elementor-type=\"wp-page\" data-elementor-id=\"8218\" class=\"elementor elementor-8218\" data-elementor-post-type=\"page\">\n\t\t\t\t\t\t<section class=\"elementor-section elementor-top-section elementor-element elementor-element-25d0ec8d elementor-section-boxed elementor-section-height-default elementor-section-height-default\" data-id=\"25d0ec8d\" data-element_type=\"section\" data-e-type=\"section\">\n\t\t\t\t\t\t<div class=\"elementor-container elementor-column-gap-default\">\n\t\t\t\t\t<div class=\"elementor-column elementor-col-100 elementor-top-column elementor-element elementor-element-1ac87a65\" data-id=\"1ac87a65\" data-element_type=\"column\" data-e-type=\"column\">\n\t\t\t<div class=\"elementor-widget-wrap elementor-element-populated\">\n\t\t\t\t\t\t<div class=\"elementor-element elementor-element-24791281 elementor-widget elementor-widget-heading\" data-id=\"24791281\" data-element_type=\"widget\" data-e-type=\"widget\" data-widget_type=\"heading.default\">\n\t\t\t\t\t<h5 class=\"elementor-heading-title elementor-size-default\">notre \u00e9quipe<\/h5>\t\t\t\t<\/div>\n\t\t\t\t<div class=\"elementor-element elementor-element-615996f8 elementor-widget elementor-widget-heading\" data-id=\"615996f8\" data-element_type=\"widget\" data-e-type=\"widget\" data-widget_type=\"heading.default\">\n\t\t\t\t\t<h1 class=\"elementor-heading-title elementor-size-default\">Kevin Woodward<\/h1>\t\t\t\t<\/div>\n\t\t\t\t\t<\/div>\n\t\t<\/div>\n\t\t\t\t\t<\/div>\n\t\t<\/section>\n\t\t\t\t<section class=\"elementor-section elementor-top-section elementor-element elementor-element-0df6669 elementor-section-boxed elementor-section-height-default elementor-section-height-default\" data-id=\"0df6669\" data-element_type=\"section\" data-e-type=\"section\">\n\t\t\t\t\t\t<div class=\"elementor-container elementor-column-gap-default\">\n\t\t\t\t\t<div class=\"elementor-column elementor-col-100 elementor-top-column elementor-element elementor-element-e913ebb\" data-id=\"e913ebb\" data-element_type=\"column\" data-e-type=\"column\">\n\t\t\t<div class=\"elementor-widget-wrap elementor-element-populated\">\n\t\t\t\t\t\t<div class=\"elementor-element elementor-element-11b299e elementor-widget elementor-widget-html\" data-id=\"11b299e\" data-element_type=\"widget\" data-e-type=\"widget\" data-widget_type=\"html.default\">\n\t\t\t\t\t<div class=\"triple\">\n<img decoding=\"async\" src=\"https:\/\/circle2.de\/wp-content\/uploads\/2025\/10\/wood1.webp\" \/>\n<img decoding=\"async\" src=\"https:\/\/circle2.de\/wp-content\/uploads\/2025\/10\/Alternate-Headshot.webp\" \/>\n<img decoding=\"async\" src=\"https:\/\/circle2.de\/wp-content\/uploads\/2025\/10\/wood3.webp\" \/>\n<\/div>\n<div class=\"spanner\">\n<div class=\"vita\">\n<h3>Consultant<\/h3>\n<ul>\n<li>Licence en g\u00e9nie m\u00e9canique avec option en g\u00e9nie \u00e9lectrique\net master en administration des affaires avec sp\u00e9cialisation en finance et gestion\n<li>\nLicence en g\u00e9nie m\u00e9canique avec option en g\u00e9nie \u00e9lectrique\net master en administration des affaires avec sp\u00e9cialisation en finance et gestion\n\n<li>14 ans chez Bosch en tant que directeur commercial mondial et  mise en place d'une \u00e9quipe mondiale aux \u00c9tats-Unis, en Allemagne, en Chine, en France, au Br\u00e9sil et en Inde\n\n<li>7 ans en tant que vice-pr\u00e9sident de l'interface client chez ClearMotion (7 ans)\n\n<li>Responsable des ventes, de la gestion des programmes et de la gestion technique des projets<\/li>\n<li>Projet d'apprentissage personnel: \nConstruction d'un potager avec un syst\u00e8me d'arrosage automatique <\/li>\n<\/ul>\n<\/div>\n<div class=\"kdaten\">\n<h3>Contact<\/h3>\n<ul>\n<li><a href=\"mailto:info@circle2.de\"><i class=\"fa fa-fw fa-paper-plane-o\" aria-hidden=\"true\"><\/i>info@circle2.de<\/a><\/li>\n\n<li><a href=\"https:\/\/www.linkedin.com\/in\/kevin-woodward-97a58512\/\" target=\"_blank\"><i class=\"fa fa-fw fa-linkedin\" aria-hidden=\"true\"><\/i>LinkedIN<\/a><\/li>\n<\/ul><\/div>\n<\/div>\n\t\t\t\t<\/div>\n\t\t\t\t\t<\/div>\n\t\t<\/div>\n\t\t\t\t\t<\/div>\n\t\t<\/section>\n\t\t\t\t<section class=\"elementor-section elementor-top-section elementor-element elementor-element-7772a00 elementor-section-boxed elementor-section-height-default elementor-section-height-default\" data-id=\"7772a00\" data-element_type=\"section\" data-e-type=\"section\">\n\t\t\t\t\t\t<div class=\"elementor-container elementor-column-gap-default\">\n\t\t\t\t\t<div class=\"elementor-column elementor-col-100 elementor-top-column elementor-element elementor-element-1c7c37c\" data-id=\"1c7c37c\" data-element_type=\"column\" data-e-type=\"column\">\n\t\t\t<div class=\"elementor-widget-wrap elementor-element-populated\">\n\t\t\t\t\t\t<div class=\"elementor-element elementor-element-83f843d elementor-widget elementor-widget-spacer\" data-id=\"83f843d\" data-element_type=\"widget\" data-e-type=\"widget\" data-widget_type=\"spacer.default\">\n\t\t\t\t\t\t\t<div class=\"elementor-spacer\">\n\t\t\t<div class=\"elementor-spacer-inner\"><\/div>\n\t\t<\/div>\n\t\t\t\t\t\t<\/div>\n\t\t\t\t\t<\/div>\n\t\t<\/div>\n\t\t\t\t\t<\/div>\n\t\t<\/section>\n\t\t\t\t<section class=\"elementor-section elementor-top-section elementor-element elementor-element-18b2f31f elementor-section-boxed elementor-section-height-default elementor-section-height-default\" data-id=\"18b2f31f\" data-element_type=\"section\" data-e-type=\"section\">\n\t\t\t\t\t\t<div class=\"elementor-container elementor-column-gap-default\">\n\t\t\t\t\t<div class=\"elementor-column elementor-col-100 elementor-top-column elementor-element elementor-element-16df03c8\" data-id=\"16df03c8\" data-element_type=\"column\" data-e-type=\"column\" data-settings=\"{&quot;background_background&quot;:&quot;classic&quot;}\">\n\t\t\t<div class=\"elementor-widget-wrap elementor-element-populated\">\n\t\t\t\t\t\t<div class=\"elementor-element elementor-element-3b2269c1 elementor-widget elementor-widget-text-editor\" data-id=\"3b2269c1\" data-element_type=\"widget\" data-e-type=\"widget\" data-widget_type=\"text-editor.default\">\n\t\t\t\t\t\t\t\t\t<h3>Ce qui m&#8217;inspire : Aider les autres \u00e0 grandir\/apprendre et favoriser la mise en \u0153uvre d&#8217;id\u00e9es g\u00e9niales.\n<\/br>\nJe suis stimul\u00e9 par le succ\u00e8s d&#8217;une \u00e9quipe qui rel\u00e8ve et accomplit des d\u00e9fis difficiles.<\/h3>\t\t\t\t\t\t\t\t<\/div>\n\t\t\t\t\t<\/div>\n\t\t<\/div>\n\t\t\t\t\t<\/div>\n\t\t<\/section>\n\t\t\t\t<section class=\"elementor-section elementor-top-section elementor-element elementor-element-3756212b elementor-section-boxed elementor-section-height-default elementor-section-height-default\" data-id=\"3756212b\" data-element_type=\"section\" data-e-type=\"section\">\n\t\t\t\t\t\t<div class=\"elementor-container elementor-column-gap-default\">\n\t\t\t\t\t<div class=\"elementor-column elementor-col-100 elementor-top-column elementor-element elementor-element-72b204d4\" data-id=\"72b204d4\" data-element_type=\"column\" data-e-type=\"column\">\n\t\t\t<div class=\"elementor-widget-wrap elementor-element-populated\">\n\t\t\t\t\t\t<div class=\"elementor-element elementor-element-378bf7c4 elementor-align-center elementor-widget elementor-widget-button\" data-id=\"378bf7c4\" data-element_type=\"widget\" data-e-type=\"widget\" data-widget_type=\"button.default\">\n\t\t\t\t\t\t\t\t\t\t<a class=\"elementor-button elementor-button-link elementor-size-lg\" href=\"https:\/\/circle2.de\/fr\/a-propos-de-nous\/equipe\/\">\n\t\t\t\t\t\t<span class=\"elementor-button-content-wrapper\">\n\t\t\t\t\t\t\t\t\t<span class=\"elementor-button-text\">\u00c0 la vue d'ensemble de l'\u00e9quipe <\/span>\n\t\t\t\t\t<\/span>\n\t\t\t\t\t<\/a>\n\t\t\t\t\t\t\t\t<\/div>\n\t\t\t\t\t<\/div>\n\t\t<\/div>\n\t\t\t\t\t<\/div>\n\t\t<\/section>\n\t\t\t\t<\/div>\n\t\t","protected":false},"excerpt":{"rendered":"<p>notre \u00e9quipe Kevin Woodward Consultant Licence en g\u00e9nie m\u00e9canique avec option en g\u00e9nie \u00e9lectrique et master en administration des affaires avec sp\u00e9cialisation en finance et gestion Licence en g\u00e9nie m\u00e9canique avec option en g\u00e9nie \u00e9lectrique et master en administration des affaires avec sp\u00e9cialisation en finance et gestion 14 ans chez Bosch en tant que directeur &#8230;<\/p>\n","protected":false},"author":1,"featured_media":0,"parent":53,"menu_order":0,"comment_status":"closed","ping_status":"closed","template":"","meta":{"inline_featured_image":false,"footnotes":"","_links_to":"","_links_to_target":""},"class_list":["post-8218","page","type-page","status-publish"],"_links":{"self":[{"href":"https:\/\/circle2.de\/fr\/wp-json\/wp\/v2\/pages\/8218","targetHints":{"allow":["GET"]}}],"collection":[{"href":"https:\/\/circle2.de\/fr\/wp-json\/wp\/v2\/pages"}],"about":[{"href":"https:\/\/circle2.de\/fr\/wp-json\/wp\/v2\/types\/page"}],"author":[{"embeddable":true,"href":"https:\/\/circle2.de\/fr\/wp-json\/wp\/v2\/users\/1"}],"replies":[{"embeddable":true,"href":"https:\/\/circle2.de\/fr\/wp-json\/wp\/v2\/comments?post=8218"}],"version-history":[{"count":7,"href":"https:\/\/circle2.de\/fr\/wp-json\/wp\/v2\/pages\/8218\/revisions"}],"predecessor-version":[{"id":8229,"href":"https:\/\/circle2.de\/fr\/wp-json\/wp\/v2\/pages\/8218\/revisions\/8229"}],"up":[{"embeddable":true,"href":"https:\/\/circle2.de\/fr\/wp-json\/wp\/v2\/pages\/53"}],"wp:attachment":[{"href":"https:\/\/circle2.de\/fr\/wp-json\/wp\/v2\/media?parent=8218"}],"curies":[{"name":"wp","href":"https:\/\/api.w.org\/{rel}","templated":true}]}}