{"id":8187,"date":"2025-08-01T15:14:05","date_gmt":"2025-08-01T13:14:05","guid":{"rendered":"https:\/\/circle2.de\/fr\/?page_id=8187"},"modified":"2025-08-01T15:23:55","modified_gmt":"2025-08-01T13:23:55","slug":"respiration-consciente-avec-marcel-beck","status":"publish","type":"page","link":"https:\/\/circle2.de\/fr\/respiration-consciente-avec-marcel-beck\/","title":{"rendered":"Respiration consciente avec Marcel Beck"},"content":{"rendered":"\t\t<div data-elementor-type=\"wp-page\" data-elementor-id=\"8187\" class=\"elementor elementor-8187\" data-elementor-post-type=\"page\">\n\t\t\t\t\t\t<section class=\"elementor-section elementor-top-section elementor-element elementor-element-88806fb elementor-section-full_width elementor-section-height-default elementor-section-height-default\" data-id=\"88806fb\" data-element_type=\"section\" data-e-type=\"section\">\n\t\t\t\t\t\t<div class=\"elementor-container elementor-column-gap-default\">\n\t\t\t\t\t<div class=\"elementor-column elementor-col-100 elementor-top-column elementor-element elementor-element-6ed2f08c\" data-id=\"6ed2f08c\" data-element_type=\"column\" data-e-type=\"column\">\n\t\t\t<div class=\"elementor-widget-wrap elementor-element-populated\">\n\t\t\t\t\t\t\t<\/div>\n\t\t<\/div>\n\t\t\t\t\t<\/div>\n\t\t<\/section>\n\t\t\t\t<section class=\"elementor-section elementor-top-section elementor-element elementor-element-197719ef elementor-section-full_width elementor-section-height-default elementor-section-height-default\" data-id=\"197719ef\" data-element_type=\"section\" data-e-type=\"section\">\n\t\t\t\t\t\t<div class=\"elementor-container elementor-column-gap-default\">\n\t\t\t\t\t<div class=\"elementor-column elementor-col-100 elementor-top-column elementor-element elementor-element-335453b7\" data-id=\"335453b7\" data-element_type=\"column\" data-e-type=\"column\">\n\t\t\t<div class=\"elementor-widget-wrap elementor-element-populated\">\n\t\t\t\t\t\t<div class=\"elementor-element elementor-element-2eadde56 elementor-widget elementor-widget-heading\" data-id=\"2eadde56\" data-element_type=\"widget\" data-e-type=\"widget\" data-widget_type=\"heading.default\">\n\t\t\t\t\t<h1 class=\"elementor-heading-title elementor-size-default\">Clart\u00e9 int\u00e9rieure et concentration :<br> respiration consciente avec Marcel Beck<\/h1>\t\t\t\t<\/div>\n\t\t\t\t\t<\/div>\n\t\t<\/div>\n\t\t\t\t\t<\/div>\n\t\t<\/section>\n\t\t<div class=\"elementor-element elementor-element-10df7e3b e-con-full e-flex e-con e-parent\" data-id=\"10df7e3b\" data-element_type=\"container\" data-e-type=\"container\">\n\t\t<div class=\"elementor-element elementor-element-3a0d93e1 e-con-full e-flex e-con e-child\" data-id=\"3a0d93e1\" data-element_type=\"container\" data-e-type=\"container\" data-settings=\"{&quot;background_background&quot;:&quot;classic&quot;}\">\n\t\t\t\t<div class=\"elementor-element elementor-element-f644e14 elementor-widget elementor-widget-spacer\" data-id=\"f644e14\" data-element_type=\"widget\" data-e-type=\"widget\" data-widget_type=\"spacer.default\">\n\t\t\t\t\t\t\t<div class=\"elementor-spacer\">\n\t\t\t<div class=\"elementor-spacer-inner\"><\/div>\n\t\t<\/div>\n\t\t\t\t\t\t<\/div>\n\t\t\t\t<\/div>\n\t\t<div class=\"elementor-element elementor-element-54d75157 e-con-full e-flex e-con e-child\" data-id=\"54d75157\" data-element_type=\"container\" data-e-type=\"container\" data-settings=\"{&quot;background_background&quot;:&quot;classic&quot;}\">\n\t\t\t\t<div class=\"elementor-element elementor-element-77d4b3c7 elementor-widget elementor-widget-text-editor\" data-id=\"77d4b3c7\" data-element_type=\"widget\" data-e-type=\"widget\" data-widget_type=\"text-editor.default\">\n\t\t\t\t\t\t\t\t\t<h3>&#8222;Que ce soit dans le domaine du leadership, de la transformation ou de la vente, la clart\u00e9 int\u00e9rieure et la concentration font toute la diff\u00e9rence. La respiration consciente a un effet imm\u00e9diat et aide \u00e0 contr\u00f4ler consciemment son \u00e9tat int\u00e9rieur, en particulier sous pression.&#8220;<\/h3>\t\t\t\t\t\t\t\t<\/div>\n\t\t\t\t<\/div>\n\t\t\t\t<\/div>\n\t\t<div class=\"elementor-element elementor-element-54d52bf9 e-con-full e-flex e-con e-parent\" data-id=\"54d52bf9\" data-element_type=\"container\" data-e-type=\"container\">\n\t\t\t\t<div class=\"elementor-element elementor-element-6d72875b elementor-widget elementor-widget-heading\" data-id=\"6d72875b\" data-element_type=\"widget\" data-e-type=\"widget\" data-widget_type=\"heading.default\">\n\t\t\t\t\t<h2 class=\"elementor-heading-title elementor-size-default\">Breathwork : une remise \u00e0 z\u00e9ro en quelques minutes<\/h2>\t\t\t\t<\/div>\n\t\t\t\t<\/div>\n\t\t<div class=\"elementor-element elementor-element-13e7825f e-con-full e-flex e-con e-parent\" data-id=\"13e7825f\" data-element_type=\"container\" data-e-type=\"container\">\n\t\t\t\t<div class=\"elementor-element elementor-element-7afd7123 elementor-widget elementor-widget-text-editor\" data-id=\"7afd7123\" data-element_type=\"widget\" data-e-type=\"widget\" data-widget_type=\"text-editor.default\">\n\t\t\t\t\t\t\t\t\tLe breathwork est un travail cibl\u00e9 sur la respiration visant \u00e0 harmoniser le corps, l&#8217;esprit et les \u00e9motions. Une technique \u00e9galement utilis\u00e9e par les Navy SEALs, une unit\u00e9 sp\u00e9ciale d&#8217;\u00e9lite de l&#8217;arm\u00e9e am\u00e9ricaine. unit\u00e9 de la marine am\u00e9ricaine. Des techniques de respiration conscientes permettent de soulager le stress, de r\u00e9guler le syst\u00e8me nerveux et d&#8217;atteindre un \u00e9tat de grande pr\u00e9sence, de concentration et de performance. Ces techniques s&#8217;int\u00e8grent facilement dans la vie quotidienne et ont un effet rapide et durable.\nComment nous utilisons le breathwork\nLe breathwork peut \u00eatre enseign\u00e9 efficacement dans le cadre d&#8217;un coaching individuel, d&#8217;ateliers ou de formations destin\u00e9s aux cadres, aux commerciaux, aux \u00e9quipes ou \u00e0 des groupes mixtes. L&#8217;approche et la profondeur sont adapt\u00e9es aux exigences sp\u00e9cifiques de chaque situation. \nMarcel Beck est coach certifi\u00e9 en breathwork et se fera un plaisir de vous aider.\n\t\t\t\t\t\t\t\t<\/div>\n\t\t\t\t<\/div>\n\t\t<div class=\"elementor-element elementor-element-445524bb e-flex e-con-boxed e-con e-parent\" data-id=\"445524bb\" data-element_type=\"container\" data-e-type=\"container\">\n\t\t\t\t\t<div class=\"e-con-inner\">\n\t\t\t\t<div class=\"elementor-element elementor-element-2c271e52 elementor-align-center elementor-widget elementor-widget-button\" data-id=\"2c271e52\" data-element_type=\"widget\" data-e-type=\"widget\" data-widget_type=\"button.default\">\n\t\t\t\t\t\t\t\t\t\t<a class=\"elementor-button elementor-button-link elementor-size-lg elementor-animation-grow\" href=\"https:\/\/circle2.de\/fr\/a-propos-de-nous\/equipe\/marcel-beck\/\" target=\"_blank\">\n\t\t\t\t\t\t<span class=\"elementor-button-content-wrapper\">\n\t\t\t\t\t\t\t\t\t<span class=\"elementor-button-text\">Contact<\/span>\n\t\t\t\t\t<\/span>\n\t\t\t\t\t<\/a>\n\t\t\t\t\t\t\t\t<\/div>\n\t\t\t\t\t<\/div>\n\t\t\t\t<\/div>\n\t\t<div class=\"elementor-element elementor-element-6a43b2c7 e-flex e-con-boxed e-con e-parent\" data-id=\"6a43b2c7\" data-element_type=\"container\" data-e-type=\"container\">\n\t\t\t\t\t<div class=\"e-con-inner\">\n\t\t\t\t<div class=\"elementor-element elementor-element-6408ab09 elementor-widget elementor-widget-spacer\" data-id=\"6408ab09\" data-element_type=\"widget\" data-e-type=\"widget\" data-widget_type=\"spacer.default\">\n\t\t\t\t\t\t\t<div class=\"elementor-spacer\">\n\t\t\t<div class=\"elementor-spacer-inner\"><\/div>\n\t\t<\/div>\n\t\t\t\t\t\t<\/div>\n\t\t\t\t\t<\/div>\n\t\t\t\t<\/div>\n\t\t\t\t<\/div>\n\t\t","protected":false},"excerpt":{"rendered":"<p>Clart\u00e9 int\u00e9rieure et concentration : respiration consciente avec Marcel Beck &#8222;Que ce soit dans le domaine du leadership, de la transformation ou de la vente, la clart\u00e9 int\u00e9rieure et la concentration font toute la diff\u00e9rence. La respiration consciente a un effet imm\u00e9diat et aide \u00e0 contr\u00f4ler consciemment son \u00e9tat int\u00e9rieur, en particulier sous pression.&#8220; Breathwork &#8230;<\/p>\n","protected":false},"author":1,"featured_media":0,"parent":0,"menu_order":0,"comment_status":"closed","ping_status":"closed","template":"","meta":{"inline_featured_image":false,"footnotes":"","_links_to":"","_links_to_target":""},"class_list":["post-8187","page","type-page","status-publish"],"_links":{"self":[{"href":"https:\/\/circle2.de\/fr\/wp-json\/wp\/v2\/pages\/8187","targetHints":{"allow":["GET"]}}],"collection":[{"href":"https:\/\/circle2.de\/fr\/wp-json\/wp\/v2\/pages"}],"about":[{"href":"https:\/\/circle2.de\/fr\/wp-json\/wp\/v2\/types\/page"}],"author":[{"embeddable":true,"href":"https:\/\/circle2.de\/fr\/wp-json\/wp\/v2\/users\/1"}],"replies":[{"embeddable":true,"href":"https:\/\/circle2.de\/fr\/wp-json\/wp\/v2\/comments?post=8187"}],"version-history":[{"count":4,"href":"https:\/\/circle2.de\/fr\/wp-json\/wp\/v2\/pages\/8187\/revisions"}],"predecessor-version":[{"id":8196,"href":"https:\/\/circle2.de\/fr\/wp-json\/wp\/v2\/pages\/8187\/revisions\/8196"}],"wp:attachment":[{"href":"https:\/\/circle2.de\/fr\/wp-json\/wp\/v2\/media?parent=8187"}],"curies":[{"name":"wp","href":"https:\/\/api.w.org\/{rel}","templated":true}]}}