{"id":7333,"date":"2024-11-20T12:23:02","date_gmt":"2024-11-20T11:23:02","guid":{"rendered":"https:\/\/circle2.de\/fr\/?page_id=7333"},"modified":"2024-12-18T08:13:04","modified_gmt":"2024-12-18T07:13:04","slug":"feedback-a-360","status":"publish","type":"page","link":"https:\/\/circle2.de\/fr\/systemes\/feedback-a-360\/","title":{"rendered":"feedback \u00e0 360"},"content":{"rendered":"\t\t<div data-elementor-type=\"wp-page\" data-elementor-id=\"7333\" class=\"elementor elementor-7333\" data-elementor-post-type=\"page\">\n\t\t\t\t<div class=\"elementor-element elementor-element-78d8d0a e-con-full e-flex e-con e-parent\" data-id=\"78d8d0a\" data-element_type=\"container\" data-e-type=\"container\">\n\t\t<div class=\"elementor-element elementor-element-31ff662 e-con-full e-flex e-con e-child\" data-id=\"31ff662\" data-element_type=\"container\" data-e-type=\"container\">\n\t\t\t\t<div class=\"elementor-element elementor-element-01f9b69 elementor-widget elementor-widget-heading\" data-id=\"01f9b69\" data-element_type=\"widget\" data-e-type=\"widget\" data-widget_type=\"heading.default\">\n\t\t\t\t\t<h5 class=\"elementor-heading-title elementor-size-default\">Syst\u00e8mes<\/h5>\t\t\t\t<\/div>\n\t\t\t\t<div class=\"elementor-element elementor-element-b94a471 elementor-widget elementor-widget-heading\" data-id=\"b94a471\" data-element_type=\"widget\" data-e-type=\"widget\" data-widget_type=\"heading.default\">\n\t\t\t\t\t<h1 class=\"elementor-heading-title elementor-size-default\">Retour d'information \u00e0 360\u00b0<\/h1>\t\t\t\t<\/div>\n\t\t\t\t<\/div>\n\t\t\t\t<\/div>\n\t\t<div class=\"elementor-element elementor-element-0947b26 e-con-full e-flex e-con e-parent\" data-id=\"0947b26\" data-element_type=\"container\" data-e-type=\"container\">\n\t\t<div class=\"elementor-element elementor-element-e6734fb e-con-full e-flex e-con e-child\" data-id=\"e6734fb\" data-element_type=\"container\" data-e-type=\"container\" data-settings=\"{&quot;background_background&quot;:&quot;classic&quot;}\">\n\t\t\t\t<\/div>\n\t\t<div class=\"elementor-element elementor-element-ad4f188 e-con-full e-flex e-con e-child\" data-id=\"ad4f188\" data-element_type=\"container\" data-e-type=\"container\" data-settings=\"{&quot;background_background&quot;:&quot;classic&quot;}\">\n\t\t\t\t<\/div>\n\t\t\t\t<\/div>\n\t\t<div class=\"elementor-element elementor-element-793bb40 e-con-full e-flex e-con e-parent\" data-id=\"793bb40\" data-element_type=\"container\" data-e-type=\"container\">\n\t\t\t\t<div class=\"elementor-element elementor-element-6bca61f elementor-widget elementor-widget-heading\" data-id=\"6bca61f\" data-element_type=\"widget\" data-e-type=\"widget\" data-widget_type=\"heading.default\">\n\t\t\t\t\t<h2 class=\"elementor-heading-title elementor-size-default\">Le feedback \u00e0 360\u00b0 pour le d\u00e9veloppement et la transformation<\/h2>\t\t\t\t<\/div>\n\t\t\t\t<\/div>\n\t\t<div class=\"elementor-element elementor-element-4477e47 e-con-full e-flex e-con e-parent\" data-id=\"4477e47\" data-element_type=\"container\" data-e-type=\"container\">\n\t\t\t\t<div class=\"elementor-element elementor-element-362574f elementor-widget elementor-widget-heading\" data-id=\"362574f\" data-element_type=\"widget\" data-e-type=\"widget\" data-widget_type=\"heading.default\">\n\t\t\t\t\t<h2 class=\"elementor-heading-title elementor-size-default\">Le feedback \u00e0 360\u00b0 consiste \u00e0 recueillir des informations anonymes dans une perspective globale. L'\u00e9valuation des employ\u00e9s, des sup\u00e9rieurs et des coll\u00e8gues est enregistr\u00e9e afin d'\u00eatre compar\u00e9e \u00e0 l'\u00e9valuation de l'employ\u00e9 lui-m\u00eame (g\u00e9n\u00e9ralement en tant que manager). <br>\nCette d\u00e9marche peut \u00eatre d\u00e9clench\u00e9e par des processus de d\u00e9veloppement et de changement au sein de l'entreprise, par exemple. De nombreuses entreprises d\u00e9cident \u00e9galement de travailler sur l'alignement commun du leadership dans ce contexte.<\/h2>\t\t\t\t<\/div>\n\t\t\t\t<\/div>\n\t\t<div class=\"elementor-element elementor-element-627c4d8 e-con-full e-flex e-con e-parent\" data-id=\"627c4d8\" data-element_type=\"container\" data-e-type=\"container\">\n\t\t\t\t<div class=\"elementor-element elementor-element-f1fa98e elementor-widget__width-initial elementor-widget elementor-widget-heading\" data-id=\"f1fa98e\" data-element_type=\"widget\" data-e-type=\"widget\" data-widget_type=\"heading.default\">\n\t\t\t\t\t<h2 class=\"elementor-heading-title elementor-size-default\">Le feedback \u00e0 360\u00b0 comprend<\/h2>\t\t\t\t<\/div>\n\t\t\t\t<\/div>\n\t\t<div class=\"elementor-element elementor-element-d118563 e-con-full e-flex e-con e-parent\" data-id=\"d118563\" data-element_type=\"container\" data-e-type=\"container\">\n\t\t\t\t<div class=\"elementor-element elementor-element-71ee626 elementor-widget elementor-widget-text-editor\" data-id=\"71ee626\" data-element_type=\"widget\" data-e-type=\"widget\" data-widget_type=\"text-editor.default\">\n\t\t\t\t\t\t\t\t\t<p>Un feedback rapide et simple pour les managers \u00e0 l&#8217;aide d&#8217;un questionnaire. L&#8217;\u00e9valuation des sous-groupes d\u00e9pend du nombre minimum de r\u00e9pondants (confidentialit\u00e9 \/ protection des donn\u00e9es).<\/p><p>\u00a0<\/p><p>Le questionnaire peut \u00eatre align\u00e9 sur le mod\u00e8le de comp\u00e9tences de votre entreprise. Un questionnaire standard peut \u00e9galement \u00eatre utilis\u00e9, dans ce cas avec une comparaison des normes si n\u00e9cessaire.<\/p><p>\u00a0<\/p><p>Les r\u00e9sultats individuels sont analys\u00e9s par la personne concern\u00e9e, g\u00e9n\u00e9ralement avec un coach externe, afin de soutenir le d\u00e9veloppement durable.<\/p><p>Des programmes de d\u00e9veloppement pour les cadres ou des programmes de d\u00e9veloppement culturel peuvent \u00eatre \u00e9labor\u00e9s \u00e0 partir des \u00e9valuations globales.<\/p><p>\u00a0<\/p><p>Il est recommand\u00e9 que le manager divulgue et fournisse un retour d&#8217;information aux \u00e9valuateurs, \u00e9ventuellement lors d&#8217;une r\u00e9union \u00e0 huis clos.<\/p><p>\u00a0<\/p><p><strong>Nous vous aidons \u00e0 concevoir le processus global et vous fournissons tous les outils n\u00e9cessaires d&#8217;une mani\u00e8re bien fond\u00e9e et moderne.<\/strong><\/p>\t\t\t\t\t\t\t\t<\/div>\n\t\t\t\t<\/div>\n\t\t<div class=\"elementor-element elementor-element-800f480 e-flex e-con-boxed e-con e-parent\" data-id=\"800f480\" data-element_type=\"container\" data-e-type=\"container\">\n\t\t\t\t\t<div class=\"e-con-inner\">\n\t\t\t\t<div class=\"elementor-element elementor-element-acb9024 elementor-widget elementor-widget-spacer\" data-id=\"acb9024\" data-element_type=\"widget\" data-e-type=\"widget\" data-widget_type=\"spacer.default\">\n\t\t\t\t\t\t\t<div class=\"elementor-spacer\">\n\t\t\t<div class=\"elementor-spacer-inner\"><\/div>\n\t\t<\/div>\n\t\t\t\t\t\t<\/div>\n\t\t\t\t\t<\/div>\n\t\t\t\t<\/div>\n\t\t<div class=\"elementor-element elementor-element-546e7dce e-con-full e-flex e-con e-parent\" data-id=\"546e7dce\" data-element_type=\"container\" data-e-type=\"container\">\n\t\t<div class=\"elementor-element elementor-element-7e1e60c9 e-con-full elementor-hidden-mobile e-flex e-con e-child\" data-id=\"7e1e60c9\" data-element_type=\"container\" data-e-type=\"container\" data-settings=\"{&quot;background_background&quot;:&quot;classic&quot;}\">\n\t\t\t\t<div class=\"elementor-element elementor-element-74a294d elementor-hidden-mobile elementor-view-default elementor-widget elementor-widget-icon\" data-id=\"74a294d\" data-element_type=\"widget\" data-e-type=\"widget\" data-widget_type=\"icon.default\">\n\t\t\t\t\t\t\t<div class=\"elementor-icon-wrapper\">\n\t\t\t<div class=\"elementor-icon\">\n\t\t\t<svg xmlns=\"http:\/\/www.w3.org\/2000\/svg\" width=\"140\" height=\"140\" viewBox=\"0 0 140 140\"><g id=\"Auswirkung\" transform=\"translate(-14.1 -14.1)\"><g id=\"kreis\" transform=\"translate(14.1 14.1)\"><circle id=\"Ellipse_38\" data-name=\"Ellipse 38\" cx=\"70\" cy=\"70\" r=\"70\" fill=\"#fff\"><\/circle><\/g><g id=\"Ebene_1\" transform=\"translate(26.9 26.9)\"><g id=\"Icons\"><g id=\"Gruppe_212\" data-name=\"Gruppe 212\" transform=\"translate(2.8 2.8)\"><circle id=\"Ellipse_39\" data-name=\"Ellipse 39\" cx=\"30.2\" cy=\"30.2\" r=\"30.2\" transform=\"translate(25.6 25.6)\" fill=\"none\" stroke=\"#eaea94\" stroke-width=\"4\" stroke-dasharray=\"4.017 4.017\"><\/circle><path id=\"Pfad_219\" data-name=\"Pfad 219\" d=\"M96.1,38.6l-9-8.9-8.9,8.9\" transform=\"translate(-30.614 -29.7)\" fill=\"none\" stroke=\"#eaea94\" stroke-width=\"4\"><\/path><line id=\"Linie_101\" data-name=\"Linie 101\" y2=\"15.1\" transform=\"translate(56.489 1.8)\" fill=\"none\" stroke=\"#eaea94\" stroke-linejoin=\"bevel\" stroke-width=\"4\"><\/line><path id=\"Pfad_220\" data-name=\"Pfad 220\" d=\"M59.5,45.8H46.8V58.5\" transform=\"translate(-30.006 -29.7)\" fill=\"none\" stroke=\"#eaea94\" stroke-width=\"4\"><\/path><line id=\"Linie_102\" data-name=\"Linie 102\" x2=\"10.7\" y2=\"10.8\" transform=\"translate(18.078 16.996)\" fill=\"none\" stroke=\"#eaea94\" stroke-linejoin=\"bevel\" stroke-width=\"4\"><\/line><path id=\"Pfad_221\" data-name=\"Pfad 221\" d=\"M38.7,76.7l-9,9,9,8.9\" transform=\"translate(-29.7 -30.586)\" fill=\"none\" stroke=\"#eaea94\" stroke-width=\"4\"><\/path><line id=\"Linie_103\" data-name=\"Linie 103\" x2=\"15.1\" transform=\"translate(1.8 55.111)\" fill=\"none\" stroke=\"#eaea94\" stroke-linejoin=\"bevel\" stroke-width=\"4\"><\/line><path id=\"Pfad_222\" data-name=\"Pfad 222\" d=\"M45.8,113.3V126H58.5\" transform=\"translate(-29.7 -31.194)\" fill=\"none\" stroke=\"#eaea94\" stroke-width=\"4\"><\/path><line id=\"Linie_104\" data-name=\"Linie 104\" y1=\"10.7\" x2=\"10.7\" transform=\"translate(17.095 82.823)\" fill=\"none\" stroke=\"#eaea94\" stroke-linejoin=\"bevel\" stroke-width=\"4\"><\/line><path id=\"Pfad_223\" data-name=\"Pfad 223\" d=\"M113.3,127H126V114.3\" transform=\"translate(-31.194 -31.5)\" fill=\"none\" stroke=\"#eaea94\" stroke-width=\"4\"><\/path><line id=\"Linie_105\" data-name=\"Linie 105\" x1=\"10.7\" y1=\"10.7\" transform=\"translate(82.823 83.805)\" fill=\"none\" stroke=\"#eaea94\" stroke-linejoin=\"bevel\" stroke-width=\"4\"><\/line><path id=\"Pfad_224\" data-name=\"Pfad 224\" d=\"M134.1,96.1l9-9-9-9\" transform=\"translate(-31.5 -30.613)\" fill=\"none\" stroke=\"#eaea94\" stroke-width=\"4\"><\/path><line id=\"Linie_106\" data-name=\"Linie 106\" x1=\"15.1\" transform=\"translate(94.7 56.489)\" fill=\"none\" stroke=\"#eaea94\" stroke-linejoin=\"bevel\" stroke-width=\"4\"><\/line><path id=\"Pfad_225\" data-name=\"Pfad 225\" d=\"M76.7,134.1l9,9,8.9-9\" transform=\"translate(-30.586 -31.5)\" fill=\"none\" stroke=\"#eaea94\" stroke-width=\"4\"><\/path><line id=\"Linie_107\" data-name=\"Linie 107\" y1=\"15.1\" transform=\"translate(55.111 94.7)\" fill=\"none\" stroke=\"#eaea94\" stroke-linejoin=\"bevel\" stroke-width=\"4\"><\/line><path id=\"Pfad_226\" data-name=\"Pfad 226\" d=\"M127,59.5V46.8H114.3\" transform=\"translate(-31.5 -30.006)\" fill=\"none\" stroke=\"#eaea94\" stroke-width=\"4\"><\/path><line id=\"Linie_108\" data-name=\"Linie 108\" x1=\"10.7\" y2=\"10.7\" transform=\"translate(83.805 18.078)\" fill=\"none\" stroke=\"#eaea94\" stroke-linejoin=\"bevel\" stroke-width=\"4\"><\/line><circle id=\"Ellipse_40\" data-name=\"Ellipse 40\" cx=\"21.7\" cy=\"21.7\" r=\"21.7\" transform=\"translate(34.1 34.1)\" fill=\"none\" stroke=\"#eaea94\" stroke-linejoin=\"bevel\" stroke-width=\"4\"><\/circle><circle id=\"Ellipse_41\" data-name=\"Ellipse 41\" cx=\"7.6\" cy=\"7.6\" r=\"7.6\" transform=\"translate(48.2 45.648)\" fill=\"none\" stroke=\"#eaea94\" stroke-linejoin=\"bevel\" stroke-width=\"4\"><\/circle><path id=\"Pfad_227\" data-name=\"Pfad 227\" d=\"M99.8,101.8v-.6a7.6,7.6,0,0,0-7.6-7.6H80.7a7.6,7.6,0,0,0-7.6,7.6v.6\" transform=\"translate(-30.601 -30.793)\" fill=\"none\" stroke=\"#eaea94\" stroke-linejoin=\"bevel\" stroke-width=\"4\"><\/path><\/g><g id=\"Gruppe_226\" data-name=\"Gruppe 226\"><g id=\"Gruppe_225\" data-name=\"Gruppe 225\"><g id=\"Gruppe_224\" data-name=\"Gruppe 224\"><g id=\"Gruppe_213\" data-name=\"Gruppe 213\" transform=\"translate(24.7 24.698)\"><circle id=\"Ellipse_42\" data-name=\"Ellipse 42\" cx=\"31.1\" cy=\"31.1\" r=\"31.1\" fill=\"none\" stroke=\"#282d33\" stroke-width=\"4\" stroke-dasharray=\"4.017 4.017\"><\/circle><\/g><g id=\"Gruppe_222\" data-name=\"Gruppe 222\"><g id=\"Gruppe_214\" data-name=\"Gruppe 214\" transform=\"translate(47.488)\"><path id=\"Pfad_228\" data-name=\"Pfad 228\" d=\"M93.2,35.8l-8.9-8.9-9,8.9\" transform=\"translate(-75.3 -26.9)\" fill=\"none\" stroke=\"#282d33\" stroke-width=\"4\"><\/path><line id=\"Linie_109\" data-name=\"Linie 109\" y2=\"15.2\" transform=\"translate(9 1.7)\" fill=\"none\" stroke=\"#282d33\" stroke-linejoin=\"bevel\" stroke-width=\"4\"><\/line><\/g><g id=\"Gruppe_215\" data-name=\"Gruppe 215\" transform=\"translate(16.795 16.1)\"><path id=\"Pfad_229\" data-name=\"Pfad 229\" d=\"M56.6,43H44V55.6\" transform=\"translate(-44 -43)\" fill=\"none\" stroke=\"#282d33\" stroke-width=\"4\"><\/path><line id=\"Linie_110\" data-name=\"Linie 110\" x2=\"10.7\" y2=\"10.7\" transform=\"translate(1.2 1.2)\" fill=\"none\" stroke=\"#282d33\" stroke-linejoin=\"bevel\" stroke-width=\"4\"><\/line><\/g><g id=\"Gruppe_216\" data-name=\"Gruppe 216\" transform=\"translate(0 46.113)\"><path id=\"Pfad_230\" data-name=\"Pfad 230\" d=\"M35.8,73.9l-8.9,8.9,8.9,9\" transform=\"translate(-26.9 -73.9)\" fill=\"none\" stroke=\"#282d33\" stroke-width=\"4\"><\/path><line id=\"Linie_111\" data-name=\"Linie 111\" x2=\"15.2\" transform=\"translate(1.7 8.9)\" fill=\"none\" stroke=\"#282d33\" stroke-linejoin=\"bevel\" stroke-width=\"4\"><\/line><\/g><g id=\"Gruppe_217\" data-name=\"Gruppe 217\" transform=\"translate(16.1 82.106)\"><path id=\"Pfad_231\" data-name=\"Pfad 231\" d=\"M43,110.5v12.6H55.6\" transform=\"translate(-43 -110.5)\" fill=\"none\" stroke=\"#282d33\" stroke-width=\"4\"><\/path><line id=\"Linie_112\" data-name=\"Linie 112\" y1=\"10.7\" x2=\"10.7\" transform=\"translate(1.2 0.7)\" fill=\"none\" stroke=\"#282d33\" stroke-linejoin=\"bevel\" stroke-width=\"4\"><\/line><\/g><g id=\"Gruppe_218\" data-name=\"Gruppe 218\" transform=\"translate(82.106 82.8)\"><path id=\"Pfad_232\" data-name=\"Pfad 232\" d=\"M110.5,124.1h12.6l.1-12.6\" transform=\"translate(-110.5 -111.5)\" fill=\"none\" stroke=\"#282d33\" stroke-width=\"4\"><\/path><line id=\"Linie_113\" data-name=\"Linie 113\" x1=\"10.7\" y1=\"10.7\" transform=\"translate(0.7 0.7)\" fill=\"none\" stroke=\"#282d33\" stroke-linejoin=\"bevel\" stroke-width=\"4\"><\/line><\/g><g id=\"Gruppe_219\" data-name=\"Gruppe 219\" transform=\"translate(94.6 47.487)\"><path id=\"Pfad_233\" data-name=\"Pfad 233\" d=\"M131.3,93.2l9-8.9-9-9\" transform=\"translate(-123.3 -75.3)\" fill=\"none\" stroke=\"#282d33\" stroke-width=\"4\"><\/path><line id=\"Linie_114\" data-name=\"Linie 114\" x1=\"15.2\" transform=\"translate(0 9)\" fill=\"none\" stroke=\"#282d33\" stroke-linejoin=\"bevel\" stroke-width=\"4\"><\/line><\/g><g id=\"Gruppe_220\" data-name=\"Gruppe 220\" transform=\"translate(46.114 94.6)\"><path id=\"Pfad_234\" data-name=\"Pfad 234\" d=\"M73.9,131.3l8.9,8.9,9-8.9\" transform=\"translate(-73.9 -123.3)\" fill=\"none\" stroke=\"#282d33\" stroke-width=\"4\"><\/path><line id=\"Linie_115\" data-name=\"Linie 115\" y1=\"15.2\" transform=\"translate(8.9)\" fill=\"none\" stroke=\"#282d33\" stroke-linejoin=\"bevel\" stroke-width=\"4\"><\/line><\/g><g id=\"Gruppe_221\" data-name=\"Gruppe 221\" transform=\"translate(82.8 16.794)\"><path id=\"Pfad_235\" data-name=\"Pfad 235\" d=\"M124.2,56.6V44H111.5\" transform=\"translate(-111.5 -44)\" fill=\"none\" stroke=\"#282d33\" stroke-width=\"4\"><\/path><line id=\"Linie_116\" data-name=\"Linie 116\" x1=\"10.7\" y2=\"10.7\" transform=\"translate(0.7 1.2)\" fill=\"none\" stroke=\"#282d33\" stroke-linejoin=\"bevel\" stroke-width=\"4\"><\/line><\/g><\/g><g id=\"Gruppe_223\" data-name=\"Gruppe 223\" transform=\"translate(34.1 34.099)\"><circle id=\"Ellipse_43\" data-name=\"Ellipse 43\" cx=\"21.7\" cy=\"21.7\" r=\"21.7\" fill=\"none\" stroke=\"#282d33\" stroke-linejoin=\"bevel\" stroke-width=\"4\"><\/circle><circle id=\"Ellipse_44\" data-name=\"Ellipse 44\" cx=\"7.6\" cy=\"7.6\" r=\"7.6\" transform=\"translate(14.1 11.5)\" fill=\"none\" stroke=\"#282d33\" stroke-linejoin=\"bevel\" stroke-width=\"4\"><\/circle><path id=\"Pfad_236\" data-name=\"Pfad 236\" d=\"M96.9,99v-.6a7.6,7.6,0,0,0-7.6-7.6H77.8a7.6,7.6,0,0,0-7.6,7.6V99\" transform=\"translate(-61.9 -61.9)\" fill=\"none\" stroke=\"#282d33\" stroke-linejoin=\"bevel\" stroke-width=\"4\"><\/path><\/g><\/g><\/g><\/g><\/g><\/g><\/g><\/svg>\t\t\t<\/div>\n\t\t<\/div>\n\t\t\t\t\t\t<\/div>\n\t\t\t\t<\/div>\n\t\t<div class=\"elementor-element elementor-element-1624fc3 e-con-full e-flex e-con e-child\" data-id=\"1624fc3\" data-element_type=\"container\" data-e-type=\"container\" data-settings=\"{&quot;background_background&quot;:&quot;classic&quot;}\">\n\t\t\t\t<div class=\"elementor-element elementor-element-32dcf243 elementor-widget elementor-widget-text-editor\" data-id=\"32dcf243\" data-element_type=\"widget\" data-e-type=\"widget\" data-widget_type=\"text-editor.default\">\n\t\t\t\t\t\t\t\t\t<h3 style=\"text-align: left;\">Pour en savoir plus sur le feedback \u00e0 360\u00b0, cliquez ici.<\/h3>\t\t\t\t\t\t\t\t<\/div>\n\t\t\t\t<div class=\"elementor-element elementor-element-43b7d235 elementor-widget elementor-widget-spacer\" data-id=\"43b7d235\" data-element_type=\"widget\" data-e-type=\"widget\" data-widget_type=\"spacer.default\">\n\t\t\t\t\t\t\t<div class=\"elementor-spacer\">\n\t\t\t<div class=\"elementor-spacer-inner\"><\/div>\n\t\t<\/div>\n\t\t\t\t\t\t<\/div>\n\t\t\t\t<div class=\"elementor-element elementor-element-ca28523 elementor-align-center elementor-widget__width-initial elementor-widget elementor-widget-button\" data-id=\"ca28523\" data-element_type=\"widget\" data-e-type=\"widget\" data-widget_type=\"button.default\">\n\t\t\t\t\t\t\t\t\t\t<a class=\"elementor-button elementor-button-link elementor-size-sm elementor-animation-grow\" href=\"https:\/\/circle2.de\/fr\/systemes\/retroaction-a-360\/\">\n\t\t\t\t\t\t<span class=\"elementor-button-content-wrapper\">\n\t\t\t\t\t\t\t\t\t<span class=\"elementor-button-text\">Plus d'informations<\/span>\n\t\t\t\t\t<\/span>\n\t\t\t\t\t<\/a>\n\t\t\t\t\t\t\t\t<\/div>\n\t\t\t\t<\/div>\n\t\t\t\t<\/div>\n\t\t<div class=\"elementor-element elementor-element-6480218 e-flex e-con-boxed e-con e-parent\" data-id=\"6480218\" data-element_type=\"container\" data-e-type=\"container\">\n\t\t\t\t\t<div class=\"e-con-inner\">\n\t\t\t\t<div class=\"elementor-element elementor-element-b13a6c8 elementor-widget elementor-widget-spacer\" data-id=\"b13a6c8\" data-element_type=\"widget\" data-e-type=\"widget\" data-widget_type=\"spacer.default\">\n\t\t\t\t\t\t\t<div class=\"elementor-spacer\">\n\t\t\t<div class=\"elementor-spacer-inner\"><\/div>\n\t\t<\/div>\n\t\t\t\t\t\t<\/div>\n\t\t\t\t\t<\/div>\n\t\t\t\t<\/div>\n\t\t\t\t<\/div>\n\t\t","protected":false},"excerpt":{"rendered":"<p>Syst\u00e8mes Retour d&#8217;information \u00e0 360\u00b0 Le feedback \u00e0 360\u00b0 pour le d\u00e9veloppement et la transformation Le feedback \u00e0 360\u00b0 consiste \u00e0 recueillir des informations anonymes dans une perspective globale. L&#8217;\u00e9valuation des employ\u00e9s, des sup\u00e9rieurs et des coll\u00e8gues est enregistr\u00e9e afin d&#8217;\u00eatre compar\u00e9e \u00e0 l&#8217;\u00e9valuation de l&#8217;employ\u00e9 lui-m\u00eame (g\u00e9n\u00e9ralement en tant que manager). Cette d\u00e9marche peut &#8230;<\/p>\n","protected":false},"author":1,"featured_media":0,"parent":6223,"menu_order":0,"comment_status":"closed","ping_status":"closed","template":"","meta":{"inline_featured_image":false,"footnotes":"","_links_to":"","_links_to_target":""},"class_list":["post-7333","page","type-page","status-publish"],"_links":{"self":[{"href":"https:\/\/circle2.de\/fr\/wp-json\/wp\/v2\/pages\/7333","targetHints":{"allow":["GET"]}}],"collection":[{"href":"https:\/\/circle2.de\/fr\/wp-json\/wp\/v2\/pages"}],"about":[{"href":"https:\/\/circle2.de\/fr\/wp-json\/wp\/v2\/types\/page"}],"author":[{"embeddable":true,"href":"https:\/\/circle2.de\/fr\/wp-json\/wp\/v2\/users\/1"}],"replies":[{"embeddable":true,"href":"https:\/\/circle2.de\/fr\/wp-json\/wp\/v2\/comments?post=7333"}],"version-history":[{"count":64,"href":"https:\/\/circle2.de\/fr\/wp-json\/wp\/v2\/pages\/7333\/revisions"}],"predecessor-version":[{"id":7875,"href":"https:\/\/circle2.de\/fr\/wp-json\/wp\/v2\/pages\/7333\/revisions\/7875"}],"up":[{"embeddable":true,"href":"https:\/\/circle2.de\/fr\/wp-json\/wp\/v2\/pages\/6223"}],"wp:attachment":[{"href":"https:\/\/circle2.de\/fr\/wp-json\/wp\/v2\/media?parent=7333"}],"curies":[{"name":"wp","href":"https:\/\/api.w.org\/{rel}","templated":true}]}}