{"id":6199,"date":"2024-09-05T13:59:17","date_gmt":"2024-09-05T11:59:17","guid":{"rendered":"https:\/\/circle2.de\/fr\/?page_id=6199"},"modified":"2025-07-07T13:50:05","modified_gmt":"2025-07-07T11:50:05","slug":"marcel-beck","status":"publish","type":"page","link":"https:\/\/circle2.de\/fr\/a-propos-de-nous\/equipe\/marcel-beck\/","title":{"rendered":"Marcel Beck"},"content":{"rendered":"\t\t<div data-elementor-type=\"wp-page\" data-elementor-id=\"6199\" class=\"elementor elementor-6199\" data-elementor-post-type=\"page\">\n\t\t\t\t\t\t<section class=\"elementor-section elementor-top-section elementor-element elementor-element-25d0ec8d elementor-section-boxed elementor-section-height-default elementor-section-height-default\" data-id=\"25d0ec8d\" data-element_type=\"section\" data-e-type=\"section\">\n\t\t\t\t\t\t<div class=\"elementor-container elementor-column-gap-default\">\n\t\t\t\t\t<div class=\"elementor-column elementor-col-100 elementor-top-column elementor-element elementor-element-1ac87a65\" data-id=\"1ac87a65\" data-element_type=\"column\" data-e-type=\"column\">\n\t\t\t<div class=\"elementor-widget-wrap elementor-element-populated\">\n\t\t\t\t\t\t<div class=\"elementor-element elementor-element-24791281 elementor-widget elementor-widget-heading\" data-id=\"24791281\" data-element_type=\"widget\" data-e-type=\"widget\" data-widget_type=\"heading.default\">\n\t\t\t\t\t<h5 class=\"elementor-heading-title elementor-size-default\">notre \u00e9quipe<\/h5>\t\t\t\t<\/div>\n\t\t\t\t<div class=\"elementor-element elementor-element-615996f8 elementor-widget elementor-widget-heading\" data-id=\"615996f8\" data-element_type=\"widget\" data-e-type=\"widget\" data-widget_type=\"heading.default\">\n\t\t\t\t\t<h1 class=\"elementor-heading-title elementor-size-default\">Marcel Beck<\/h1>\t\t\t\t<\/div>\n\t\t\t\t\t<\/div>\n\t\t<\/div>\n\t\t\t\t\t<\/div>\n\t\t<\/section>\n\t\t\t\t<section class=\"elementor-section elementor-top-section elementor-element elementor-element-0df6669 elementor-section-boxed elementor-section-height-default elementor-section-height-default\" data-id=\"0df6669\" data-element_type=\"section\" data-e-type=\"section\">\n\t\t\t\t\t\t<div class=\"elementor-container elementor-column-gap-default\">\n\t\t\t\t\t<div class=\"elementor-column elementor-col-100 elementor-top-column elementor-element elementor-element-e913ebb\" data-id=\"e913ebb\" data-element_type=\"column\" data-e-type=\"column\">\n\t\t\t<div class=\"elementor-widget-wrap elementor-element-populated\">\n\t\t\t\t\t\t<div class=\"elementor-element elementor-element-7992ad3 elementor-widget elementor-widget-spacer\" data-id=\"7992ad3\" data-element_type=\"widget\" data-e-type=\"widget\" data-widget_type=\"spacer.default\">\n\t\t\t\t\t\t\t<div class=\"elementor-spacer\">\n\t\t\t<div class=\"elementor-spacer-inner\"><\/div>\n\t\t<\/div>\n\t\t\t\t\t\t<\/div>\n\t\t\t\t<div class=\"elementor-element elementor-element-11b299e elementor-widget elementor-widget-html\" data-id=\"11b299e\" data-element_type=\"widget\" data-e-type=\"widget\" data-widget_type=\"html.default\">\n\t\t\t\t\t<div class=\"triple\">\n<img decoding=\"async\" src=\"https:\/\/circle2.de\/wp-content\/uploads\/2024\/09\/Marcel_Beck_links.webp\" \/>\n<img decoding=\"async\" src=\"https:\/\/circle2.de\/wp-content\/uploads\/2024\/09\/Marcel_Beck_mitte.webp\" \/>\n<img decoding=\"async\" src=\"https:\/\/circle2.de\/wp-content\/uploads\/2024\/09\/Bild-Lernprojekt.webp\" \/>\n<\/div>\n<div class=\"spanner\">\n<div class=\"vita\">\n<h3>Consultant<\/h3>\n<ul>\n<li>\u00c9tudes de sciences \u00e9conomiques avec sp\u00e9cialisation en \u00e9thique \u00e9conomique \u00e0 l'universit\u00e9 de Hohenheim<\/li>\n<li>Formations compl\u00e9mentaires en conseil syst\u00e9mique et PNL<\/li>\n<li>Exp\u00e9rience de conseil depuis 2016 dans un large \u00e9ventail de secteurs, exp\u00e9rience en tant que directeur des ressources humaines, entrepreneur depuis 2016<\/li>\n<li>Projet d'apprentissage personnel : parler encore plus librement devant la cam\u00e9ra<\/li>\n<\/ul>\n<\/div>\n<div class=\"kdaten\">\n<h3>contact<\/h3>\n<ul>\n<li><a href=\"mailto:marcel.beck@circle2.de\"><i class=\"fa fa-fw fa-paper-plane-o\" aria-hidden=\"true\"><\/i>marcel.beck@circle2.de<\/a><\/li>\n<li>&lt;a href=&quot;<i class=\"fa fa-fw fa-linkedin\" aria-hidden=\"true\"><\/i>LinkedIN<\/a><\/li>\n<\/ul><\/div>\n<\/div>\n\t\t\t\t<\/div>\n\t\t\t\t\t<\/div>\n\t\t<\/div>\n\t\t\t\t\t<\/div>\n\t\t<\/section>\n\t\t\t\t<section class=\"elementor-section elementor-top-section elementor-element elementor-element-59eb9646 elementor-section-boxed elementor-section-height-default elementor-section-height-default\" data-id=\"59eb9646\" data-element_type=\"section\" data-e-type=\"section\">\n\t\t\t\t\t\t<div class=\"elementor-container elementor-column-gap-default\">\n\t\t\t\t\t<div class=\"elementor-column elementor-col-100 elementor-top-column elementor-element elementor-element-1b192192\" data-id=\"1b192192\" data-element_type=\"column\" data-e-type=\"column\" data-settings=\"{&quot;background_background&quot;:&quot;classic&quot;}\">\n\t\t\t<div class=\"elementor-widget-wrap elementor-element-populated\">\n\t\t\t\t\t\t<div class=\"elementor-element elementor-element-1d05b09b elementor-widget elementor-widget-text-editor\" data-id=\"1d05b09b\" data-element_type=\"widget\" data-e-type=\"widget\" data-widget_type=\"text-editor.default\">\n\t\t\t\t\t\t\t\t\t<h3>Ce qui m\u2019inspire : La\nLa conviction de trouver dans chaque de relever des d\u00e9fis et d&#8217;en tirer profit et d&#8217;en tirer des solutions efficaces.\nD\u00e9velopper des solutions.\nMon objectif est d&#8217;offrir au client une vision de nouvelles perspectives avec un regard ext\u00e9rieur et de montrer ensemble d&#8217;atteindre des succ\u00e8s durables.<\/h3>\t\t\t\t\t\t\t\t<\/div>\n\t\t\t\t\t<\/div>\n\t\t<\/div>\n\t\t\t\t\t<\/div>\n\t\t<\/section>\n\t\t\t\t<section class=\"elementor-section elementor-top-section elementor-element elementor-element-2dcb615f elementor-section-boxed elementor-section-height-default elementor-section-height-default\" data-id=\"2dcb615f\" data-element_type=\"section\" data-e-type=\"section\">\n\t\t\t\t\t\t<div class=\"elementor-container elementor-column-gap-default\">\n\t\t\t\t\t<div class=\"elementor-column elementor-col-100 elementor-top-column elementor-element elementor-element-6a8506c4\" data-id=\"6a8506c4\" data-element_type=\"column\" data-e-type=\"column\">\n\t\t\t<div class=\"elementor-widget-wrap elementor-element-populated\">\n\t\t\t\t\t\t<div class=\"elementor-element elementor-element-2a678408 elementor-align-center elementor-widget elementor-widget-button\" data-id=\"2a678408\" data-element_type=\"widget\" data-e-type=\"widget\" data-widget_type=\"button.default\">\n\t\t\t\t\t\t\t\t\t\t<a class=\"elementor-button elementor-button-link elementor-size-lg\" href=\"https:\/\/circle2.de\/fr\/a-propos-de-nous\/equipe\/\">\n\t\t\t\t\t\t<span class=\"elementor-button-content-wrapper\">\n\t\t\t\t\t\t\t\t\t<span class=\"elementor-button-text\">\u00c0 la vue d'ensemble de l'\u00e9quipe <\/span>\n\t\t\t\t\t<\/span>\n\t\t\t\t\t<\/a>\n\t\t\t\t\t\t\t\t<\/div>\n\t\t\t\t\t<\/div>\n\t\t<\/div>\n\t\t\t\t\t<\/div>\n\t\t<\/section>\n\t\t\t\t<\/div>\n\t\t","protected":false},"excerpt":{"rendered":"<p>notre \u00e9quipe Marcel Beck Consultant \u00c9tudes de sciences \u00e9conomiques avec sp\u00e9cialisation en \u00e9thique \u00e9conomique \u00e0 l&#8217;universit\u00e9 de Hohenheim Formations compl\u00e9mentaires en conseil syst\u00e9mique et PNL Exp\u00e9rience de conseil depuis 2016 dans un large \u00e9ventail de secteurs, exp\u00e9rience en tant que directeur des ressources humaines, entrepreneur depuis 2016 Projet d&#8217;apprentissage personnel : parler encore plus librement &#8230;<\/p>\n","protected":false},"author":1,"featured_media":0,"parent":53,"menu_order":0,"comment_status":"closed","ping_status":"closed","template":"","meta":{"inline_featured_image":false,"footnotes":"","_links_to":"","_links_to_target":""},"class_list":["post-6199","page","type-page","status-publish"],"_links":{"self":[{"href":"https:\/\/circle2.de\/fr\/wp-json\/wp\/v2\/pages\/6199","targetHints":{"allow":["GET"]}}],"collection":[{"href":"https:\/\/circle2.de\/fr\/wp-json\/wp\/v2\/pages"}],"about":[{"href":"https:\/\/circle2.de\/fr\/wp-json\/wp\/v2\/types\/page"}],"author":[{"embeddable":true,"href":"https:\/\/circle2.de\/fr\/wp-json\/wp\/v2\/users\/1"}],"replies":[{"embeddable":true,"href":"https:\/\/circle2.de\/fr\/wp-json\/wp\/v2\/comments?post=6199"}],"version-history":[{"count":22,"href":"https:\/\/circle2.de\/fr\/wp-json\/wp\/v2\/pages\/6199\/revisions"}],"predecessor-version":[{"id":8144,"href":"https:\/\/circle2.de\/fr\/wp-json\/wp\/v2\/pages\/6199\/revisions\/8144"}],"up":[{"embeddable":true,"href":"https:\/\/circle2.de\/fr\/wp-json\/wp\/v2\/pages\/53"}],"wp:attachment":[{"href":"https:\/\/circle2.de\/fr\/wp-json\/wp\/v2\/media?parent=6199"}],"curies":[{"name":"wp","href":"https:\/\/api.w.org\/{rel}","templated":true}]}}