{"id":5768,"date":"2024-02-16T16:42:03","date_gmt":"2024-02-16T15:42:03","guid":{"rendered":"https:\/\/circle2.de\/fr\/?page_id=5768"},"modified":"2025-07-07T13:42:27","modified_gmt":"2025-07-07T11:42:27","slug":"sophia-erfurt","status":"publish","type":"page","link":"https:\/\/circle2.de\/fr\/a-propos-de-nous\/equipe\/sophia-erfurt\/","title":{"rendered":"Sophia Erfurt"},"content":{"rendered":"\t\t<div data-elementor-type=\"wp-page\" data-elementor-id=\"5768\" class=\"elementor elementor-5768\" data-elementor-post-type=\"page\">\n\t\t\t\t\t\t<section class=\"elementor-section elementor-top-section elementor-element elementor-element-25d0ec8d elementor-section-boxed elementor-section-height-default elementor-section-height-default\" data-id=\"25d0ec8d\" data-element_type=\"section\" data-e-type=\"section\">\n\t\t\t\t\t\t<div class=\"elementor-container elementor-column-gap-default\">\n\t\t\t\t\t<div class=\"elementor-column elementor-col-100 elementor-top-column elementor-element elementor-element-1ac87a65\" data-id=\"1ac87a65\" data-element_type=\"column\" data-e-type=\"column\">\n\t\t\t<div class=\"elementor-widget-wrap elementor-element-populated\">\n\t\t\t\t\t\t<div class=\"elementor-element elementor-element-24791281 elementor-widget elementor-widget-heading\" data-id=\"24791281\" data-element_type=\"widget\" data-e-type=\"widget\" data-widget_type=\"heading.default\">\n\t\t\t\t\t<h5 class=\"elementor-heading-title elementor-size-default\">notre \u00e9quipe<\/h5>\t\t\t\t<\/div>\n\t\t\t\t<div class=\"elementor-element elementor-element-615996f8 elementor-widget elementor-widget-heading\" data-id=\"615996f8\" data-element_type=\"widget\" data-e-type=\"widget\" data-widget_type=\"heading.default\">\n\t\t\t\t\t<h1 class=\"elementor-heading-title elementor-size-default\">Sophia Erfurt<\/h1>\t\t\t\t<\/div>\n\t\t\t\t\t<\/div>\n\t\t<\/div>\n\t\t\t\t\t<\/div>\n\t\t<\/section>\n\t\t\t\t<section class=\"elementor-section elementor-top-section elementor-element elementor-element-0df6669 elementor-section-boxed elementor-section-height-default elementor-section-height-default\" data-id=\"0df6669\" data-element_type=\"section\" data-e-type=\"section\">\n\t\t\t\t\t\t<div class=\"elementor-container elementor-column-gap-default\">\n\t\t\t\t\t<div class=\"elementor-column elementor-col-100 elementor-top-column elementor-element elementor-element-e913ebb\" data-id=\"e913ebb\" data-element_type=\"column\" data-e-type=\"column\">\n\t\t\t<div class=\"elementor-widget-wrap elementor-element-populated\">\n\t\t\t\t\t\t<div class=\"elementor-element elementor-element-11b299e elementor-widget elementor-widget-html\" data-id=\"11b299e\" data-element_type=\"widget\" data-e-type=\"widget\" data-widget_type=\"html.default\">\n\t\t\t\t\t<div class=\"triple\">\n<img decoding=\"async\" src=\"http:\/\/circle2.de\/wp-content\/uploads\/2024\/02\/erfurt_links.webp\" \/>\n<img decoding=\"async\" src=\"http:\/\/circle2.de\/wp-content\/uploads\/2024\/02\/erfurt_mitte.webp\" \/>\n<img decoding=\"async\" src=\"http:\/\/circle2.de\/wp-content\/uploads\/2024\/02\/erfurt_hund.webp\" \/>\n<\/div>\n<div class=\"spanner\">\n<div class=\"vita\">\n<h3>Consultant<\/h3>\n<ul>\n<li>\u00c9tudes de culture et de sciences des m\u00e9dias aux universit\u00e9s de Duesseldorf et de Bamberg<\/li>\n<li>Accompagnatrice de processus &amp; coach form\u00e9e, coach agile<\/li>\n<li>M\u00e9diatrice \u00e9conomique certifi\u00e9e par l'Etat<\/li>\n<li>Depuis 2013, travaille \u00e0 plein temps et au niveau international comme cadre ainsi que comme conseill\u00e8re et formatrice dans le domaine du d\u00e9veloppement organisationnel : accent sur la gestion du changement &amp; le d\u00e9veloppement de la culture d'entreprise<\/li>\n<li>Projet d'apprentissage personnel :\t\nEntra\u00eener notre Kerry Blue Terrier \u00e0 ne plus \u00eatre tr\u00e8s bruyant en public <\/li>\n<\/ul>\n<\/div>\n<div class=\"kdaten\">\n<h3>Contact<\/h3>\n<ul>\n<li><a href=\"mailto:info@circle2.de\"><i class=\"fa fa-fw fa-paper-plane-o\" aria-hidden=\"true\"><\/i>info@circle2.de<\/a><\/li>\n<li><a href=\"https:\/\/www.xing.com\/profile\/Sophia_Erfurt2\/web_profiles\"><i class=\"fa fa-fw fa-xing\" aria-hidden=\"true\"><\/i>XING<\/a><\/li>\n<li><a href=\"https:\/\/www.linkedin.com\/in\/sophia-erfurt-23aa48119\" target=\"_blank\"><i class=\"fa fa-fw fa-linkedin\" aria-hidden=\"true\"><\/i>LinkedIN<\/a><\/li>\n<\/ul><\/div>\n<\/div>\n\t\t\t\t<\/div>\n\t\t\t\t\t<\/div>\n\t\t<\/div>\n\t\t\t\t\t<\/div>\n\t\t<\/section>\n\t\t\t\t<section class=\"elementor-section elementor-top-section elementor-element elementor-element-7772a00 elementor-section-boxed elementor-section-height-default elementor-section-height-default\" data-id=\"7772a00\" data-element_type=\"section\" data-e-type=\"section\">\n\t\t\t\t\t\t<div class=\"elementor-container elementor-column-gap-default\">\n\t\t\t\t\t<div class=\"elementor-column elementor-col-100 elementor-top-column elementor-element elementor-element-1c7c37c\" data-id=\"1c7c37c\" data-element_type=\"column\" data-e-type=\"column\">\n\t\t\t<div class=\"elementor-widget-wrap elementor-element-populated\">\n\t\t\t\t\t\t<div class=\"elementor-element elementor-element-83f843d elementor-widget elementor-widget-spacer\" data-id=\"83f843d\" data-element_type=\"widget\" data-e-type=\"widget\" data-widget_type=\"spacer.default\">\n\t\t\t\t\t\t\t<div class=\"elementor-spacer\">\n\t\t\t<div class=\"elementor-spacer-inner\"><\/div>\n\t\t<\/div>\n\t\t\t\t\t\t<\/div>\n\t\t\t\t\t<\/div>\n\t\t<\/div>\n\t\t\t\t\t<\/div>\n\t\t<\/section>\n\t\t\t\t<section class=\"elementor-section elementor-top-section elementor-element elementor-element-18b2f31f elementor-section-boxed elementor-section-height-default elementor-section-height-default\" data-id=\"18b2f31f\" data-element_type=\"section\" data-e-type=\"section\">\n\t\t\t\t\t\t<div class=\"elementor-container elementor-column-gap-default\">\n\t\t\t\t\t<div class=\"elementor-column elementor-col-100 elementor-top-column elementor-element elementor-element-16df03c8\" data-id=\"16df03c8\" data-element_type=\"column\" data-e-type=\"column\" data-settings=\"{&quot;background_background&quot;:&quot;classic&quot;}\">\n\t\t\t<div class=\"elementor-widget-wrap elementor-element-populated\">\n\t\t\t\t\t\t<div class=\"elementor-element elementor-element-3b2269c1 elementor-widget elementor-widget-text-editor\" data-id=\"3b2269c1\" data-element_type=\"widget\" data-e-type=\"widget\" data-widget_type=\"text-editor.default\">\n\t\t\t\t\t\t\t\t\t<h3>Ce qui m&#8217;inspire : Outre la transmission de connaissances et de savoir-faire, rendre visibles et exploitables les atouts et les talents de chaque personne. J&#8217;aime d\u00e9velopper les potentiels, y compris ceux des \u00e9quipes et des organisations enti\u00e8res, et j&#8217;aime voir l&#8217;\u00e9nergie et la confiance de chacun cro\u00eetre gr\u00e2ce \u00e0 cela.<\/h3>\t\t\t\t\t\t\t\t<\/div>\n\t\t\t\t\t<\/div>\n\t\t<\/div>\n\t\t\t\t\t<\/div>\n\t\t<\/section>\n\t\t\t\t<section class=\"elementor-section elementor-top-section elementor-element elementor-element-3756212b elementor-section-boxed elementor-section-height-default elementor-section-height-default\" data-id=\"3756212b\" data-element_type=\"section\" data-e-type=\"section\">\n\t\t\t\t\t\t<div class=\"elementor-container elementor-column-gap-default\">\n\t\t\t\t\t<div class=\"elementor-column elementor-col-100 elementor-top-column elementor-element elementor-element-72b204d4\" data-id=\"72b204d4\" data-element_type=\"column\" data-e-type=\"column\">\n\t\t\t<div class=\"elementor-widget-wrap elementor-element-populated\">\n\t\t\t\t\t\t<div class=\"elementor-element elementor-element-378bf7c4 elementor-align-center elementor-widget elementor-widget-button\" data-id=\"378bf7c4\" data-element_type=\"widget\" data-e-type=\"widget\" data-widget_type=\"button.default\">\n\t\t\t\t\t\t\t\t\t\t<a class=\"elementor-button elementor-button-link elementor-size-lg\" href=\"https:\/\/circle2.de\/fr\/a-propos-de-nous\/equipe\/\">\n\t\t\t\t\t\t<span class=\"elementor-button-content-wrapper\">\n\t\t\t\t\t\t\t\t\t<span class=\"elementor-button-text\">\u00c0 la vue d'ensemble de l'\u00e9quipe <\/span>\n\t\t\t\t\t<\/span>\n\t\t\t\t\t<\/a>\n\t\t\t\t\t\t\t\t<\/div>\n\t\t\t\t\t<\/div>\n\t\t<\/div>\n\t\t\t\t\t<\/div>\n\t\t<\/section>\n\t\t\t\t<\/div>\n\t\t","protected":false},"excerpt":{"rendered":"<p>notre \u00e9quipe Sophia Erfurt Consultant \u00c9tudes de culture et de sciences des m\u00e9dias aux universit\u00e9s de Duesseldorf et de Bamberg Accompagnatrice de processus &amp; coach form\u00e9e, coach agile M\u00e9diatrice \u00e9conomique certifi\u00e9e par l&#8217;Etat Depuis 2013, travaille \u00e0 plein temps et au niveau international comme cadre ainsi que comme conseill\u00e8re et formatrice dans le domaine du &#8230;<\/p>\n","protected":false},"author":1,"featured_media":0,"parent":53,"menu_order":0,"comment_status":"closed","ping_status":"closed","template":"","meta":{"inline_featured_image":false,"footnotes":"","_links_to":"","_links_to_target":""},"class_list":["post-5768","page","type-page","status-publish"],"_links":{"self":[{"href":"https:\/\/circle2.de\/fr\/wp-json\/wp\/v2\/pages\/5768","targetHints":{"allow":["GET"]}}],"collection":[{"href":"https:\/\/circle2.de\/fr\/wp-json\/wp\/v2\/pages"}],"about":[{"href":"https:\/\/circle2.de\/fr\/wp-json\/wp\/v2\/types\/page"}],"author":[{"embeddable":true,"href":"https:\/\/circle2.de\/fr\/wp-json\/wp\/v2\/users\/1"}],"replies":[{"embeddable":true,"href":"https:\/\/circle2.de\/fr\/wp-json\/wp\/v2\/comments?post=5768"}],"version-history":[{"count":10,"href":"https:\/\/circle2.de\/fr\/wp-json\/wp\/v2\/pages\/5768\/revisions"}],"predecessor-version":[{"id":8120,"href":"https:\/\/circle2.de\/fr\/wp-json\/wp\/v2\/pages\/5768\/revisions\/8120"}],"up":[{"embeddable":true,"href":"https:\/\/circle2.de\/fr\/wp-json\/wp\/v2\/pages\/53"}],"wp:attachment":[{"href":"https:\/\/circle2.de\/fr\/wp-json\/wp\/v2\/media?parent=5768"}],"curies":[{"name":"wp","href":"https:\/\/api.w.org\/{rel}","templated":true}]}}