{"id":55,"date":"2021-11-21T13:46:49","date_gmt":"2021-11-21T12:46:49","guid":{"rendered":"https:\/\/circle2.de\/fr\/?page_id=55"},"modified":"2024-02-08T16:52:30","modified_gmt":"2024-02-08T15:52:30","slug":"position","status":"publish","type":"page","link":"https:\/\/circle2.de\/fr\/position\/","title":{"rendered":"Position"},"content":{"rendered":"\t\t<div data-elementor-type=\"wp-page\" data-elementor-id=\"55\" class=\"elementor elementor-55\" data-elementor-post-type=\"page\">\n\t\t\t\t\t\t<section class=\"elementor-section elementor-top-section elementor-element elementor-element-353288b0 elementor-section-boxed elementor-section-height-default elementor-section-height-default\" data-id=\"353288b0\" data-element_type=\"section\" data-e-type=\"section\">\n\t\t\t\t\t\t<div class=\"elementor-container elementor-column-gap-default\">\n\t\t\t\t\t<div class=\"elementor-column elementor-col-100 elementor-top-column elementor-element elementor-element-3bd3486\" data-id=\"3bd3486\" data-element_type=\"column\" data-e-type=\"column\">\n\t\t\t<div class=\"elementor-widget-wrap elementor-element-populated\">\n\t\t\t\t\t\t<div class=\"elementor-element elementor-element-63ff71e6 elementor-widget elementor-widget-heading\" data-id=\"63ff71e6\" data-element_type=\"widget\" data-e-type=\"widget\" data-widget_type=\"heading.default\">\n\t\t\t\t\t<h5 class=\"elementor-heading-title elementor-size-default\">\u00c0 propos de nous<\/h5>\t\t\t\t<\/div>\n\t\t\t\t<div class=\"elementor-element elementor-element-27a0fa8d elementor-widget elementor-widget-heading\" data-id=\"27a0fa8d\" data-element_type=\"widget\" data-e-type=\"widget\" data-widget_type=\"heading.default\">\n\t\t\t\t\t<h1 class=\"elementor-heading-title elementor-size-default\">Positionnement<\/h1>\t\t\t\t<\/div>\n\t\t\t\t\t<\/div>\n\t\t<\/div>\n\t\t\t\t\t<\/div>\n\t\t<\/section>\n\t\t\t\t<section class=\"elementor-section elementor-top-section elementor-element elementor-element-bd30e5d elementor-section-boxed elementor-section-height-default elementor-section-height-default\" data-id=\"bd30e5d\" data-element_type=\"section\" data-e-type=\"section\">\n\t\t\t\t\t\t<div class=\"elementor-container elementor-column-gap-default\">\n\t\t\t\t\t<div class=\"elementor-column elementor-col-66 elementor-top-column elementor-element elementor-element-3a8b5706\" data-id=\"3a8b5706\" data-element_type=\"column\" data-e-type=\"column\" data-settings=\"{&quot;background_background&quot;:&quot;classic&quot;}\">\n\t\t\t<div class=\"elementor-widget-wrap elementor-element-populated\">\n\t\t\t\t\t\t<div class=\"elementor-element elementor-element-2665b831 elementor-widget elementor-widget-spacer\" data-id=\"2665b831\" data-element_type=\"widget\" data-e-type=\"widget\" data-widget_type=\"spacer.default\">\n\t\t\t\t\t\t\t<div class=\"elementor-spacer\">\n\t\t\t<div class=\"elementor-spacer-inner\"><\/div>\n\t\t<\/div>\n\t\t\t\t\t\t<\/div>\n\t\t\t\t\t<\/div>\n\t\t<\/div>\n\t\t\t\t<div class=\"elementor-column elementor-col-33 elementor-top-column elementor-element elementor-element-4355aa85 elementor-hidden-mobile\" data-id=\"4355aa85\" data-element_type=\"column\" data-e-type=\"column\" data-settings=\"{&quot;background_background&quot;:&quot;classic&quot;}\">\n\t\t\t<div class=\"elementor-widget-wrap elementor-element-populated\">\n\t\t\t\t\t\t<div class=\"elementor-element elementor-element-216d7ca7 elementor-widget elementor-widget-spacer\" data-id=\"216d7ca7\" data-element_type=\"widget\" data-e-type=\"widget\" data-widget_type=\"spacer.default\">\n\t\t\t\t\t\t\t<div class=\"elementor-spacer\">\n\t\t\t<div class=\"elementor-spacer-inner\"><\/div>\n\t\t<\/div>\n\t\t\t\t\t\t<\/div>\n\t\t\t\t\t<\/div>\n\t\t<\/div>\n\t\t\t\t\t<\/div>\n\t\t<\/section>\n\t\t\t\t<section class=\"elementor-section elementor-top-section elementor-element elementor-element-153090a elementor-hidden-mobile elementor-section-boxed elementor-section-height-default elementor-section-height-default\" data-id=\"153090a\" data-element_type=\"section\" data-e-type=\"section\">\n\t\t\t\t\t\t<div class=\"elementor-container elementor-column-gap-default\">\n\t\t\t\t\t<div class=\"elementor-column elementor-col-100 elementor-top-column elementor-element elementor-element-985ede9\" data-id=\"985ede9\" data-element_type=\"column\" data-e-type=\"column\">\n\t\t\t<div class=\"elementor-widget-wrap elementor-element-populated\">\n\t\t\t\t\t\t<div class=\"elementor-element elementor-element-ac7cfa4 elementor-widget elementor-widget-spacer\" data-id=\"ac7cfa4\" data-element_type=\"widget\" data-e-type=\"widget\" data-widget_type=\"spacer.default\">\n\t\t\t\t\t\t\t<div class=\"elementor-spacer\">\n\t\t\t<div class=\"elementor-spacer-inner\"><\/div>\n\t\t<\/div>\n\t\t\t\t\t\t<\/div>\n\t\t\t\t\t<\/div>\n\t\t<\/div>\n\t\t\t\t\t<\/div>\n\t\t<\/section>\n\t\t\t\t<section class=\"elementor-section elementor-top-section elementor-element elementor-element-80ea956 elementor-section-boxed elementor-section-height-default elementor-section-height-default\" data-id=\"80ea956\" data-element_type=\"section\" data-e-type=\"section\">\n\t\t\t\t\t\t<div class=\"elementor-container elementor-column-gap-default\">\n\t\t\t\t\t<div class=\"elementor-column elementor-col-100 elementor-top-column elementor-element elementor-element-7e6b62a\" data-id=\"7e6b62a\" data-element_type=\"column\" data-e-type=\"column\">\n\t\t\t<div class=\"elementor-widget-wrap elementor-element-populated\">\n\t\t\t\t\t\t<div class=\"elementor-element elementor-element-c9aaf06 elementor-widget elementor-widget-heading\" data-id=\"c9aaf06\" data-element_type=\"widget\" data-e-type=\"widget\" data-widget_type=\"heading.default\">\n\t\t\t\t\t<h2 class=\"elementor-heading-title elementor-size-default\">Ensemble<\/h2>\t\t\t\t<\/div>\n\t\t\t\t\t<\/div>\n\t\t<\/div>\n\t\t\t\t\t<\/div>\n\t\t<\/section>\n\t\t\t\t<section class=\"elementor-section elementor-top-section elementor-element elementor-element-95fef24 elementor-section-boxed elementor-section-height-default elementor-section-height-default\" data-id=\"95fef24\" data-element_type=\"section\" data-e-type=\"section\">\n\t\t\t\t\t\t<div class=\"elementor-container elementor-column-gap-default\">\n\t\t\t\t\t<div class=\"elementor-column elementor-col-100 elementor-top-column elementor-element elementor-element-1289b89\" data-id=\"1289b89\" data-element_type=\"column\" data-e-type=\"column\">\n\t\t\t<div class=\"elementor-widget-wrap elementor-element-populated\">\n\t\t\t\t\t\t<div class=\"elementor-element elementor-element-937e482 elementor-widget elementor-widget-text-editor\" data-id=\"937e482\" data-element_type=\"widget\" data-e-type=\"widget\" data-widget_type=\"text-editor.default\">\n\t\t\t\t\t\t\t\t\t<p>Nous valorisons le d\u00e9veloppement et le changement, car Circle2 est elle-m\u00eame issue d&#8217;un processus de transformation.<br \/>Depuis 1996, notre passion est de faire la diff\u00e9rence dans les domaines du leadership, de la vente, de la coop\u00e9ration et du changement. Et depuis le tout d\u00e9but, non seulement de mani\u00e8re analogique, mais aussi de mani\u00e8re num\u00e9rique.<br \/>Pour g\u00e9n\u00e9rer l&#8217;apprentissage et l&#8217;action cibl\u00e9e qui en d\u00e9coule, des cadres de collaboration sont n\u00e9cessaires : structurels, organisationnels, fond\u00e9s sur les valeurs, sociaux et personnels.<br \/>Le d\u00e9veloppement et le changement ont un sens lorsque nous gardons \u00e0 l&#8217;esprit \u00e0 la fois les aspirations de l&#8217;entreprise et celles de l&#8217;individu.<br \/>Nous r\u00e9ussissons lorsque vous atteignez encore mieux vos objectifs et que la production et la commercialisation d&#8217;excellents produits et services dans votre entreprise enregistrent des progr\u00e8s notables. Et lorsque, dans le m\u00eame temps, les gens agissent avec une motivation int\u00e9rieure, de la joie et de l&#8217;aisance. Nous sommes l&#8217;interlocuteur de tous les groupes cibles de l&#8217;entreprise : Pour les cadres sup\u00e9rieurs, exp\u00e9riment\u00e9s ou d\u00e9butants. Pour les employ\u00e9s du service ext\u00e9rieur, du d\u00e9veloppement, du marketing ou de la production. Pour les employ\u00e9s charg\u00e9s de t\u00e2ches administratives et pour toutes les personnes de l&#8217;organisation qui fournissent leurs services dans un environnement complexe.<br \/>\u00catre dans le cercle signifie de faire cela \u00e0 la fois dans les groupes ou \u00e9quipes respectif\/ve\/s, mais aussi de mani\u00e8re transversale et interfonctionnelle.<\/p>\t\t\t\t\t\t\t\t<\/div>\n\t\t\t\t\t<\/div>\n\t\t<\/div>\n\t\t\t\t\t<\/div>\n\t\t<\/section>\n\t\t\t\t<section class=\"elementor-section elementor-top-section elementor-element elementor-element-9a210bc elementor-section-boxed elementor-section-height-default elementor-section-height-default\" data-id=\"9a210bc\" data-element_type=\"section\" data-e-type=\"section\">\n\t\t\t\t\t\t<div class=\"elementor-container elementor-column-gap-default\">\n\t\t\t\t\t<div class=\"elementor-column elementor-col-100 elementor-top-column elementor-element elementor-element-51f1d57\" data-id=\"51f1d57\" data-element_type=\"column\" data-e-type=\"column\">\n\t\t\t<div class=\"elementor-widget-wrap elementor-element-populated\">\n\t\t\t\t\t\t<div class=\"elementor-element elementor-element-ce4fb40 elementor-widget elementor-widget-spacer\" data-id=\"ce4fb40\" data-element_type=\"widget\" data-e-type=\"widget\" data-widget_type=\"spacer.default\">\n\t\t\t\t\t\t\t<div class=\"elementor-spacer\">\n\t\t\t<div class=\"elementor-spacer-inner\"><\/div>\n\t\t<\/div>\n\t\t\t\t\t\t<\/div>\n\t\t\t\t\t<\/div>\n\t\t<\/div>\n\t\t\t\t\t<\/div>\n\t\t<\/section>\n\t\t\t\t<\/div>\n\t\t","protected":false},"excerpt":{"rendered":"<p>\u00c0 propos de nous Positionnement Ensemble Nous valorisons le d\u00e9veloppement et le changement, car Circle2 est elle-m\u00eame issue d&#8217;un processus de transformation.Depuis 1996, notre passion est de faire la diff\u00e9rence dans les domaines du leadership, de la vente, de la coop\u00e9ration et du changement. Et depuis le tout d\u00e9but, non seulement de mani\u00e8re analogique, mais &#8230;<\/p>\n","protected":false},"author":1,"featured_media":0,"parent":0,"menu_order":2,"comment_status":"closed","ping_status":"closed","template":"","meta":{"inline_featured_image":false,"footnotes":"","_links_to":"","_links_to_target":""},"class_list":["post-55","page","type-page","status-publish"],"_links":{"self":[{"href":"https:\/\/circle2.de\/fr\/wp-json\/wp\/v2\/pages\/55","targetHints":{"allow":["GET"]}}],"collection":[{"href":"https:\/\/circle2.de\/fr\/wp-json\/wp\/v2\/pages"}],"about":[{"href":"https:\/\/circle2.de\/fr\/wp-json\/wp\/v2\/types\/page"}],"author":[{"embeddable":true,"href":"https:\/\/circle2.de\/fr\/wp-json\/wp\/v2\/users\/1"}],"replies":[{"embeddable":true,"href":"https:\/\/circle2.de\/fr\/wp-json\/wp\/v2\/comments?post=55"}],"version-history":[{"count":44,"href":"https:\/\/circle2.de\/fr\/wp-json\/wp\/v2\/pages\/55\/revisions"}],"predecessor-version":[{"id":5724,"href":"https:\/\/circle2.de\/fr\/wp-json\/wp\/v2\/pages\/55\/revisions\/5724"}],"wp:attachment":[{"href":"https:\/\/circle2.de\/fr\/wp-json\/wp\/v2\/media?parent=55"}],"curies":[{"name":"wp","href":"https:\/\/api.w.org\/{rel}","templated":true}]}}