{"id":5266,"date":"2023-12-14T10:38:07","date_gmt":"2023-12-14T09:38:07","guid":{"rendered":"https:\/\/circle2.de\/fr\/?page_id=5266"},"modified":"2025-07-07T13:43:41","modified_gmt":"2025-07-07T11:43:41","slug":"matthias-schlageter","status":"publish","type":"page","link":"https:\/\/circle2.de\/fr\/a-propos-de-nous\/equipe\/matthias-schlageter\/","title":{"rendered":"Matthias Schlageter"},"content":{"rendered":"\t\t<div data-elementor-type=\"wp-page\" data-elementor-id=\"5266\" class=\"elementor elementor-5266\" data-elementor-post-type=\"page\">\n\t\t\t\t\t\t<section class=\"elementor-section elementor-top-section elementor-element elementor-element-f451a6a elementor-section-boxed elementor-section-height-default elementor-section-height-default\" data-id=\"f451a6a\" data-element_type=\"section\" data-e-type=\"section\">\n\t\t\t\t\t\t<div class=\"elementor-container elementor-column-gap-default\">\n\t\t\t\t\t<div class=\"elementor-column elementor-col-100 elementor-top-column elementor-element elementor-element-742b14a\" data-id=\"742b14a\" data-element_type=\"column\" data-e-type=\"column\">\n\t\t\t<div class=\"elementor-widget-wrap elementor-element-populated\">\n\t\t\t\t\t\t<div class=\"elementor-element elementor-element-cd88529 elementor-widget elementor-widget-heading\" data-id=\"cd88529\" data-element_type=\"widget\" data-e-type=\"widget\" data-widget_type=\"heading.default\">\n\t\t\t\t\t<h5 class=\"elementor-heading-title elementor-size-default\">notre \u00e9quipe<\/h5>\t\t\t\t<\/div>\n\t\t\t\t\t<\/div>\n\t\t<\/div>\n\t\t\t\t\t<\/div>\n\t\t<\/section>\n\t\t\t\t<section class=\"elementor-section elementor-top-section elementor-element elementor-element-10689e0 elementor-section-boxed elementor-section-height-default elementor-section-height-default\" data-id=\"10689e0\" data-element_type=\"section\" data-e-type=\"section\">\n\t\t\t\t\t\t<div class=\"elementor-container elementor-column-gap-default\">\n\t\t\t\t\t<div class=\"elementor-column elementor-col-100 elementor-top-column elementor-element elementor-element-a379b8d\" data-id=\"a379b8d\" data-element_type=\"column\" data-e-type=\"column\">\n\t\t\t<div class=\"elementor-widget-wrap elementor-element-populated\">\n\t\t\t\t\t\t<div class=\"elementor-element elementor-element-72d4138 elementor-widget elementor-widget-heading\" data-id=\"72d4138\" data-element_type=\"widget\" data-e-type=\"widget\" data-widget_type=\"heading.default\">\n\t\t\t\t\t<h1 class=\"elementor-heading-title elementor-size-default\">Matthias Schlageter<\/h1>\t\t\t\t<\/div>\n\t\t\t\t<div class=\"elementor-element elementor-element-b19c44c elementor-widget elementor-widget-html\" data-id=\"b19c44c\" data-element_type=\"widget\" data-e-type=\"widget\" data-widget_type=\"html.default\">\n\t\t\t\t\t<div class=\"triple\">\n<img decoding=\"async\" src=\"https:\/\/circle2.de\/wp-content\/uploads\/2023\/12\/Bild-2.webp\" \/>\n<img decoding=\"async\" src=\"https:\/\/circle2.de\/wp-content\/uploads\/2023\/12\/Bild-1.webp\" \/>\n<img decoding=\"async\" src=\"https:\/\/circle2.de\/wp-content\/uploads\/2023\/12\/Bild-3.webp\" \/>\n<\/div>\n<div class=\"spanner\">\n<div class=\"vita\">\n<h3>Consultant<\/h3>\n<ul>\n<li>\u00c9tudes avec sp\u00e9cialisation en marketing, Universit\u00e9 de B\u00e2le\/CH. Formation m\u00e9thodologique solide en distribution et vente<\/li>\n  <li>20 ans d'exp\u00e9rience dans la vente op\u00e9rationnelle et strat\u00e9gique, en tant que vendeur, cadre et entrepreneur<\/li>\n  <li>15 ans d'exp\u00e9rience en tant que formateur, conseiller, coach de vente et conf\u00e9rencier, Auteur d'ouvrages sp\u00e9cialis\u00e9s<\/li>\n<li>D\u00e9veloppement de m\u00e9thodes et de frameworks propres<\/li>\n<li>Projet d'apprentissage personnel: ma\u00eetriser la langue espagnole avec assurance<\/li>\n<\/ul>\n<\/div>\n<div class=\"kdaten\">\n<h3>Contact<\/h3>\n<ul>\n<li><a href=\"mailto:matthias.schlageter@circle2.de\"><i class=\"fa fa-fw fa-paper-plane-o\" aria-hidden=\"true\"><\/i>matthias.schlageter@circle2.de<\/a><\/li>\n<li><a href=\"#\"><i class=\"fa fa-fw fa-xing\" aria-hidden=\"true\"><\/i>XING<\/a><\/li>\n<li><a href=\"#\"><i class=\"fa fa-fw fa-linkedin\" aria-hidden=\"true\"><\/i>LinkedIN<\/a><\/li>\n<\/ul><\/div>\n<\/div>\n\t\t\t\t<\/div>\n\t\t\t\t\t<\/div>\n\t\t<\/div>\n\t\t\t\t\t<\/div>\n\t\t<\/section>\n\t\t\t\t<section class=\"elementor-section elementor-top-section elementor-element elementor-element-3b812f8 elementor-section-boxed elementor-section-height-default elementor-section-height-default\" data-id=\"3b812f8\" data-element_type=\"section\" data-e-type=\"section\">\n\t\t\t\t\t\t<div class=\"elementor-container elementor-column-gap-default\">\n\t\t\t\t\t<div class=\"elementor-column elementor-col-100 elementor-top-column elementor-element elementor-element-163602c\" data-id=\"163602c\" data-element_type=\"column\" data-e-type=\"column\">\n\t\t\t<div class=\"elementor-widget-wrap elementor-element-populated\">\n\t\t\t\t\t\t<div class=\"elementor-element elementor-element-68971c8 elementor-widget elementor-widget-spacer\" data-id=\"68971c8\" data-element_type=\"widget\" data-e-type=\"widget\" data-widget_type=\"spacer.default\">\n\t\t\t\t\t\t\t<div class=\"elementor-spacer\">\n\t\t\t<div class=\"elementor-spacer-inner\"><\/div>\n\t\t<\/div>\n\t\t\t\t\t\t<\/div>\n\t\t\t\t\t<\/div>\n\t\t<\/div>\n\t\t\t\t\t<\/div>\n\t\t<\/section>\n\t\t\t\t<section class=\"elementor-section elementor-top-section elementor-element elementor-element-78629c2 elementor-section-boxed elementor-section-height-default elementor-section-height-default\" data-id=\"78629c2\" data-element_type=\"section\" data-e-type=\"section\">\n\t\t\t\t\t\t<div class=\"elementor-container elementor-column-gap-default\">\n\t\t\t\t\t<div class=\"elementor-column elementor-col-100 elementor-top-column elementor-element elementor-element-de17514\" data-id=\"de17514\" data-element_type=\"column\" data-e-type=\"column\" data-settings=\"{&quot;background_background&quot;:&quot;classic&quot;}\">\n\t\t\t<div class=\"elementor-widget-wrap elementor-element-populated\">\n\t\t\t\t\t\t<div class=\"elementor-element elementor-element-5c1169f elementor-widget elementor-widget-text-editor\" data-id=\"5c1169f\" data-element_type=\"widget\" data-e-type=\"widget\" data-widget_type=\"text-editor.default\">\n\t\t\t\t\t\t\t\t\t<h3>Ce qui m&#8217;inspire : L&#8217;exp\u00e9rience qu&#8217;apr\u00e8s mes projets de formation et de conseil, les clients de mes clients ressentent un changement positif dans les contacts de vente. Lancer activement le changement dans la distribution, du fournisseur interchangeable au Trusted Associate appr\u00e9ci\u00e9 des clients, l&#8217;organiser en collaboration avec les \u00e9quipes de distribution et l&#8217;ancrer solidement sous forme de Trusted Customer Relations.<\/h3>\t\t\t\t\t\t\t\t<\/div>\n\t\t\t\t\t<\/div>\n\t\t<\/div>\n\t\t\t\t\t<\/div>\n\t\t<\/section>\n\t\t\t\t<section class=\"elementor-section elementor-top-section elementor-element elementor-element-ef7c3dd elementor-section-boxed elementor-section-height-default elementor-section-height-default\" data-id=\"ef7c3dd\" data-element_type=\"section\" data-e-type=\"section\">\n\t\t\t\t\t\t<div class=\"elementor-container elementor-column-gap-default\">\n\t\t\t\t\t<div class=\"elementor-column elementor-col-100 elementor-top-column elementor-element elementor-element-8a91a07\" data-id=\"8a91a07\" data-element_type=\"column\" data-e-type=\"column\">\n\t\t\t<div class=\"elementor-widget-wrap elementor-element-populated\">\n\t\t\t\t\t\t<div class=\"elementor-element elementor-element-ff41953 elementor-align-center elementor-widget elementor-widget-button\" data-id=\"ff41953\" data-element_type=\"widget\" data-e-type=\"widget\" data-widget_type=\"button.default\">\n\t\t\t\t\t\t\t\t\t\t<a class=\"elementor-button elementor-button-link elementor-size-lg\" href=\"https:\/\/circle2.de\/fr\/a-propos-de-nous\/equipe\/\">\n\t\t\t\t\t\t<span class=\"elementor-button-content-wrapper\">\n\t\t\t\t\t\t\t\t\t<span class=\"elementor-button-text\">\u00c0 la vue d'ensemble de l'\u00e9quipe<\/span>\n\t\t\t\t\t<\/span>\n\t\t\t\t\t<\/a>\n\t\t\t\t\t\t\t\t<\/div>\n\t\t\t\t\t<\/div>\n\t\t<\/div>\n\t\t\t\t\t<\/div>\n\t\t<\/section>\n\t\t\t\t<\/div>\n\t\t","protected":false},"excerpt":{"rendered":"<p>notre \u00e9quipe Matthias Schlageter Consultant \u00c9tudes avec sp\u00e9cialisation en marketing, Universit\u00e9 de B\u00e2le\/CH. Formation m\u00e9thodologique solide en distribution et vente 20 ans d&#8217;exp\u00e9rience dans la vente op\u00e9rationnelle et strat\u00e9gique, en tant que vendeur, cadre et entrepreneur 15 ans d&#8217;exp\u00e9rience en tant que formateur, conseiller, coach de vente et conf\u00e9rencier, Auteur d&#8217;ouvrages sp\u00e9cialis\u00e9s D\u00e9veloppement de m\u00e9thodes &#8230;<\/p>\n","protected":false},"author":1,"featured_media":0,"parent":53,"menu_order":0,"comment_status":"closed","ping_status":"closed","template":"","meta":{"inline_featured_image":false,"footnotes":"","_links_to":"","_links_to_target":""},"class_list":["post-5266","page","type-page","status-publish"],"_links":{"self":[{"href":"https:\/\/circle2.de\/fr\/wp-json\/wp\/v2\/pages\/5266","targetHints":{"allow":["GET"]}}],"collection":[{"href":"https:\/\/circle2.de\/fr\/wp-json\/wp\/v2\/pages"}],"about":[{"href":"https:\/\/circle2.de\/fr\/wp-json\/wp\/v2\/types\/page"}],"author":[{"embeddable":true,"href":"https:\/\/circle2.de\/fr\/wp-json\/wp\/v2\/users\/1"}],"replies":[{"embeddable":true,"href":"https:\/\/circle2.de\/fr\/wp-json\/wp\/v2\/comments?post=5266"}],"version-history":[{"count":16,"href":"https:\/\/circle2.de\/fr\/wp-json\/wp\/v2\/pages\/5266\/revisions"}],"predecessor-version":[{"id":8126,"href":"https:\/\/circle2.de\/fr\/wp-json\/wp\/v2\/pages\/5266\/revisions\/8126"}],"up":[{"embeddable":true,"href":"https:\/\/circle2.de\/fr\/wp-json\/wp\/v2\/pages\/53"}],"wp:attachment":[{"href":"https:\/\/circle2.de\/fr\/wp-json\/wp\/v2\/media?parent=5266"}],"curies":[{"name":"wp","href":"https:\/\/api.w.org\/{rel}","templated":true}]}}