{"id":51,"date":"2021-11-21T13:45:39","date_gmt":"2021-11-21T12:45:39","guid":{"rendered":"https:\/\/circle2.de\/fr\/?page_id=51"},"modified":"2024-02-08T16:54:11","modified_gmt":"2024-02-08T15:54:11","slug":"histoire","status":"publish","type":"page","link":"https:\/\/circle2.de\/fr\/histoire\/","title":{"rendered":"Histoire"},"content":{"rendered":"\t\t<div data-elementor-type=\"wp-page\" data-elementor-id=\"51\" class=\"elementor elementor-51\" data-elementor-post-type=\"page\">\n\t\t\t\t\t\t<section class=\"elementor-section elementor-top-section elementor-element elementor-element-99c0d65 elementor-section-boxed elementor-section-height-default elementor-section-height-default\" data-id=\"99c0d65\" data-element_type=\"section\" data-e-type=\"section\">\n\t\t\t\t\t\t<div class=\"elementor-container elementor-column-gap-default\">\n\t\t\t\t\t<div class=\"elementor-column elementor-col-100 elementor-top-column elementor-element elementor-element-1c8d4d9\" data-id=\"1c8d4d9\" data-element_type=\"column\" data-e-type=\"column\">\n\t\t\t<div class=\"elementor-widget-wrap elementor-element-populated\">\n\t\t\t\t\t\t<div class=\"elementor-element elementor-element-9270be2 elementor-widget elementor-widget-heading\" data-id=\"9270be2\" data-element_type=\"widget\" data-e-type=\"widget\" data-widget_type=\"heading.default\">\n\t\t\t\t\t<h5 class=\"elementor-heading-title elementor-size-default\">\u00c0 propos de nous<\/h5>\t\t\t\t<\/div>\n\t\t\t\t<div class=\"elementor-element elementor-element-033e899 elementor-widget elementor-widget-heading\" data-id=\"033e899\" data-element_type=\"widget\" data-e-type=\"widget\" data-widget_type=\"heading.default\">\n\t\t\t\t\t<h1 class=\"elementor-heading-title elementor-size-default\">Notre histoire<\/h1>\t\t\t\t<\/div>\n\t\t\t\t\t<\/div>\n\t\t<\/div>\n\t\t\t\t\t<\/div>\n\t\t<\/section>\n\t\t\t\t<section class=\"elementor-section elementor-top-section elementor-element elementor-element-6ba8ed6 elementor-section-boxed elementor-section-height-default elementor-section-height-default\" data-id=\"6ba8ed6\" data-element_type=\"section\" data-e-type=\"section\">\n\t\t\t\t\t\t<div class=\"elementor-container elementor-column-gap-default\">\n\t\t\t\t\t<div class=\"elementor-column elementor-col-66 elementor-top-column elementor-element elementor-element-161e8c1\" data-id=\"161e8c1\" data-element_type=\"column\" data-e-type=\"column\" data-settings=\"{&quot;background_background&quot;:&quot;classic&quot;}\">\n\t\t\t<div class=\"elementor-widget-wrap elementor-element-populated\">\n\t\t\t\t\t\t<div class=\"elementor-element elementor-element-87cc034 elementor-widget elementor-widget-spacer\" data-id=\"87cc034\" data-element_type=\"widget\" data-e-type=\"widget\" data-widget_type=\"spacer.default\">\n\t\t\t\t\t\t\t<div class=\"elementor-spacer\">\n\t\t\t<div class=\"elementor-spacer-inner\"><\/div>\n\t\t<\/div>\n\t\t\t\t\t\t<\/div>\n\t\t\t\t\t<\/div>\n\t\t<\/div>\n\t\t\t\t<div class=\"elementor-column elementor-col-33 elementor-top-column elementor-element elementor-element-32aee89 elementor-hidden-mobile\" data-id=\"32aee89\" data-element_type=\"column\" data-e-type=\"column\" data-settings=\"{&quot;background_background&quot;:&quot;classic&quot;}\">\n\t\t\t<div class=\"elementor-widget-wrap elementor-element-populated\">\n\t\t\t\t\t\t<div class=\"elementor-element elementor-element-4618117 elementor-widget elementor-widget-spacer\" data-id=\"4618117\" data-element_type=\"widget\" data-e-type=\"widget\" data-widget_type=\"spacer.default\">\n\t\t\t\t\t\t\t<div class=\"elementor-spacer\">\n\t\t\t<div class=\"elementor-spacer-inner\"><\/div>\n\t\t<\/div>\n\t\t\t\t\t\t<\/div>\n\t\t\t\t\t<\/div>\n\t\t<\/div>\n\t\t\t\t\t<\/div>\n\t\t<\/section>\n\t\t\t\t<section class=\"elementor-section elementor-top-section elementor-element elementor-element-1d2a3f3 elementor-section-boxed elementor-section-height-default elementor-section-height-default\" data-id=\"1d2a3f3\" data-element_type=\"section\" data-e-type=\"section\">\n\t\t\t\t\t\t<div class=\"elementor-container elementor-column-gap-default\">\n\t\t\t\t\t<div class=\"elementor-column elementor-col-100 elementor-top-column elementor-element elementor-element-758c738\" data-id=\"758c738\" data-element_type=\"column\" data-e-type=\"column\">\n\t\t\t<div class=\"elementor-widget-wrap elementor-element-populated\">\n\t\t\t\t\t\t<div class=\"elementor-element elementor-element-e5b7b59 elementor-hidden-mobile elementor-widget elementor-widget-spacer\" data-id=\"e5b7b59\" data-element_type=\"widget\" data-e-type=\"widget\" data-widget_type=\"spacer.default\">\n\t\t\t\t\t\t\t<div class=\"elementor-spacer\">\n\t\t\t<div class=\"elementor-spacer-inner\"><\/div>\n\t\t<\/div>\n\t\t\t\t\t\t<\/div>\n\t\t\t\t<div class=\"elementor-element elementor-element-ac41958 elementor-widget elementor-widget-heading\" data-id=\"ac41958\" data-element_type=\"widget\" data-e-type=\"widget\" data-widget_type=\"heading.default\">\n\t\t\t\t\t<h3 class=\"elementor-heading-title elementor-size-default\">Ce qui s'est pass\u00e9 jusqu'\u00e0 pr\u00e9sent<\/h3>\t\t\t\t<\/div>\n\t\t\t\t\t<\/div>\n\t\t<\/div>\n\t\t\t\t\t<\/div>\n\t\t<\/section>\n\t\t\t\t<section class=\"elementor-section elementor-top-section elementor-element elementor-element-c31d103 elementor-section-boxed elementor-section-height-default elementor-section-height-default\" data-id=\"c31d103\" data-element_type=\"section\" data-e-type=\"section\">\n\t\t\t\t\t\t<div class=\"elementor-container elementor-column-gap-default\">\n\t\t\t\t\t<div class=\"elementor-column elementor-col-66 elementor-top-column elementor-element elementor-element-e6f3af1\" data-id=\"e6f3af1\" data-element_type=\"column\" data-e-type=\"column\">\n\t\t\t<div class=\"elementor-widget-wrap elementor-element-populated\">\n\t\t\t\t\t\t<div class=\"elementor-element elementor-element-33527c2 elementor-widget elementor-widget-text-editor\" data-id=\"33527c2\" data-element_type=\"widget\" data-e-type=\"widget\" data-widget_type=\"text-editor.default\">\n\t\t\t\t\t\t\t\t\t<h5>1996: Entr\u00e9e dans le monde du conseil<\/h5>\n<p>Travail en free-lance ax\u00e9 sur la formation dans les domaines du leadership, de la communication et du d\u00e9veloppement d&#8217;\u00e9quipes.<\/p><\/br>\n<h5>2001: Cr\u00e9ation du CEVEYGROUP<\/h5>\n<p>Projets dans les domaines du leadership, du changement et de la vente. Exp\u00e9rience internationale. Utilisation de syst\u00e8mes de test et d&#8217;outils num\u00e9riques.<\/p><\/br>\n<h5>2022: D\u00e9but de Circle2<\/h5>\n<p>R\u00e9inventer : &#8222;Penser et agir d&#8217;une nouvelle mani\u00e8re&#8220; &#8211; avec beaucoup d&#8217;exp\u00e9rience, nous jetons un regard neuf sur les choses.<\/p>\t\t\t\t\t\t\t\t<\/div>\n\t\t\t\t\t<\/div>\n\t\t<\/div>\n\t\t\t\t<div class=\"elementor-column elementor-col-33 elementor-top-column elementor-element elementor-element-c741e5c\" data-id=\"c741e5c\" data-element_type=\"column\" data-e-type=\"column\" data-settings=\"{&quot;background_background&quot;:&quot;classic&quot;}\">\n\t\t\t<div class=\"elementor-widget-wrap elementor-element-populated\">\n\t\t\t\t\t\t<div class=\"elementor-element elementor-element-68df3b3 elementor-widget elementor-widget-text-editor\" data-id=\"68df3b3\" data-element_type=\"widget\" data-e-type=\"widget\" data-widget_type=\"text-editor.default\">\n\t\t\t\t\t\t\t\t\t<h5> Clients Fortune 500 et champions cach\u00e9s du secteur des soins de sant\u00e9, de l&#8217;industrie pharmaceutique et de l&#8217;industrie chimique  <\/h5>\nSoins de sant\u00e9, produits pharmaceutiques, produits chimiques, industrie, commerce de d\u00e9tail, informatique, m\u00e9dias, t\u00e9l\u00e9communications, banques et assurances, services, tourisme, secteur public, cliniques.\t\t\t\t\t\t\t\t<\/div>\n\t\t\t\t\t<\/div>\n\t\t<\/div>\n\t\t\t\t\t<\/div>\n\t\t<\/section>\n\t\t\t\t<section class=\"elementor-section elementor-top-section elementor-element elementor-element-604100d elementor-section-boxed elementor-section-height-default elementor-section-height-default\" data-id=\"604100d\" data-element_type=\"section\" data-e-type=\"section\">\n\t\t\t\t\t\t<div class=\"elementor-container elementor-column-gap-default\">\n\t\t\t\t\t<div class=\"elementor-column elementor-col-100 elementor-top-column elementor-element elementor-element-180e373\" data-id=\"180e373\" data-element_type=\"column\" data-e-type=\"column\">\n\t\t\t<div class=\"elementor-widget-wrap elementor-element-populated\">\n\t\t\t\t\t\t<div class=\"elementor-element elementor-element-fdd7a50 elementor-widget elementor-widget-spacer\" data-id=\"fdd7a50\" data-element_type=\"widget\" data-e-type=\"widget\" data-widget_type=\"spacer.default\">\n\t\t\t\t\t\t\t<div class=\"elementor-spacer\">\n\t\t\t<div class=\"elementor-spacer-inner\"><\/div>\n\t\t<\/div>\n\t\t\t\t\t\t<\/div>\n\t\t\t\t\t<\/div>\n\t\t<\/div>\n\t\t\t\t\t<\/div>\n\t\t<\/section>\n\t\t\t\t<\/div>\n\t\t","protected":false},"excerpt":{"rendered":"<p>\u00c0 propos de nous Notre histoire Ce qui s&#8217;est pass\u00e9 jusqu&#8217;\u00e0 pr\u00e9sent 1996: Entr\u00e9e dans le monde du conseil Travail en free-lance ax\u00e9 sur la formation dans les domaines du leadership, de la communication et du d\u00e9veloppement d&#8217;\u00e9quipes. 2001: Cr\u00e9ation du CEVEYGROUP Projets dans les domaines du leadership, du changement et de la vente. Exp\u00e9rience &#8230;<\/p>\n","protected":false},"author":1,"featured_media":808,"parent":0,"menu_order":0,"comment_status":"closed","ping_status":"closed","template":"","meta":{"inline_featured_image":false,"footnotes":"","_links_to":"","_links_to_target":""},"class_list":["post-51","page","type-page","status-publish","has-post-thumbnail"],"_links":{"self":[{"href":"https:\/\/circle2.de\/fr\/wp-json\/wp\/v2\/pages\/51","targetHints":{"allow":["GET"]}}],"collection":[{"href":"https:\/\/circle2.de\/fr\/wp-json\/wp\/v2\/pages"}],"about":[{"href":"https:\/\/circle2.de\/fr\/wp-json\/wp\/v2\/types\/page"}],"author":[{"embeddable":true,"href":"https:\/\/circle2.de\/fr\/wp-json\/wp\/v2\/users\/1"}],"replies":[{"embeddable":true,"href":"https:\/\/circle2.de\/fr\/wp-json\/wp\/v2\/comments?post=51"}],"version-history":[{"count":110,"href":"https:\/\/circle2.de\/fr\/wp-json\/wp\/v2\/pages\/51\/revisions"}],"predecessor-version":[{"id":5730,"href":"https:\/\/circle2.de\/fr\/wp-json\/wp\/v2\/pages\/51\/revisions\/5730"}],"wp:featuredmedia":[{"embeddable":true,"href":"https:\/\/circle2.de\/fr\/wp-json\/wp\/v2\/media\/808"}],"wp:attachment":[{"href":"https:\/\/circle2.de\/fr\/wp-json\/wp\/v2\/media?parent=51"}],"curies":[{"name":"wp","href":"https:\/\/api.w.org\/{rel}","templated":true}]}}