{"id":5028,"date":"2023-09-25T22:19:45","date_gmt":"2023-09-25T20:19:45","guid":{"rendered":"https:\/\/circle2.de\/fr\/?page_id=5028"},"modified":"2025-07-07T13:49:23","modified_gmt":"2025-07-07T11:49:23","slug":"laurence-schneider","status":"publish","type":"page","link":"https:\/\/circle2.de\/fr\/a-propos-de-nous\/equipe\/laurence-schneider\/","title":{"rendered":"Laurence Schneider"},"content":{"rendered":"\t\t<div data-elementor-type=\"wp-page\" data-elementor-id=\"5028\" class=\"elementor elementor-5028\" data-elementor-post-type=\"page\">\n\t\t\t\t\t\t<section class=\"elementor-section elementor-top-section elementor-element elementor-element-f451a6a elementor-section-boxed elementor-section-height-default elementor-section-height-default\" data-id=\"f451a6a\" data-element_type=\"section\" data-e-type=\"section\">\n\t\t\t\t\t\t<div class=\"elementor-container elementor-column-gap-default\">\n\t\t\t\t\t<div class=\"elementor-column elementor-col-100 elementor-top-column elementor-element elementor-element-742b14a\" data-id=\"742b14a\" data-element_type=\"column\" data-e-type=\"column\">\n\t\t\t<div class=\"elementor-widget-wrap elementor-element-populated\">\n\t\t\t\t\t\t<div class=\"elementor-element elementor-element-cd88529 elementor-widget elementor-widget-heading\" data-id=\"cd88529\" data-element_type=\"widget\" data-e-type=\"widget\" data-widget_type=\"heading.default\">\n\t\t\t\t\t<h5 class=\"elementor-heading-title elementor-size-default\">notre \u00e9quipe<\/h5>\t\t\t\t<\/div>\n\t\t\t\t\t<\/div>\n\t\t<\/div>\n\t\t\t\t\t<\/div>\n\t\t<\/section>\n\t\t\t\t<section class=\"elementor-section elementor-top-section elementor-element elementor-element-10689e0 elementor-section-boxed elementor-section-height-default elementor-section-height-default\" data-id=\"10689e0\" data-element_type=\"section\" data-e-type=\"section\">\n\t\t\t\t\t\t<div class=\"elementor-container elementor-column-gap-default\">\n\t\t\t\t\t<div class=\"elementor-column elementor-col-100 elementor-top-column elementor-element elementor-element-a379b8d\" data-id=\"a379b8d\" data-element_type=\"column\" data-e-type=\"column\">\n\t\t\t<div class=\"elementor-widget-wrap elementor-element-populated\">\n\t\t\t\t\t\t<div class=\"elementor-element elementor-element-72d4138 elementor-widget elementor-widget-heading\" data-id=\"72d4138\" data-element_type=\"widget\" data-e-type=\"widget\" data-widget_type=\"heading.default\">\n\t\t\t\t\t<h1 class=\"elementor-heading-title elementor-size-default\">Laurence Schneider<\/h1>\t\t\t\t<\/div>\n\t\t\t\t<div class=\"elementor-element elementor-element-b19c44c elementor-widget elementor-widget-html\" data-id=\"b19c44c\" data-element_type=\"widget\" data-e-type=\"widget\" data-widget_type=\"html.default\">\n\t\t\t\t\t<div class=\"triple\">\n<img decoding=\"async\" src=\"https:\/\/circle2.de\/wp-content\/uploads\/2023\/09\/Laurence-Bild-1.webp\" \/>\n<img decoding=\"async\" src=\"https:\/\/circle2.de\/wp-content\/uploads\/2023\/09\/Laurence-Bild-2.webp\" \/>\n<img decoding=\"async\" src=\"https:\/\/circle2.de\/wp-content\/uploads\/2023\/09\/Laurence-Lernprojekt.webp\" \/>\n<\/div>\n<div class=\"spanner\">\n<div class=\"vita\">\n<h3>Consultant<\/h3>\n<ul>\n<li>availle de mani\u00e8re bilingue (allemand et fran\u00e7ais) en tant que formatrice et enseignante ind\u00e9pendante depuis 2001<\/li>\n  <li>\u00c9tudes de master en litt\u00e9rature compar\u00e9e, en art oratoire et en sciences de la communication<\/li>\n  <li>poss\u00e8de une formation continue de 3 ans en psychotraumatologie pour les forces d'intervention, intervention de crise (KIT), communication non violente GFK pour les entreprises et les organisations ainsi que m\u00e9diation\n<\/li>\n<li>Projet d'apprentissage personnel : Int\u00e9grer l'alphabet de Vimala Rogers avec le c\u0153ur et le cerveau...\nLa calligraphie anthroposophique est un outil merveilleux. \nDans la pratique quotidienne, elle permet des regards profonds vers l'int\u00e9rieur et des \u00e9tapes durables vers l'harmonie et l'\u00e9quilibre \u00e0 tous les niveaux de la vie.\nApr\u00e8s 4 ans sans jamais atteindre le Z, c'est toujours en premier lieu un exercice de patience et d'humour.\u2026:-)<\/li>\n<\/ul>\n<\/div>\n<div class=\"kdaten\">\n<h3>Contact<\/h3>\n<ul>\n<li><a href=\"mailto:info@circle2.de\"><i class=\"fa fa-fw fa-paper-plane-o\" aria-hidden=\"true\"><\/i>info@circle2.de<\/a><\/li>\n<li><a href=\"#\"><i class=\"fa fa-fw fa-xing\" aria-hidden=\"true\"><\/i>XING<\/a><\/li>\n<li><a href=\"#\"><i class=\"fa fa-fw fa-linkedin\" aria-hidden=\"true\"><\/i>LinkedIN<\/a><\/li>\n<\/ul><\/div>\n<\/div>\n\t\t\t\t<\/div>\n\t\t\t\t\t<\/div>\n\t\t<\/div>\n\t\t\t\t\t<\/div>\n\t\t<\/section>\n\t\t\t\t<section class=\"elementor-section elementor-top-section elementor-element elementor-element-3b812f8 elementor-section-boxed elementor-section-height-default elementor-section-height-default\" data-id=\"3b812f8\" data-element_type=\"section\" data-e-type=\"section\">\n\t\t\t\t\t\t<div class=\"elementor-container elementor-column-gap-default\">\n\t\t\t\t\t<div class=\"elementor-column elementor-col-100 elementor-top-column elementor-element elementor-element-163602c\" data-id=\"163602c\" data-element_type=\"column\" data-e-type=\"column\">\n\t\t\t<div class=\"elementor-widget-wrap elementor-element-populated\">\n\t\t\t\t\t\t<div class=\"elementor-element elementor-element-68971c8 elementor-widget elementor-widget-spacer\" data-id=\"68971c8\" data-element_type=\"widget\" data-e-type=\"widget\" data-widget_type=\"spacer.default\">\n\t\t\t\t\t\t\t<div class=\"elementor-spacer\">\n\t\t\t<div class=\"elementor-spacer-inner\"><\/div>\n\t\t<\/div>\n\t\t\t\t\t\t<\/div>\n\t\t\t\t\t<\/div>\n\t\t<\/div>\n\t\t\t\t\t<\/div>\n\t\t<\/section>\n\t\t\t\t<section class=\"elementor-section elementor-top-section elementor-element elementor-element-78629c2 elementor-section-boxed elementor-section-height-default elementor-section-height-default\" data-id=\"78629c2\" data-element_type=\"section\" data-e-type=\"section\">\n\t\t\t\t\t\t<div class=\"elementor-container elementor-column-gap-default\">\n\t\t\t\t\t<div class=\"elementor-column elementor-col-100 elementor-top-column elementor-element elementor-element-de17514\" data-id=\"de17514\" data-element_type=\"column\" data-e-type=\"column\" data-settings=\"{&quot;background_background&quot;:&quot;classic&quot;}\">\n\t\t\t<div class=\"elementor-widget-wrap elementor-element-populated\">\n\t\t\t\t\t\t<div class=\"elementor-element elementor-element-5c1169f elementor-widget elementor-widget-text-editor\" data-id=\"5c1169f\" data-element_type=\"widget\" data-e-type=\"widget\" data-widget_type=\"text-editor.default\">\n\t\t\t\t\t\t\t\t\t<h3>Ce qui m&#8217;inspire : Comment nos actions au sein de l&#8217;\u00e9quipe peuvent-elles inspirer les autres \u00e0 r\u00eaver, \u00e0 apprendre et \u00e0 d\u00e9cider avec plus de courage ? Un bon leadership ne repose pas principalement sur des connaissances techniques ou de l&#8217;argent. Ce qu&#8217;il faut vivre et susciter, c&#8217;est la confiance, l&#8217;optimisme, la curiosit\u00e9 et le courage, l&#8217;enthousiasme, le sens de l&#8217;humour et la joie de faire &#8211; on ne trouve rien de tout cela dans le programme d&#8217;une \u00e9cole de commerce.<\/h3>\t\t\t\t\t\t\t\t<\/div>\n\t\t\t\t\t<\/div>\n\t\t<\/div>\n\t\t\t\t\t<\/div>\n\t\t<\/section>\n\t\t\t\t<section class=\"elementor-section elementor-top-section elementor-element elementor-element-ef7c3dd elementor-section-boxed elementor-section-height-default elementor-section-height-default\" data-id=\"ef7c3dd\" data-element_type=\"section\" data-e-type=\"section\">\n\t\t\t\t\t\t<div class=\"elementor-container elementor-column-gap-default\">\n\t\t\t\t\t<div class=\"elementor-column elementor-col-100 elementor-top-column elementor-element elementor-element-8a91a07\" data-id=\"8a91a07\" data-element_type=\"column\" data-e-type=\"column\">\n\t\t\t<div class=\"elementor-widget-wrap elementor-element-populated\">\n\t\t\t\t\t\t<div class=\"elementor-element elementor-element-ff41953 elementor-align-center elementor-widget elementor-widget-button\" data-id=\"ff41953\" data-element_type=\"widget\" data-e-type=\"widget\" data-widget_type=\"button.default\">\n\t\t\t\t\t\t\t\t\t\t<a class=\"elementor-button elementor-button-link elementor-size-lg\" href=\"https:\/\/circle2.de\/fr\/a-propos-de-nous\/equipe\/\">\n\t\t\t\t\t\t<span class=\"elementor-button-content-wrapper\">\n\t\t\t\t\t\t\t\t\t<span class=\"elementor-button-text\">\u00c0 la vue d'ensemble de l'\u00e9quipe<\/span>\n\t\t\t\t\t<\/span>\n\t\t\t\t\t<\/a>\n\t\t\t\t\t\t\t\t<\/div>\n\t\t\t\t\t<\/div>\n\t\t<\/div>\n\t\t\t\t\t<\/div>\n\t\t<\/section>\n\t\t\t\t<\/div>\n\t\t","protected":false},"excerpt":{"rendered":"<p>notre \u00e9quipe Laurence Schneider Consultant availle de mani\u00e8re bilingue (allemand et fran\u00e7ais) en tant que formatrice et enseignante ind\u00e9pendante depuis 2001 \u00c9tudes de master en litt\u00e9rature compar\u00e9e, en art oratoire et en sciences de la communication poss\u00e8de une formation continue de 3 ans en psychotraumatologie pour les forces d&#8217;intervention, intervention de crise (KIT), communication non &#8230;<\/p>\n","protected":false},"author":1,"featured_media":0,"parent":53,"menu_order":0,"comment_status":"closed","ping_status":"closed","template":"","meta":{"inline_featured_image":false,"footnotes":"","_links_to":"","_links_to_target":""},"class_list":["post-5028","page","type-page","status-publish"],"_links":{"self":[{"href":"https:\/\/circle2.de\/fr\/wp-json\/wp\/v2\/pages\/5028","targetHints":{"allow":["GET"]}}],"collection":[{"href":"https:\/\/circle2.de\/fr\/wp-json\/wp\/v2\/pages"}],"about":[{"href":"https:\/\/circle2.de\/fr\/wp-json\/wp\/v2\/types\/page"}],"author":[{"embeddable":true,"href":"https:\/\/circle2.de\/fr\/wp-json\/wp\/v2\/users\/1"}],"replies":[{"embeddable":true,"href":"https:\/\/circle2.de\/fr\/wp-json\/wp\/v2\/comments?post=5028"}],"version-history":[{"count":16,"href":"https:\/\/circle2.de\/fr\/wp-json\/wp\/v2\/pages\/5028\/revisions"}],"predecessor-version":[{"id":8141,"href":"https:\/\/circle2.de\/fr\/wp-json\/wp\/v2\/pages\/5028\/revisions\/8141"}],"up":[{"embeddable":true,"href":"https:\/\/circle2.de\/fr\/wp-json\/wp\/v2\/pages\/53"}],"wp:attachment":[{"href":"https:\/\/circle2.de\/fr\/wp-json\/wp\/v2\/media?parent=5028"}],"curies":[{"name":"wp","href":"https:\/\/api.w.org\/{rel}","templated":true}]}}