{"id":4409,"date":"2022-10-21T11:08:17","date_gmt":"2022-10-21T09:08:17","guid":{"rendered":"https:\/\/circle2.de\/fr\/?page_id=4409"},"modified":"2024-02-07T13:12:04","modified_gmt":"2024-02-07T12:12:04","slug":"developpement-strategique","status":"publish","type":"page","link":"https:\/\/circle2.de\/fr\/services\/developpement-strategique\/","title":{"rendered":"D\u00e9veloppement strat\u00e9gique"},"content":{"rendered":"\t\t<div data-elementor-type=\"wp-page\" data-elementor-id=\"4409\" class=\"elementor elementor-4409\" data-elementor-post-type=\"page\">\n\t\t\t\t\t\t<section class=\"elementor-section elementor-top-section elementor-element elementor-element-57c6cb5 elementor-section-boxed elementor-section-height-default elementor-section-height-default\" data-id=\"57c6cb5\" data-element_type=\"section\" data-e-type=\"section\">\n\t\t\t\t\t\t<div class=\"elementor-container elementor-column-gap-default\">\n\t\t\t\t\t<div class=\"elementor-column elementor-col-100 elementor-top-column elementor-element elementor-element-2fc79f67\" data-id=\"2fc79f67\" data-element_type=\"column\" data-e-type=\"column\">\n\t\t\t<div class=\"elementor-widget-wrap elementor-element-populated\">\n\t\t\t\t\t\t<div class=\"elementor-element elementor-element-1e17fb9 elementor-widget elementor-widget-heading\" data-id=\"1e17fb9\" data-element_type=\"widget\" data-e-type=\"widget\" data-widget_type=\"heading.default\">\n\t\t\t\t\t<h5 class=\"elementor-heading-title elementor-size-default\">Services<\/h5>\t\t\t\t<\/div>\n\t\t\t\t<div class=\"elementor-element elementor-element-2b095f4b elementor-widget elementor-widget-heading\" data-id=\"2b095f4b\" data-element_type=\"widget\" data-e-type=\"widget\" data-widget_type=\"heading.default\">\n\t\t\t\t\t<h1 class=\"elementor-heading-title elementor-size-default\">D\u00e9veloppement strat\u00e9gique des ressources humaines<\/h1>\t\t\t\t<\/div>\n\t\t\t\t\t<\/div>\n\t\t<\/div>\n\t\t\t\t\t<\/div>\n\t\t<\/section>\n\t\t\t\t<section class=\"elementor-section elementor-top-section elementor-element elementor-element-676ef395 elementor-section-full_width elementor-section-height-default elementor-section-height-default\" data-id=\"676ef395\" data-element_type=\"section\" data-e-type=\"section\">\n\t\t\t\t\t\t<div class=\"elementor-container elementor-column-gap-default\">\n\t\t\t\t\t<div class=\"elementor-column elementor-col-33 elementor-top-column elementor-element elementor-element-27a79d0b elementor-hidden-mobile\" data-id=\"27a79d0b\" data-element_type=\"column\" data-e-type=\"column\" data-settings=\"{&quot;background_background&quot;:&quot;classic&quot;}\">\n\t\t\t<div class=\"elementor-widget-wrap elementor-element-populated\">\n\t\t\t\t\t\t<div class=\"elementor-element elementor-element-2c6e879f elementor-widget elementor-widget-image\" data-id=\"2c6e879f\" data-element_type=\"widget\" data-e-type=\"widget\" data-widget_type=\"image.default\">\n\t\t\t\t\t\t\t\t\t\t\t\t\t\t\t<img decoding=\"async\" width=\"50\" height=\"50\" src=\"https:\/\/circle2.de\/fr\/wp-content\/uploads\/sites\/6\/2021\/11\/icon_strategischePE.svg\" class=\"attachment-thumbnail size-thumbnail wp-image-570\" alt=\"\" \/>\t\t\t\t\t\t\t\t\t\t\t\t\t\t\t<\/div>\n\t\t\t\t\t<\/div>\n\t\t<\/div>\n\t\t\t\t<div class=\"elementor-column elementor-col-66 elementor-top-column elementor-element elementor-element-35f40b57\" data-id=\"35f40b57\" data-element_type=\"column\" data-e-type=\"column\" data-settings=\"{&quot;background_background&quot;:&quot;classic&quot;}\">\n\t\t\t<div class=\"elementor-widget-wrap elementor-element-populated\">\n\t\t\t\t\t\t<div class=\"elementor-element elementor-element-6ab4423e elementor-widget elementor-widget-spacer\" data-id=\"6ab4423e\" data-element_type=\"widget\" data-e-type=\"widget\" data-widget_type=\"spacer.default\">\n\t\t\t\t\t\t\t<div class=\"elementor-spacer\">\n\t\t\t<div class=\"elementor-spacer-inner\"><\/div>\n\t\t<\/div>\n\t\t\t\t\t\t<\/div>\n\t\t\t\t\t<\/div>\n\t\t<\/div>\n\t\t\t\t\t<\/div>\n\t\t<\/section>\n\t\t\t\t<section class=\"elementor-section elementor-top-section elementor-element elementor-element-2f21421 elementor-section-boxed elementor-section-height-default elementor-section-height-default\" data-id=\"2f21421\" data-element_type=\"section\" data-e-type=\"section\">\n\t\t\t\t\t\t<div class=\"elementor-container elementor-column-gap-default\">\n\t\t\t\t\t<div class=\"elementor-column elementor-col-100 elementor-top-column elementor-element elementor-element-6c31c2a\" data-id=\"6c31c2a\" data-element_type=\"column\" data-e-type=\"column\">\n\t\t\t<div class=\"elementor-widget-wrap elementor-element-populated\">\n\t\t\t\t\t\t<div class=\"elementor-element elementor-element-d775752 elementor-widget elementor-widget-spacer\" data-id=\"d775752\" data-element_type=\"widget\" data-e-type=\"widget\" data-widget_type=\"spacer.default\">\n\t\t\t\t\t\t\t<div class=\"elementor-spacer\">\n\t\t\t<div class=\"elementor-spacer-inner\"><\/div>\n\t\t<\/div>\n\t\t\t\t\t\t<\/div>\n\t\t\t\t\t<\/div>\n\t\t<\/div>\n\t\t\t\t\t<\/div>\n\t\t<\/section>\n\t\t\t\t<section class=\"elementor-section elementor-top-section elementor-element elementor-element-30c961c5 elementor-section-boxed elementor-section-height-default elementor-section-height-default\" data-id=\"30c961c5\" data-element_type=\"section\" data-e-type=\"section\">\n\t\t\t\t\t\t<div class=\"elementor-container elementor-column-gap-default\">\n\t\t\t\t\t<div class=\"elementor-column elementor-col-100 elementor-top-column elementor-element elementor-element-19ab8ded\" data-id=\"19ab8ded\" data-element_type=\"column\" data-e-type=\"column\">\n\t\t\t<div class=\"elementor-widget-wrap elementor-element-populated\">\n\t\t\t\t\t\t<div class=\"elementor-element elementor-element-41ead825 elementor-widget elementor-widget-text-editor\" data-id=\"41ead825\" data-element_type=\"widget\" data-e-type=\"widget\" data-widget_type=\"text-editor.default\">\n\t\t\t\t\t\t\t\t\t<h3>Les RH deviennent de plus en plus un partenaire strat\u00e9gique de la direction et des cadres de l&#8217;entreprise.<\/br>\nLe d\u00e9veloppement des RH devient donc une partie int\u00e9grante du d\u00e9veloppement de l&#8217;entreprise.<\/h3>\t\t\t\t\t\t\t\t<\/div>\n\t\t\t\t\t<\/div>\n\t\t<\/div>\n\t\t\t\t\t<\/div>\n\t\t<\/section>\n\t\t\t\t<section class=\"elementor-section elementor-top-section elementor-element elementor-element-3e575e7 elementor-section-boxed elementor-section-height-default elementor-section-height-default\" data-id=\"3e575e7\" data-element_type=\"section\" data-e-type=\"section\">\n\t\t\t\t\t\t<div class=\"elementor-container elementor-column-gap-default\">\n\t\t\t\t\t<div class=\"elementor-column elementor-col-100 elementor-top-column elementor-element elementor-element-e028e20\" data-id=\"e028e20\" data-element_type=\"column\" data-e-type=\"column\">\n\t\t\t<div class=\"elementor-widget-wrap elementor-element-populated\">\n\t\t\t\t\t\t<div class=\"elementor-element elementor-element-6a4a3b6 elementor-widget elementor-widget-spacer\" data-id=\"6a4a3b6\" data-element_type=\"widget\" data-e-type=\"widget\" data-widget_type=\"spacer.default\">\n\t\t\t\t\t\t\t<div class=\"elementor-spacer\">\n\t\t\t<div class=\"elementor-spacer-inner\"><\/div>\n\t\t<\/div>\n\t\t\t\t\t\t<\/div>\n\t\t\t\t\t<\/div>\n\t\t<\/div>\n\t\t\t\t\t<\/div>\n\t\t<\/section>\n\t\t\t\t<section class=\"elementor-section elementor-top-section elementor-element elementor-element-23840500 elementor-section-boxed elementor-section-height-default elementor-section-height-default\" data-id=\"23840500\" data-element_type=\"section\" data-e-type=\"section\" data-settings=\"{&quot;background_background&quot;:&quot;classic&quot;}\">\n\t\t\t\t\t\t<div class=\"elementor-container elementor-column-gap-default\">\n\t\t\t\t\t<div class=\"elementor-column elementor-col-100 elementor-top-column elementor-element elementor-element-1eab7076\" data-id=\"1eab7076\" data-element_type=\"column\" data-e-type=\"column\">\n\t\t\t<div class=\"elementor-widget-wrap elementor-element-populated\">\n\t\t\t\t\t\t<div class=\"elementor-element elementor-element-13229658 elementor-widget elementor-widget-accordion\" data-id=\"13229658\" data-element_type=\"widget\" data-e-type=\"widget\" data-widget_type=\"accordion.default\">\n\t\t\t\t\t\t\t<div class=\"elementor-accordion\">\n\t\t\t\t\t\t\t<div class=\"elementor-accordion-item\">\n\t\t\t\t\t<div id=\"elementor-tab-title-3211\" class=\"elementor-tab-title\" data-tab=\"1\" role=\"button\" aria-controls=\"elementor-tab-content-3211\" aria-expanded=\"false\">\n\t\t\t\t\t\t\t\t\t\t\t\t\t<span class=\"elementor-accordion-icon elementor-accordion-icon-left\" aria-hidden=\"true\">\n\t\t\t\t\t\t\t\t\t\t\t\t\t\t\t<span class=\"elementor-accordion-icon-closed\"><i class=\"fas fa-arrow-right\"><\/i><\/span>\n\t\t\t\t\t\t\t\t<span class=\"elementor-accordion-icon-opened\"><i class=\"fas fa-arrow-down\"><\/i><\/span>\n\t\t\t\t\t\t\t\t\t\t\t\t\t\t<\/span>\n\t\t\t\t\t\t\t\t\t\t\t\t<a class=\"elementor-accordion-title\" tabindex=\"0\">Apprentissage et d\u00e9veloppement<\/a>\n\t\t\t\t\t<\/div>\n\t\t\t\t\t<div id=\"elementor-tab-content-3211\" class=\"elementor-tab-content elementor-clearfix\" data-tab=\"1\" role=\"region\" aria-labelledby=\"elementor-tab-title-3211\">Les programmes de d\u00e9veloppement comprennent des architectures d&#8217;apprentissage sp\u00e9cifiquement con\u00e7ues en fonction du groupe cible et du domaine concern\u00e9. En r\u00e8gle g\u00e9n\u00e9rale, les participants passent par diff\u00e9rents modules tout au long de leur parcours d&#8217;apprentissage. Des approches m\u00e9thodologiques et didactiques appropri\u00e9es sont n\u00e9cessaires pour garantir un apprentissage et un d\u00e9veloppement efficaces et durables. Le cadre et les \u00e9l\u00e9ments d\u00e9clencheurs des programmes sont les exigences commerciales respectives. Il s&#8217;agit notamment des objectifs strat\u00e9giques, des nouveaux r\u00f4les fonctionnels, de l&#8217;enrichissement et de l&#8217;\u00e9largissement des t\u00e2ches, ainsi que des processus de changement. Les formats num\u00e9riques et pr\u00e9sentiels vont de pair. L&#8217;apprentissage num\u00e9rique comprend, par exemple, la formation en ligne \u00e0 vie ainsi que l&#8217;apprentissage auto-organis\u00e9 par le biais de vid\u00e9os d&#8217;apprentissage, de livres blancs ou de tests courts. L&#8217;apprentissage en face \u00e0 face a lieu, par exemple, lors de sessions de formation, d&#8217;ateliers et de grands \u00e9v\u00e9nements (open space \/ bar camps, etc.). Les programmes de mentorat, le conseil par les pairs, le travail \u00e0 voix haute, les groupes de ressources pour les employ\u00e9s et le coaching par les pairs fonctionnent \u00e0 la fois num\u00e9riquement et en face-\u00e0-face.<\/div>\n\t\t\t\t<\/div>\n\t\t\t\t\t\t\t<div class=\"elementor-accordion-item\">\n\t\t\t\t\t<div id=\"elementor-tab-title-3212\" class=\"elementor-tab-title\" data-tab=\"2\" role=\"button\" aria-controls=\"elementor-tab-content-3212\" aria-expanded=\"false\">\n\t\t\t\t\t\t\t\t\t\t\t\t\t<span class=\"elementor-accordion-icon elementor-accordion-icon-left\" aria-hidden=\"true\">\n\t\t\t\t\t\t\t\t\t\t\t\t\t\t\t<span class=\"elementor-accordion-icon-closed\"><i class=\"fas fa-arrow-right\"><\/i><\/span>\n\t\t\t\t\t\t\t\t<span class=\"elementor-accordion-icon-opened\"><i class=\"fas fa-arrow-down\"><\/i><\/span>\n\t\t\t\t\t\t\t\t\t\t\t\t\t\t<\/span>\n\t\t\t\t\t\t\t\t\t\t\t\t<a class=\"elementor-accordion-title\" tabindex=\"0\">Gestion des performances <\/a>\n\t\t\t\t\t<\/div>\n\t\t\t\t\t<div id=\"elementor-tab-content-3212\" class=\"elementor-tab-content elementor-clearfix\" data-tab=\"2\" role=\"region\" aria-labelledby=\"elementor-tab-title-3212\">La gestion des performances est le mariage de l&#8217;exigence et de la mise en \u0153uvre dans un processus structur\u00e9. Nos principaux formats strat\u00e9giques comprennent l&#8217;alignement des objectifs, le retour d&#8217;information, l&#8217;\u00e9valuation des performances, l&#8217;examen des comp\u00e9tences, la planification du d\u00e9veloppement individuel et les r\u00e9unions d&#8217;employ\u00e9s, d&#8217;\u00e9valuation et de d\u00e9finition des objectifs. Nous proposons \u00e9galement des \u00e9valuations des talents (centres d&#8217;\u00e9valuation et de d\u00e9veloppement), l&#8217;\u00e9laboration de mod\u00e8les de carri\u00e8re et la conception de processus d&#8217;apprentissage (apprentissage et d\u00e9veloppement).<\/div>\n\t\t\t\t<\/div>\n\t\t\t\t\t\t\t<div class=\"elementor-accordion-item\">\n\t\t\t\t\t<div id=\"elementor-tab-title-3213\" class=\"elementor-tab-title\" data-tab=\"3\" role=\"button\" aria-controls=\"elementor-tab-content-3213\" aria-expanded=\"false\">\n\t\t\t\t\t\t\t\t\t\t\t\t\t<span class=\"elementor-accordion-icon elementor-accordion-icon-left\" aria-hidden=\"true\">\n\t\t\t\t\t\t\t\t\t\t\t\t\t\t\t<span class=\"elementor-accordion-icon-closed\"><i class=\"fas fa-arrow-right\"><\/i><\/span>\n\t\t\t\t\t\t\t\t<span class=\"elementor-accordion-icon-opened\"><i class=\"fas fa-arrow-down\"><\/i><\/span>\n\t\t\t\t\t\t\t\t\t\t\t\t\t\t<\/span>\n\t\t\t\t\t\t\t\t\t\t\t\t<a class=\"elementor-accordion-title\" tabindex=\"0\">G\u00e9rer la complexit\u00e9 <\/a>\n\t\t\t\t\t<\/div>\n\t\t\t\t\t<div id=\"elementor-tab-content-3213\" class=\"elementor-tab-content elementor-clearfix\" data-tab=\"3\" role=\"region\" aria-labelledby=\"elementor-tab-title-3213\">Les situations complexes doivent \u00eatre con\u00e7ues diff\u00e9remment des situations compliqu\u00e9es. OKR, Scrum, Kanban et Design Thinking sont les concepts de base pour cela. Il est particuli\u00e8rement important de promouvoir la tol\u00e9rance \u00e0 l&#8217;ambigu\u00eft\u00e9 (la capacit\u00e9 \u00e0 faire face \u00e0 des situations contradictoires et incertaines) ainsi que l&#8217;\u00e9tat d&#8217;esprit correspondant pour une performance de haut niveau. Il ne faut pas sous-estimer la question de savoir comment g\u00e9n\u00e9rer une stabilit\u00e9 et un contr\u00f4le int\u00e9rieurs dans des situations complexes. Cela implique \u00e9galement des comp\u00e9tences en mati\u00e8re de prise de d\u00e9cision et des processus d\u00e9cisionnels d\u00e9finis.<\/div>\n\t\t\t\t<\/div>\n\t\t\t\t\t\t\t<div class=\"elementor-accordion-item\">\n\t\t\t\t\t<div id=\"elementor-tab-title-3214\" class=\"elementor-tab-title\" data-tab=\"4\" role=\"button\" aria-controls=\"elementor-tab-content-3214\" aria-expanded=\"false\">\n\t\t\t\t\t\t\t\t\t\t\t\t\t<span class=\"elementor-accordion-icon elementor-accordion-icon-left\" aria-hidden=\"true\">\n\t\t\t\t\t\t\t\t\t\t\t\t\t\t\t<span class=\"elementor-accordion-icon-closed\"><i class=\"fas fa-arrow-right\"><\/i><\/span>\n\t\t\t\t\t\t\t\t<span class=\"elementor-accordion-icon-opened\"><i class=\"fas fa-arrow-down\"><\/i><\/span>\n\t\t\t\t\t\t\t\t\t\t\t\t\t\t<\/span>\n\t\t\t\t\t\t\t\t\t\t\t\t<a class=\"elementor-accordion-title\" tabindex=\"0\">Gestion des talents <\/a>\n\t\t\t\t\t<\/div>\n\t\t\t\t\t<div id=\"elementor-tab-content-3214\" class=\"elementor-tab-content elementor-clearfix\" data-tab=\"4\" role=\"region\" aria-labelledby=\"elementor-tab-title-3214\">La gestion des talents est un processus continu qui consiste \u00e0 attirer, fid\u00e9liser, d\u00e9velopper et motiver en permanence des employ\u00e9s qualifi\u00e9s pour qu&#8217;ils am\u00e9liorent leurs performances. Nos concepts couvrent la planification (besoins en personnel, planification de la rel\u00e8ve, etc.), l&#8217;attractivit\u00e9 de l&#8217;employeur (image de marque de l&#8217;employeur), la s\u00e9lection des employ\u00e9s (entretiens de s\u00e9lection \/ entretiens d&#8217;embauche, analyses de potentiel, centres d&#8217;\u00e9valuation, syst\u00e8mes de test, etc.), l&#8217;int\u00e9gration, la gestion des performances et la fid\u00e9lisation (maintien des hauts potentiels). Nous veillons ainsi \u00e0 ce que la gestion des talents et l&#8217;exp\u00e9rience des employ\u00e9s aillent de pair.<\/div>\n\t\t\t\t<\/div>\n\t\t\t\t\t\t\t<div class=\"elementor-accordion-item\">\n\t\t\t\t\t<div id=\"elementor-tab-title-3215\" class=\"elementor-tab-title\" data-tab=\"5\" role=\"button\" aria-controls=\"elementor-tab-content-3215\" aria-expanded=\"false\">\n\t\t\t\t\t\t\t\t\t\t\t\t\t<span class=\"elementor-accordion-icon elementor-accordion-icon-left\" aria-hidden=\"true\">\n\t\t\t\t\t\t\t\t\t\t\t\t\t\t\t<span class=\"elementor-accordion-icon-closed\"><i class=\"fas fa-arrow-right\"><\/i><\/span>\n\t\t\t\t\t\t\t\t<span class=\"elementor-accordion-icon-opened\"><i class=\"fas fa-arrow-down\"><\/i><\/span>\n\t\t\t\t\t\t\t\t\t\t\t\t\t\t<\/span>\n\t\t\t\t\t\t\t\t\t\t\t\t<a class=\"elementor-accordion-title\" tabindex=\"0\">D\u00e9veloppement de la culture <\/a>\n\t\t\t\t\t<\/div>\n\t\t\t\t\t<div id=\"elementor-tab-content-3215\" class=\"elementor-tab-content elementor-clearfix\" data-tab=\"5\" role=\"region\" aria-labelledby=\"elementor-tab-title-3215\">Des interventions cibl\u00e9es peuvent \u00eatre utilis\u00e9es pour adapter et d\u00e9velopper la culture d&#8217;entreprise. Il s&#8217;agit notamment de traduire les valeurs de l&#8217;entreprise en comportements concrets et de modifier les valeurs informelles et les &#8222;r\u00e8gles du jeu&#8220;. \u00c9tant donn\u00e9 que les conditions contextuelles (structures et processus) influencent fortement le comportement des personnes, elles constituent un champ d&#8217;action important pour le d\u00e9veloppement culturel (par exemple, les conventions d&#8217;objectifs individuelles renforcent le comportement \u00e9go\u00efste, l&#8217;opacit\u00e9 des r\u00e9sultats r\u00e9duit la volont\u00e9 de performance, etc.) Le d\u00e9veloppement culturel est donc toujours un travail simultan\u00e9 sur l&#8217;organisation formelle. <\/div>\n\t\t\t\t<\/div>\n\t\t\t\t\t\t\t\t<\/div>\n\t\t\t\t\t\t<\/div>\n\t\t\t\t\t<\/div>\n\t\t<\/div>\n\t\t\t\t\t<\/div>\n\t\t<\/section>\n\t\t\t\t<section class=\"elementor-section elementor-top-section elementor-element elementor-element-0e7ad8c elementor-section-boxed elementor-section-height-default elementor-section-height-default\" data-id=\"0e7ad8c\" data-element_type=\"section\" data-e-type=\"section\">\n\t\t\t\t\t\t<div class=\"elementor-container elementor-column-gap-default\">\n\t\t\t\t\t<div class=\"elementor-column elementor-col-100 elementor-top-column elementor-element elementor-element-0033999\" data-id=\"0033999\" data-element_type=\"column\" data-e-type=\"column\">\n\t\t\t<div class=\"elementor-widget-wrap elementor-element-populated\">\n\t\t\t\t\t\t<div class=\"elementor-element elementor-element-cd5a88a elementor-widget elementor-widget-spacer\" data-id=\"cd5a88a\" data-element_type=\"widget\" data-e-type=\"widget\" data-widget_type=\"spacer.default\">\n\t\t\t\t\t\t\t<div class=\"elementor-spacer\">\n\t\t\t<div class=\"elementor-spacer-inner\"><\/div>\n\t\t<\/div>\n\t\t\t\t\t\t<\/div>\n\t\t\t\t\t<\/div>\n\t\t<\/div>\n\t\t\t\t\t<\/div>\n\t\t<\/section>\n\t\t\t\t<\/div>\n\t\t","protected":false},"excerpt":{"rendered":"<p>Services D\u00e9veloppement strat\u00e9gique des ressources humaines Les RH deviennent de plus en plus un partenaire strat\u00e9gique de la direction et des cadres de l&#8217;entreprise. Le d\u00e9veloppement des RH devient donc une partie int\u00e9grante du d\u00e9veloppement de l&#8217;entreprise. Apprentissage et d\u00e9veloppement Les programmes de d\u00e9veloppement comprennent des architectures d&#8217;apprentissage sp\u00e9cifiquement con\u00e7ues en fonction du groupe cible &#8230;<\/p>\n","protected":false},"author":1,"featured_media":570,"parent":20,"menu_order":0,"comment_status":"closed","ping_status":"closed","template":"","meta":{"inline_featured_image":false,"footnotes":"","_links_to":"","_links_to_target":""},"class_list":["post-4409","page","type-page","status-publish","has-post-thumbnail"],"_links":{"self":[{"href":"https:\/\/circle2.de\/fr\/wp-json\/wp\/v2\/pages\/4409","targetHints":{"allow":["GET"]}}],"collection":[{"href":"https:\/\/circle2.de\/fr\/wp-json\/wp\/v2\/pages"}],"about":[{"href":"https:\/\/circle2.de\/fr\/wp-json\/wp\/v2\/types\/page"}],"author":[{"embeddable":true,"href":"https:\/\/circle2.de\/fr\/wp-json\/wp\/v2\/users\/1"}],"replies":[{"embeddable":true,"href":"https:\/\/circle2.de\/fr\/wp-json\/wp\/v2\/comments?post=4409"}],"version-history":[{"count":54,"href":"https:\/\/circle2.de\/fr\/wp-json\/wp\/v2\/pages\/4409\/revisions"}],"predecessor-version":[{"id":5522,"href":"https:\/\/circle2.de\/fr\/wp-json\/wp\/v2\/pages\/4409\/revisions\/5522"}],"up":[{"embeddable":true,"href":"https:\/\/circle2.de\/fr\/wp-json\/wp\/v2\/pages\/20"}],"wp:featuredmedia":[{"embeddable":true,"href":"https:\/\/circle2.de\/fr\/wp-json\/wp\/v2\/media\/570"}],"wp:attachment":[{"href":"https:\/\/circle2.de\/fr\/wp-json\/wp\/v2\/media?parent=4409"}],"curies":[{"name":"wp","href":"https:\/\/api.w.org\/{rel}","templated":true}]}}