{"id":4397,"date":"2022-10-21T11:01:58","date_gmt":"2022-10-21T09:01:58","guid":{"rendered":"https:\/\/circle2.de\/fr\/?page_id=4397"},"modified":"2024-02-07T12:29:26","modified_gmt":"2024-02-07T11:29:26","slug":"changement","status":"publish","type":"page","link":"https:\/\/circle2.de\/fr\/services\/changement\/","title":{"rendered":"Changement"},"content":{"rendered":"\t\t<div data-elementor-type=\"wp-page\" data-elementor-id=\"4397\" class=\"elementor elementor-4397\" data-elementor-post-type=\"page\">\n\t\t\t\t\t\t<section class=\"elementor-section elementor-top-section elementor-element elementor-element-4f9290a2 elementor-section-boxed elementor-section-height-default elementor-section-height-default\" data-id=\"4f9290a2\" data-element_type=\"section\" data-e-type=\"section\">\n\t\t\t\t\t\t<div class=\"elementor-container elementor-column-gap-default\">\n\t\t\t\t\t<div class=\"elementor-column elementor-col-100 elementor-top-column elementor-element elementor-element-33a1bdd0\" data-id=\"33a1bdd0\" data-element_type=\"column\" data-e-type=\"column\">\n\t\t\t<div class=\"elementor-widget-wrap elementor-element-populated\">\n\t\t\t\t\t\t<div class=\"elementor-element elementor-element-274ce531 elementor-widget elementor-widget-heading\" data-id=\"274ce531\" data-element_type=\"widget\" data-e-type=\"widget\" data-widget_type=\"heading.default\">\n\t\t\t\t\t<h5 class=\"elementor-heading-title elementor-size-default\">Services<\/h5>\t\t\t\t<\/div>\n\t\t\t\t<div class=\"elementor-element elementor-element-3c404018 elementor-widget elementor-widget-heading\" data-id=\"3c404018\" data-element_type=\"widget\" data-e-type=\"widget\" data-widget_type=\"heading.default\">\n\t\t\t\t\t<h1 class=\"elementor-heading-title elementor-size-default\">Des processus de changement r\u00e9ussis<\/h1>\t\t\t\t<\/div>\n\t\t\t\t\t<\/div>\n\t\t<\/div>\n\t\t\t\t\t<\/div>\n\t\t<\/section>\n\t\t\t\t<section class=\"elementor-section elementor-top-section elementor-element elementor-element-5e44523d elementor-section-full_width elementor-section-height-default elementor-section-height-default\" data-id=\"5e44523d\" data-element_type=\"section\" data-e-type=\"section\">\n\t\t\t\t\t\t<div class=\"elementor-container elementor-column-gap-default\">\n\t\t\t\t\t<div class=\"elementor-column elementor-col-33 elementor-top-column elementor-element elementor-element-4bb7948b elementor-hidden-mobile\" data-id=\"4bb7948b\" data-element_type=\"column\" data-e-type=\"column\" data-settings=\"{&quot;background_background&quot;:&quot;classic&quot;}\">\n\t\t\t<div class=\"elementor-widget-wrap elementor-element-populated\">\n\t\t\t\t\t\t<div class=\"elementor-element elementor-element-68704ef7 elementor-widget elementor-widget-image\" data-id=\"68704ef7\" data-element_type=\"widget\" data-e-type=\"widget\" data-widget_type=\"image.default\">\n\t\t\t\t\t\t\t\t\t\t\t\t\t\t\t<img decoding=\"async\" width=\"50\" height=\"50\" src=\"https:\/\/circle2.de\/fr\/wp-content\/uploads\/sites\/6\/2021\/11\/icon_change-2.svg\" class=\"attachment-thumbnail size-thumbnail wp-image-942\" alt=\"\" \/>\t\t\t\t\t\t\t\t\t\t\t\t\t\t\t<\/div>\n\t\t\t\t\t<\/div>\n\t\t<\/div>\n\t\t\t\t<div class=\"elementor-column elementor-col-66 elementor-top-column elementor-element elementor-element-7701dca6\" data-id=\"7701dca6\" data-element_type=\"column\" data-e-type=\"column\" data-settings=\"{&quot;background_background&quot;:&quot;classic&quot;}\">\n\t\t\t<div class=\"elementor-widget-wrap elementor-element-populated\">\n\t\t\t\t\t\t<div class=\"elementor-element elementor-element-38930bbb elementor-widget elementor-widget-spacer\" data-id=\"38930bbb\" data-element_type=\"widget\" data-e-type=\"widget\" data-widget_type=\"spacer.default\">\n\t\t\t\t\t\t\t<div class=\"elementor-spacer\">\n\t\t\t<div class=\"elementor-spacer-inner\"><\/div>\n\t\t<\/div>\n\t\t\t\t\t\t<\/div>\n\t\t\t\t\t<\/div>\n\t\t<\/div>\n\t\t\t\t\t<\/div>\n\t\t<\/section>\n\t\t\t\t<section class=\"elementor-section elementor-top-section elementor-element elementor-element-74f4f795 elementor-section-boxed elementor-section-height-default elementor-section-height-default\" data-id=\"74f4f795\" data-element_type=\"section\" data-e-type=\"section\">\n\t\t\t\t\t\t<div class=\"elementor-container elementor-column-gap-default\">\n\t\t\t\t\t<div class=\"elementor-column elementor-col-100 elementor-top-column elementor-element elementor-element-5bb4f3ca\" data-id=\"5bb4f3ca\" data-element_type=\"column\" data-e-type=\"column\">\n\t\t\t<div class=\"elementor-widget-wrap elementor-element-populated\">\n\t\t\t\t\t\t<div class=\"elementor-element elementor-element-46713b3e elementor-widget elementor-widget-text-editor\" data-id=\"46713b3e\" data-element_type=\"widget\" data-e-type=\"widget\" data-widget_type=\"text-editor.default\">\n\t\t\t\t\t\t\t\t\t<h3>L&#8217;interaction des facteurs rationnels et \u00e9motionnels d\u00e9termine le succ\u00e8s des processus de changement et de transformation. Le changement se r\u00e9f\u00e8re davantage \u00e0 l&#8217;optimisation de l&#8217;existant. La transformation se r\u00e9f\u00e8re \u00e0 la cr\u00e9ation de quelque chose de nouveau \/ \u00e0 l&#8217;avenir. Ce faisant, il est important d&#8217;harmoniser les objectifs de l&#8217;entreprise avec les objectifs des personnes.<\/h3>\t\t\t\t\t\t\t\t<\/div>\n\t\t\t\t\t<\/div>\n\t\t<\/div>\n\t\t\t\t\t<\/div>\n\t\t<\/section>\n\t\t\t\t<section class=\"elementor-section elementor-top-section elementor-element elementor-element-af2ee1b elementor-section-boxed elementor-section-height-default elementor-section-height-default\" data-id=\"af2ee1b\" data-element_type=\"section\" data-e-type=\"section\">\n\t\t\t\t\t\t<div class=\"elementor-container elementor-column-gap-default\">\n\t\t\t\t\t<div class=\"elementor-column elementor-col-100 elementor-top-column elementor-element elementor-element-da4bd44\" data-id=\"da4bd44\" data-element_type=\"column\" data-e-type=\"column\">\n\t\t\t<div class=\"elementor-widget-wrap elementor-element-populated\">\n\t\t\t\t\t\t<div class=\"elementor-element elementor-element-f97ca31 elementor-widget elementor-widget-heading\" data-id=\"f97ca31\" data-element_type=\"widget\" data-e-type=\"widget\" data-widget_type=\"heading.default\">\n\t\t\t\t\t<h2 class=\"elementor-heading-title elementor-size-default\">Notre offre<\/h2>\t\t\t\t<\/div>\n\t\t\t\t\t<\/div>\n\t\t<\/div>\n\t\t\t\t\t<\/div>\n\t\t<\/section>\n\t\t\t\t<section class=\"elementor-section elementor-top-section elementor-element elementor-element-61d1571e elementor-section-boxed elementor-section-height-default elementor-section-height-default\" data-id=\"61d1571e\" data-element_type=\"section\" data-e-type=\"section\" data-settings=\"{&quot;background_background&quot;:&quot;classic&quot;}\">\n\t\t\t\t\t\t<div class=\"elementor-container elementor-column-gap-default\">\n\t\t\t\t\t<div class=\"elementor-column elementor-col-100 elementor-top-column elementor-element elementor-element-3c336e7d\" data-id=\"3c336e7d\" data-element_type=\"column\" data-e-type=\"column\">\n\t\t\t<div class=\"elementor-widget-wrap elementor-element-populated\">\n\t\t\t\t\t\t<div class=\"elementor-element elementor-element-594fdcf elementor-widget elementor-widget-accordion\" data-id=\"594fdcf\" data-element_type=\"widget\" data-e-type=\"widget\" data-widget_type=\"accordion.default\">\n\t\t\t\t\t\t\t<div class=\"elementor-accordion\">\n\t\t\t\t\t\t\t<div class=\"elementor-accordion-item\">\n\t\t\t\t\t<div id=\"elementor-tab-title-9361\" class=\"elementor-tab-title\" data-tab=\"1\" role=\"button\" aria-controls=\"elementor-tab-content-9361\" aria-expanded=\"false\">\n\t\t\t\t\t\t\t\t\t\t\t\t\t<span class=\"elementor-accordion-icon elementor-accordion-icon-left\" aria-hidden=\"true\">\n\t\t\t\t\t\t\t\t\t\t\t\t\t\t\t<span class=\"elementor-accordion-icon-closed\"><i class=\"fas fa-arrow-right\"><\/i><\/span>\n\t\t\t\t\t\t\t\t<span class=\"elementor-accordion-icon-opened\"><i class=\"fas fa-arrow-down\"><\/i><\/span>\n\t\t\t\t\t\t\t\t\t\t\t\t\t\t<\/span>\n\t\t\t\t\t\t\t\t\t\t\t\t<a class=\"elementor-accordion-title\" tabindex=\"0\">Conseil: Architectures de changement et de transformation <\/a>\n\t\t\t\t\t<\/div>\n\t\t\t\t\t<div id=\"elementor-tab-content-9361\" class=\"elementor-tab-content elementor-clearfix\" data-tab=\"1\" role=\"region\" aria-labelledby=\"elementor-tab-title-9361\">Le changement et la transformation ont lieu en permanence dans les entreprises. Pour les employ\u00e9s, cela signifie des d\u00e9fis pour leur propre \u00e9tat d&#8217;esprit, l&#8217;apprentissage et la mise en \u0153uvre de nouvelles comp\u00e9tences, et la cr\u00e9ation de nouveaux processus et de nouvelles structures. Pour \u00eatre \u00e0 la fois efficaces et flexibles, les architectures de changement multidimensionnelles sont n\u00e9cessaires : 1. la dimension factuelle (objectifs et contenu), 2. les processus, m\u00e9thodes et outils, 3. la dimension psychosociale (soutien cibl\u00e9 des \u00e9motions et du comportement) et 4. la dimension chronologique (la s\u00e9quence bien pens\u00e9e des diff\u00e9rents \u00e9l\u00e9ments constitutifs et formats).<\/div>\n\t\t\t\t<\/div>\n\t\t\t\t\t\t\t<div class=\"elementor-accordion-item\">\n\t\t\t\t\t<div id=\"elementor-tab-title-9362\" class=\"elementor-tab-title\" data-tab=\"2\" role=\"button\" aria-controls=\"elementor-tab-content-9362\" aria-expanded=\"false\">\n\t\t\t\t\t\t\t\t\t\t\t\t\t<span class=\"elementor-accordion-icon elementor-accordion-icon-left\" aria-hidden=\"true\">\n\t\t\t\t\t\t\t\t\t\t\t\t\t\t\t<span class=\"elementor-accordion-icon-closed\"><i class=\"fas fa-arrow-right\"><\/i><\/span>\n\t\t\t\t\t\t\t\t<span class=\"elementor-accordion-icon-opened\"><i class=\"fas fa-arrow-down\"><\/i><\/span>\n\t\t\t\t\t\t\t\t\t\t\t\t\t\t<\/span>\n\t\t\t\t\t\t\t\t\t\t\t\t<a class=\"elementor-accordion-title\" tabindex=\"0\">Accompagnement dans le processus de changement et de transformation <\/a>\n\t\t\t\t\t<\/div>\n\t\t\t\t\t<div id=\"elementor-tab-content-9362\" class=\"elementor-tab-content elementor-clearfix\" data-tab=\"2\" role=\"region\" aria-labelledby=\"elementor-tab-title-9362\">Le soutien d&#8217;un point de vue externe, la mise \u00e0 disposition de personnel mais aussi l&#8217;apport d&#8217;ann\u00e9es d&#8217;exp\u00e9rience dans la conception de processus de changement contribuent \u00e0 les faire avancer et \u00e0 les rendre durables. Outre le conseil, cela comprend le coaching individuel et de groupe, la mod\u00e9ration d&#8217;\u00e9v\u00e9nements (r\u00e9unions publiques, etc.), les notes de synth\u00e8se ainsi que la m\u00e9diation et la gestion des conflits. <\/div>\n\t\t\t\t<\/div>\n\t\t\t\t\t\t\t<div class=\"elementor-accordion-item\">\n\t\t\t\t\t<div id=\"elementor-tab-title-9363\" class=\"elementor-tab-title\" data-tab=\"3\" role=\"button\" aria-controls=\"elementor-tab-content-9363\" aria-expanded=\"false\">\n\t\t\t\t\t\t\t\t\t\t\t\t\t<span class=\"elementor-accordion-icon elementor-accordion-icon-left\" aria-hidden=\"true\">\n\t\t\t\t\t\t\t\t\t\t\t\t\t\t\t<span class=\"elementor-accordion-icon-closed\"><i class=\"fas fa-arrow-right\"><\/i><\/span>\n\t\t\t\t\t\t\t\t<span class=\"elementor-accordion-icon-opened\"><i class=\"fas fa-arrow-down\"><\/i><\/span>\n\t\t\t\t\t\t\t\t\t\t\t\t\t\t<\/span>\n\t\t\t\t\t\t\t\t\t\t\t\t<a class=\"elementor-accordion-title\" tabindex=\"0\">Formation: Accompagnement du changement et de la transformation <\/a>\n\t\t\t\t\t<\/div>\n\t\t\t\t\t<div id=\"elementor-tab-content-9363\" class=\"elementor-tab-content elementor-clearfix\" data-tab=\"3\" role=\"region\" aria-labelledby=\"elementor-tab-title-9363\">Accompagner et fa\u00e7onner les processus de changement en tant que dirigeant fait partie du style libre d&#8217;un leadership r\u00e9ussi. Les questions importantes sont les suivantes : Comment dois-je structurer le processus de changement ? Quelle s\u00e9quence d&#8217;\u00e9v\u00e9nements est n\u00e9cessaire \u00e0 quels niveaux et pour quels groupes cibles ? Comment d\u00e9velopper et communiquer une histoire du changement (&#8222;histoire convaincante&#8220;) ? Comment g\u00e9rer les r\u00e9sistances ? Comment s&#8217;assurer que la motivation et le mordant ne faiblissent pas ? Quelles sont les perturbations du processus de changement et comment les g\u00e9rer ? Comment g\u00e9rer les \u00e9checs ? Comment encourager ? Comment accompagner le processus \u00e9motionnel? <\/div>\n\t\t\t\t<\/div>\n\t\t\t\t\t\t\t<div class=\"elementor-accordion-item\">\n\t\t\t\t\t<div id=\"elementor-tab-title-9364\" class=\"elementor-tab-title\" data-tab=\"4\" role=\"button\" aria-controls=\"elementor-tab-content-9364\" aria-expanded=\"false\">\n\t\t\t\t\t\t\t\t\t\t\t\t\t<span class=\"elementor-accordion-icon elementor-accordion-icon-left\" aria-hidden=\"true\">\n\t\t\t\t\t\t\t\t\t\t\t\t\t\t\t<span class=\"elementor-accordion-icon-closed\"><i class=\"fas fa-arrow-right\"><\/i><\/span>\n\t\t\t\t\t\t\t\t<span class=\"elementor-accordion-icon-opened\"><i class=\"fas fa-arrow-down\"><\/i><\/span>\n\t\t\t\t\t\t\t\t\t\t\t\t\t\t<\/span>\n\t\t\t\t\t\t\t\t\t\t\t\t<a class=\"elementor-accordion-title\" tabindex=\"0\">D\u00e9veloppement des divisions: Retraites et ateliers pour le r\u00e9alignement de sa propre division <\/a>\n\t\t\t\t\t<\/div>\n\t\t\t\t\t<div id=\"elementor-tab-content-9364\" class=\"elementor-tab-content elementor-clearfix\" data-tab=\"4\" role=\"region\" aria-labelledby=\"elementor-tab-title-9364\">La mise en \u0153uvre de la strat\u00e9gie de l&#8217;entreprise a un impact sp\u00e9cifique sur le secteur d&#8217;activit\u00e9 de chacun. Pour ce faire, il est n\u00e9cessaire de d\u00e9finir clairement l&#8217;alignement \/ le positionnement de sa propre division, ses contributions de valeur ainsi que leur mesure (KPI). Au cours de l&#8217;atelier, les lignes directrices et le contenu de base n\u00e9cessaires sont \u00e9labor\u00e9s et communiqu\u00e9s de mani\u00e8re \u00e0 ce que les personnes concern\u00e9es puissent s&#8217;y identifier.<\/div>\n\t\t\t\t<\/div>\n\t\t\t\t\t\t\t\t<\/div>\n\t\t\t\t\t\t<\/div>\n\t\t\t\t\t<\/div>\n\t\t<\/div>\n\t\t\t\t\t<\/div>\n\t\t<\/section>\n\t\t\t\t<section class=\"elementor-section elementor-top-section elementor-element elementor-element-d43ffb0 elementor-section-boxed elementor-section-height-default elementor-section-height-default\" data-id=\"d43ffb0\" data-element_type=\"section\" data-e-type=\"section\">\n\t\t\t\t\t\t<div class=\"elementor-container elementor-column-gap-default\">\n\t\t\t\t\t<div class=\"elementor-column elementor-col-100 elementor-top-column elementor-element elementor-element-d87ecd9\" data-id=\"d87ecd9\" data-element_type=\"column\" data-e-type=\"column\">\n\t\t\t<div class=\"elementor-widget-wrap elementor-element-populated\">\n\t\t\t\t\t\t<div class=\"elementor-element elementor-element-0fe4b7b elementor-widget elementor-widget-spacer\" data-id=\"0fe4b7b\" data-element_type=\"widget\" data-e-type=\"widget\" data-widget_type=\"spacer.default\">\n\t\t\t\t\t\t\t<div class=\"elementor-spacer\">\n\t\t\t<div class=\"elementor-spacer-inner\"><\/div>\n\t\t<\/div>\n\t\t\t\t\t\t<\/div>\n\t\t\t\t\t<\/div>\n\t\t<\/div>\n\t\t\t\t\t<\/div>\n\t\t<\/section>\n\t\t\t\t<\/div>\n\t\t","protected":false},"excerpt":{"rendered":"<p>Services Des processus de changement r\u00e9ussis L&#8217;interaction des facteurs rationnels et \u00e9motionnels d\u00e9termine le succ\u00e8s des processus de changement et de transformation. Le changement se r\u00e9f\u00e8re davantage \u00e0 l&#8217;optimisation de l&#8217;existant. La transformation se r\u00e9f\u00e8re \u00e0 la cr\u00e9ation de quelque chose de nouveau \/ \u00e0 l&#8217;avenir. Ce faisant, il est important d&#8217;harmoniser les objectifs de &#8230;<\/p>\n","protected":false},"author":1,"featured_media":559,"parent":20,"menu_order":0,"comment_status":"closed","ping_status":"closed","template":"","meta":{"inline_featured_image":false,"footnotes":"","_links_to":"","_links_to_target":""},"class_list":["post-4397","page","type-page","status-publish","has-post-thumbnail"],"_links":{"self":[{"href":"https:\/\/circle2.de\/fr\/wp-json\/wp\/v2\/pages\/4397","targetHints":{"allow":["GET"]}}],"collection":[{"href":"https:\/\/circle2.de\/fr\/wp-json\/wp\/v2\/pages"}],"about":[{"href":"https:\/\/circle2.de\/fr\/wp-json\/wp\/v2\/types\/page"}],"author":[{"embeddable":true,"href":"https:\/\/circle2.de\/fr\/wp-json\/wp\/v2\/users\/1"}],"replies":[{"embeddable":true,"href":"https:\/\/circle2.de\/fr\/wp-json\/wp\/v2\/comments?post=4397"}],"version-history":[{"count":36,"href":"https:\/\/circle2.de\/fr\/wp-json\/wp\/v2\/pages\/4397\/revisions"}],"predecessor-version":[{"id":5500,"href":"https:\/\/circle2.de\/fr\/wp-json\/wp\/v2\/pages\/4397\/revisions\/5500"}],"up":[{"embeddable":true,"href":"https:\/\/circle2.de\/fr\/wp-json\/wp\/v2\/pages\/20"}],"wp:featuredmedia":[{"embeddable":true,"href":"https:\/\/circle2.de\/fr\/wp-json\/wp\/v2\/media\/559"}],"wp:attachment":[{"href":"https:\/\/circle2.de\/fr\/wp-json\/wp\/v2\/media?parent=4397"}],"curies":[{"name":"wp","href":"https:\/\/api.w.org\/{rel}","templated":true}]}}