{"id":4382,"date":"2022-10-21T10:55:20","date_gmt":"2022-10-21T08:55:20","guid":{"rendered":"https:\/\/circle2.de\/fr\/?page_id=4382"},"modified":"2024-02-07T12:43:12","modified_gmt":"2024-02-07T11:43:12","slug":"coaching","status":"publish","type":"page","link":"https:\/\/circle2.de\/fr\/services\/coaching\/","title":{"rendered":"Coaching"},"content":{"rendered":"\t\t<div data-elementor-type=\"wp-page\" data-elementor-id=\"4382\" class=\"elementor elementor-4382\" data-elementor-post-type=\"page\">\n\t\t\t\t\t\t<section class=\"elementor-section elementor-top-section elementor-element elementor-element-4f9290a2 elementor-section-boxed elementor-section-height-default elementor-section-height-default\" data-id=\"4f9290a2\" data-element_type=\"section\" data-e-type=\"section\">\n\t\t\t\t\t\t<div class=\"elementor-container elementor-column-gap-default\">\n\t\t\t\t\t<div class=\"elementor-column elementor-col-100 elementor-top-column elementor-element elementor-element-33a1bdd0\" data-id=\"33a1bdd0\" data-element_type=\"column\" data-e-type=\"column\">\n\t\t\t<div class=\"elementor-widget-wrap elementor-element-populated\">\n\t\t\t\t\t\t<div class=\"elementor-element elementor-element-274ce531 elementor-widget elementor-widget-heading\" data-id=\"274ce531\" data-element_type=\"widget\" data-e-type=\"widget\" data-widget_type=\"heading.default\">\n\t\t\t\t\t<h5 class=\"elementor-heading-title elementor-size-default\">Services<\/h5>\t\t\t\t<\/div>\n\t\t\t\t<div class=\"elementor-element elementor-element-3c404018 elementor-widget elementor-widget-heading\" data-id=\"3c404018\" data-element_type=\"widget\" data-e-type=\"widget\" data-widget_type=\"heading.default\">\n\t\t\t\t\t<h1 class=\"elementor-heading-title elementor-size-default\">Coaching: d\u00e9velopper le potentiel<\/h1>\t\t\t\t<\/div>\n\t\t\t\t\t<\/div>\n\t\t<\/div>\n\t\t\t\t\t<\/div>\n\t\t<\/section>\n\t\t\t\t<section class=\"elementor-section elementor-top-section elementor-element elementor-element-5e44523d elementor-section-full_width elementor-section-height-default elementor-section-height-default\" data-id=\"5e44523d\" data-element_type=\"section\" data-e-type=\"section\">\n\t\t\t\t\t\t<div class=\"elementor-container elementor-column-gap-default\">\n\t\t\t\t\t<div class=\"elementor-column elementor-col-33 elementor-top-column elementor-element elementor-element-4bb7948b elementor-hidden-mobile\" data-id=\"4bb7948b\" data-element_type=\"column\" data-e-type=\"column\" data-settings=\"{&quot;background_background&quot;:&quot;classic&quot;}\">\n\t\t\t<div class=\"elementor-widget-wrap elementor-element-populated\">\n\t\t\t\t\t\t<div class=\"elementor-element elementor-element-68704ef7 elementor-widget elementor-widget-image\" data-id=\"68704ef7\" data-element_type=\"widget\" data-e-type=\"widget\" data-widget_type=\"image.default\">\n\t\t\t\t\t\t\t\t\t\t\t\t\t\t\t<img decoding=\"async\" width=\"50\" height=\"50\" src=\"https:\/\/circle2.de\/fr\/wp-content\/uploads\/sites\/6\/2021\/11\/icon_coaching.svg\" class=\"attachment-thumbnail size-thumbnail wp-image-940\" alt=\"\" \/>\t\t\t\t\t\t\t\t\t\t\t\t\t\t\t<\/div>\n\t\t\t\t\t<\/div>\n\t\t<\/div>\n\t\t\t\t<div class=\"elementor-column elementor-col-66 elementor-top-column elementor-element elementor-element-7701dca6\" data-id=\"7701dca6\" data-element_type=\"column\" data-e-type=\"column\" data-settings=\"{&quot;background_background&quot;:&quot;classic&quot;}\">\n\t\t\t<div class=\"elementor-widget-wrap elementor-element-populated\">\n\t\t\t\t\t\t<div class=\"elementor-element elementor-element-38930bbb elementor-widget elementor-widget-spacer\" data-id=\"38930bbb\" data-element_type=\"widget\" data-e-type=\"widget\" data-widget_type=\"spacer.default\">\n\t\t\t\t\t\t\t<div class=\"elementor-spacer\">\n\t\t\t<div class=\"elementor-spacer-inner\"><\/div>\n\t\t<\/div>\n\t\t\t\t\t\t<\/div>\n\t\t\t\t\t<\/div>\n\t\t<\/div>\n\t\t\t\t\t<\/div>\n\t\t<\/section>\n\t\t\t\t<section class=\"elementor-section elementor-top-section elementor-element elementor-element-74f4f795 elementor-section-boxed elementor-section-height-default elementor-section-height-default\" data-id=\"74f4f795\" data-element_type=\"section\" data-e-type=\"section\">\n\t\t\t\t\t\t<div class=\"elementor-container elementor-column-gap-default\">\n\t\t\t\t\t<div class=\"elementor-column elementor-col-100 elementor-top-column elementor-element elementor-element-5bb4f3ca\" data-id=\"5bb4f3ca\" data-element_type=\"column\" data-e-type=\"column\">\n\t\t\t<div class=\"elementor-widget-wrap elementor-element-populated\">\n\t\t\t\t\t\t<div class=\"elementor-element elementor-element-46713b3e elementor-widget elementor-widget-text-editor\" data-id=\"46713b3e\" data-element_type=\"widget\" data-e-type=\"widget\" data-widget_type=\"text-editor.default\">\n\t\t\t\t\t\t\t\t\t<h3>Des exigences sp\u00e9cifiques n\u00e9cessitent un soutien sp\u00e9cifique : Le coaching consiste \u00e0 exploiter les ressources existantes et \u00e0 les rendre disponibles pour ma\u00eetriser des t\u00e2ches de gestion et des situations de coop\u00e9ration exigeantes.<\/h3>\t\t\t\t\t\t\t\t<\/div>\n\t\t\t\t\t<\/div>\n\t\t<\/div>\n\t\t\t\t\t<\/div>\n\t\t<\/section>\n\t\t\t\t<section class=\"elementor-section elementor-top-section elementor-element elementor-element-8aa731b elementor-section-boxed elementor-section-height-default elementor-section-height-default\" data-id=\"8aa731b\" data-element_type=\"section\" data-e-type=\"section\">\n\t\t\t\t\t\t<div class=\"elementor-container elementor-column-gap-default\">\n\t\t\t\t\t<div class=\"elementor-column elementor-col-100 elementor-top-column elementor-element elementor-element-5369202\" data-id=\"5369202\" data-element_type=\"column\" data-e-type=\"column\">\n\t\t\t<div class=\"elementor-widget-wrap elementor-element-populated\">\n\t\t\t\t\t\t<div class=\"elementor-element elementor-element-43719f3 elementor-widget elementor-widget-heading\" data-id=\"43719f3\" data-element_type=\"widget\" data-e-type=\"widget\" data-widget_type=\"heading.default\">\n\t\t\t\t\t<h2 class=\"elementor-heading-title elementor-size-default\">Notre offre<\/h2>\t\t\t\t<\/div>\n\t\t\t\t\t<\/div>\n\t\t<\/div>\n\t\t\t\t\t<\/div>\n\t\t<\/section>\n\t\t\t\t<section class=\"elementor-section elementor-top-section elementor-element elementor-element-4ac04c06 elementor-section-boxed elementor-section-height-default elementor-section-height-default\" data-id=\"4ac04c06\" data-element_type=\"section\" data-e-type=\"section\" data-settings=\"{&quot;background_background&quot;:&quot;classic&quot;}\">\n\t\t\t\t\t\t<div class=\"elementor-container elementor-column-gap-default\">\n\t\t\t\t\t<div class=\"elementor-column elementor-col-100 elementor-top-column elementor-element elementor-element-36ae075f\" data-id=\"36ae075f\" data-element_type=\"column\" data-e-type=\"column\">\n\t\t\t<div class=\"elementor-widget-wrap elementor-element-populated\">\n\t\t\t\t\t\t<div class=\"elementor-element elementor-element-f583eca elementor-widget elementor-widget-accordion\" data-id=\"f583eca\" data-element_type=\"widget\" data-e-type=\"widget\" data-widget_type=\"accordion.default\">\n\t\t\t\t\t\t\t<div class=\"elementor-accordion\">\n\t\t\t\t\t\t\t<div class=\"elementor-accordion-item\">\n\t\t\t\t\t<div id=\"elementor-tab-title-2571\" class=\"elementor-tab-title\" data-tab=\"1\" role=\"button\" aria-controls=\"elementor-tab-content-2571\" aria-expanded=\"false\">\n\t\t\t\t\t\t\t\t\t\t\t\t\t<span class=\"elementor-accordion-icon elementor-accordion-icon-left\" aria-hidden=\"true\">\n\t\t\t\t\t\t\t\t\t\t\t\t\t\t\t<span class=\"elementor-accordion-icon-closed\"><i class=\"fas fa-arrow-right\"><\/i><\/span>\n\t\t\t\t\t\t\t\t<span class=\"elementor-accordion-icon-opened\"><i class=\"fas fa-arrow-down\"><\/i><\/span>\n\t\t\t\t\t\t\t\t\t\t\t\t\t\t<\/span>\n\t\t\t\t\t\t\t\t\t\t\t\t<a class=\"elementor-accordion-title\" tabindex=\"0\">Coaching pour cadres<\/a>\n\t\t\t\t\t<\/div>\n\t\t\t\t\t<div id=\"elementor-tab-content-2571\" class=\"elementor-tab-content elementor-clearfix\" data-tab=\"1\" role=\"region\" aria-labelledby=\"elementor-tab-title-2571\">Plus que jamais, les cadres sont sous pression pour prendre une multitude de d\u00e9cisions dans un environnement de plus en plus dynamique, qui ont des cons\u00e9quences consid\u00e9rables pour la viabilit\u00e9 future de leur entreprise ou de leur domaine de responsabilit\u00e9. Il peut s&#8217;agir de questions de strat\u00e9gie appropri\u00e9e, de la conception de processus de transformation, de la clarification de situations de leadership difficiles ou de la gestion de situations de conflit complexes. Dans un environnement prot\u00e9g\u00e9 et confiant, diff\u00e9rents sc\u00e9narios sont \u00e9labor\u00e9s et jou\u00e9s, des mesures de mise en \u0153uvre appropri\u00e9es sont test\u00e9es et des processus de clarification personnelle sont lanc\u00e9s. <\/div>\n\t\t\t\t<\/div>\n\t\t\t\t\t\t\t<div class=\"elementor-accordion-item\">\n\t\t\t\t\t<div id=\"elementor-tab-title-2572\" class=\"elementor-tab-title\" data-tab=\"2\" role=\"button\" aria-controls=\"elementor-tab-content-2572\" aria-expanded=\"false\">\n\t\t\t\t\t\t\t\t\t\t\t\t\t<span class=\"elementor-accordion-icon elementor-accordion-icon-left\" aria-hidden=\"true\">\n\t\t\t\t\t\t\t\t\t\t\t\t\t\t\t<span class=\"elementor-accordion-icon-closed\"><i class=\"fas fa-arrow-right\"><\/i><\/span>\n\t\t\t\t\t\t\t\t<span class=\"elementor-accordion-icon-opened\"><i class=\"fas fa-arrow-down\"><\/i><\/span>\n\t\t\t\t\t\t\t\t\t\t\t\t\t\t<\/span>\n\t\t\t\t\t\t\t\t\t\t\t\t<a class=\"elementor-accordion-title\" tabindex=\"0\">Coaching en situation de crise <\/a>\n\t\t\t\t\t<\/div>\n\t\t\t\t\t<div id=\"elementor-tab-content-2572\" class=\"elementor-tab-content elementor-clearfix\" data-tab=\"2\" role=\"region\" aria-labelledby=\"elementor-tab-title-2572\">Les situations de crise externes ou internes exigent des managers qu&#8217;ils agissent avec r\u00e9silience, sang-froid, force mentale et clart\u00e9 dans leur r\u00f4le, mais aussi avec empathie et un haut niveau de comp\u00e9tences relationnelles. Dans ce contexte, le coaching consiste \u00e0 d\u00e9terminer quelles sont les interventions prometteuses pour faire face aux situations de crise et \u00e0 accompagner leur mise en \u0153uvre dans la pratique de mani\u00e8re cibl\u00e9e.<\/div>\n\t\t\t\t<\/div>\n\t\t\t\t\t\t\t<div class=\"elementor-accordion-item\">\n\t\t\t\t\t<div id=\"elementor-tab-title-2573\" class=\"elementor-tab-title\" data-tab=\"3\" role=\"button\" aria-controls=\"elementor-tab-content-2573\" aria-expanded=\"false\">\n\t\t\t\t\t\t\t\t\t\t\t\t\t<span class=\"elementor-accordion-icon elementor-accordion-icon-left\" aria-hidden=\"true\">\n\t\t\t\t\t\t\t\t\t\t\t\t\t\t\t<span class=\"elementor-accordion-icon-closed\"><i class=\"fas fa-arrow-right\"><\/i><\/span>\n\t\t\t\t\t\t\t\t<span class=\"elementor-accordion-icon-opened\"><i class=\"fas fa-arrow-down\"><\/i><\/span>\n\t\t\t\t\t\t\t\t\t\t\t\t\t\t<\/span>\n\t\t\t\t\t\t\t\t\t\t\t\t<a class=\"elementor-accordion-title\" tabindex=\"0\">Fa\u00e7onner la transformation et le changement <\/a>\n\t\t\t\t\t<\/div>\n\t\t\t\t\t<div id=\"elementor-tab-content-2573\" class=\"elementor-tab-content elementor-clearfix\" data-tab=\"3\" role=\"region\" aria-labelledby=\"elementor-tab-title-2573\">Aujourd&#8217;hui, les processus de transformation et de changement sont rarement lin\u00e9aires. Ils sont caract\u00e9ris\u00e9s par l&#8217;incertitude, des phases d&#8217;optimisme et d&#8217;euphorie, mais aussi des phases de d\u00e9sillusion.<br>\nNous accompagnons l&#8217;ensemble du processus et aidons les organisations, les \u00e9quipes ainsi que les managers, les d\u00e9cideurs et les dirigeants, en particulier dans les &#8222;phases critiques&#8220;, \u00e0 faire preuve d&#8217;agilit\u00e9 et d&#8217;adaptabilit\u00e9, de tol\u00e9rance \u00e0 l&#8217;\u00e9chec et de volont\u00e9 d&#8217;apprendre, de pers\u00e9v\u00e9rance et de courage pour un nouveau d\u00e9part.<\/div>\n\t\t\t\t<\/div>\n\t\t\t\t\t\t\t<div class=\"elementor-accordion-item\">\n\t\t\t\t\t<div id=\"elementor-tab-title-2574\" class=\"elementor-tab-title\" data-tab=\"4\" role=\"button\" aria-controls=\"elementor-tab-content-2574\" aria-expanded=\"false\">\n\t\t\t\t\t\t\t\t\t\t\t\t\t<span class=\"elementor-accordion-icon elementor-accordion-icon-left\" aria-hidden=\"true\">\n\t\t\t\t\t\t\t\t\t\t\t\t\t\t\t<span class=\"elementor-accordion-icon-closed\"><i class=\"fas fa-arrow-right\"><\/i><\/span>\n\t\t\t\t\t\t\t\t<span class=\"elementor-accordion-icon-opened\"><i class=\"fas fa-arrow-down\"><\/i><\/span>\n\t\t\t\t\t\t\t\t\t\t\t\t\t\t<\/span>\n\t\t\t\t\t\t\t\t\t\t\t\t<a class=\"elementor-accordion-title\" tabindex=\"0\">Coaching lors d'un changement de r\u00f4le ou de fonction <\/a>\n\t\t\t\t\t<\/div>\n\t\t\t\t\t<div id=\"elementor-tab-content-2574\" class=\"elementor-tab-content elementor-clearfix\" data-tab=\"4\" role=\"region\" aria-labelledby=\"elementor-tab-title-2574\">Le changement de r\u00f4le ou de fonction (de direction) exige une nouvelle compr\u00e9hension du r\u00f4le et un nouvel \u00e9tat d&#8217;esprit, le &#8222;d\u00e9sapprentissage&#8220; d&#8217;habitudes et de routines pr\u00e9c\u00e9demment \u00e9prouv\u00e9es et, inversement, l&#8217;\u00e9largissement de son propre r\u00e9pertoire comportemental. Dans le nouvel environnement ou la nouvelle \u00e9quipe, il est important de se familiariser rapidement avec le nouveau r\u00f4le et la nouvelle t\u00e2che, de faire connaissance avec les coll\u00e8gues et les employ\u00e9s, de se faire accepter et de se sentir en s\u00e9curit\u00e9, et d&#8217;\u00e9tablir rapidement des relations de travail stables et confiantes. <\/div>\n\t\t\t\t<\/div>\n\t\t\t\t\t\t\t<div class=\"elementor-accordion-item\">\n\t\t\t\t\t<div id=\"elementor-tab-title-2575\" class=\"elementor-tab-title\" data-tab=\"5\" role=\"button\" aria-controls=\"elementor-tab-content-2575\" aria-expanded=\"false\">\n\t\t\t\t\t\t\t\t\t\t\t\t\t<span class=\"elementor-accordion-icon elementor-accordion-icon-left\" aria-hidden=\"true\">\n\t\t\t\t\t\t\t\t\t\t\t\t\t\t\t<span class=\"elementor-accordion-icon-closed\"><i class=\"fas fa-arrow-right\"><\/i><\/span>\n\t\t\t\t\t\t\t\t<span class=\"elementor-accordion-icon-opened\"><i class=\"fas fa-arrow-down\"><\/i><\/span>\n\t\t\t\t\t\t\t\t\t\t\t\t\t\t<\/span>\n\t\t\t\t\t\t\t\t\t\t\t\t<a class=\"elementor-accordion-title\" tabindex=\"0\">Nouveau dans le r\u00f4le de leader <\/a>\n\t\t\t\t\t<\/div>\n\t\t\t\t\t<div id=\"elementor-tab-content-2575\" class=\"elementor-tab-content elementor-clearfix\" data-tab=\"5\" role=\"region\" aria-labelledby=\"elementor-tab-title-2575\">Le passage du r\u00f4le de coll\u00e8gue au r\u00f4le de dirigeant n\u00e9cessite une compr\u00e9hension claire de son propre r\u00f4le de dirigeant, une r\u00e9flexion sur ses propres valeurs, une image positive de l&#8217;individu, une clarification des attentes mutuelles et un bon d\u00e9part motivant avec la nouvelle \u00e9quipe. Le coaching consiste ici \u00e0 structurer et \u00e0 accompagner ce processus de transformation personnelle avec la personne coach\u00e9e. <\/div>\n\t\t\t\t<\/div>\n\t\t\t\t\t\t\t<div class=\"elementor-accordion-item\">\n\t\t\t\t\t<div id=\"elementor-tab-title-2576\" class=\"elementor-tab-title\" data-tab=\"6\" role=\"button\" aria-controls=\"elementor-tab-content-2576\" aria-expanded=\"false\">\n\t\t\t\t\t\t\t\t\t\t\t\t\t<span class=\"elementor-accordion-icon elementor-accordion-icon-left\" aria-hidden=\"true\">\n\t\t\t\t\t\t\t\t\t\t\t\t\t\t\t<span class=\"elementor-accordion-icon-closed\"><i class=\"fas fa-arrow-right\"><\/i><\/span>\n\t\t\t\t\t\t\t\t<span class=\"elementor-accordion-icon-opened\"><i class=\"fas fa-arrow-down\"><\/i><\/span>\n\t\t\t\t\t\t\t\t\t\t\t\t\t\t<\/span>\n\t\t\t\t\t\t\t\t\t\t\t\t<a class=\"elementor-accordion-title\" tabindex=\"0\">Coaching de conflit <\/a>\n\t\t\t\t\t<\/div>\n\t\t\t\t\t<div id=\"elementor-tab-content-2576\" class=\"elementor-tab-content elementor-clearfix\" data-tab=\"6\" role=\"region\" aria-labelledby=\"elementor-tab-title-2576\">Dans les dynamiques de conflit, les personnes impliqu\u00e9es ne sont souvent plus en mesure de r\u00e9soudre ou du moins de r\u00e9guler le conflit par elles-m\u00eames. Cela entra\u00eene un durcissement, une rupture de la coop\u00e9ration, des reproches et une d\u00e9valorisation mutuelle.\nLe coaching de conflit consiste \u00e0 ramener les personnes impliqu\u00e9es \u00e0 discuter entre elles \u00e0 partir d&#8217;une position neutre et non partisane, \u00e0 se concentrer sur les int\u00e9r\u00eats (communs), \u00e0 surmonter les griefs, \u00e0 r\u00e9tablir la confiance, \u00e0 \u00e9laborer des points de d\u00e9part constructifs, \u00e0 parvenir \u00e0 des accords stables et \u00e0 aider toutes les parties impliqu\u00e9es \u00e0 les mettre en \u0153uvre de mani\u00e8re contraignante afin de r\u00e9int\u00e9grer la coop\u00e9ration.<\/div>\n\t\t\t\t<\/div>\n\t\t\t\t\t\t\t<div class=\"elementor-accordion-item\">\n\t\t\t\t\t<div id=\"elementor-tab-title-2577\" class=\"elementor-tab-title\" data-tab=\"7\" role=\"button\" aria-controls=\"elementor-tab-content-2577\" aria-expanded=\"false\">\n\t\t\t\t\t\t\t\t\t\t\t\t\t<span class=\"elementor-accordion-icon elementor-accordion-icon-left\" aria-hidden=\"true\">\n\t\t\t\t\t\t\t\t\t\t\t\t\t\t\t<span class=\"elementor-accordion-icon-closed\"><i class=\"fas fa-arrow-right\"><\/i><\/span>\n\t\t\t\t\t\t\t\t<span class=\"elementor-accordion-icon-opened\"><i class=\"fas fa-arrow-down\"><\/i><\/span>\n\t\t\t\t\t\t\t\t\t\t\t\t\t\t<\/span>\n\t\t\t\t\t\t\t\t\t\t\t\t<a class=\"elementor-accordion-title\" tabindex=\"0\">Coaching de performance <\/a>\n\t\t\t\t\t<\/div>\n\t\t\t\t\t<div id=\"elementor-tab-content-2577\" class=\"elementor-tab-content elementor-clearfix\" data-tab=\"7\" role=\"region\" aria-labelledby=\"elementor-tab-title-2577\">Le coaching de performance se r\u00e9f\u00e8re directement \u00e0 la gestion des exigences concr\u00e8tes li\u00e9es \u00e0 l&#8217;entreprise, \u00e0 l&#8217;activation et \u00e0 la mobilisation des forces et des potentiels existants, ainsi qu&#8217;\u00e0 l&#8217;aide \u00e0 l&#8217;\u00e9laboration de la voie \u00e0 suivre pour atteindre les objectifs. Les groupes cibles sont les personnes cl\u00e9s individuelles et les personnes les plus performantes, les cadres ainsi que les \u00e9quipes de projet ou les unit\u00e9s de vente qui doivent atteindre des objectifs exigeants. <\/div>\n\t\t\t\t<\/div>\n\t\t\t\t\t\t\t\t<\/div>\n\t\t\t\t\t\t<\/div>\n\t\t\t\t\t<\/div>\n\t\t<\/div>\n\t\t\t\t\t<\/div>\n\t\t<\/section>\n\t\t\t\t<section class=\"elementor-section elementor-top-section elementor-element elementor-element-bb07180 elementor-section-boxed elementor-section-height-default elementor-section-height-default\" data-id=\"bb07180\" data-element_type=\"section\" data-e-type=\"section\">\n\t\t\t\t\t\t<div class=\"elementor-container elementor-column-gap-default\">\n\t\t\t\t\t<div class=\"elementor-column elementor-col-100 elementor-top-column elementor-element elementor-element-5e7a867\" data-id=\"5e7a867\" data-element_type=\"column\" data-e-type=\"column\">\n\t\t\t<div class=\"elementor-widget-wrap elementor-element-populated\">\n\t\t\t\t\t\t<div class=\"elementor-element elementor-element-1780fe8 elementor-widget elementor-widget-spacer\" data-id=\"1780fe8\" data-element_type=\"widget\" data-e-type=\"widget\" data-widget_type=\"spacer.default\">\n\t\t\t\t\t\t\t<div class=\"elementor-spacer\">\n\t\t\t<div class=\"elementor-spacer-inner\"><\/div>\n\t\t<\/div>\n\t\t\t\t\t\t<\/div>\n\t\t\t\t\t<\/div>\n\t\t<\/div>\n\t\t\t\t\t<\/div>\n\t\t<\/section>\n\t\t\t\t<\/div>\n\t\t","protected":false},"excerpt":{"rendered":"<p>Services Coaching: d\u00e9velopper le potentiel Des exigences sp\u00e9cifiques n\u00e9cessitent un soutien sp\u00e9cifique : Le coaching consiste \u00e0 exploiter les ressources existantes et \u00e0 les rendre disponibles pour ma\u00eetriser des t\u00e2ches de gestion et des situations de coop\u00e9ration exigeantes. Notre offre Coaching pour cadres Plus que jamais, les cadres sont sous pression pour prendre une multitude &#8230;<\/p>\n","protected":false},"author":1,"featured_media":559,"parent":20,"menu_order":0,"comment_status":"closed","ping_status":"closed","template":"","meta":{"inline_featured_image":false,"footnotes":"","_links_to":"","_links_to_target":""},"class_list":["post-4382","page","type-page","status-publish","has-post-thumbnail"],"_links":{"self":[{"href":"https:\/\/circle2.de\/fr\/wp-json\/wp\/v2\/pages\/4382","targetHints":{"allow":["GET"]}}],"collection":[{"href":"https:\/\/circle2.de\/fr\/wp-json\/wp\/v2\/pages"}],"about":[{"href":"https:\/\/circle2.de\/fr\/wp-json\/wp\/v2\/types\/page"}],"author":[{"embeddable":true,"href":"https:\/\/circle2.de\/fr\/wp-json\/wp\/v2\/users\/1"}],"replies":[{"embeddable":true,"href":"https:\/\/circle2.de\/fr\/wp-json\/wp\/v2\/comments?post=4382"}],"version-history":[{"count":41,"href":"https:\/\/circle2.de\/fr\/wp-json\/wp\/v2\/pages\/4382\/revisions"}],"predecessor-version":[{"id":5507,"href":"https:\/\/circle2.de\/fr\/wp-json\/wp\/v2\/pages\/4382\/revisions\/5507"}],"up":[{"embeddable":true,"href":"https:\/\/circle2.de\/fr\/wp-json\/wp\/v2\/pages\/20"}],"wp:featuredmedia":[{"embeddable":true,"href":"https:\/\/circle2.de\/fr\/wp-json\/wp\/v2\/media\/559"}],"wp:attachment":[{"href":"https:\/\/circle2.de\/fr\/wp-json\/wp\/v2\/media?parent=4382"}],"curies":[{"name":"wp","href":"https:\/\/api.w.org\/{rel}","templated":true}]}}