{"id":4361,"date":"2022-10-21T10:26:11","date_gmt":"2022-10-21T08:26:11","guid":{"rendered":"https:\/\/circle2.de\/fr\/?page_id=4361"},"modified":"2024-02-07T12:49:50","modified_gmt":"2024-02-07T11:49:50","slug":"cooperation","status":"publish","type":"page","link":"https:\/\/circle2.de\/fr\/services\/cooperation\/","title":{"rendered":"La coop\u00e9ration"},"content":{"rendered":"\t\t<div data-elementor-type=\"wp-page\" data-elementor-id=\"4361\" class=\"elementor elementor-4361\" data-elementor-post-type=\"page\">\n\t\t\t\t\t\t<section class=\"elementor-section elementor-top-section elementor-element elementor-element-1256c0f8 elementor-section-boxed elementor-section-height-default elementor-section-height-default\" data-id=\"1256c0f8\" data-element_type=\"section\" data-e-type=\"section\">\n\t\t\t\t\t\t<div class=\"elementor-container elementor-column-gap-default\">\n\t\t\t\t\t<div class=\"elementor-column elementor-col-100 elementor-top-column elementor-element elementor-element-27bf8f43\" data-id=\"27bf8f43\" data-element_type=\"column\" data-e-type=\"column\">\n\t\t\t<div class=\"elementor-widget-wrap elementor-element-populated\">\n\t\t\t\t\t\t<div class=\"elementor-element elementor-element-4403d814 elementor-widget elementor-widget-heading\" data-id=\"4403d814\" data-element_type=\"widget\" data-e-type=\"widget\" data-widget_type=\"heading.default\">\n\t\t\t\t\t<h5 class=\"elementor-heading-title elementor-size-default\">Services<\/h5>\t\t\t\t<\/div>\n\t\t\t\t<div class=\"elementor-element elementor-element-1b073e62 elementor-widget elementor-widget-heading\" data-id=\"1b073e62\" data-element_type=\"widget\" data-e-type=\"widget\" data-widget_type=\"heading.default\">\n\t\t\t\t\t<h1 class=\"elementor-heading-title elementor-size-default\">La coop\u00e9ration comme facteur de succ\u00e8s<\/h1>\t\t\t\t<\/div>\n\t\t\t\t\t<\/div>\n\t\t<\/div>\n\t\t\t\t\t<\/div>\n\t\t<\/section>\n\t\t\t\t<section class=\"elementor-section elementor-top-section elementor-element elementor-element-69f619fb elementor-section-full_width elementor-section-height-default elementor-section-height-default\" data-id=\"69f619fb\" data-element_type=\"section\" data-e-type=\"section\">\n\t\t\t\t\t\t<div class=\"elementor-container elementor-column-gap-default\">\n\t\t\t\t\t<div class=\"elementor-column elementor-col-33 elementor-top-column elementor-element elementor-element-26396702 elementor-hidden-mobile\" data-id=\"26396702\" data-element_type=\"column\" data-e-type=\"column\" data-settings=\"{&quot;background_background&quot;:&quot;classic&quot;}\">\n\t\t\t<div class=\"elementor-widget-wrap elementor-element-populated\">\n\t\t\t\t\t\t<div class=\"elementor-element elementor-element-38f8689d elementor-widget elementor-widget-image\" data-id=\"38f8689d\" data-element_type=\"widget\" data-e-type=\"widget\" data-widget_type=\"image.default\">\n\t\t\t\t\t\t\t\t\t\t\t\t\t\t\t<img decoding=\"async\" width=\"50\" height=\"50\" src=\"https:\/\/circle2.de\/fr\/wp-content\/uploads\/sites\/6\/2021\/11\/icon_kooperation-2.svg\" class=\"attachment-thumbnail size-thumbnail wp-image-941\" alt=\"\" \/>\t\t\t\t\t\t\t\t\t\t\t\t\t\t\t<\/div>\n\t\t\t\t\t<\/div>\n\t\t<\/div>\n\t\t\t\t<div class=\"elementor-column elementor-col-66 elementor-top-column elementor-element elementor-element-6c424862\" data-id=\"6c424862\" data-element_type=\"column\" data-e-type=\"column\" data-settings=\"{&quot;background_background&quot;:&quot;classic&quot;}\">\n\t\t\t<div class=\"elementor-widget-wrap elementor-element-populated\">\n\t\t\t\t\t\t<div class=\"elementor-element elementor-element-2c5e8fd5 elementor-widget elementor-widget-spacer\" data-id=\"2c5e8fd5\" data-element_type=\"widget\" data-e-type=\"widget\" data-widget_type=\"spacer.default\">\n\t\t\t\t\t\t\t<div class=\"elementor-spacer\">\n\t\t\t<div class=\"elementor-spacer-inner\"><\/div>\n\t\t<\/div>\n\t\t\t\t\t\t<\/div>\n\t\t\t\t\t<\/div>\n\t\t<\/div>\n\t\t\t\t\t<\/div>\n\t\t<\/section>\n\t\t\t\t<section class=\"elementor-section elementor-top-section elementor-element elementor-element-195d7041 elementor-section-boxed elementor-section-height-default elementor-section-height-default\" data-id=\"195d7041\" data-element_type=\"section\" data-e-type=\"section\">\n\t\t\t\t\t\t<div class=\"elementor-container elementor-column-gap-default\">\n\t\t\t\t\t<div class=\"elementor-column elementor-col-100 elementor-top-column elementor-element elementor-element-3c7d4f42\" data-id=\"3c7d4f42\" data-element_type=\"column\" data-e-type=\"column\">\n\t\t\t<div class=\"elementor-widget-wrap elementor-element-populated\">\n\t\t\t\t\t\t<div class=\"elementor-element elementor-element-4e72bec8 elementor-widget elementor-widget-text-editor\" data-id=\"4e72bec8\" data-element_type=\"widget\" data-e-type=\"widget\" data-widget_type=\"text-editor.default\">\n\t\t\t\t\t\t\t\t\t<h3>Pour r\u00e9soudre des probl\u00e8mes complexes dans un environnement caract\u00e9ris\u00e9 par l&#8217;incertitude, la capacit\u00e9 et la volont\u00e9 de coop\u00e9rer entre les diff\u00e9rentes fonctions deviennent de plus en plus importantes.<\/h3>\t\t\t\t\t\t\t\t<\/div>\n\t\t\t\t\t<\/div>\n\t\t<\/div>\n\t\t\t\t\t<\/div>\n\t\t<\/section>\n\t\t\t\t<section class=\"elementor-section elementor-top-section elementor-element elementor-element-565df5a elementor-section-boxed elementor-section-height-default elementor-section-height-default\" data-id=\"565df5a\" data-element_type=\"section\" data-e-type=\"section\">\n\t\t\t\t\t\t<div class=\"elementor-container elementor-column-gap-default\">\n\t\t\t\t\t<div class=\"elementor-column elementor-col-100 elementor-top-column elementor-element elementor-element-63be4da\" data-id=\"63be4da\" data-element_type=\"column\" data-e-type=\"column\">\n\t\t\t<div class=\"elementor-widget-wrap elementor-element-populated\">\n\t\t\t\t\t\t<div class=\"elementor-element elementor-element-49e088f elementor-widget elementor-widget-heading\" data-id=\"49e088f\" data-element_type=\"widget\" data-e-type=\"widget\" data-widget_type=\"heading.default\">\n\t\t\t\t\t<h2 class=\"elementor-heading-title elementor-size-default\">Notre offre<\/h2>\t\t\t\t<\/div>\n\t\t\t\t\t<\/div>\n\t\t<\/div>\n\t\t\t\t\t<\/div>\n\t\t<\/section>\n\t\t\t\t<section class=\"elementor-section elementor-top-section elementor-element elementor-element-a4c1207 elementor-section-boxed elementor-section-height-default elementor-section-height-default\" data-id=\"a4c1207\" data-element_type=\"section\" data-e-type=\"section\" data-settings=\"{&quot;background_background&quot;:&quot;classic&quot;}\">\n\t\t\t\t\t\t<div class=\"elementor-container elementor-column-gap-default\">\n\t\t\t\t\t<div class=\"elementor-column elementor-col-100 elementor-top-column elementor-element elementor-element-1cf8271e\" data-id=\"1cf8271e\" data-element_type=\"column\" data-e-type=\"column\">\n\t\t\t<div class=\"elementor-widget-wrap elementor-element-populated\">\n\t\t\t\t\t\t<div class=\"elementor-element elementor-element-1f9cae5c elementor-widget elementor-widget-accordion\" data-id=\"1f9cae5c\" data-element_type=\"widget\" data-e-type=\"widget\" data-widget_type=\"accordion.default\">\n\t\t\t\t\t\t\t<div class=\"elementor-accordion\">\n\t\t\t\t\t\t\t<div class=\"elementor-accordion-item\">\n\t\t\t\t\t<div id=\"elementor-tab-title-5301\" class=\"elementor-tab-title\" data-tab=\"1\" role=\"button\" aria-controls=\"elementor-tab-content-5301\" aria-expanded=\"false\">\n\t\t\t\t\t\t\t\t\t\t\t\t\t<span class=\"elementor-accordion-icon elementor-accordion-icon-left\" aria-hidden=\"true\">\n\t\t\t\t\t\t\t\t\t\t\t\t\t\t\t<span class=\"elementor-accordion-icon-closed\"><i class=\"fas fa-arrow-right\"><\/i><\/span>\n\t\t\t\t\t\t\t\t<span class=\"elementor-accordion-icon-opened\"><i class=\"fas fa-arrow-down\"><\/i><\/span>\n\t\t\t\t\t\t\t\t\t\t\t\t\t\t<\/span>\n\t\t\t\t\t\t\t\t\t\t\t\t<a class=\"elementor-accordion-title\" tabindex=\"0\">Mettre en place des \u00e9quipes autog\u00e9r\u00e9es dans un environnement volatile et dynamique<\/a>\n\t\t\t\t\t<\/div>\n\t\t\t\t\t<div id=\"elementor-tab-content-5301\" class=\"elementor-tab-content elementor-clearfix\" data-tab=\"1\" role=\"region\" aria-labelledby=\"elementor-tab-title-5301\"> L&#8217;auto-organisation &#8211; paradoxalement &#8211; ne r\u00e9ussit pas &#8222;toute seule&#8220; et n\u00e9cessite une forme tr\u00e8s sp\u00e9cifique de leadership. De nouvelles formes de direction coll\u00e9giale jouent un r\u00f4le d\u00e9cisif \u00e0 cet \u00e9gard. En m\u00eame temps, il est n\u00e9cessaire de d\u00e9velopper une vision motivante et significative des objectifs, de d\u00e9finir clairement les r\u00f4les au sein de l&#8217;\u00e9quipe, d&#8217;\u00e9tablir des normes et des r\u00e8gles de jeu appropri\u00e9es, de d\u00e9velopper un climat de s\u00e9curit\u00e9 psychologique, de reconna\u00eetre les conflits \u00e0 un stade pr\u00e9coce et de les aborder ouvertement, de se donner mutuellement un feedback tr\u00e8s honn\u00eate et appr\u00e9ciable, de reconna\u00eetre et d&#8217;utiliser les inclinaisons et les forces individuelles, et d&#8217;appr\u00e9cier la diversit\u00e9. <\/div>\n\t\t\t\t<\/div>\n\t\t\t\t\t\t\t<div class=\"elementor-accordion-item\">\n\t\t\t\t\t<div id=\"elementor-tab-title-5302\" class=\"elementor-tab-title\" data-tab=\"2\" role=\"button\" aria-controls=\"elementor-tab-content-5302\" aria-expanded=\"false\">\n\t\t\t\t\t\t\t\t\t\t\t\t\t<span class=\"elementor-accordion-icon elementor-accordion-icon-left\" aria-hidden=\"true\">\n\t\t\t\t\t\t\t\t\t\t\t\t\t\t\t<span class=\"elementor-accordion-icon-closed\"><i class=\"fas fa-arrow-right\"><\/i><\/span>\n\t\t\t\t\t\t\t\t<span class=\"elementor-accordion-icon-opened\"><i class=\"fas fa-arrow-down\"><\/i><\/span>\n\t\t\t\t\t\t\t\t\t\t\t\t\t\t<\/span>\n\t\t\t\t\t\t\t\t\t\t\t\t<a class=\"elementor-accordion-title\" tabindex=\"0\">Atelier\/formation : \"Ensemble pour l'ensemble\" - Pratiques efficaces dans le domaine de la coop\u00e9ration <\/a>\n\t\t\t\t\t<\/div>\n\t\t\t\t\t<div id=\"elementor-tab-content-5302\" class=\"elementor-tab-content elementor-clearfix\" data-tab=\"2\" role=\"region\" aria-labelledby=\"elementor-tab-title-5302\">La volont\u00e9 et la capacit\u00e9 de coop\u00e9rer deviennent toujours un avantage concurrentiel d\u00e9cisif : au sein de sa propre \u00e9quipe, de mani\u00e8re transversale, dans le cadre de projets, dans des constellations matricielles, avec des clients ou des fournisseurs, mais aussi avec des partenaires externes de d\u00e9veloppement ou de projet. Dans nos ateliers et nos formations, nous travaillons sur les comp\u00e9tences sp\u00e9cifiques qui favorisent la coop\u00e9ration ainsi que sur l&#8217;image de soi et l&#8217;\u00e9tat d&#8217;esprit qui placent le NOUS au centre. Nous aidons les cadres \u00e0 donner un exemple cr\u00e9dible de coop\u00e9ration et \u00e0 modifier et concevoir des structures et des processus pour promouvoir la coop\u00e9ration.<\/div>\n\t\t\t\t<\/div>\n\t\t\t\t\t\t\t<div class=\"elementor-accordion-item\">\n\t\t\t\t\t<div id=\"elementor-tab-title-5303\" class=\"elementor-tab-title\" data-tab=\"3\" role=\"button\" aria-controls=\"elementor-tab-content-5303\" aria-expanded=\"false\">\n\t\t\t\t\t\t\t\t\t\t\t\t\t<span class=\"elementor-accordion-icon elementor-accordion-icon-left\" aria-hidden=\"true\">\n\t\t\t\t\t\t\t\t\t\t\t\t\t\t\t<span class=\"elementor-accordion-icon-closed\"><i class=\"fas fa-arrow-right\"><\/i><\/span>\n\t\t\t\t\t\t\t\t<span class=\"elementor-accordion-icon-opened\"><i class=\"fas fa-arrow-down\"><\/i><\/span>\n\t\t\t\t\t\t\t\t\t\t\t\t\t\t<\/span>\n\t\t\t\t\t\t\t\t\t\t\t\t<a class=\"elementor-accordion-title\" tabindex=\"0\">Atelier sur la performance des \u00e9quipes : De la phase de d\u00e9marrage \u00e0 l'\u00e9quipe performante - Pour les \u00e9quipes sur le site ou virtuellement \u00e0 travers les sites <\/a>\n\t\t\t\t\t<\/div>\n\t\t\t\t\t<div id=\"elementor-tab-content-5303\" class=\"elementor-tab-content elementor-clearfix\" data-tab=\"3\" role=\"region\" aria-labelledby=\"elementor-tab-title-5303\">Le travail d&#8217;\u00e9quipe est aujourd&#8217;hui indispensable, m\u00eame sans processus de d\u00e9veloppement d&#8217;\u00e9quipes approfondi. Le &#8222;jeu d&#8217;\u00e9quipe&#8220; fait partie de l&#8217;\u00e9quipement de base des employ\u00e9s, qui doit \u00eatre r\u00e9alis\u00e9 imm\u00e9diatement et dans des constellations changeantes (\u00e9quipe-interne et \u00e9quipe-transversale). Cela inclut \u00e9galement la coop\u00e9ration entre les diff\u00e9rents sites, souvent dans un contexte international. Les dimensions qui composent la comp\u00e9tence d&#8217;\u00e9quipe sont d\u00e9velopp\u00e9es et mises en pratique dans nos ateliers. Les facteurs syst\u00e9miques tels que les structures, les processus et les interactions sont \u00e9galement pris en compte. Un \u00e9l\u00e9ment important est la d\u00e9finition claire des r\u00f4les (t\u00e2ches, comp\u00e9tences, responsabilit\u00e9s). Mais aussi l&#8217;\u00e9tat d&#8217;esprit propre \u00e0 la promotion des meilleures performances, de sorte qu&#8217;une dynamique de motivation et d&#8217;efficacit\u00e9 et des valeurs ajout\u00e9es soient cr\u00e9\u00e9es par la coop\u00e9ration. L&#8217;atelier couvre les exigences de base pour la performance de l&#8217;\u00e9quipe ainsi que la gestion des situations difficiles telles que les conflits ou les influences externes.<\/div>\n\t\t\t\t<\/div>\n\t\t\t\t\t\t\t<div class=\"elementor-accordion-item\">\n\t\t\t\t\t<div id=\"elementor-tab-title-5304\" class=\"elementor-tab-title\" data-tab=\"4\" role=\"button\" aria-controls=\"elementor-tab-content-5304\" aria-expanded=\"false\">\n\t\t\t\t\t\t\t\t\t\t\t\t\t<span class=\"elementor-accordion-icon elementor-accordion-icon-left\" aria-hidden=\"true\">\n\t\t\t\t\t\t\t\t\t\t\t\t\t\t\t<span class=\"elementor-accordion-icon-closed\"><i class=\"fas fa-arrow-right\"><\/i><\/span>\n\t\t\t\t\t\t\t\t<span class=\"elementor-accordion-icon-opened\"><i class=\"fas fa-arrow-down\"><\/i><\/span>\n\t\t\t\t\t\t\t\t\t\t\t\t\t\t<\/span>\n\t\t\t\t\t\t\t\t\t\t\t\t<a class=\"elementor-accordion-title\" tabindex=\"0\">Des ateliers pour renforcer la coop\u00e9ration interfonctionnelle <\/a>\n\t\t\t\t\t<\/div>\n\t\t\t\t\t<div id=\"elementor-tab-content-5304\" class=\"elementor-tab-content elementor-clearfix\" data-tab=\"4\" role=\"region\" aria-labelledby=\"elementor-tab-title-5304\">Aujourd&#8217;hui, la r\u00e9solution de probl\u00e8mes complexes, l&#8217;innovation et le d\u00e9veloppement ne peuvent r\u00e9ussir que de mani\u00e8re interfonctionnelle. Dans nos ateliers, les fonctions concern\u00e9es s&#8217;efforcent de d\u00e9passer leur propre logique fonctionnelle au profit d&#8217;un objectif global commun, de remettre en question leur propre &#8222;pens\u00e9e en silo&#8220;, de transformer les soi-disant &#8222;interfaces&#8220; en v\u00e9ritables &#8222;coutures&#8220;, de d\u00e9velopper de nouveaux sch\u00e9mas de pens\u00e9e et d&#8217;action et de faire preuve du degr\u00e9 d&#8217;altruisme n\u00e9cessaire qui est essentiel pour une coop\u00e9ration r\u00e9ussie. <\/div>\n\t\t\t\t<\/div>\n\t\t\t\t\t\t\t<div class=\"elementor-accordion-item\">\n\t\t\t\t\t<div id=\"elementor-tab-title-5305\" class=\"elementor-tab-title\" data-tab=\"5\" role=\"button\" aria-controls=\"elementor-tab-content-5305\" aria-expanded=\"false\">\n\t\t\t\t\t\t\t\t\t\t\t\t\t<span class=\"elementor-accordion-icon elementor-accordion-icon-left\" aria-hidden=\"true\">\n\t\t\t\t\t\t\t\t\t\t\t\t\t\t\t<span class=\"elementor-accordion-icon-closed\"><i class=\"fas fa-arrow-right\"><\/i><\/span>\n\t\t\t\t\t\t\t\t<span class=\"elementor-accordion-icon-opened\"><i class=\"fas fa-arrow-down\"><\/i><\/span>\n\t\t\t\t\t\t\t\t\t\t\t\t\t\t<\/span>\n\t\t\t\t\t\t\t\t\t\t\t\t<a class=\"elementor-accordion-title\" tabindex=\"0\">Constitution et d\u00e9veloppement d'une \u00e9quipe <\/a>\n\t\t\t\t\t<\/div>\n\t\t\t\t\t<div id=\"elementor-tab-content-5305\" class=\"elementor-tab-content elementor-clearfix\" data-tab=\"5\" role=\"region\" aria-labelledby=\"elementor-tab-title-5305\">Grandir ensemble signifie aussi grandir ensemble. Les valeurs partag\u00e9es, la sympathie (le fameux &#8222;facteur nez&#8220;) ainsi qu&#8217;une attitude de base positive et la confiance aident les \u00e9quipes nouvellement form\u00e9es \u00e0 \u00eatre rapidement performantes. Dans le m\u00eame temps, les \u00e9quipes qui existent depuis plus longtemps devraient r\u00e9guli\u00e8rement mettre leur coop\u00e9ration \u00e0 l&#8217;\u00e9preuve afin d&#8217;\u00e9liminer les durcissements, les habitudes d\u00e9favorables et les zones de tension qui sont apparus. L&#8217;analyse \u00e0 partir de la &#8222;vue d&#8217;aigle&#8220; en fait partie, tout comme les processus exp\u00e9rientiels sp\u00e9cifiques adapt\u00e9s aux besoins de l&#8217;\u00e9quipe. En ce sens, nos \u00e9v\u00e9nements stimulent la motivation, la clart\u00e9 des objectifs et l&#8217;attractivit\u00e9 de l&#8217;\u00e9quipe. Les nouvelles personnes et les t\u00e2ches changeantes peuvent ainsi \u00eatre int\u00e9gr\u00e9es de mani\u00e8re encore plus flexible.<\/div>\n\t\t\t\t<\/div>\n\t\t\t\t\t\t\t\t<\/div>\n\t\t\t\t\t\t<\/div>\n\t\t\t\t\t<\/div>\n\t\t<\/div>\n\t\t\t\t\t<\/div>\n\t\t<\/section>\n\t\t\t\t<section class=\"elementor-section elementor-top-section elementor-element elementor-element-fa7e6fc elementor-section-boxed elementor-section-height-default elementor-section-height-default\" data-id=\"fa7e6fc\" data-element_type=\"section\" data-e-type=\"section\">\n\t\t\t\t\t\t<div class=\"elementor-container elementor-column-gap-default\">\n\t\t\t\t\t<div class=\"elementor-column elementor-col-100 elementor-top-column elementor-element elementor-element-f3af49f\" data-id=\"f3af49f\" data-element_type=\"column\" data-e-type=\"column\">\n\t\t\t<div class=\"elementor-widget-wrap elementor-element-populated\">\n\t\t\t\t\t\t<div class=\"elementor-element elementor-element-4a4d27a elementor-widget elementor-widget-spacer\" data-id=\"4a4d27a\" data-element_type=\"widget\" data-e-type=\"widget\" data-widget_type=\"spacer.default\">\n\t\t\t\t\t\t\t<div class=\"elementor-spacer\">\n\t\t\t<div class=\"elementor-spacer-inner\"><\/div>\n\t\t<\/div>\n\t\t\t\t\t\t<\/div>\n\t\t\t\t\t<\/div>\n\t\t<\/div>\n\t\t\t\t\t<\/div>\n\t\t<\/section>\n\t\t\t\t<\/div>\n\t\t","protected":false},"excerpt":{"rendered":"<p>Services La coop\u00e9ration comme facteur de succ\u00e8s Pour r\u00e9soudre des probl\u00e8mes complexes dans un environnement caract\u00e9ris\u00e9 par l&#8217;incertitude, la capacit\u00e9 et la volont\u00e9 de coop\u00e9rer entre les diff\u00e9rentes fonctions deviennent de plus en plus importantes. Notre offre Mettre en place des \u00e9quipes autog\u00e9r\u00e9es dans un environnement volatile et dynamique L&#8217;auto-organisation &#8211; paradoxalement &#8211; ne r\u00e9ussit &#8230;<\/p>\n","protected":false},"author":1,"featured_media":573,"parent":20,"menu_order":0,"comment_status":"closed","ping_status":"closed","template":"","meta":{"inline_featured_image":false,"footnotes":"","_links_to":"","_links_to_target":""},"class_list":["post-4361","page","type-page","status-publish","has-post-thumbnail"],"_links":{"self":[{"href":"https:\/\/circle2.de\/fr\/wp-json\/wp\/v2\/pages\/4361","targetHints":{"allow":["GET"]}}],"collection":[{"href":"https:\/\/circle2.de\/fr\/wp-json\/wp\/v2\/pages"}],"about":[{"href":"https:\/\/circle2.de\/fr\/wp-json\/wp\/v2\/types\/page"}],"author":[{"embeddable":true,"href":"https:\/\/circle2.de\/fr\/wp-json\/wp\/v2\/users\/1"}],"replies":[{"embeddable":true,"href":"https:\/\/circle2.de\/fr\/wp-json\/wp\/v2\/comments?post=4361"}],"version-history":[{"count":54,"href":"https:\/\/circle2.de\/fr\/wp-json\/wp\/v2\/pages\/4361\/revisions"}],"predecessor-version":[{"id":5513,"href":"https:\/\/circle2.de\/fr\/wp-json\/wp\/v2\/pages\/4361\/revisions\/5513"}],"up":[{"embeddable":true,"href":"https:\/\/circle2.de\/fr\/wp-json\/wp\/v2\/pages\/20"}],"wp:featuredmedia":[{"embeddable":true,"href":"https:\/\/circle2.de\/fr\/wp-json\/wp\/v2\/media\/573"}],"wp:attachment":[{"href":"https:\/\/circle2.de\/fr\/wp-json\/wp\/v2\/media?parent=4361"}],"curies":[{"name":"wp","href":"https:\/\/api.w.org\/{rel}","templated":true}]}}