{"id":4326,"date":"2022-10-21T09:32:43","date_gmt":"2022-10-21T07:32:43","guid":{"rendered":"https:\/\/circle2.de\/fr\/?page_id=4326"},"modified":"2024-02-07T12:24:04","modified_gmt":"2024-02-07T11:24:04","slug":"ventes","status":"publish","type":"page","link":"https:\/\/circle2.de\/fr\/services\/ventes\/","title":{"rendered":"Ventes"},"content":{"rendered":"\t\t<div data-elementor-type=\"wp-page\" data-elementor-id=\"4326\" class=\"elementor elementor-4326\" data-elementor-post-type=\"page\">\n\t\t\t\t\t\t<section class=\"elementor-section elementor-top-section elementor-element elementor-element-4f9290a2 elementor-section-boxed elementor-section-height-default elementor-section-height-default\" data-id=\"4f9290a2\" data-element_type=\"section\" data-e-type=\"section\">\n\t\t\t\t\t\t<div class=\"elementor-container elementor-column-gap-default\">\n\t\t\t\t\t<div class=\"elementor-column elementor-col-100 elementor-top-column elementor-element elementor-element-33a1bdd0\" data-id=\"33a1bdd0\" data-element_type=\"column\" data-e-type=\"column\">\n\t\t\t<div class=\"elementor-widget-wrap elementor-element-populated\">\n\t\t\t\t\t\t<div class=\"elementor-element elementor-element-274ce531 elementor-widget elementor-widget-heading\" data-id=\"274ce531\" data-element_type=\"widget\" data-e-type=\"widget\" data-widget_type=\"heading.default\">\n\t\t\t\t\t<h5 class=\"elementor-heading-title elementor-size-default\">Services<\/h5>\t\t\t\t<\/div>\n\t\t\t\t<div class=\"elementor-element elementor-element-3c404018 elementor-widget elementor-widget-heading\" data-id=\"3c404018\" data-element_type=\"widget\" data-e-type=\"widget\" data-widget_type=\"heading.default\">\n\t\t\t\t\t<h1 class=\"elementor-heading-title elementor-size-default\">Ventes: Ce qui fonctionne r\u00e9ellement avec les clients<\/h1>\t\t\t\t<\/div>\n\t\t\t\t\t<\/div>\n\t\t<\/div>\n\t\t\t\t\t<\/div>\n\t\t<\/section>\n\t\t\t\t<section class=\"elementor-section elementor-top-section elementor-element elementor-element-5e44523d elementor-section-full_width elementor-section-height-default elementor-section-height-default\" data-id=\"5e44523d\" data-element_type=\"section\" data-e-type=\"section\">\n\t\t\t\t\t\t<div class=\"elementor-container elementor-column-gap-default\">\n\t\t\t\t\t<div class=\"elementor-column elementor-col-33 elementor-top-column elementor-element elementor-element-4bb7948b elementor-hidden-mobile\" data-id=\"4bb7948b\" data-element_type=\"column\" data-e-type=\"column\" data-settings=\"{&quot;background_background&quot;:&quot;classic&quot;}\">\n\t\t\t<div class=\"elementor-widget-wrap elementor-element-populated\">\n\t\t\t\t\t\t<div class=\"elementor-element elementor-element-68704ef7 elementor-widget elementor-widget-image\" data-id=\"68704ef7\" data-element_type=\"widget\" data-e-type=\"widget\" data-widget_type=\"image.default\">\n\t\t\t\t\t\t\t\t\t\t\t\t\t\t\t<img decoding=\"async\" width=\"50\" height=\"50\" src=\"https:\/\/circle2.de\/fr\/wp-content\/uploads\/sites\/6\/2021\/11\/icon_vertrieb.svg\" class=\"attachment-thumbnail size-thumbnail wp-image-571\" alt=\"\" \/>\t\t\t\t\t\t\t\t\t\t\t\t\t\t\t<\/div>\n\t\t\t\t\t<\/div>\n\t\t<\/div>\n\t\t\t\t<div class=\"elementor-column elementor-col-66 elementor-top-column elementor-element elementor-element-7701dca6\" data-id=\"7701dca6\" data-element_type=\"column\" data-e-type=\"column\" data-settings=\"{&quot;background_background&quot;:&quot;classic&quot;}\">\n\t\t\t<div class=\"elementor-widget-wrap elementor-element-populated\">\n\t\t\t\t\t\t<div class=\"elementor-element elementor-element-38930bbb elementor-widget elementor-widget-spacer\" data-id=\"38930bbb\" data-element_type=\"widget\" data-e-type=\"widget\" data-widget_type=\"spacer.default\">\n\t\t\t\t\t\t\t<div class=\"elementor-spacer\">\n\t\t\t<div class=\"elementor-spacer-inner\"><\/div>\n\t\t<\/div>\n\t\t\t\t\t\t<\/div>\n\t\t\t\t\t<\/div>\n\t\t<\/div>\n\t\t\t\t\t<\/div>\n\t\t<\/section>\n\t\t\t\t<section class=\"elementor-section elementor-top-section elementor-element elementor-element-74f4f795 elementor-section-boxed elementor-section-height-default elementor-section-height-default\" data-id=\"74f4f795\" data-element_type=\"section\" data-e-type=\"section\">\n\t\t\t\t\t\t<div class=\"elementor-container elementor-column-gap-default\">\n\t\t\t\t\t<div class=\"elementor-column elementor-col-100 elementor-top-column elementor-element elementor-element-5bb4f3ca\" data-id=\"5bb4f3ca\" data-element_type=\"column\" data-e-type=\"column\">\n\t\t\t<div class=\"elementor-widget-wrap elementor-element-populated\">\n\t\t\t\t\t\t<div class=\"elementor-element elementor-element-46713b3e elementor-widget elementor-widget-text-editor\" data-id=\"46713b3e\" data-element_type=\"widget\" data-e-type=\"widget\" data-widget_type=\"text-editor.default\">\n\t\t\t\t\t\t\t\t\t<h3>La vente devient plus exigeante.<br>\nLe partenariat stable et \u00e0 long terme avec le client reste un facteur central de r\u00e9ussite commerciale.\nCe qui change, c&#8217;est la standardisation et l&#8217;automatisation des processus d&#8217;achat : par exemple, par le biais de soci\u00e9t\u00e9s d&#8217;achat ou d&#8217;\u00e9changes en ligne. La vente doit donc \u00eatre envisag\u00e9e de mani\u00e8re de plus en plus strat\u00e9gique. De m\u00eame, la pression commerciale b2b et b2c augmente. \nLes exigences en mati\u00e8re de vente augmentent consid\u00e9rablement.<\/h3>\t\t\t\t\t\t\t\t<\/div>\n\t\t\t\t\t<\/div>\n\t\t<\/div>\n\t\t\t\t\t<\/div>\n\t\t<\/section>\n\t\t\t\t<section class=\"elementor-section elementor-top-section elementor-element elementor-element-af2ee1b elementor-section-boxed elementor-section-height-default elementor-section-height-default\" data-id=\"af2ee1b\" data-element_type=\"section\" data-e-type=\"section\">\n\t\t\t\t\t\t<div class=\"elementor-container elementor-column-gap-default\">\n\t\t\t\t\t<div class=\"elementor-column elementor-col-100 elementor-top-column elementor-element elementor-element-da4bd44\" data-id=\"da4bd44\" data-element_type=\"column\" data-e-type=\"column\">\n\t\t\t<div class=\"elementor-widget-wrap elementor-element-populated\">\n\t\t\t\t\t\t<div class=\"elementor-element elementor-element-f97ca31 elementor-widget elementor-widget-heading\" data-id=\"f97ca31\" data-element_type=\"widget\" data-e-type=\"widget\" data-widget_type=\"heading.default\">\n\t\t\t\t\t<h2 class=\"elementor-heading-title elementor-size-default\">Notre offre<\/h2>\t\t\t\t<\/div>\n\t\t\t\t\t<\/div>\n\t\t<\/div>\n\t\t\t\t\t<\/div>\n\t\t<\/section>\n\t\t\t\t<section class=\"elementor-section elementor-top-section elementor-element elementor-element-503c6a04 elementor-section-boxed elementor-section-height-default elementor-section-height-default\" data-id=\"503c6a04\" data-element_type=\"section\" data-e-type=\"section\" data-settings=\"{&quot;background_background&quot;:&quot;classic&quot;}\">\n\t\t\t\t\t\t<div class=\"elementor-container elementor-column-gap-default\">\n\t\t\t\t\t<div class=\"elementor-column elementor-col-100 elementor-top-column elementor-element elementor-element-14e879be\" data-id=\"14e879be\" data-element_type=\"column\" data-e-type=\"column\">\n\t\t\t<div class=\"elementor-widget-wrap elementor-element-populated\">\n\t\t\t\t\t\t<div class=\"elementor-element elementor-element-6c30187e elementor-widget elementor-widget-accordion\" data-id=\"6c30187e\" data-element_type=\"widget\" data-e-type=\"widget\" data-widget_type=\"accordion.default\">\n\t\t\t\t\t\t\t<div class=\"elementor-accordion\">\n\t\t\t\t\t\t\t<div class=\"elementor-accordion-item\">\n\t\t\t\t\t<div id=\"elementor-tab-title-1811\" class=\"elementor-tab-title\" data-tab=\"1\" role=\"button\" aria-controls=\"elementor-tab-content-1811\" aria-expanded=\"false\">\n\t\t\t\t\t\t\t\t\t\t\t\t\t<span class=\"elementor-accordion-icon elementor-accordion-icon-left\" aria-hidden=\"true\">\n\t\t\t\t\t\t\t\t\t\t\t\t\t\t\t<span class=\"elementor-accordion-icon-closed\"><i class=\"fas fa-arrow-right\"><\/i><\/span>\n\t\t\t\t\t\t\t\t<span class=\"elementor-accordion-icon-opened\"><i class=\"fas fa-arrow-down\"><\/i><\/span>\n\t\t\t\t\t\t\t\t\t\t\t\t\t\t<\/span>\n\t\t\t\t\t\t\t\t\t\t\t\t<a class=\"elementor-accordion-title\" tabindex=\"0\">Formation: Vente de solutions - les clients ach\u00e8tent de la valeur <\/a>\n\t\t\t\t\t<\/div>\n\t\t\t\t\t<div id=\"elementor-tab-content-1811\" class=\"elementor-tab-content elementor-clearfix\" data-tab=\"1\" role=\"region\" aria-labelledby=\"elementor-tab-title-1811\">La formation de la force de vente vise la &#8222;vente de valeur&#8220;, une approche de la vente qui comprend des aspects de la vente neurologique et de la vente \u00e9motionnelle. Un avantage concurrentiel dans la vente directe est cr\u00e9\u00e9 principalement par l&#8217;ad\u00e9quation exacte entre les besoins du client et l&#8217;offre. En d&#8217;autres termes, pas de &#8222;vente de caract\u00e9ristiques&#8220; ou de &#8222;vente forc\u00e9e&#8220;, mais une orientation radicale vers le client. L&#8217;objectif est de communiquer les avantages pour le client d&#8217;une mani\u00e8re attrayante et de garantir ainsi des partenariats \u00e0 long terme avec les clients. <\/div>\n\t\t\t\t<\/div>\n\t\t\t\t\t\t\t<div class=\"elementor-accordion-item\">\n\t\t\t\t\t<div id=\"elementor-tab-title-1812\" class=\"elementor-tab-title\" data-tab=\"2\" role=\"button\" aria-controls=\"elementor-tab-content-1812\" aria-expanded=\"false\">\n\t\t\t\t\t\t\t\t\t\t\t\t\t<span class=\"elementor-accordion-icon elementor-accordion-icon-left\" aria-hidden=\"true\">\n\t\t\t\t\t\t\t\t\t\t\t\t\t\t\t<span class=\"elementor-accordion-icon-closed\"><i class=\"fas fa-arrow-right\"><\/i><\/span>\n\t\t\t\t\t\t\t\t<span class=\"elementor-accordion-icon-opened\"><i class=\"fas fa-arrow-down\"><\/i><\/span>\n\t\t\t\t\t\t\t\t\t\t\t\t\t\t<\/span>\n\t\t\t\t\t\t\t\t\t\t\t\t<a class=\"elementor-accordion-title\" tabindex=\"0\">Formation des jeunes talents: La vente - jeune et sauvage <\/a>\n\t\t\t\t\t<\/div>\n\t\t\t\t\t<div id=\"elementor-tab-content-1812\" class=\"elementor-tab-content elementor-clearfix\" data-tab=\"2\" role=\"region\" aria-labelledby=\"elementor-tab-title-1812\">Les nouvelles g\u00e9n\u00e9rations apportent de nouvelles impulsions, mais aussi de nouveaux d\u00e9fis. Le s\u00e9minaire sur la vente s&#8217;adresse aux jeunes professionnels qui souhaitent aborder la vente de mani\u00e8re active et &#8222;affam\u00e9e&#8220;, mais aussi s\u00e9rieuse et bien fond\u00e9e. Nous nous concentrons sur une combinaison d&#8217;entretiens de vente personnels et d&#8217;approches num\u00e9riques (vente sociale, etc.) tout au long du cycle de vente pour le succ\u00e8s de la vente personnelle : la pr\u00e9paration du dialogue de vente (segmentation du client \/ analyse du potentiel du client, qualification du client, gestion de l&#8217;entonnoir), les conflits d&#8217;admission, l&#8217;analyse des besoins, l&#8217;argumentation des avantages, la pr\u00e9sentation du produit, les techniques de cl\u00f4ture et les n\u00e9gociations de prix, jusqu&#8217;\u00e0 la gestion des r\u00e9clamations et la r\u00e9cup\u00e9ration du client. Si n\u00e9cessaire, le concept de formation peut \u00e9galement \u00eatre orient\u00e9 vers l&#8217;acquisition de nouveaux clients. <\/div>\n\t\t\t\t<\/div>\n\t\t\t\t\t\t\t<div class=\"elementor-accordion-item\">\n\t\t\t\t\t<div id=\"elementor-tab-title-1813\" class=\"elementor-tab-title\" data-tab=\"3\" role=\"button\" aria-controls=\"elementor-tab-content-1813\" aria-expanded=\"false\">\n\t\t\t\t\t\t\t\t\t\t\t\t\t<span class=\"elementor-accordion-icon elementor-accordion-icon-left\" aria-hidden=\"true\">\n\t\t\t\t\t\t\t\t\t\t\t\t\t\t\t<span class=\"elementor-accordion-icon-closed\"><i class=\"fas fa-arrow-right\"><\/i><\/span>\n\t\t\t\t\t\t\t\t<span class=\"elementor-accordion-icon-opened\"><i class=\"fas fa-arrow-down\"><\/i><\/span>\n\t\t\t\t\t\t\t\t\t\t\t\t\t\t<\/span>\n\t\t\t\t\t\t\t\t\t\t\t\t<a class=\"elementor-accordion-title\" tabindex=\"0\">Formation: Gestion des grands comptes <\/a>\n\t\t\t\t\t<\/div>\n\t\t\t\t\t<div id=\"elementor-tab-content-1813\" class=\"elementor-tab-content elementor-clearfix\" data-tab=\"3\" role=\"region\" aria-labelledby=\"elementor-tab-title-1813\">La gestion de grands comptes \u00e0 forte valeur ajout\u00e9e implique un large \u00e9ventail d&#8217;exigences strat\u00e9giques. La formation les aborde d&#8217;une mani\u00e8re sp\u00e9cifique \u00e0 l&#8217;industrie. Les aspects importants sont : L&#8217;analyse du centre d&#8217;achat, la compr\u00e9hension des processus d&#8217;achat (professionnels et souvent partiellement automatis\u00e9s), la combinaison de conseils techniques et commerciaux, les cycles de vente \u00e0 plusieurs niveaux, les solides comp\u00e9tences en mati\u00e8re de n\u00e9gociation ainsi que la coop\u00e9ration interne avec des domaines tels que la gestion des produits, le marketing, le service juridique ou la production. La volatilit\u00e9 du march\u00e9 (prix de l&#8217;\u00e9nergie, disponibilit\u00e9 des mati\u00e8res premi\u00e8res, p\u00e9nurie de personnel, etc. Dans le cadre de la formation, les responsables des grands comptes re\u00e7oivent des points de d\u00e9part pratiques pour fa\u00e7onner activement ces constellations en fonction des objectifs. <\/div>\n\t\t\t\t<\/div>\n\t\t\t\t\t\t\t<div class=\"elementor-accordion-item\">\n\t\t\t\t\t<div id=\"elementor-tab-title-1814\" class=\"elementor-tab-title\" data-tab=\"4\" role=\"button\" aria-controls=\"elementor-tab-content-1814\" aria-expanded=\"false\">\n\t\t\t\t\t\t\t\t\t\t\t\t\t<span class=\"elementor-accordion-icon elementor-accordion-icon-left\" aria-hidden=\"true\">\n\t\t\t\t\t\t\t\t\t\t\t\t\t\t\t<span class=\"elementor-accordion-icon-closed\"><i class=\"fas fa-arrow-right\"><\/i><\/span>\n\t\t\t\t\t\t\t\t<span class=\"elementor-accordion-icon-opened\"><i class=\"fas fa-arrow-down\"><\/i><\/span>\n\t\t\t\t\t\t\t\t\t\t\t\t\t\t<\/span>\n\t\t\t\t\t\t\t\t\t\t\t\t<a class=\"elementor-accordion-title\" tabindex=\"0\">Formation: Vente active - Comment l'\u00e9quipe de vente interne exploite les opportunit\u00e9s de vente <\/a>\n\t\t\t\t\t<\/div>\n\t\t\t\t\t<div id=\"elementor-tab-content-1814\" class=\"elementor-tab-content elementor-clearfix\" data-tab=\"4\" role=\"region\" aria-labelledby=\"elementor-tab-title-1814\">Qu&#8217;il s&#8217;agisse d&#8217;appels entrants ou sortants, de chats de vente ou de t\u00e9l\u00e9ventes, la vente interne est souvent confront\u00e9e \u00e0 une forte densit\u00e9 de dialogues de vente. La formation de l&#8217;\u00e9quipe de vente interne porte sur l&#8217;utilisation rapide et efficace de ces dialogues. Un langage orient\u00e9 vers le service contribue au succ\u00e8s des ventes tout autant qu&#8217;une analyse efficace des besoins et qu&#8217;une argumentation sur les avantages de la vente. Il est tout aussi important de bien s&#8217;organiser, de g\u00e9rer son temps et son stress, et de rester concentr\u00e9 en cas de stress important.\n<\/div>\n\t\t\t\t<\/div>\n\t\t\t\t\t\t\t<div class=\"elementor-accordion-item\">\n\t\t\t\t\t<div id=\"elementor-tab-title-1815\" class=\"elementor-tab-title\" data-tab=\"5\" role=\"button\" aria-controls=\"elementor-tab-content-1815\" aria-expanded=\"false\">\n\t\t\t\t\t\t\t\t\t\t\t\t\t<span class=\"elementor-accordion-icon elementor-accordion-icon-left\" aria-hidden=\"true\">\n\t\t\t\t\t\t\t\t\t\t\t\t\t\t\t<span class=\"elementor-accordion-icon-closed\"><i class=\"fas fa-arrow-right\"><\/i><\/span>\n\t\t\t\t\t\t\t\t<span class=\"elementor-accordion-icon-opened\"><i class=\"fas fa-arrow-down\"><\/i><\/span>\n\t\t\t\t\t\t\t\t\t\t\t\t\t\t<\/span>\n\t\t\t\t\t\t\t\t\t\t\t\t<a class=\"elementor-accordion-title\" tabindex=\"0\">Formation : N\u00e9gociation r\u00e9ussie - Techniques d'affirmation de soi pour la vente et les achats<\/a>\n\t\t\t\t\t<\/div>\n\t\t\t\t\t<div id=\"elementor-tab-content-1815\" class=\"elementor-tab-content elementor-clearfix\" data-tab=\"5\" role=\"region\" aria-labelledby=\"elementor-tab-title-1815\">La formation \u00e0 la n\u00e9gociation enseigne des techniques et des strat\u00e9gies de n\u00e9gociation efficaces dans le contexte des exigences de la vente. Cela comprend les n\u00e9gociations de prix, les n\u00e9gociations budg\u00e9taires, les r\u00e9clamations, mais aussi la pr\u00e9paration des n\u00e9gociations, l&#8217;entr\u00e9e dans les n\u00e9gociations jusqu&#8217;aux moyens de sortir de l&#8217;impasse. L&#8217;ensemble du processus de n\u00e9gociation est donc couvert. En fonction des exigences et de la constellation, il est important de distinguer diff\u00e9rents degr\u00e9s de rigueur (n\u00e9gociation int\u00e9grative, n\u00e9gociation conflictuelle).<\/div>\n\t\t\t\t<\/div>\n\t\t\t\t\t\t\t<div class=\"elementor-accordion-item\">\n\t\t\t\t\t<div id=\"elementor-tab-title-1816\" class=\"elementor-tab-title\" data-tab=\"6\" role=\"button\" aria-controls=\"elementor-tab-content-1816\" aria-expanded=\"false\">\n\t\t\t\t\t\t\t\t\t\t\t\t\t<span class=\"elementor-accordion-icon elementor-accordion-icon-left\" aria-hidden=\"true\">\n\t\t\t\t\t\t\t\t\t\t\t\t\t\t\t<span class=\"elementor-accordion-icon-closed\"><i class=\"fas fa-arrow-right\"><\/i><\/span>\n\t\t\t\t\t\t\t\t<span class=\"elementor-accordion-icon-opened\"><i class=\"fas fa-arrow-down\"><\/i><\/span>\n\t\t\t\t\t\t\t\t\t\t\t\t\t\t<\/span>\n\t\t\t\t\t\t\t\t\t\t\t\t<a class=\"elementor-accordion-title\" tabindex=\"0\">Atelier: Teamselling - Synergies dans l'\u00e9quipe de vente et entre les \u00e9quipes de vente <\/a>\n\t\t\t\t\t<\/div>\n\t\t\t\t\t<div id=\"elementor-tab-content-1816\" class=\"elementor-tab-content elementor-clearfix\" data-tab=\"6\" role=\"region\" aria-labelledby=\"elementor-tab-title-1816\">Le succ\u00e8s de la vente est essentiellement un succ\u00e8s d&#8217;\u00e9quipe. Cela s&#8217;applique d&#8217;une part \u00e0 la coop\u00e9ration entre les ventes sur le terrain et les ventes au bureau, mais aussi \u00e0 la coop\u00e9ration avec les d\u00e9partements de service et les ventes techniques : La volont\u00e9 de coop\u00e9rer et la comp\u00e9tence de l&#8217;\u00e9quipe sont d\u00e9cisives pour r\u00e9ussir ensemble et rapidement dans des constellations changeantes. <\/div>\n\t\t\t\t<\/div>\n\t\t\t\t\t\t\t<div class=\"elementor-accordion-item\">\n\t\t\t\t\t<div id=\"elementor-tab-title-1817\" class=\"elementor-tab-title\" data-tab=\"7\" role=\"button\" aria-controls=\"elementor-tab-content-1817\" aria-expanded=\"false\">\n\t\t\t\t\t\t\t\t\t\t\t\t\t<span class=\"elementor-accordion-icon elementor-accordion-icon-left\" aria-hidden=\"true\">\n\t\t\t\t\t\t\t\t\t\t\t\t\t\t\t<span class=\"elementor-accordion-icon-closed\"><i class=\"fas fa-arrow-right\"><\/i><\/span>\n\t\t\t\t\t\t\t\t<span class=\"elementor-accordion-icon-opened\"><i class=\"fas fa-arrow-down\"><\/i><\/span>\n\t\t\t\t\t\t\t\t\t\t\t\t\t\t<\/span>\n\t\t\t\t\t\t\t\t\t\t\t\t<a class=\"elementor-accordion-title\" tabindex=\"0\">Coaching: pour les \u00e9quipes et les individus <\/a>\n\t\t\t\t\t<\/div>\n\t\t\t\t\t<div id=\"elementor-tab-content-1817\" class=\"elementor-tab-content elementor-clearfix\" data-tab=\"7\" role=\"region\" aria-labelledby=\"elementor-tab-title-1817\">Le coaching de vente et le coaching sur le terrain ciblent les mod\u00e8les de comportement et les r\u00e9flexes personnels qui r\u00e9sultent de la personnalit\u00e9, de l&#8217;\u00e9tat d&#8217;esprit et des comp\u00e9tences de chacun en mati\u00e8re de vente. L&#8217;objectif est d&#8217;utiliser les situations de vente difficiles et les d\u00e9fis individuels comme des opportunit\u00e9s d&#8217;apprentissage pour son propre d\u00e9veloppement. Il s&#8217;agit notamment du conflit d&#8217;entr\u00e9e dans l&#8217;acquisition, des plaintes et r\u00e9clamations, des n\u00e9gociations de prix ainsi que de la force de cl\u00f4ture. Le charisme commercial et l&#8217;efficacit\u00e9 de la r\u00e9ussite personnelle sont consid\u00e9rablement renforc\u00e9s par le coaching individuel. \n<\/div>\n\t\t\t\t<\/div>\n\t\t\t\t\t\t\t<div class=\"elementor-accordion-item\">\n\t\t\t\t\t<div id=\"elementor-tab-title-1818\" class=\"elementor-tab-title\" data-tab=\"8\" role=\"button\" aria-controls=\"elementor-tab-content-1818\" aria-expanded=\"false\">\n\t\t\t\t\t\t\t\t\t\t\t\t\t<span class=\"elementor-accordion-icon elementor-accordion-icon-left\" aria-hidden=\"true\">\n\t\t\t\t\t\t\t\t\t\t\t\t\t\t\t<span class=\"elementor-accordion-icon-closed\"><i class=\"fas fa-arrow-right\"><\/i><\/span>\n\t\t\t\t\t\t\t\t<span class=\"elementor-accordion-icon-opened\"><i class=\"fas fa-arrow-down\"><\/i><\/span>\n\t\t\t\t\t\t\t\t\t\t\t\t\t\t<\/span>\n\t\t\t\t\t\t\t\t\t\t\t\t<a class=\"elementor-accordion-title\" tabindex=\"0\">Programme de performance commerciale : Vos sprints pour un succ\u00e8s rapide et mesurable <\/a>\n\t\t\t\t\t<\/div>\n\t\t\t\t\t<div id=\"elementor-tab-content-1818\" class=\"elementor-tab-content elementor-clearfix\" data-tab=\"8\" role=\"region\" aria-labelledby=\"elementor-tab-title-1818\">La multiplicit\u00e9 des exigences dans le domaine de la vente conduit souvent \u00e0 un manque de concentration et \u00e0 des actions inefficaces. Les leviers de succ\u00e8s existants ne sont pas utilis\u00e9s de mani\u00e8re coh\u00e9rente, les &#8222;chevaux-vapeur ne prennent pas la route&#8220;. Le programme de performance commerciale rend mesurables et transparentes les activit\u00e9s de vente n\u00e9cessaires \u00e0 l&#8217;obtention de r\u00e9sultats commerciaux. De cette mani\u00e8re, les performances de vente peuvent \u00eatre contr\u00f4l\u00e9es individuellement. L&#8217;accent est mis sur la concentration, l&#8217;action concr\u00e8te et la comp\u00e9tition sportive &#8211; pour plus de ventes et de profits. <\/div>\n\t\t\t\t<\/div>\n\t\t\t\t\t\t\t<div class=\"elementor-accordion-item\">\n\t\t\t\t\t<div id=\"elementor-tab-title-1819\" class=\"elementor-tab-title\" data-tab=\"9\" role=\"button\" aria-controls=\"elementor-tab-content-1819\" aria-expanded=\"false\">\n\t\t\t\t\t\t\t\t\t\t\t\t\t<span class=\"elementor-accordion-icon elementor-accordion-icon-left\" aria-hidden=\"true\">\n\t\t\t\t\t\t\t\t\t\t\t\t\t\t\t<span class=\"elementor-accordion-icon-closed\"><i class=\"fas fa-arrow-right\"><\/i><\/span>\n\t\t\t\t\t\t\t\t<span class=\"elementor-accordion-icon-opened\"><i class=\"fas fa-arrow-down\"><\/i><\/span>\n\t\t\t\t\t\t\t\t\t\t\t\t\t\t<\/span>\n\t\t\t\t\t\t\t\t\t\t\t\t<a class=\"elementor-accordion-title\" tabindex=\"0\">Formation: Leadership commercial - Diriger efficacement des \u00e9quipes de vente <\/a>\n\t\t\t\t\t<\/div>\n\t\t\t\t\t<div id=\"elementor-tab-content-1819\" class=\"elementor-tab-content elementor-clearfix\" data-tab=\"9\" role=\"region\" aria-labelledby=\"elementor-tab-title-1819\">Les chefs de vente sont souvent sous pression. Dans ces situations, il est particuli\u00e8rement difficile de soutenir le d\u00e9veloppement du potentiel existant chez les employ\u00e9s. Cette formation au leadership porte sur les techniques de leadership sp\u00e9cifiques \u00e0 la vente : de la recherche (recrutement) \u00e0 la r\u00e9tention (fid\u00e9lisation \/ r\u00e9tention des employ\u00e9s), en passant par le d\u00e9veloppement et la gestion des op\u00e9rations quotidiennes. <\/div>\n\t\t\t\t<\/div>\n\t\t\t\t\t\t\t\t<\/div>\n\t\t\t\t\t\t<\/div>\n\t\t\t\t\t<\/div>\n\t\t<\/div>\n\t\t\t\t\t<\/div>\n\t\t<\/section>\n\t\t\t\t<section class=\"elementor-section elementor-top-section elementor-element elementor-element-24dacbf elementor-section-boxed elementor-section-height-default elementor-section-height-default\" data-id=\"24dacbf\" data-element_type=\"section\" data-e-type=\"section\">\n\t\t\t\t\t\t<div class=\"elementor-container elementor-column-gap-default\">\n\t\t\t\t\t<div class=\"elementor-column elementor-col-100 elementor-top-column elementor-element elementor-element-0670f52\" data-id=\"0670f52\" data-element_type=\"column\" data-e-type=\"column\">\n\t\t\t<div class=\"elementor-widget-wrap elementor-element-populated\">\n\t\t\t\t\t\t<div class=\"elementor-element elementor-element-dda9bd4 elementor-widget elementor-widget-spacer\" data-id=\"dda9bd4\" data-element_type=\"widget\" data-e-type=\"widget\" data-widget_type=\"spacer.default\">\n\t\t\t\t\t\t\t<div class=\"elementor-spacer\">\n\t\t\t<div class=\"elementor-spacer-inner\"><\/div>\n\t\t<\/div>\n\t\t\t\t\t\t<\/div>\n\t\t\t\t\t<\/div>\n\t\t<\/div>\n\t\t\t\t\t<\/div>\n\t\t<\/section>\n\t\t\t\t<\/div>\n\t\t","protected":false},"excerpt":{"rendered":"<p>Services Ventes: Ce qui fonctionne r\u00e9ellement avec les clients La vente devient plus exigeante. Le partenariat stable et \u00e0 long terme avec le client reste un facteur central de r\u00e9ussite commerciale. Ce qui change, c&#8217;est la standardisation et l&#8217;automatisation des processus d&#8217;achat : par exemple, par le biais de soci\u00e9t\u00e9s d&#8217;achat ou d&#8217;\u00e9changes en ligne. &#8230;<\/p>\n","protected":false},"author":1,"featured_media":559,"parent":20,"menu_order":0,"comment_status":"closed","ping_status":"closed","template":"","meta":{"inline_featured_image":false,"footnotes":"","_links_to":"","_links_to_target":""},"class_list":["post-4326","page","type-page","status-publish","has-post-thumbnail"],"_links":{"self":[{"href":"https:\/\/circle2.de\/fr\/wp-json\/wp\/v2\/pages\/4326","targetHints":{"allow":["GET"]}}],"collection":[{"href":"https:\/\/circle2.de\/fr\/wp-json\/wp\/v2\/pages"}],"about":[{"href":"https:\/\/circle2.de\/fr\/wp-json\/wp\/v2\/types\/page"}],"author":[{"embeddable":true,"href":"https:\/\/circle2.de\/fr\/wp-json\/wp\/v2\/users\/1"}],"replies":[{"embeddable":true,"href":"https:\/\/circle2.de\/fr\/wp-json\/wp\/v2\/comments?post=4326"}],"version-history":[{"count":60,"href":"https:\/\/circle2.de\/fr\/wp-json\/wp\/v2\/pages\/4326\/revisions"}],"predecessor-version":[{"id":5491,"href":"https:\/\/circle2.de\/fr\/wp-json\/wp\/v2\/pages\/4326\/revisions\/5491"}],"up":[{"embeddable":true,"href":"https:\/\/circle2.de\/fr\/wp-json\/wp\/v2\/pages\/20"}],"wp:featuredmedia":[{"embeddable":true,"href":"https:\/\/circle2.de\/fr\/wp-json\/wp\/v2\/media\/559"}],"wp:attachment":[{"href":"https:\/\/circle2.de\/fr\/wp-json\/wp\/v2\/media?parent=4326"}],"curies":[{"name":"wp","href":"https:\/\/api.w.org\/{rel}","templated":true}]}}