{"id":3830,"date":"2022-01-03T16:17:17","date_gmt":"2022-01-03T15:17:17","guid":{"rendered":"https:\/\/circle2.de\/fr\/?page_id=3830"},"modified":"2025-07-07T13:43:06","modified_gmt":"2025-07-07T11:43:06","slug":"simon-wolf","status":"publish","type":"page","link":"https:\/\/circle2.de\/fr\/a-propos-de-nous\/equipe\/simon-wolf\/","title":{"rendered":"Simon Wolf"},"content":{"rendered":"\t\t<div data-elementor-type=\"wp-page\" data-elementor-id=\"3830\" class=\"elementor elementor-3830\" data-elementor-post-type=\"page\">\n\t\t\t\t\t\t<section class=\"elementor-section elementor-top-section elementor-element elementor-element-25d0ec8d elementor-section-boxed elementor-section-height-default elementor-section-height-default\" data-id=\"25d0ec8d\" data-element_type=\"section\" data-e-type=\"section\">\n\t\t\t\t\t\t<div class=\"elementor-container elementor-column-gap-default\">\n\t\t\t\t\t<div class=\"elementor-column elementor-col-100 elementor-top-column elementor-element elementor-element-1ac87a65\" data-id=\"1ac87a65\" data-element_type=\"column\" data-e-type=\"column\">\n\t\t\t<div class=\"elementor-widget-wrap elementor-element-populated\">\n\t\t\t\t\t\t<div class=\"elementor-element elementor-element-24791281 elementor-widget elementor-widget-heading\" data-id=\"24791281\" data-element_type=\"widget\" data-e-type=\"widget\" data-widget_type=\"heading.default\">\n\t\t\t\t\t<h5 class=\"elementor-heading-title elementor-size-default\">note \u00e9quipe<\/h5>\t\t\t\t<\/div>\n\t\t\t\t<div class=\"elementor-element elementor-element-615996f8 elementor-widget elementor-widget-heading\" data-id=\"615996f8\" data-element_type=\"widget\" data-e-type=\"widget\" data-widget_type=\"heading.default\">\n\t\t\t\t\t<h1 class=\"elementor-heading-title elementor-size-default\">Simon Wolf<\/h1>\t\t\t\t<\/div>\n\t\t\t\t\t<\/div>\n\t\t<\/div>\n\t\t\t\t\t<\/div>\n\t\t<\/section>\n\t\t\t\t<section class=\"elementor-section elementor-top-section elementor-element elementor-element-0df6669 elementor-section-boxed elementor-section-height-default elementor-section-height-default\" data-id=\"0df6669\" data-element_type=\"section\" data-e-type=\"section\">\n\t\t\t\t\t\t<div class=\"elementor-container elementor-column-gap-default\">\n\t\t\t\t\t<div class=\"elementor-column elementor-col-100 elementor-top-column elementor-element elementor-element-e913ebb\" data-id=\"e913ebb\" data-element_type=\"column\" data-e-type=\"column\">\n\t\t\t<div class=\"elementor-widget-wrap elementor-element-populated\">\n\t\t\t\t\t\t<div class=\"elementor-element elementor-element-11b299e elementor-widget elementor-widget-html\" data-id=\"11b299e\" data-element_type=\"widget\" data-e-type=\"widget\" data-widget_type=\"html.default\">\n\t\t\t\t\t<div class=\"triple\">\n<img decoding=\"async\" src=\"https:\/\/circle2.de\/fr\/wp-content\/uploads\/2022\/01\/wolf_1.jpg\" \/>\n<img decoding=\"async\" src=\"https:\/\/circle2.de\/fr\/wp-content\/uploads\/2022\/01\/wolf_2.jpg\" \/>\n<img decoding=\"async\" src=\"https:\/\/circle2.de\/fr\/wp-content\/uploads\/2022\/01\/petersburg.jpg\" \/>\n<\/div>\n<div class=\"spanner\">\n<div class=\"vita\">\n<h3>Consultant<\/h3>\n<ul>\n  <li>Etudes de rh\u00e9torique et de didactique aux universit\u00e9s de T\u00fcbingen, Paderborn et Besan\u00e7on (F)<\/li>\n<li>Formateur et consultant certifi\u00e9 (BDVT), cert. DiSG Trainer and Coach, cert. Consultant Belbin Team Role Inventory avec d'autres formations compl\u00e9mentaires<\/li>\n<li>Consultant, formateur et coach ind\u00e9pendant depuis 2004<\/li>\n<li>Projets de formation et de conseil pour les entreprises, les fondations, les universit\u00e9s et les minist\u00e8res\/administrations publiques<\/li>\n<li>Projet d'apprentissage personnel: Acqu\u00e9rir des comp\u00e9tences utiles pour la conversation en espagnol et en russe<\/li>\n<\/ul>\n<\/div>\n<div class=\"kdaten\">\n<h3>Contact<\/h3>\n<ul>\n<li><a href=\"mailto:simon.wolf@circle2.de\"><i class=\"fa fa-fw fa-paper-plane-o\" aria-hidden=\"true\"><\/i>simon.wolf@circle2.de<\/a><\/li>\n<li><a href=\"#\"><i class=\"fa fa-fw fa-xing\" aria-hidden=\"true\"><\/i>XING<\/a><\/li>\n<li><a href=\"#\"><i class=\"fa fa-fw fa-linkedin\" aria-hidden=\"true\"><\/i>LinkedIN<\/a><\/li>\n<\/ul><\/div>\n<\/div>\t\t\t\t<\/div>\n\t\t\t\t\t<\/div>\n\t\t<\/div>\n\t\t\t\t\t<\/div>\n\t\t<\/section>\n\t\t\t\t<section class=\"elementor-section elementor-top-section elementor-element elementor-element-5c898104 elementor-section-boxed elementor-section-height-default elementor-section-height-default\" data-id=\"5c898104\" data-element_type=\"section\" data-e-type=\"section\">\n\t\t\t\t\t\t<div class=\"elementor-container elementor-column-gap-default\">\n\t\t\t\t\t<div class=\"elementor-column elementor-col-100 elementor-top-column elementor-element elementor-element-1b497f51\" data-id=\"1b497f51\" data-element_type=\"column\" data-e-type=\"column\" data-settings=\"{&quot;background_background&quot;:&quot;classic&quot;}\">\n\t\t\t<div class=\"elementor-widget-wrap elementor-element-populated\">\n\t\t\t\t\t\t<div class=\"elementor-element elementor-element-655d7dfd elementor-widget elementor-widget-text-editor\" data-id=\"655d7dfd\" data-element_type=\"widget\" data-e-type=\"widget\" data-widget_type=\"text-editor.default\">\n\t\t\t\t\t\t\t\t\t<h3>Ce qui m&#8217;inspire : La question de savoir ce dont les employ\u00e9s ont besoin pour prendre leurs responsabilit\u00e9s et s&#8217;attaquer activement aux probl\u00e8mes de d\u00e9veloppement qu&#8217;ils constatent dans leur environnement de travail. Et la question de savoir comment les managers peuvent cr\u00e9er la libert\u00e9 n\u00e9cessaire pour cela.<\/h3>\t\t\t\t\t\t\t\t<\/div>\n\t\t\t\t\t<\/div>\n\t\t<\/div>\n\t\t\t\t\t<\/div>\n\t\t<\/section>\n\t\t\t\t<section class=\"elementor-section elementor-top-section elementor-element elementor-element-7d5ce36b elementor-section-boxed elementor-section-height-default elementor-section-height-default\" data-id=\"7d5ce36b\" data-element_type=\"section\" data-e-type=\"section\">\n\t\t\t\t\t\t<div class=\"elementor-container elementor-column-gap-default\">\n\t\t\t\t\t<div class=\"elementor-column elementor-col-100 elementor-top-column elementor-element elementor-element-1894e5cf\" data-id=\"1894e5cf\" data-element_type=\"column\" data-e-type=\"column\">\n\t\t\t<div class=\"elementor-widget-wrap elementor-element-populated\">\n\t\t\t\t\t\t<div class=\"elementor-element elementor-element-760f6524 elementor-align-center elementor-widget elementor-widget-button\" data-id=\"760f6524\" data-element_type=\"widget\" data-e-type=\"widget\" data-widget_type=\"button.default\">\n\t\t\t\t\t\t\t\t\t\t<a class=\"elementor-button elementor-button-link elementor-size-lg\" href=\"https:\/\/circle2.de\/fr\/a-propos-de-nous\/equipe\/\">\n\t\t\t\t\t\t<span class=\"elementor-button-content-wrapper\">\n\t\t\t\t\t\t\t\t\t<span class=\"elementor-button-text\">A la vue d'ensemble de l'\u00e9quipe <\/span>\n\t\t\t\t\t<\/span>\n\t\t\t\t\t<\/a>\n\t\t\t\t\t\t\t\t<\/div>\n\t\t\t\t\t<\/div>\n\t\t<\/div>\n\t\t\t\t\t<\/div>\n\t\t<\/section>\n\t\t\t\t<\/div>\n\t\t","protected":false},"excerpt":{"rendered":"<p>note \u00e9quipe Simon Wolf Consultant Etudes de rh\u00e9torique et de didactique aux universit\u00e9s de T\u00fcbingen, Paderborn et Besan\u00e7on (F) Formateur et consultant certifi\u00e9 (BDVT), cert. DiSG Trainer and Coach, cert. Consultant Belbin Team Role Inventory avec d&#8217;autres formations compl\u00e9mentaires Consultant, formateur et coach ind\u00e9pendant depuis 2004 Projets de formation et de conseil pour les entreprises, &#8230;<\/p>\n","protected":false},"author":1,"featured_media":0,"parent":53,"menu_order":0,"comment_status":"closed","ping_status":"closed","template":"","meta":{"inline_featured_image":false,"footnotes":"","_links_to":"","_links_to_target":""},"class_list":["post-3830","page","type-page","status-publish"],"_links":{"self":[{"href":"https:\/\/circle2.de\/fr\/wp-json\/wp\/v2\/pages\/3830","targetHints":{"allow":["GET"]}}],"collection":[{"href":"https:\/\/circle2.de\/fr\/wp-json\/wp\/v2\/pages"}],"about":[{"href":"https:\/\/circle2.de\/fr\/wp-json\/wp\/v2\/types\/page"}],"author":[{"embeddable":true,"href":"https:\/\/circle2.de\/fr\/wp-json\/wp\/v2\/users\/1"}],"replies":[{"embeddable":true,"href":"https:\/\/circle2.de\/fr\/wp-json\/wp\/v2\/comments?post=3830"}],"version-history":[{"count":31,"href":"https:\/\/circle2.de\/fr\/wp-json\/wp\/v2\/pages\/3830\/revisions"}],"predecessor-version":[{"id":8123,"href":"https:\/\/circle2.de\/fr\/wp-json\/wp\/v2\/pages\/3830\/revisions\/8123"}],"up":[{"embeddable":true,"href":"https:\/\/circle2.de\/fr\/wp-json\/wp\/v2\/pages\/53"}],"wp:attachment":[{"href":"https:\/\/circle2.de\/fr\/wp-json\/wp\/v2\/media?parent=3830"}],"curies":[{"name":"wp","href":"https:\/\/api.w.org\/{rel}","templated":true}]}}