{"id":38,"date":"2021-11-21T13:29:43","date_gmt":"2021-11-21T12:29:43","guid":{"rendered":"https:\/\/circle2.de\/fr\/?page_id=38"},"modified":"2024-02-07T17:02:57","modified_gmt":"2024-02-07T16:02:57","slug":"emplois","status":"publish","type":"page","link":"https:\/\/circle2.de\/fr\/emplois\/","title":{"rendered":"Emplois"},"content":{"rendered":"\t\t<div data-elementor-type=\"wp-page\" data-elementor-id=\"38\" class=\"elementor elementor-38\" data-elementor-post-type=\"page\">\n\t\t\t\t\t\t<section class=\"elementor-section elementor-top-section elementor-element elementor-element-b8a78db elementor-section-boxed elementor-section-height-default elementor-section-height-default\" data-id=\"b8a78db\" data-element_type=\"section\" data-e-type=\"section\">\n\t\t\t\t\t\t<div class=\"elementor-container elementor-column-gap-default\">\n\t\t\t\t\t<div class=\"elementor-column elementor-col-100 elementor-top-column elementor-element elementor-element-f1cc3a7\" data-id=\"f1cc3a7\" data-element_type=\"column\" data-e-type=\"column\">\n\t\t\t<div class=\"elementor-widget-wrap elementor-element-populated\">\n\t\t\t\t\t\t<div class=\"elementor-element elementor-element-87024b9 elementor-widget elementor-widget-html\" data-id=\"87024b9\" data-element_type=\"widget\" data-e-type=\"widget\" data-widget_type=\"html.default\">\n\t\t\t\t\t<div class=\"kopf jobs\">\n<icon><img decoding=\"async\" src=\"https:\/\/circle2.de\/fr\/wp-content\/uploads\/2021\/11\/icon_jobs.svg\"<\/icon>\n<h2>Offres d'emploi<\/h2>\n<\/div>\t\t\t\t<\/div>\n\t\t\t\t\t<\/div>\n\t\t<\/div>\n\t\t\t\t\t<\/div>\n\t\t<\/section>\n\t\t\t\t<section class=\"elementor-section elementor-top-section elementor-element elementor-element-0e6c7ef elementor-section-boxed elementor-section-height-default elementor-section-height-default\" data-id=\"0e6c7ef\" data-element_type=\"section\" data-e-type=\"section\">\n\t\t\t\t\t\t<div class=\"elementor-container elementor-column-gap-default\">\n\t\t\t\t\t<div class=\"elementor-column elementor-col-100 elementor-top-column elementor-element elementor-element-4877124\" data-id=\"4877124\" data-element_type=\"column\" data-e-type=\"column\">\n\t\t\t<div class=\"elementor-widget-wrap elementor-element-populated\">\n\t\t\t\t\t\t<div class=\"elementor-element elementor-element-18b8e6b elementor-widget elementor-widget-heading\" data-id=\"18b8e6b\" data-element_type=\"widget\" data-e-type=\"widget\" data-widget_type=\"heading.default\">\n\t\t\t\t\t<h1 class=\"elementor-heading-title elementor-size-default\">Faites partie de notre \u00e9quipe Circle2<\/h1>\t\t\t\t<\/div>\n\t\t\t\t<div class=\"elementor-element elementor-element-2290e3c elementor-widget elementor-widget-heading\" data-id=\"2290e3c\" data-element_type=\"widget\" data-e-type=\"widget\" data-widget_type=\"heading.default\">\n\t\t\t\t\t<h2 class=\"elementor-heading-title elementor-size-default\">Consultant (f\/m\/d)<\/h2>\t\t\t\t<\/div>\n\t\t\t\t\t<\/div>\n\t\t<\/div>\n\t\t\t\t\t<\/div>\n\t\t<\/section>\n\t\t\t\t<section class=\"elementor-section elementor-top-section elementor-element elementor-element-ca9b9b1 elementor-section-boxed elementor-section-height-default elementor-section-height-default\" data-id=\"ca9b9b1\" data-element_type=\"section\" data-e-type=\"section\">\n\t\t\t\t\t\t<div class=\"elementor-container elementor-column-gap-default\">\n\t\t\t\t\t<div class=\"elementor-column elementor-col-66 elementor-top-column elementor-element elementor-element-1866ba7\" data-id=\"1866ba7\" data-element_type=\"column\" data-e-type=\"column\">\n\t\t\t<div class=\"elementor-widget-wrap elementor-element-populated\">\n\t\t\t\t\t\t<div class=\"elementor-element elementor-element-67312a0 elementor-widget elementor-widget-text-editor\" data-id=\"67312a0\" data-element_type=\"widget\" data-e-type=\"widget\" data-widget_type=\"text-editor.default\">\n\t\t\t\t\t\t\t\t\t<p>Votre pr<b>ofil :<\/b><\/p><p><b><br \/><\/b>Vous avez de l&#8217;exp\u00e9rience dans le domaine du leadership, de la vente et du changement et vous \u00eates familier avec les approches analogiques et num\u00e9riques en mati\u00e8re de formation et de conseil. Vous \u00eates \u00e0 la recherche d&#8217;un d\u00e9fi passionnant<\/p><p>\u00a0<\/p><p><b>Vos t\u00e2ches :<\/b><\/p><ul><li>Transmettre vos connaissances et votre enthousiasme pour les processus d&#8217;apprentissage en mettant l&#8217;accent sur le leadership.<\/li><li>Mise en \u0153uvre ind\u00e9pendante de formations et de consultations en mati\u00e8re de vente<\/li><li>Acquisition, pr\u00e9paration conceptuelle et suivi de vos clients<\/li><li>Soutien de la direction dans des projets strat\u00e9giquement important<\/li><\/ul><p><b>Vos qualifications :<\/b><\/p><ul><li>Dipl\u00f4me\/master en psychologie\/sciences sociales\/gestion interculturelle\/administration des affaires ou similaire.<\/li><li>Exp\u00e9rience dans la formation d&#8217;adultes (contexte professionnel)<\/li><li>Forte motivation pour vos t\u00e2ches de consultant et de formateur<\/li><li>Vous aimez la mobilit\u00e9 et travailler avec une grande vari\u00e9t\u00e9 de groupes cibles.<\/li><li>Grande capacit\u00e9 d&#8217;auto-organisation et de structuration<\/li><\/ul><p><b>Nous vous offrons :<\/b><br \/>une t\u00e2che stimulante, un degr\u00e9 \u00e9lev\u00e9 de responsabilit\u00e9 personnelle et de libert\u00e9 cr\u00e9ative, des possibilit\u00e9s de d\u00e9veloppement personnel et une r\u00e9mun\u00e9ration li\u00e9e aux performances.<\/p><p>\u00a0<\/p>\t\t\t\t\t\t\t\t<\/div>\n\t\t\t\t\t<\/div>\n\t\t<\/div>\n\t\t\t\t<div class=\"elementor-column elementor-col-33 elementor-top-column elementor-element elementor-element-7f70615\" data-id=\"7f70615\" data-element_type=\"column\" data-e-type=\"column\">\n\t\t\t<div class=\"elementor-widget-wrap elementor-element-populated\">\n\t\t\t\t\t\t<div class=\"elementor-element elementor-element-354deab elementor-widget elementor-widget-heading\" data-id=\"354deab\" data-element_type=\"widget\" data-e-type=\"widget\" data-widget_type=\"heading.default\">\n\t\t\t\t\t<h4 class=\"elementor-heading-title elementor-size-default\">Personne de contact<\/h4>\t\t\t\t<\/div>\n\t\t\t\t<div class=\"elementor-element elementor-element-885be5b elementor-widget elementor-widget-text-editor\" data-id=\"885be5b\" data-element_type=\"widget\" data-e-type=\"widget\" data-widget_type=\"text-editor.default\">\n\t\t\t\t\t\t\t\t\t<p>Nous nous r\u00e9jouissons de recevoir votre candidature d\u00e9taill\u00e9e \u00e0 <a href=\"mailto:jobs@circle2.de\/fr\">jobs@circle2.de\/fr<\/a><\/p>\t\t\t\t\t\t\t\t<\/div>\n\t\t\t\t\t<\/div>\n\t\t<\/div>\n\t\t\t\t\t<\/div>\n\t\t<\/section>\n\t\t\t\t<section class=\"elementor-section elementor-top-section elementor-element elementor-element-3cefc02 elementor-section-boxed elementor-section-height-default elementor-section-height-default\" data-id=\"3cefc02\" data-element_type=\"section\" data-e-type=\"section\">\n\t\t\t\t\t\t<div class=\"elementor-container elementor-column-gap-default\">\n\t\t\t\t\t<div class=\"elementor-column elementor-col-100 elementor-top-column elementor-element elementor-element-7058a29\" data-id=\"7058a29\" data-element_type=\"column\" data-e-type=\"column\">\n\t\t\t<div class=\"elementor-widget-wrap elementor-element-populated\">\n\t\t\t\t\t\t<div class=\"elementor-element elementor-element-23e752d elementor-widget elementor-widget-spacer\" data-id=\"23e752d\" data-element_type=\"widget\" data-e-type=\"widget\" data-widget_type=\"spacer.default\">\n\t\t\t\t\t\t\t<div class=\"elementor-spacer\">\n\t\t\t<div class=\"elementor-spacer-inner\"><\/div>\n\t\t<\/div>\n\t\t\t\t\t\t<\/div>\n\t\t\t\t\t<\/div>\n\t\t<\/div>\n\t\t\t\t\t<\/div>\n\t\t<\/section>\n\t\t\t\t<\/div>\n\t\t","protected":false},"excerpt":{"rendered":"","protected":false},"author":1,"featured_media":0,"parent":0,"menu_order":0,"comment_status":"closed","ping_status":"closed","template":"","meta":{"inline_featured_image":false,"footnotes":"","_links_to":"","_links_to_target":""},"class_list":["post-38","page","type-page","status-publish"],"_links":{"self":[{"href":"https:\/\/circle2.de\/fr\/wp-json\/wp\/v2\/pages\/38","targetHints":{"allow":["GET"]}}],"collection":[{"href":"https:\/\/circle2.de\/fr\/wp-json\/wp\/v2\/pages"}],"about":[{"href":"https:\/\/circle2.de\/fr\/wp-json\/wp\/v2\/types\/page"}],"author":[{"embeddable":true,"href":"https:\/\/circle2.de\/fr\/wp-json\/wp\/v2\/users\/1"}],"replies":[{"embeddable":true,"href":"https:\/\/circle2.de\/fr\/wp-json\/wp\/v2\/comments?post=38"}],"version-history":[{"count":74,"href":"https:\/\/circle2.de\/fr\/wp-json\/wp\/v2\/pages\/38\/revisions"}],"predecessor-version":[{"id":5654,"href":"https:\/\/circle2.de\/fr\/wp-json\/wp\/v2\/pages\/38\/revisions\/5654"}],"wp:attachment":[{"href":"https:\/\/circle2.de\/fr\/wp-json\/wp\/v2\/media?parent=38"}],"curies":[{"name":"wp","href":"https:\/\/api.w.org\/{rel}","templated":true}]}}