{"id":36,"date":"2021-11-21T13:29:20","date_gmt":"2021-11-21T12:29:20","guid":{"rendered":"https:\/\/circle2.de\/fr\/?page_id=36"},"modified":"2025-12-10T17:00:21","modified_gmt":"2025-12-10T16:00:21","slug":"engagement","status":"publish","type":"page","link":"https:\/\/circle2.de\/fr\/engagement\/","title":{"rendered":"Engagement"},"content":{"rendered":"\t\t<div data-elementor-type=\"wp-page\" data-elementor-id=\"36\" class=\"elementor elementor-36\" data-elementor-post-type=\"page\">\n\t\t\t\t\t\t<section class=\"elementor-section elementor-top-section elementor-element elementor-element-43a148b elementor-section-boxed elementor-section-height-default elementor-section-height-default\" data-id=\"43a148b\" data-element_type=\"section\" data-e-type=\"section\">\n\t\t\t\t\t\t<div class=\"elementor-container elementor-column-gap-default\">\n\t\t\t\t\t<div class=\"elementor-column elementor-col-100 elementor-top-column elementor-element elementor-element-22c80c2\" data-id=\"22c80c2\" data-element_type=\"column\" data-e-type=\"column\">\n\t\t\t<div class=\"elementor-widget-wrap elementor-element-populated\">\n\t\t\t\t\t\t<div class=\"elementor-element elementor-element-0c3d1cd elementor-widget elementor-widget-html\" data-id=\"0c3d1cd\" data-element_type=\"widget\" data-e-type=\"widget\" data-widget_type=\"html.default\">\n\t\t\t\t\t<div class=\"kopf engagement\">\n\n<h2>Engagement<\/h2>\n<\/div>\t\t\t\t<\/div>\n\t\t\t\t\t<\/div>\n\t\t<\/div>\n\t\t\t\t\t<\/div>\n\t\t<\/section>\n\t\t\t\t<section class=\"elementor-section elementor-top-section elementor-element elementor-element-cf85e1f elementor-section-boxed elementor-section-height-default elementor-section-height-default\" data-id=\"cf85e1f\" data-element_type=\"section\" data-e-type=\"section\">\n\t\t\t\t\t\t<div class=\"elementor-container elementor-column-gap-default\">\n\t\t\t\t\t<div class=\"elementor-column elementor-col-100 elementor-top-column elementor-element elementor-element-b1b3e2b\" data-id=\"b1b3e2b\" data-element_type=\"column\" data-e-type=\"column\">\n\t\t\t<div class=\"elementor-widget-wrap elementor-element-populated\">\n\t\t\t\t\t\t<div class=\"elementor-element elementor-element-71f33a1 elementor-widget elementor-widget-heading\" data-id=\"71f33a1\" data-element_type=\"widget\" data-e-type=\"widget\" data-widget_type=\"heading.default\">\n\t\t\t\t\t<h1 class=\"elementor-heading-title elementor-size-default\">La vie n'est pas un relev\u00e9 de compte<\/h1>\t\t\t\t<\/div>\n\t\t\t\t\t<\/div>\n\t\t<\/div>\n\t\t\t\t\t<\/div>\n\t\t<\/section>\n\t\t\t\t<section class=\"elementor-section elementor-top-section elementor-element elementor-element-826e688 elementor-section-boxed elementor-section-height-default elementor-section-height-default\" data-id=\"826e688\" data-element_type=\"section\" data-e-type=\"section\">\n\t\t\t\t\t\t<div class=\"elementor-container elementor-column-gap-default\">\n\t\t\t\t\t<div class=\"elementor-column elementor-col-100 elementor-top-column elementor-element elementor-element-46c8ed6\" data-id=\"46c8ed6\" data-element_type=\"column\" data-e-type=\"column\">\n\t\t\t<div class=\"elementor-widget-wrap elementor-element-populated\">\n\t\t\t\t\t\t<div class=\"elementor-element elementor-element-4079870 elementor-widget elementor-widget-text-editor\" data-id=\"4079870\" data-element_type=\"widget\" data-e-type=\"widget\" data-widget_type=\"text-editor.default\">\n\t\t\t\t\t\t\t\t\tL&#8217;engagement social nous tient \u00e0 c\u0153ur. C&#8217;est pourquoi nous soutenons des organisations qui nous tiennent \u00e0 c\u0153ur, soit financi\u00e8rement, soit en mettant nos comp\u00e9tences \u00e0 contribution.\n\nDepuis d\u00e9but 2024, l&#8217;association \u00e0 but non lucratif Umhambi Children&#8217;s Fountain of Hope e. V. en fait partie. Notre membre d&#8217;\u00e9quipe Diana W\u00f6rner s&#8217;y engage depuis plusieurs ann\u00e9es en tant que vice-pr\u00e9sidente. L&#8217;association s&#8217;occupe d&#8217;une centaine d&#8217;orphelins dans la r\u00e9gion de Victoria Falls, au Zimbambwe, en Afrique australe, et leur offre des perspectives d&#8217;avenir. Gr\u00e2ce \u00e0 des dons en nature et en esp\u00e8ces, l&#8217;association permet entre autres \u00e0 l&#8217;organisation partenaire locale sur place de\n<ul>\n \t<li>le financement des frais de scolarit\u00e9, des uniformes scolaires et du mat\u00e9riel d&#8217;apprentissage pour les enfants Umhambi<\/li>\n \t<li>Fourniture de nourriture aux enfants dans le besoin et, le cas \u00e9ch\u00e9ant, \u00e0 leur famille<\/li>\n \t<li>Fourniture de m\u00e9dicaments pour les enfants dans le besoin<\/li>\n \t<li>Promotion du syst\u00e8me de sant\u00e9 publique sur place (en particulier en relation avec le VIH\/sida)<\/li>\n \t<li>financement de la formation continue extrascolaire (offres de formation professionnelle et aide aux \u00e9tudiants)<\/li>\n \t<li>soutien g\u00e9n\u00e9ral dans les situations d&#8217;urgence (p. ex. pand\u00e9mie de Corona ou de chol\u00e9ra, famine)<\/li>\n<\/ul>\n&nbsp;\n\nSi vous souhaitez en savoir plus sur le projet ou si vous souhaitez \u00e9galement le soutenir, n&#8217;h\u00e9sitez pas \u00e0 nous contacter directement \u00e0 l&#8217;adresse\u00a0<a href=\"mailto:info@circle2.de\" target=\"_blank\" rel=\"noopener\">info@circle2.de<\/a>.\t\t\t\t\t\t\t\t<\/div>\n\t\t\t\t<div class=\"elementor-element elementor-element-e4e93da elementor-widget elementor-widget-image\" data-id=\"e4e93da\" data-element_type=\"widget\" data-e-type=\"widget\" data-widget_type=\"image.default\">\n\t\t\t\t\t\t\t\t\t\t\t\t\t\t\t<img fetchpriority=\"high\" decoding=\"async\" width=\"768\" height=\"576\" src=\"https:\/\/circle2.de\/fr\/wp-content\/uploads\/sites\/6\/2024\/04\/unhambi_CIRCLE2-768x576.jpg\" class=\"attachment-medium_large size-medium_large wp-image-6139\" alt=\"unhambi project\" srcset=\"https:\/\/circle2.de\/fr\/wp-content\/uploads\/sites\/6\/2024\/04\/unhambi_CIRCLE2-768x576.jpg 768w, https:\/\/circle2.de\/fr\/wp-content\/uploads\/sites\/6\/2024\/04\/unhambi_CIRCLE2-800x600.jpg 800w, https:\/\/circle2.de\/fr\/wp-content\/uploads\/sites\/6\/2024\/04\/unhambi_CIRCLE2-1024x768.jpg 1024w, https:\/\/circle2.de\/fr\/wp-content\/uploads\/sites\/6\/2024\/04\/unhambi_CIRCLE2-400x300.jpg 400w, https:\/\/circle2.de\/fr\/wp-content\/uploads\/sites\/6\/2024\/04\/unhambi_CIRCLE2-rotated.jpg 1280w\" sizes=\"(max-width: 768px) 100vw, 768px\" \/>\t\t\t\t\t\t\t\t\t\t\t\t\t\t\t<\/div>\n\t\t\t\t\t<\/div>\n\t\t<\/div>\n\t\t\t\t\t<\/div>\n\t\t<\/section>\n\t\t\t\t<section class=\"elementor-section elementor-top-section elementor-element elementor-element-02347cb elementor-section-boxed elementor-section-height-default elementor-section-height-default\" data-id=\"02347cb\" data-element_type=\"section\" data-e-type=\"section\">\n\t\t\t\t\t\t<div class=\"elementor-container elementor-column-gap-default\">\n\t\t\t\t\t<div class=\"elementor-column elementor-col-100 elementor-top-column elementor-element elementor-element-0acae45\" data-id=\"0acae45\" data-element_type=\"column\" data-e-type=\"column\">\n\t\t\t<div class=\"elementor-widget-wrap elementor-element-populated\">\n\t\t\t\t\t\t<div class=\"elementor-element elementor-element-10bb840 elementor-widget elementor-widget-spacer\" data-id=\"10bb840\" data-element_type=\"widget\" data-e-type=\"widget\" data-widget_type=\"spacer.default\">\n\t\t\t\t\t\t\t<div class=\"elementor-spacer\">\n\t\t\t<div class=\"elementor-spacer-inner\"><\/div>\n\t\t<\/div>\n\t\t\t\t\t\t<\/div>\n\t\t\t\t\t<\/div>\n\t\t<\/div>\n\t\t\t\t\t<\/div>\n\t\t<\/section>\n\t\t\t\t<\/div>\n\t\t","protected":false},"excerpt":{"rendered":"<p>Engagement La vie n&#8217;est pas un relev\u00e9 de compte L&#8217;engagement social nous tient \u00e0 c\u0153ur. C&#8217;est pourquoi nous soutenons des organisations qui nous tiennent \u00e0 c\u0153ur, soit financi\u00e8rement, soit en mettant nos comp\u00e9tences \u00e0 contribution. Depuis d\u00e9but 2024, l&#8217;association \u00e0 but non lucratif Umhambi Children&#8217;s Fountain of Hope e. V. en fait partie. Notre membre &#8230;<\/p>\n","protected":false},"author":1,"featured_media":0,"parent":0,"menu_order":0,"comment_status":"closed","ping_status":"closed","template":"","meta":{"inline_featured_image":false,"footnotes":"","_links_to":"","_links_to_target":""},"class_list":["post-36","page","type-page","status-publish"],"_links":{"self":[{"href":"https:\/\/circle2.de\/fr\/wp-json\/wp\/v2\/pages\/36","targetHints":{"allow":["GET"]}}],"collection":[{"href":"https:\/\/circle2.de\/fr\/wp-json\/wp\/v2\/pages"}],"about":[{"href":"https:\/\/circle2.de\/fr\/wp-json\/wp\/v2\/types\/page"}],"author":[{"embeddable":true,"href":"https:\/\/circle2.de\/fr\/wp-json\/wp\/v2\/users\/1"}],"replies":[{"embeddable":true,"href":"https:\/\/circle2.de\/fr\/wp-json\/wp\/v2\/comments?post=36"}],"version-history":[{"count":55,"href":"https:\/\/circle2.de\/fr\/wp-json\/wp\/v2\/pages\/36\/revisions"}],"predecessor-version":[{"id":8247,"href":"https:\/\/circle2.de\/fr\/wp-json\/wp\/v2\/pages\/36\/revisions\/8247"}],"wp:attachment":[{"href":"https:\/\/circle2.de\/fr\/wp-json\/wp\/v2\/media?parent=36"}],"curies":[{"name":"wp","href":"https:\/\/api.w.org\/{rel}","templated":true}]}}