{"id":34,"date":"2021-11-21T13:28:59","date_gmt":"2021-11-21T12:28:59","guid":{"rendered":"https:\/\/circle2.de\/fr\/?page_id=34"},"modified":"2025-08-01T14:55:44","modified_gmt":"2025-08-01T12:55:44","slug":"partenaires","status":"publish","type":"page","link":"https:\/\/circle2.de\/fr\/partenaires\/","title":{"rendered":"Partenaires associ\u00e9s"},"content":{"rendered":"\t\t<div data-elementor-type=\"wp-page\" data-elementor-id=\"34\" class=\"elementor elementor-34\" data-elementor-post-type=\"page\">\n\t\t\t\t\t\t<section class=\"elementor-section elementor-top-section elementor-element elementor-element-00be216 elementor-section-boxed elementor-section-height-default elementor-section-height-default\" data-id=\"00be216\" data-element_type=\"section\" data-e-type=\"section\">\n\t\t\t\t\t\t<div class=\"elementor-container elementor-column-gap-default\">\n\t\t\t\t\t<div class=\"elementor-column elementor-col-100 elementor-top-column elementor-element elementor-element-15968a3\" data-id=\"15968a3\" data-element_type=\"column\" data-e-type=\"column\">\n\t\t\t<div class=\"elementor-widget-wrap elementor-element-populated\">\n\t\t\t\t\t\t<div class=\"elementor-element elementor-element-8ca9e33 elementor-widget elementor-widget-heading\" data-id=\"8ca9e33\" data-element_type=\"widget\" data-e-type=\"widget\" data-widget_type=\"heading.default\">\n\t\t\t\t\t<h5 class=\"elementor-heading-title elementor-size-default\">\u00c0propos de nous<\/h5>\t\t\t\t<\/div>\n\t\t\t\t<div class=\"elementor-element elementor-element-8f447c2 elementor-widget elementor-widget-heading\" data-id=\"8f447c2\" data-element_type=\"widget\" data-e-type=\"widget\" data-widget_type=\"heading.default\">\n\t\t\t\t\t<h1 class=\"elementor-heading-title elementor-size-default\">Partenaires associ\u00e9s<\/h1>\t\t\t\t<\/div>\n\t\t\t\t\t<\/div>\n\t\t<\/div>\n\t\t\t\t\t<\/div>\n\t\t<\/section>\n\t\t\t\t<section class=\"elementor-section elementor-top-section elementor-element elementor-element-343f25e elementor-section-boxed elementor-section-height-default elementor-section-height-default\" data-id=\"343f25e\" data-element_type=\"section\" data-e-type=\"section\">\n\t\t\t\t\t\t<div class=\"elementor-container elementor-column-gap-default\">\n\t\t\t\t\t<div class=\"elementor-column elementor-col-66 elementor-top-column elementor-element elementor-element-fdad830\" data-id=\"fdad830\" data-element_type=\"column\" data-e-type=\"column\" data-settings=\"{&quot;background_background&quot;:&quot;classic&quot;}\">\n\t\t\t<div class=\"elementor-widget-wrap elementor-element-populated\">\n\t\t\t\t\t\t<div class=\"elementor-element elementor-element-ca02940 elementor-widget elementor-widget-spacer\" data-id=\"ca02940\" data-element_type=\"widget\" data-e-type=\"widget\" data-widget_type=\"spacer.default\">\n\t\t\t\t\t\t\t<div class=\"elementor-spacer\">\n\t\t\t<div class=\"elementor-spacer-inner\"><\/div>\n\t\t<\/div>\n\t\t\t\t\t\t<\/div>\n\t\t\t\t\t<\/div>\n\t\t<\/div>\n\t\t\t\t<div class=\"elementor-column elementor-col-33 elementor-top-column elementor-element elementor-element-1d0c905 elementor-hidden-mobile\" data-id=\"1d0c905\" data-element_type=\"column\" data-e-type=\"column\" data-settings=\"{&quot;background_background&quot;:&quot;classic&quot;}\">\n\t\t\t<div class=\"elementor-widget-wrap elementor-element-populated\">\n\t\t\t\t\t\t<div class=\"elementor-element elementor-element-2ea243f elementor-widget elementor-widget-spacer\" data-id=\"2ea243f\" data-element_type=\"widget\" data-e-type=\"widget\" data-widget_type=\"spacer.default\">\n\t\t\t\t\t\t\t<div class=\"elementor-spacer\">\n\t\t\t<div class=\"elementor-spacer-inner\"><\/div>\n\t\t<\/div>\n\t\t\t\t\t\t<\/div>\n\t\t\t\t\t<\/div>\n\t\t<\/div>\n\t\t\t\t\t<\/div>\n\t\t<\/section>\n\t\t\t\t<section class=\"elementor-section elementor-top-section elementor-element elementor-element-a389195 elementor-section-boxed elementor-section-height-default elementor-section-height-default\" data-id=\"a389195\" data-element_type=\"section\" data-e-type=\"section\">\n\t\t\t\t\t\t<div class=\"elementor-container elementor-column-gap-default\">\n\t\t\t\t\t<div class=\"elementor-column elementor-col-100 elementor-top-column elementor-element elementor-element-31a2396\" data-id=\"31a2396\" data-element_type=\"column\" data-e-type=\"column\">\n\t\t\t<div class=\"elementor-widget-wrap elementor-element-populated\">\n\t\t\t\t\t\t<div class=\"elementor-element elementor-element-7bd5dbd elementor-widget elementor-widget-heading\" data-id=\"7bd5dbd\" data-element_type=\"widget\" data-e-type=\"widget\" data-widget_type=\"heading.default\">\n\t\t\t\t\t<h1 class=\"elementor-heading-title elementor-size-default\">Circle2 et ...<\/h1>\t\t\t\t<\/div>\n\t\t\t\t\t<\/div>\n\t\t<\/div>\n\t\t\t\t\t<\/div>\n\t\t<\/section>\n\t\t\t\t<section class=\"elementor-section elementor-top-section elementor-element elementor-element-62ea17e elementor-section-boxed elementor-section-height-default elementor-section-height-default\" data-id=\"62ea17e\" data-element_type=\"section\" data-e-type=\"section\">\n\t\t\t\t\t\t<div class=\"elementor-container elementor-column-gap-default\">\n\t\t\t\t\t<div class=\"elementor-column elementor-col-100 elementor-top-column elementor-element elementor-element-955e86b\" data-id=\"955e86b\" data-element_type=\"column\" data-e-type=\"column\">\n\t\t\t<div class=\"elementor-widget-wrap elementor-element-populated\">\n\t\t\t\t\t\t<div class=\"elementor-element elementor-element-fc5f5f9 elementor-widget elementor-widget-spacer\" data-id=\"fc5f5f9\" data-element_type=\"widget\" data-e-type=\"widget\" data-widget_type=\"spacer.default\">\n\t\t\t\t\t\t\t<div class=\"elementor-spacer\">\n\t\t\t<div class=\"elementor-spacer-inner\"><\/div>\n\t\t<\/div>\n\t\t\t\t\t\t<\/div>\n\t\t\t\t<div class=\"elementor-element elementor-element-65b5fa1 elementor-widget elementor-widget-text-editor\" data-id=\"65b5fa1\" data-element_type=\"widget\" data-e-type=\"widget\" data-widget_type=\"text-editor.default\">\n\t\t\t\t\t\t\t\t\t<p>Dans le cercle avec nos partenaires de coop\u00e9ration, nous parvenons \u00e0 prendre en compte diff\u00e9rents points de vue et perspectives et \u00e0 les rendre utilisables conjointement. L\u00e0 o\u00f9 c&#8217;est n\u00e9cessaire, nous nous impliquons les uns les autres:<\/p>\t\t\t\t\t\t\t\t<\/div>\n\t\t\t\t<div class=\"elementor-element elementor-element-371eee8 elementor-widget elementor-widget-spacer\" data-id=\"371eee8\" data-element_type=\"widget\" data-e-type=\"widget\" data-widget_type=\"spacer.default\">\n\t\t\t\t\t\t\t<div class=\"elementor-spacer\">\n\t\t\t<div class=\"elementor-spacer-inner\"><\/div>\n\t\t<\/div>\n\t\t\t\t\t\t<\/div>\n\t\t\t\t\t<\/div>\n\t\t<\/div>\n\t\t\t\t\t<\/div>\n\t\t<\/section>\n\t\t\t\t<section class=\"elementor-section elementor-top-section elementor-element elementor-element-53ac8b8 elementor-section-boxed elementor-section-height-default elementor-section-height-default\" data-id=\"53ac8b8\" data-element_type=\"section\" data-e-type=\"section\">\n\t\t\t\t\t\t<div class=\"elementor-container elementor-column-gap-wide\">\n\t\t\t\t\t<div class=\"elementor-column elementor-col-33 elementor-top-column elementor-element elementor-element-5fde35f\" data-id=\"5fde35f\" data-element_type=\"column\" data-e-type=\"column\">\n\t\t\t<div class=\"elementor-widget-wrap elementor-element-populated\">\n\t\t\t\t\t\t<div class=\"elementor-element elementor-element-5300fcb elementor-widget elementor-widget-image\" data-id=\"5300fcb\" data-element_type=\"widget\" data-e-type=\"widget\" data-widget_type=\"image.default\">\n\t\t\t\t\t\t\t\t\t\t\t\t\t\t\t\t<a href=\"http:\/\/www.ibct-consultants.com\/de\/index.html\" target=\"_blank\">\n\t\t\t\t\t\t\t<img decoding=\"async\" width=\"433\" height=\"58\" src=\"https:\/\/circle2.de\/fr\/wp-content\/uploads\/sites\/6\/2025\/08\/logo-ibc.png\" class=\"attachment-medium size-medium wp-image-8179\" alt=\"IBC-Logo\" srcset=\"https:\/\/circle2.de\/fr\/wp-content\/uploads\/sites\/6\/2025\/08\/logo-ibc.png 433w, https:\/\/circle2.de\/fr\/wp-content\/uploads\/sites\/6\/2025\/08\/logo-ibc-400x54.png 400w\" sizes=\"(max-width: 433px) 100vw, 433px\" \/>\t\t\t\t\t\t\t\t<\/a>\n\t\t\t\t\t\t\t\t\t\t\t\t\t\t\t<\/div>\n\t\t\t\t\t<\/div>\n\t\t<\/div>\n\t\t\t\t<div class=\"elementor-column elementor-col-66 elementor-top-column elementor-element elementor-element-2db36a4\" data-id=\"2db36a4\" data-element_type=\"column\" data-e-type=\"column\">\n\t\t\t<div class=\"elementor-widget-wrap elementor-element-populated\">\n\t\t\t\t\t\t<div class=\"elementor-element elementor-element-107c4ed elementor-widget elementor-widget-text-editor\" data-id=\"107c4ed\" data-element_type=\"widget\" data-e-type=\"widget\" data-widget_type=\"text-editor.default\">\n\t\t\t\t\t\t\t\t\tIBC &#8211; International Business Coaching, Training et Consulting<br> \nIBC et son r\u00e9seau disposent d&#8217;une vaste exp\u00e9rience dans le domaine du d\u00e9veloppement international des cadres et des projets internationaux de gestion du changement dans divers secteurs.\t\t\t\t\t\t\t\t<\/div>\n\t\t\t\t\t<\/div>\n\t\t<\/div>\n\t\t\t\t\t<\/div>\n\t\t<\/section>\n\t\t\t\t<section class=\"elementor-section elementor-top-section elementor-element elementor-element-7d37a83 elementor-section-boxed elementor-section-height-default elementor-section-height-default\" data-id=\"7d37a83\" data-element_type=\"section\" data-e-type=\"section\">\n\t\t\t\t\t\t<div class=\"elementor-container elementor-column-gap-wide\">\n\t\t\t\t\t<div class=\"elementor-column elementor-col-33 elementor-top-column elementor-element elementor-element-f82a57e\" data-id=\"f82a57e\" data-element_type=\"column\" data-e-type=\"column\">\n\t\t\t<div class=\"elementor-widget-wrap elementor-element-populated\">\n\t\t\t\t\t\t<div class=\"elementor-element elementor-element-8c35001 elementor-widget elementor-widget-image\" data-id=\"8c35001\" data-element_type=\"widget\" data-e-type=\"widget\" data-widget_type=\"image.default\">\n\t\t\t\t\t\t\t\t\t\t\t\t\t\t\t\t<a href=\"https:\/\/www.parameta.de\/\" target=\"_blank\">\n\t\t\t\t\t\t\t<img decoding=\"async\" width=\"200\" height=\"185\" src=\"https:\/\/circle2.de\/fr\/wp-content\/uploads\/sites\/6\/2024\/01\/PM_Logo.png\" class=\"attachment-large size-large wp-image-5294\" alt=\"\" \/>\t\t\t\t\t\t\t\t<\/a>\n\t\t\t\t\t\t\t\t\t\t\t\t\t\t\t<\/div>\n\t\t\t\t\t<\/div>\n\t\t<\/div>\n\t\t\t\t<div class=\"elementor-column elementor-col-66 elementor-top-column elementor-element elementor-element-5bb6525\" data-id=\"5bb6525\" data-element_type=\"column\" data-e-type=\"column\">\n\t\t\t<div class=\"elementor-widget-wrap elementor-element-populated\">\n\t\t\t\t\t\t<div class=\"elementor-element elementor-element-0de917b elementor-widget elementor-widget-text-editor\" data-id=\"0de917b\" data-element_type=\"widget\" data-e-type=\"widget\" data-widget_type=\"text-editor.default\">\n\t\t\t\t\t\t\t\t\tAvec nos conseils en gestion de projet, nous aidons les organisations informatiques et de num\u00e9risation \u00e0 rendre leurs projets plus rapides et plus fructueux. Le tout dans l&#8217;esprit d&#8217;une v\u00e9locit\u00e9 optimis\u00e9e de mani\u00e8re globale.  \t\t\t\t\t\t\t\t<\/div>\n\t\t\t\t\t<\/div>\n\t\t<\/div>\n\t\t\t\t\t<\/div>\n\t\t<\/section>\n\t\t\t\t<section class=\"elementor-section elementor-top-section elementor-element elementor-element-804aa7f elementor-section-boxed elementor-section-height-default elementor-section-height-default\" data-id=\"804aa7f\" data-element_type=\"section\" data-e-type=\"section\">\n\t\t\t\t\t\t<div class=\"elementor-container elementor-column-gap-wide\">\n\t\t\t\t\t<div class=\"elementor-column elementor-col-33 elementor-top-column elementor-element elementor-element-e4e7c42\" data-id=\"e4e7c42\" data-element_type=\"column\" data-e-type=\"column\">\n\t\t\t<div class=\"elementor-widget-wrap elementor-element-populated\">\n\t\t\t\t\t\t<div class=\"elementor-element elementor-element-f430932 elementor-widget elementor-widget-image\" data-id=\"f430932\" data-element_type=\"widget\" data-e-type=\"widget\" data-widget_type=\"image.default\">\n\t\t\t\t\t\t\t\t\t\t\t\t\t\t\t\t<a href=\"http:\/\/www.matrixpartner.de\/\" target=\"_blank\">\n\t\t\t\t\t\t\t<img decoding=\"async\" width=\"200\" height=\"25\" src=\"https:\/\/circle2.de\/fr\/wp-content\/uploads\/sites\/6\/2024\/01\/Logo_MatrixPartner.png\" class=\"attachment-large size-large wp-image-5295\" alt=\"\" \/>\t\t\t\t\t\t\t\t<\/a>\n\t\t\t\t\t\t\t\t\t\t\t\t\t\t\t<\/div>\n\t\t\t\t\t<\/div>\n\t\t<\/div>\n\t\t\t\t<div class=\"elementor-column elementor-col-66 elementor-top-column elementor-element elementor-element-d656ef8\" data-id=\"d656ef8\" data-element_type=\"column\" data-e-type=\"column\">\n\t\t\t<div class=\"elementor-widget-wrap elementor-element-populated\">\n\t\t\t\t\t\t<div class=\"elementor-element elementor-element-7e4ca8b elementor-widget elementor-widget-text-editor\" data-id=\"7e4ca8b\" data-element_type=\"widget\" data-e-type=\"widget\" data-widget_type=\"text-editor.default\">\n\t\t\t\t\t\t\t\t\tMatrixPartner se concentre notamment sur l&#8217;am\u00e9lioration de l&#8217;excellence op\u00e9rationnelle en mettant l&#8217;accent sur le lean management et le CIP, l&#8217;optimisation de la production, l&#8217;optimisation des achats, la gestion du fonds de roulement et la gestion informatique, entre autres. En outre, MatrixPartner est l&#8217;une des principales soci\u00e9t\u00e9s de conseil en Allemagne pour toutes les questions li\u00e9es \u00e0 la cod\u00e9termination.  \t\t\t\t\t\t\t\t<\/div>\n\t\t\t\t\t<\/div>\n\t\t<\/div>\n\t\t\t\t\t<\/div>\n\t\t<\/section>\n\t\t\t\t<section class=\"elementor-section elementor-top-section elementor-element elementor-element-891e4eb elementor-section-boxed elementor-section-height-default elementor-section-height-default\" data-id=\"891e4eb\" data-element_type=\"section\" data-e-type=\"section\">\n\t\t\t\t\t\t<div class=\"elementor-container elementor-column-gap-default\">\n\t\t\t\t\t<div class=\"elementor-column elementor-col-100 elementor-top-column elementor-element elementor-element-3112762\" data-id=\"3112762\" data-element_type=\"column\" data-e-type=\"column\">\n\t\t\t<div class=\"elementor-widget-wrap elementor-element-populated\">\n\t\t\t\t\t\t<div class=\"elementor-element elementor-element-91b06a5 elementor-widget elementor-widget-spacer\" data-id=\"91b06a5\" data-element_type=\"widget\" data-e-type=\"widget\" data-widget_type=\"spacer.default\">\n\t\t\t\t\t\t\t<div class=\"elementor-spacer\">\n\t\t\t<div class=\"elementor-spacer-inner\"><\/div>\n\t\t<\/div>\n\t\t\t\t\t\t<\/div>\n\t\t\t\t\t<\/div>\n\t\t<\/div>\n\t\t\t\t\t<\/div>\n\t\t<\/section>\n\t\t\t\t<section class=\"elementor-section elementor-top-section elementor-element elementor-element-6f891e8 elementor-section-boxed elementor-section-height-default elementor-section-height-default\" data-id=\"6f891e8\" data-element_type=\"section\" data-e-type=\"section\">\n\t\t\t\t\t\t<div class=\"elementor-container elementor-column-gap-wide\">\n\t\t\t\t\t<div class=\"elementor-column elementor-col-33 elementor-top-column elementor-element elementor-element-ede5827\" data-id=\"ede5827\" data-element_type=\"column\" data-e-type=\"column\">\n\t\t\t<div class=\"elementor-widget-wrap elementor-element-populated\">\n\t\t\t\t\t\t<div class=\"elementor-element elementor-element-6ee947d elementor-widget elementor-widget-image\" data-id=\"6ee947d\" data-element_type=\"widget\" data-e-type=\"widget\" data-widget_type=\"image.default\">\n\t\t\t\t\t\t\t\t\t\t\t\t\t\t\t\t<a href=\"https:\/\/des-mach-ma.de\" target=\"_blank\">\n\t\t\t\t\t\t\t<img loading=\"lazy\" decoding=\"async\" width=\"640\" height=\"480\" src=\"https:\/\/circle2.de\/fr\/wp-content\/uploads\/sites\/6\/2024\/01\/desmachma_logo.jpg\" class=\"attachment-large size-large wp-image-5296\" alt=\"\" srcset=\"https:\/\/circle2.de\/fr\/wp-content\/uploads\/sites\/6\/2024\/01\/desmachma_logo.jpg 640w, https:\/\/circle2.de\/fr\/wp-content\/uploads\/sites\/6\/2024\/01\/desmachma_logo-400x300.jpg 400w\" sizes=\"(max-width: 640px) 100vw, 640px\" \/>\t\t\t\t\t\t\t\t<\/a>\n\t\t\t\t\t\t\t\t\t\t\t\t\t\t\t<\/div>\n\t\t\t\t\t<\/div>\n\t\t<\/div>\n\t\t\t\t<div class=\"elementor-column elementor-col-66 elementor-top-column elementor-element elementor-element-7edb51f\" data-id=\"7edb51f\" data-element_type=\"column\" data-e-type=\"column\">\n\t\t\t<div class=\"elementor-widget-wrap elementor-element-populated\">\n\t\t\t\t\t\t<div class=\"elementor-element elementor-element-6c57f2f elementor-widget__width-initial elementor-widget elementor-widget-text-editor\" data-id=\"6c57f2f\" data-element_type=\"widget\" data-e-type=\"widget\" data-widget_type=\"text-editor.default\">\n\t\t\t\t\t\t\t\t\t<p>Avec l&#8217;initiative Aktionstag M\u00fcnchner Unternehmen <a href=\"https:\/\/www.des-mach-ma.de\" target=\"_blank\" rel=\"noopener\">Des mach ma!<\/a> et la pr\u00e9paration et l&#8217;organisation de journ\u00e9es sociales (<a href=\"https:\/\/www.barbara-lenz.com\" target=\"_blank\" rel=\"noopener\">www.barbara-lenz.com<\/a>) Barbara Lenz cr\u00e9e des rencontres significatives pour les entreprises et leurs employ\u00e9s, qui ont un effet durable sur la culture d&#8217;entreprise, le sentiment d&#8217;appartenance et la coop\u00e9ration professionnelle. Le service couvre tous les aspects de la pr\u00e9paration et de la mise en \u0153uvre, conform\u00e9ment \u00e0 la devise &#8222;Doing good, made easy&#8220;.<\/p>\t\t\t\t\t\t\t\t<\/div>\n\t\t\t\t\t<\/div>\n\t\t<\/div>\n\t\t\t\t\t<\/div>\n\t\t<\/section>\n\t\t\t\t<\/div>\n\t\t","protected":false},"excerpt":{"rendered":"<p>\u00c0propos de nous Partenaires associ\u00e9s Circle2 et &#8230; Dans le cercle avec nos partenaires de coop\u00e9ration, nous parvenons \u00e0 prendre en compte diff\u00e9rents points de vue et perspectives et \u00e0 les rendre utilisables conjointement. L\u00e0 o\u00f9 c&#8217;est n\u00e9cessaire, nous nous impliquons les uns les autres: IBC &#8211; International Business Coaching, Training et Consulting IBC et &#8230;<\/p>\n","protected":false},"author":1,"featured_media":0,"parent":0,"menu_order":0,"comment_status":"closed","ping_status":"closed","template":"","meta":{"inline_featured_image":false,"footnotes":"","_links_to":"","_links_to_target":""},"class_list":["post-34","page","type-page","status-publish"],"_links":{"self":[{"href":"https:\/\/circle2.de\/fr\/wp-json\/wp\/v2\/pages\/34","targetHints":{"allow":["GET"]}}],"collection":[{"href":"https:\/\/circle2.de\/fr\/wp-json\/wp\/v2\/pages"}],"about":[{"href":"https:\/\/circle2.de\/fr\/wp-json\/wp\/v2\/types\/page"}],"author":[{"embeddable":true,"href":"https:\/\/circle2.de\/fr\/wp-json\/wp\/v2\/users\/1"}],"replies":[{"embeddable":true,"href":"https:\/\/circle2.de\/fr\/wp-json\/wp\/v2\/comments?post=34"}],"version-history":[{"count":248,"href":"https:\/\/circle2.de\/fr\/wp-json\/wp\/v2\/pages\/34\/revisions"}],"predecessor-version":[{"id":8186,"href":"https:\/\/circle2.de\/fr\/wp-json\/wp\/v2\/pages\/34\/revisions\/8186"}],"wp:attachment":[{"href":"https:\/\/circle2.de\/fr\/wp-json\/wp\/v2\/media?parent=34"}],"curies":[{"name":"wp","href":"https:\/\/api.w.org\/{rel}","templated":true}]}}