{"id":32,"date":"2021-11-21T13:28:27","date_gmt":"2021-11-21T12:28:27","guid":{"rendered":"https:\/\/circle2.de\/fr\/?page_id=32"},"modified":"2024-02-07T16:05:34","modified_gmt":"2024-02-07T15:05:34","slug":"outils","status":"publish","type":"page","link":"https:\/\/circle2.de\/fr\/outils\/","title":{"rendered":"Outils"},"content":{"rendered":"\t\t<div data-elementor-type=\"wp-page\" data-elementor-id=\"32\" class=\"elementor elementor-32\" data-elementor-post-type=\"page\">\n\t\t\t\t\t\t<section class=\"elementor-section elementor-top-section elementor-element elementor-element-976dd97 elementor-section-boxed elementor-section-height-default elementor-section-height-default\" data-id=\"976dd97\" data-element_type=\"section\" data-e-type=\"section\">\n\t\t\t\t\t\t<div class=\"elementor-container elementor-column-gap-default\">\n\t\t\t\t\t<div class=\"elementor-column elementor-col-100 elementor-top-column elementor-element elementor-element-781af9d\" data-id=\"781af9d\" data-element_type=\"column\" data-e-type=\"column\">\n\t\t\t<div class=\"elementor-widget-wrap elementor-element-populated\">\n\t\t\t\t\t\t<div class=\"elementor-element elementor-element-8b796ac elementor-widget elementor-widget-html\" data-id=\"8b796ac\" data-element_type=\"widget\" data-e-type=\"widget\" data-widget_type=\"html.default\">\n\t\t\t\t\t<div class=\"kopf tools\">\n<icon><img decoding=\"async\" src=\"https:\/\/circle2.de\/fr\/wp-content\/uploads\/2021\/11\/icon_tools.svg\"<\/icon>  \n<h2>Outils et plateformes<\/h2>\n<\/div>\n\t\t\t\t<\/div>\n\t\t\t\t\t<\/div>\n\t\t<\/div>\n\t\t\t\t\t<\/div>\n\t\t<\/section>\n\t\t\t\t<section class=\"elementor-section elementor-top-section elementor-element elementor-element-50e6571 elementor-section-boxed elementor-section-height-default elementor-section-height-default\" data-id=\"50e6571\" data-element_type=\"section\" data-e-type=\"section\">\n\t\t\t\t\t\t<div class=\"elementor-container elementor-column-gap-default\">\n\t\t\t\t\t<div class=\"elementor-column elementor-col-100 elementor-top-column elementor-element elementor-element-09d4129\" data-id=\"09d4129\" data-element_type=\"column\" data-e-type=\"column\">\n\t\t\t<div class=\"elementor-widget-wrap elementor-element-populated\">\n\t\t\t\t\t\t<div class=\"elementor-element elementor-element-cf06b12 elementor-widget elementor-widget-heading\" data-id=\"cf06b12\" data-element_type=\"widget\" data-e-type=\"widget\" data-widget_type=\"heading.default\">\n\t\t\t\t\t<h1 class=\"elementor-heading-title elementor-size-default\">Pour des contextes sp\u00e9cifiques, nous proposons<\/h1>\t\t\t\t<\/div>\n\t\t\t\t\t<\/div>\n\t\t<\/div>\n\t\t\t\t\t<\/div>\n\t\t<\/section>\n\t\t\t\t<section class=\"elementor-section elementor-top-section elementor-element elementor-element-6ca3c99 elementor-section-boxed elementor-section-height-default elementor-section-height-default\" data-id=\"6ca3c99\" data-element_type=\"section\" data-e-type=\"section\">\n\t\t\t\t\t\t<div class=\"elementor-container elementor-column-gap-default\">\n\t\t\t\t\t<div class=\"elementor-column elementor-col-100 elementor-top-column elementor-element elementor-element-03d1327\" data-id=\"03d1327\" data-element_type=\"column\" data-e-type=\"column\">\n\t\t\t<div class=\"elementor-widget-wrap elementor-element-populated\">\n\t\t\t\t\t\t<div class=\"elementor-element elementor-element-34afa8b elementor-widget elementor-widget-text-editor\" data-id=\"34afa8b\" data-element_type=\"widget\" data-e-type=\"widget\" data-widget_type=\"text-editor.default\">\n\t\t\t\t\t\t\t\t\t<p>R\u00e9troac<b>tion<\/b><strong> \u00e0 360\u00b0:<br \/><\/strong>Nous utilisons des questionnaires sp\u00e9cifiques pour fournir un feedback rapide et simple \u00e0 vos dirigeants, qu&#8217;ils peuvent utiliser imm\u00e9diatement pour ajuster leur comportement de leadership.<\/p><p>\u00a0<\/p><p><strong>\u00a0<\/strong><\/p><p>Enqu\u00eates aupr\u00e8s des employ\u00e9s:<br \/>Vous obtenez rapidement des informations bas\u00e9es sur des donn\u00e9es qui leur indiquent les domaines d&#8217;action pertinents pour le d\u00e9veloppement futur de votre entreprise.<\/p><p>\u00a0<\/p><p>\u00a0<\/p><p>Syst\u00e8me de gestion de l&#8217;apprentissage:<\/p><p><span style=\"font-size: calc(15.5px + 0.15625vw); font-weight: var( --e-global-typography-text-font-weight );\">Nous mettons en ligne des contenus d&#8217;apprentissage de mani\u00e8re simple et intuitive. Qu&#8217;il s&#8217;agisse d&#8217;une formation en classe, d&#8217;une formation en ligne en direct ou d&#8217;un cours d&#8217;apprentissage en ligne pur.<\/span><\/p><p><br \/><b>Centre d&#8217;\u00e9valuation et de d\u00e9veloppement:<\/b><\/p><p>Les centres d&#8217;\u00e9valuation sont davantage destin\u00e9s \u00e0 la s\u00e9lection des employ\u00e9s, tandis que les centres de d\u00e9veloppement sont davantage des outils de d\u00e9veloppement et d&#8217;avancement. Dans le cadre de proc\u00e9dures multimodales, c&#8217;est-\u00e0-dire en combinant plusieurs m\u00e9thodes, nous enregistrons pour vous des comp\u00e9tences et des potentiels sp\u00e9cifiques qui sont pertinents pour l&#8217;avenir.<\/p><p><br \/><b>\u00c9valuations de potentiel<\/b><br \/>Les \u00e9valuations de potentiel soutiennent le recrutement des cadres en particulier, leur int\u00e9gration et leur d\u00e9veloppement cibl\u00e9, ainsi que le coaching individuel.<\/p>\t\t\t\t\t\t\t\t<\/div>\n\t\t\t\t\t<\/div>\n\t\t<\/div>\n\t\t\t\t\t<\/div>\n\t\t<\/section>\n\t\t\t\t<section class=\"elementor-section elementor-top-section elementor-element elementor-element-48d412a elementor-section-boxed elementor-section-height-default elementor-section-height-default\" data-id=\"48d412a\" data-element_type=\"section\" data-e-type=\"section\">\n\t\t\t\t\t\t<div class=\"elementor-container elementor-column-gap-default\">\n\t\t\t\t\t<div class=\"elementor-column elementor-col-100 elementor-top-column elementor-element elementor-element-4de2ca6\" data-id=\"4de2ca6\" data-element_type=\"column\" data-e-type=\"column\">\n\t\t\t<div class=\"elementor-widget-wrap elementor-element-populated\">\n\t\t\t\t\t\t<div class=\"elementor-element elementor-element-5dfe88b elementor-widget elementor-widget-spacer\" data-id=\"5dfe88b\" data-element_type=\"widget\" data-e-type=\"widget\" data-widget_type=\"spacer.default\">\n\t\t\t\t\t\t\t<div class=\"elementor-spacer\">\n\t\t\t<div class=\"elementor-spacer-inner\"><\/div>\n\t\t<\/div>\n\t\t\t\t\t\t<\/div>\n\t\t\t\t\t<\/div>\n\t\t<\/div>\n\t\t\t\t\t<\/div>\n\t\t<\/section>\n\t\t\t\t<\/div>\n\t\t","protected":false},"excerpt":{"rendered":"","protected":false},"author":1,"featured_media":0,"parent":0,"menu_order":0,"comment_status":"closed","ping_status":"closed","template":"","meta":{"inline_featured_image":false,"footnotes":"","_links_to":"","_links_to_target":""},"class_list":["post-32","page","type-page","status-publish"],"_links":{"self":[{"href":"https:\/\/circle2.de\/fr\/wp-json\/wp\/v2\/pages\/32","targetHints":{"allow":["GET"]}}],"collection":[{"href":"https:\/\/circle2.de\/fr\/wp-json\/wp\/v2\/pages"}],"about":[{"href":"https:\/\/circle2.de\/fr\/wp-json\/wp\/v2\/types\/page"}],"author":[{"embeddable":true,"href":"https:\/\/circle2.de\/fr\/wp-json\/wp\/v2\/users\/1"}],"replies":[{"embeddable":true,"href":"https:\/\/circle2.de\/fr\/wp-json\/wp\/v2\/comments?post=32"}],"version-history":[{"count":38,"href":"https:\/\/circle2.de\/fr\/wp-json\/wp\/v2\/pages\/32\/revisions"}],"predecessor-version":[{"id":5594,"href":"https:\/\/circle2.de\/fr\/wp-json\/wp\/v2\/pages\/32\/revisions\/5594"}],"wp:attachment":[{"href":"https:\/\/circle2.de\/fr\/wp-json\/wp\/v2\/media?parent=32"}],"curies":[{"name":"wp","href":"https:\/\/api.w.org\/{rel}","templated":true}]}}