{"id":2797,"date":"2021-12-10T09:35:19","date_gmt":"2021-12-10T08:35:19","guid":{"rendered":"https:\/\/circle2.de\/fr\/?page_id=2797"},"modified":"2025-04-17T14:25:12","modified_gmt":"2025-04-17T12:25:12","slug":"a-propos-de-nous","status":"publish","type":"page","link":"https:\/\/circle2.de\/fr\/a-propos-de-nous\/","title":{"rendered":"A propos de nous"},"content":{"rendered":"\t\t<div data-elementor-type=\"wp-page\" data-elementor-id=\"2797\" class=\"elementor elementor-2797\" data-elementor-post-type=\"page\">\n\t\t\t\t\t\t<section class=\"elementor-section elementor-top-section elementor-element elementor-element-f949369 elementor-section-boxed elementor-section-height-default elementor-section-height-default\" data-id=\"f949369\" data-element_type=\"section\" data-e-type=\"section\">\n\t\t\t\t\t\t<div class=\"elementor-container elementor-column-gap-default\">\n\t\t\t\t\t<div class=\"elementor-column elementor-col-100 elementor-top-column elementor-element elementor-element-c92bc5d\" data-id=\"c92bc5d\" data-element_type=\"column\" data-e-type=\"column\">\n\t\t\t<div class=\"elementor-widget-wrap elementor-element-populated\">\n\t\t\t\t\t\t<div class=\"elementor-element elementor-element-484b7af elementor-widget elementor-widget-html\" data-id=\"484b7af\" data-element_type=\"widget\" data-e-type=\"widget\" data-widget_type=\"html.default\">\n\t\t\t\t\t<div class=\"kopf uns\">\n&lt;img src=&quot;https:\/\/circle2.de\/fr\/wp-content\/uploads\/2021\/11\/icon_ueberuns.svg&quot;  \n<h2>A propos de nous<\/h2>\n<\/div>\t\t\t\t<\/div>\n\t\t\t\t\t<\/div>\n\t\t<\/div>\n\t\t\t\t\t<\/div>\n\t\t<\/section>\n\t\t\t\t<section class=\"elementor-section elementor-top-section elementor-element elementor-element-6d0f84b elementor-section-boxed elementor-section-height-default elementor-section-height-default\" data-id=\"6d0f84b\" data-element_type=\"section\" data-e-type=\"section\">\n\t\t\t\t\t\t<div class=\"elementor-container elementor-column-gap-default\">\n\t\t\t\t\t<div class=\"elementor-column elementor-col-100 elementor-top-column elementor-element elementor-element-f65a4ca\" data-id=\"f65a4ca\" data-element_type=\"column\" data-e-type=\"column\">\n\t\t\t<div class=\"elementor-widget-wrap elementor-element-populated\">\n\t\t\t\t\t\t<div class=\"elementor-element elementor-element-ac8632a elementor-widget elementor-widget-heading\" data-id=\"ac8632a\" data-element_type=\"widget\" data-e-type=\"widget\" data-widget_type=\"heading.default\">\n\t\t\t\t\t<h1 class=\"elementor-heading-title elementor-size-default\">Ensemble pour l'ensemble<\/h1>\t\t\t\t<\/div>\n\t\t\t\t\t<\/div>\n\t\t<\/div>\n\t\t\t\t\t<\/div>\n\t\t<\/section>\n\t\t\t\t<section class=\"elementor-section elementor-top-section elementor-element elementor-element-d8ebecf elementor-section-boxed elementor-section-height-default elementor-section-height-default\" data-id=\"d8ebecf\" data-element_type=\"section\" data-e-type=\"section\">\n\t\t\t\t\t\t<div class=\"elementor-container elementor-column-gap-default\">\n\t\t\t\t\t<div class=\"elementor-column elementor-col-66 elementor-top-column elementor-element elementor-element-399d9e9\" data-id=\"399d9e9\" data-element_type=\"column\" data-e-type=\"column\">\n\t\t\t<div class=\"elementor-widget-wrap elementor-element-populated\">\n\t\t\t\t\t\t<div class=\"elementor-element elementor-element-6bf0598 elementor-widget elementor-widget-text-editor\" data-id=\"6bf0598\" data-element_type=\"widget\" data-e-type=\"widget\" data-widget_type=\"text-editor.default\">\n\t\t\t\t\t\t\t\t\tParall\u00e8lement, nous tenons compte de l&#8217;image que les collaborateurs ont d&#8217;eux-m\u00eames. Nous n&#8217;h\u00e9sitons pas \u00e0 poser des questions g\u00eanantes. \n<br>\n<br>\nNous organisons les processus de d\u00e9veloppement et d&#8217;apprentissage de mani\u00e8re \u00e0 ce qu&#8217;ils correspondent \u00e0 la culture cible et cr\u00e9ent une identit\u00e9. Notre objectif est de permettre une mise en \u0153uvre autonome.\n<br>\n<br>\nPeople &amp; Performance.\t\t\t\t\t\t\t\t<\/div>\n\t\t\t\t\t<\/div>\n\t\t<\/div>\n\t\t\t\t<div class=\"elementor-column elementor-col-33 elementor-top-column elementor-element elementor-element-9793e8e\" data-id=\"9793e8e\" data-element_type=\"column\" data-e-type=\"column\" data-settings=\"{&quot;background_background&quot;:&quot;classic&quot;}\">\n\t\t\t<div class=\"elementor-widget-wrap elementor-element-populated\">\n\t\t\t\t\t\t<div class=\"elementor-element elementor-element-b3e7c75 elementor--h-position-center elementor--v-position-middle elementor-pagination-position-inside elementor-widget elementor-widget-slides\" data-id=\"b3e7c75\" data-element_type=\"widget\" data-e-type=\"widget\" data-settings=\"{&quot;navigation&quot;:&quot;dots&quot;,&quot;autoplay_speed&quot;:&quot;3000&quot;,&quot;autoplay&quot;:&quot;yes&quot;,&quot;pause_on_interaction&quot;:&quot;yes&quot;,&quot;infinite&quot;:&quot;yes&quot;,&quot;transition&quot;:&quot;slide&quot;,&quot;transition_speed&quot;:500}\" data-widget_type=\"slides.default\">\n\t\t\t\t\t\t\t\t\t\t<div class=\"elementor-slides-wrapper elementor-main-swiper swiper\" role=\"region\" aria-roledescription=\"carousel\" aria-label=\"Slider\" dir=\"ltr\" data-animation=\"zoomIn\">\n\t\t\t\t<div class=\"swiper-wrapper elementor-slides\">\n\t\t\t\t\t\t\t\t\t\t<div class=\"elementor-repeater-item-2eeb8d5 swiper-slide\" role=\"group\" aria-roledescription=\"slide\"><div class=\"swiper-slide-bg\"><\/div><a class=\"swiper-slide-inner\" href=\"https:\/\/circle2.de\/fr\/services\/leadership\/\"><div class=\"swiper-slide-contents\"><div class=\"elementor-slide-heading\">la r\u00e9alit\u00e9 m\u00e8ne<\/div><div  class=\"elementor-button elementor-slide-button elementor-size-sm\">Plus<\/div><\/div><\/a><\/div><div class=\"elementor-repeater-item-2211577 swiper-slide\" role=\"group\" aria-roledescription=\"slide\"><div class=\"swiper-slide-bg\"><\/div><a class=\"swiper-slide-inner\" href=\"https:\/\/circle2.de\/fr\/services\/cooperation\/\"><div class=\"swiper-slide-contents\"><div class=\"elementor-slide-heading\">la coop\u00e9ration d\u00e9cide<\/div><div  class=\"elementor-button elementor-slide-button elementor-size-sm\">Plus<\/div><\/div><\/a><\/div><div class=\"elementor-repeater-item-613986d swiper-slide\" role=\"group\" aria-roledescription=\"slide\"><div class=\"swiper-slide-bg\"><\/div><a class=\"swiper-slide-inner\" href=\"https:\/\/circle2.de\/fr\/services\/changement\/\"><div class=\"swiper-slide-contents\"><div class=\"elementor-slide-heading\">Le changement est r\u00e9alisable<\/div><div  class=\"elementor-button elementor-slide-button elementor-size-sm\">Plus<\/div><\/div><\/a><\/div><div class=\"elementor-repeater-item-18f9b2f swiper-slide\" role=\"group\" aria-roledescription=\"slide\"><div class=\"swiper-slide-bg\"><\/div><a class=\"swiper-slide-inner\" href=\"https:\/\/circle2.de\/fr\/services\/ventes\/\"><div class=\"swiper-slide-contents\"><div class=\"elementor-slide-heading\">les clients ach\u00e8tent de la valeur<\/div><div  class=\"elementor-button elementor-slide-button elementor-size-sm\">Plus<\/div><\/div><\/a><\/div>\t\t\t\t<\/div>\n\t\t\t\t\t\t\t\t\t\t\t\t\t\t\t\t\t\t\t\t<div class=\"swiper-pagination\"><\/div>\n\t\t\t\t\t\t\t\t\t\t\t\t<\/div>\n\t\t\t\t\t\t\t\t<\/div>\n\t\t\t\t\t<\/div>\n\t\t<\/div>\n\t\t\t\t\t<\/div>\n\t\t<\/section>\n\t\t\t\t<section class=\"elementor-section elementor-top-section elementor-element elementor-element-5029db38 elementor-section-boxed elementor-section-height-default elementor-section-height-default\" data-id=\"5029db38\" data-element_type=\"section\" data-e-type=\"section\">\n\t\t\t\t\t\t<div class=\"elementor-container elementor-column-gap-default\">\n\t\t\t\t\t<div class=\"elementor-column elementor-col-100 elementor-top-column elementor-element elementor-element-7b186336\" data-id=\"7b186336\" data-element_type=\"column\" data-e-type=\"column\">\n\t\t\t<div class=\"elementor-widget-wrap elementor-element-populated\">\n\t\t\t\t\t\t<div class=\"elementor-element elementor-element-39fb7b72 elementor-widget elementor-widget-html\" data-id=\"39fb7b72\" data-element_type=\"widget\" data-e-type=\"widget\" data-widget_type=\"html.default\">\n\t\t\t\t\t<div class=\"port\">\n<div class=\"chart geschichte\"><a class=\"skip\" href=\"histoire\/\"><img decoding=\"async\" src=\"https:\/\/circle2.de\/fr\/wp-content\/uploads\/2021\/11\/icon_fuehrung.svg\" \/><h4>notre histoire<\/h4><\/a><\/div>\n<div class=\"chart team\"><a class=\"skip\" href=\"equipe\/\"><img decoding=\"async\" src=\"https:\/\/circle2.de\/fr\/wp-content\/uploads\/2021\/11\/icon_kooperation.svg\" \/><h4>notre \u00e9quipe<\/h4><\/a><\/div>\n<div class=\"chart position\"><a class=\"skip\" href=\"position\/\"><img decoding=\"async\" src=\"https:\/\/circle2.de\/fr\/wp-content\/uploads\/2021\/11\/icon_coaching.svg\" \/><h4>nos valeurs<\/h4><\/a><\/div>\n<\/div>\t\t\t\t<\/div>\n\t\t\t\t\t<\/div>\n\t\t<\/div>\n\t\t\t\t\t<\/div>\n\t\t<\/section>\n\t\t\t\t<section class=\"elementor-section elementor-top-section elementor-element elementor-element-8227bfc elementor-section-boxed elementor-section-height-default elementor-section-height-default\" data-id=\"8227bfc\" data-element_type=\"section\" data-e-type=\"section\">\n\t\t\t\t\t\t<div class=\"elementor-container elementor-column-gap-default\">\n\t\t\t\t\t<div class=\"elementor-column elementor-col-100 elementor-top-column elementor-element elementor-element-189c86f\" data-id=\"189c86f\" data-element_type=\"column\" data-e-type=\"column\">\n\t\t\t<div class=\"elementor-widget-wrap elementor-element-populated\">\n\t\t\t\t\t\t<div class=\"elementor-element elementor-element-d1751c9 elementor-widget elementor-widget-spacer\" data-id=\"d1751c9\" data-element_type=\"widget\" data-e-type=\"widget\" data-widget_type=\"spacer.default\">\n\t\t\t\t\t\t\t<div class=\"elementor-spacer\">\n\t\t\t<div class=\"elementor-spacer-inner\"><\/div>\n\t\t<\/div>\n\t\t\t\t\t\t<\/div>\n\t\t\t\t\t<\/div>\n\t\t<\/div>\n\t\t\t\t\t<\/div>\n\t\t<\/section>\n\t\t\t\t<\/div>\n\t\t","protected":false},"excerpt":{"rendered":"<p>&lt;img src=&quot;https:\/\/circle2.de\/fr\/wp-content\/uploads\/2021\/11\/icon_ueberuns.svg&quot; A propos de nous Ensemble pour l&#8217;ensemble Parall\u00e8lement, nous tenons compte de l&#8217;image que les collaborateurs ont d&#8217;eux-m\u00eames. Nous n&#8217;h\u00e9sitons pas \u00e0 poser des questions g\u00eanantes. Nous organisons les processus de d\u00e9veloppement et d&#8217;apprentissage de mani\u00e8re \u00e0 ce qu&#8217;ils correspondent \u00e0 la culture cible et cr\u00e9ent une identit\u00e9. Notre objectif est de permettre &#8230;<\/p>\n","protected":false},"author":1,"featured_media":0,"parent":0,"menu_order":0,"comment_status":"closed","ping_status":"closed","template":"","meta":{"inline_featured_image":false,"footnotes":"","_links_to":"","_links_to_target":""},"class_list":["post-2797","page","type-page","status-publish"],"_links":{"self":[{"href":"https:\/\/circle2.de\/fr\/wp-json\/wp\/v2\/pages\/2797","targetHints":{"allow":["GET"]}}],"collection":[{"href":"https:\/\/circle2.de\/fr\/wp-json\/wp\/v2\/pages"}],"about":[{"href":"https:\/\/circle2.de\/fr\/wp-json\/wp\/v2\/types\/page"}],"author":[{"embeddable":true,"href":"https:\/\/circle2.de\/fr\/wp-json\/wp\/v2\/users\/1"}],"replies":[{"embeddable":true,"href":"https:\/\/circle2.de\/fr\/wp-json\/wp\/v2\/comments?post=2797"}],"version-history":[{"count":114,"href":"https:\/\/circle2.de\/fr\/wp-json\/wp\/v2\/pages\/2797\/revisions"}],"predecessor-version":[{"id":7985,"href":"https:\/\/circle2.de\/fr\/wp-json\/wp\/v2\/pages\/2797\/revisions\/7985"}],"wp:attachment":[{"href":"https:\/\/circle2.de\/fr\/wp-json\/wp\/v2\/media?parent=2797"}],"curies":[{"name":"wp","href":"https:\/\/api.w.org\/{rel}","templated":true}]}}