{"id":2554,"date":"2021-12-06T15:39:02","date_gmt":"2021-12-06T14:39:02","guid":{"rendered":"https:\/\/circle2.de\/fr\/?page_id=2554"},"modified":"2025-07-07T13:47:32","modified_gmt":"2025-07-07T11:47:32","slug":"andreas-weippert","status":"publish","type":"page","link":"https:\/\/circle2.de\/fr\/a-propos-de-nous\/equipe\/andreas-weippert\/","title":{"rendered":"Andreas Weippert"},"content":{"rendered":"\t\t<div data-elementor-type=\"wp-page\" data-elementor-id=\"2554\" class=\"elementor elementor-2554\" data-elementor-post-type=\"page\">\n\t\t\t\t\t\t<section class=\"elementor-section elementor-top-section elementor-element elementor-element-25d0ec8d elementor-section-boxed elementor-section-height-default elementor-section-height-default\" data-id=\"25d0ec8d\" data-element_type=\"section\" data-e-type=\"section\">\n\t\t\t\t\t\t<div class=\"elementor-container elementor-column-gap-default\">\n\t\t\t\t\t<div class=\"elementor-column elementor-col-100 elementor-top-column elementor-element elementor-element-1ac87a65\" data-id=\"1ac87a65\" data-element_type=\"column\" data-e-type=\"column\">\n\t\t\t<div class=\"elementor-widget-wrap elementor-element-populated\">\n\t\t\t\t\t\t<div class=\"elementor-element elementor-element-24791281 elementor-widget elementor-widget-heading\" data-id=\"24791281\" data-element_type=\"widget\" data-e-type=\"widget\" data-widget_type=\"heading.default\">\n\t\t\t\t\t<h5 class=\"elementor-heading-title elementor-size-default\">notre \u00e9quipe<\/h5>\t\t\t\t<\/div>\n\t\t\t\t<div class=\"elementor-element elementor-element-615996f8 elementor-widget elementor-widget-heading\" data-id=\"615996f8\" data-element_type=\"widget\" data-e-type=\"widget\" data-widget_type=\"heading.default\">\n\t\t\t\t\t<h1 class=\"elementor-heading-title elementor-size-default\">Andreas Weippert<\/h1>\t\t\t\t<\/div>\n\t\t\t\t\t<\/div>\n\t\t<\/div>\n\t\t\t\t\t<\/div>\n\t\t<\/section>\n\t\t\t\t<section class=\"elementor-section elementor-top-section elementor-element elementor-element-0df6669 elementor-section-boxed elementor-section-height-default elementor-section-height-default\" data-id=\"0df6669\" data-element_type=\"section\" data-e-type=\"section\">\n\t\t\t\t\t\t<div class=\"elementor-container elementor-column-gap-default\">\n\t\t\t\t\t<div class=\"elementor-column elementor-col-100 elementor-top-column elementor-element elementor-element-e913ebb\" data-id=\"e913ebb\" data-element_type=\"column\" data-e-type=\"column\">\n\t\t\t<div class=\"elementor-widget-wrap elementor-element-populated\">\n\t\t\t\t\t\t<div class=\"elementor-element elementor-element-11b299e elementor-widget elementor-widget-html\" data-id=\"11b299e\" data-element_type=\"widget\" data-e-type=\"widget\" data-widget_type=\"html.default\">\n\t\t\t\t\t<div class=\"triple\">\n<img decoding=\"async\" src=\"https:\/\/circle2.de\/fr\/wp-content\/uploads\/2021\/12\/weippert_1.jpg\" \/>\n<img decoding=\"async\" src=\"https:\/\/circle2.de\/fr\/wp-content\/uploads\/2021\/12\/weippert_2.jpg\" \/>\n<img decoding=\"async\" src=\"https:\/\/circle2.de\/fr\/wp-content\/uploads\/2022\/03\/schachfiguren.jpg\" \/>\n<\/div>\n<div class=\"spanner\">\n<div class=\"vita\">\n<h3>Consultant<\/h3>\n<ul>\n  <li>Consultant et coach interne depuis 1999<\/li>\n<li>Coach ind\u00e9pendant et sparring partner depuis 2002 (ax\u00e9 sur le \"leadership et le d\u00e9veloppement personnel\")<\/li>\n<li>Nombreuses ann\u00e9es d'exp\u00e9rience (direction, vente, projets) dans le secteur financier<\/li>\n<li>Nombreuses qualifications, notamment en leadership agile, en d\u00e9veloppement organisationnel et d'\u00e9quipe et en gestion du changement<\/li>\n<li>Business and Leadership Coach, Certified Mental Trainer, Psychological Consultant, Systemic Coach, NLP Master, Certified Bank Business Administrator<\/li>\n<li>Projet d'apprentissage personnel: Jouer aux \u00e9checs (avec passion)<\/li>\n<\/ul>\n<\/div>\n<div class=\"kdaten\">\n<h3>Contact<\/h3>\n<ul>\n<li><a href=\"mailto:info@circle2.de\"><i class=\"fa fa-fw fa-paper-plane-o\" aria-hidden=\"true\"><\/i>info@circle2.de<\/a><\/li>\n<li><a href=\"#\"><i class=\"fa fa-fw fa-xing\" aria-hidden=\"true\"><\/i>XING<\/a><\/li>\n<li><a href=\"#\"><i class=\"fa fa-fw fa-linkedin\" aria-hidden=\"true\"><\/i>LinkedIN<\/a><\/li>\n<\/ul><\/div>\n<\/div>\n\t\t\t\t<\/div>\n\t\t\t\t\t<\/div>\n\t\t<\/div>\n\t\t\t\t\t<\/div>\n\t\t<\/section>\n\t\t\t\t<section class=\"elementor-section elementor-top-section elementor-element elementor-element-27764bf1 elementor-section-boxed elementor-section-height-default elementor-section-height-default\" data-id=\"27764bf1\" data-element_type=\"section\" data-e-type=\"section\">\n\t\t\t\t\t\t<div class=\"elementor-container elementor-column-gap-default\">\n\t\t\t\t\t<div class=\"elementor-column elementor-col-100 elementor-top-column elementor-element elementor-element-45408be4\" data-id=\"45408be4\" data-element_type=\"column\" data-e-type=\"column\" data-settings=\"{&quot;background_background&quot;:&quot;classic&quot;}\">\n\t\t\t<div class=\"elementor-widget-wrap elementor-element-populated\">\n\t\t\t\t\t\t<div class=\"elementor-element elementor-element-6bb3dfab elementor-widget elementor-widget-text-editor\" data-id=\"6bb3dfab\" data-element_type=\"widget\" data-e-type=\"widget\" data-widget_type=\"text-editor.default\">\n\t\t\t\t\t\t\t\t\t<h3>Ce qui m&#8217;inspire : la question de savoir comment le cadre, en tant que ressource cl\u00e9, peut avoir un effet aussi durable que possible dans son entreprise &#8211; par le biais d&#8217;un d\u00e9veloppement personnel holistique, d&#8217;un degr\u00e9 \u00e9lev\u00e9 de pertinence pratique, aussi individuel que possible et de l&#8217;implication active de toutes les parties prenantes.<\/h3>\t\t\t\t\t\t\t\t<\/div>\n\t\t\t\t\t<\/div>\n\t\t<\/div>\n\t\t\t\t\t<\/div>\n\t\t<\/section>\n\t\t\t\t<section class=\"elementor-section elementor-top-section elementor-element elementor-element-5cda90c3 elementor-section-boxed elementor-section-height-default elementor-section-height-default\" data-id=\"5cda90c3\" data-element_type=\"section\" data-e-type=\"section\">\n\t\t\t\t\t\t<div class=\"elementor-container elementor-column-gap-default\">\n\t\t\t\t\t<div class=\"elementor-column elementor-col-100 elementor-top-column elementor-element elementor-element-5b2698c7\" data-id=\"5b2698c7\" data-element_type=\"column\" data-e-type=\"column\">\n\t\t\t<div class=\"elementor-widget-wrap elementor-element-populated\">\n\t\t\t\t\t\t<div class=\"elementor-element elementor-element-319d32ba elementor-align-center elementor-widget elementor-widget-button\" data-id=\"319d32ba\" data-element_type=\"widget\" data-e-type=\"widget\" data-widget_type=\"button.default\">\n\t\t\t\t\t\t\t\t\t\t<a class=\"elementor-button elementor-button-link elementor-size-lg\" href=\"https:\/\/circle2.de\/fr\/a-propos-de-nous\/equipe\/\">\n\t\t\t\t\t\t<span class=\"elementor-button-content-wrapper\">\n\t\t\t\t\t\t\t\t\t<span class=\"elementor-button-text\">\u00c0 la vue d'ensemble de l'\u00e9quipe <\/span>\n\t\t\t\t\t<\/span>\n\t\t\t\t\t<\/a>\n\t\t\t\t\t\t\t\t<\/div>\n\t\t\t\t\t<\/div>\n\t\t<\/div>\n\t\t\t\t\t<\/div>\n\t\t<\/section>\n\t\t\t\t<\/div>\n\t\t","protected":false},"excerpt":{"rendered":"<p>notre \u00e9quipe Andreas Weippert Consultant Consultant et coach interne depuis 1999 Coach ind\u00e9pendant et sparring partner depuis 2002 (ax\u00e9 sur le &#8222;leadership et le d\u00e9veloppement personnel&#8220;) Nombreuses ann\u00e9es d&#8217;exp\u00e9rience (direction, vente, projets) dans le secteur financier Nombreuses qualifications, notamment en leadership agile, en d\u00e9veloppement organisationnel et d&#8217;\u00e9quipe et en gestion du changement Business and Leadership &#8230;<\/p>\n","protected":false},"author":1,"featured_media":0,"parent":53,"menu_order":0,"comment_status":"closed","ping_status":"closed","template":"","meta":{"inline_featured_image":false,"footnotes":"","_links_to":"","_links_to_target":""},"class_list":["post-2554","page","type-page","status-publish"],"_links":{"self":[{"href":"https:\/\/circle2.de\/fr\/wp-json\/wp\/v2\/pages\/2554","targetHints":{"allow":["GET"]}}],"collection":[{"href":"https:\/\/circle2.de\/fr\/wp-json\/wp\/v2\/pages"}],"about":[{"href":"https:\/\/circle2.de\/fr\/wp-json\/wp\/v2\/types\/page"}],"author":[{"embeddable":true,"href":"https:\/\/circle2.de\/fr\/wp-json\/wp\/v2\/users\/1"}],"replies":[{"embeddable":true,"href":"https:\/\/circle2.de\/fr\/wp-json\/wp\/v2\/comments?post=2554"}],"version-history":[{"count":34,"href":"https:\/\/circle2.de\/fr\/wp-json\/wp\/v2\/pages\/2554\/revisions"}],"predecessor-version":[{"id":8135,"href":"https:\/\/circle2.de\/fr\/wp-json\/wp\/v2\/pages\/2554\/revisions\/8135"}],"up":[{"embeddable":true,"href":"https:\/\/circle2.de\/fr\/wp-json\/wp\/v2\/pages\/53"}],"wp:attachment":[{"href":"https:\/\/circle2.de\/fr\/wp-json\/wp\/v2\/media?parent=2554"}],"curies":[{"name":"wp","href":"https:\/\/api.w.org\/{rel}","templated":true}]}}