{"id":24,"date":"2021-11-20T23:25:04","date_gmt":"2021-11-20T22:25:04","guid":{"rendered":"https:\/\/circle2.de\/fr\/?page_id=24"},"modified":"2026-02-19T15:01:53","modified_gmt":"2026-02-19T14:01:53","slug":"references","status":"publish","type":"page","link":"https:\/\/circle2.de\/fr\/references\/","title":{"rendered":"r\u00e9f\u00e9rences"},"content":{"rendered":"\t\t<div data-elementor-type=\"wp-page\" data-elementor-id=\"24\" class=\"elementor elementor-24\" data-elementor-post-type=\"page\">\n\t\t\t\t\t\t<section class=\"elementor-section elementor-top-section elementor-element elementor-element-261e332 elementor-section-boxed elementor-section-height-default elementor-section-height-default\" data-id=\"261e332\" data-element_type=\"section\" data-e-type=\"section\">\n\t\t\t\t\t\t<div class=\"elementor-container elementor-column-gap-default\">\n\t\t\t\t\t<div class=\"elementor-column elementor-col-100 elementor-top-column elementor-element elementor-element-c8dffae\" data-id=\"c8dffae\" data-element_type=\"column\" data-e-type=\"column\">\n\t\t\t<div class=\"elementor-widget-wrap elementor-element-populated\">\n\t\t\t\t\t\t<div class=\"elementor-element elementor-element-abf2a08 elementor-widget elementor-widget-heading\" data-id=\"abf2a08\" data-element_type=\"widget\" data-e-type=\"widget\" data-widget_type=\"heading.default\">\n\t\t\t\t\t<h5 class=\"elementor-heading-title elementor-size-default\">\u00c0 propos de nous<\/h5>\t\t\t\t<\/div>\n\t\t\t\t<div class=\"elementor-element elementor-element-ba41f7b elementor-widget elementor-widget-heading\" data-id=\"ba41f7b\" data-element_type=\"widget\" data-e-type=\"widget\" data-widget_type=\"heading.default\">\n\t\t\t\t\t<h1 class=\"elementor-heading-title elementor-size-default\">R\u00e9f\u00e9rences<\/h1>\t\t\t\t<\/div>\n\t\t\t\t\t<\/div>\n\t\t<\/div>\n\t\t\t\t\t<\/div>\n\t\t<\/section>\n\t\t\t\t<section class=\"elementor-section elementor-top-section elementor-element elementor-element-86e92ef elementor-section-boxed elementor-section-height-default elementor-section-height-default\" data-id=\"86e92ef\" data-element_type=\"section\" data-e-type=\"section\">\n\t\t\t\t\t\t<div class=\"elementor-container elementor-column-gap-default\">\n\t\t\t\t\t<div class=\"elementor-column elementor-col-66 elementor-top-column elementor-element elementor-element-48ff5d1\" data-id=\"48ff5d1\" data-element_type=\"column\" data-e-type=\"column\" data-settings=\"{&quot;background_background&quot;:&quot;classic&quot;}\">\n\t\t\t<div class=\"elementor-widget-wrap elementor-element-populated\">\n\t\t\t\t\t\t<div class=\"elementor-element elementor-element-8f93748 elementor-widget elementor-widget-spacer\" data-id=\"8f93748\" data-element_type=\"widget\" data-e-type=\"widget\" data-widget_type=\"spacer.default\">\n\t\t\t\t\t\t\t<div class=\"elementor-spacer\">\n\t\t\t<div class=\"elementor-spacer-inner\"><\/div>\n\t\t<\/div>\n\t\t\t\t\t\t<\/div>\n\t\t\t\t\t<\/div>\n\t\t<\/div>\n\t\t\t\t<div class=\"elementor-column elementor-col-33 elementor-top-column elementor-element elementor-element-e0ea864 elementor-hidden-mobile\" data-id=\"e0ea864\" data-element_type=\"column\" data-e-type=\"column\" data-settings=\"{&quot;background_background&quot;:&quot;classic&quot;}\">\n\t\t\t<div class=\"elementor-widget-wrap elementor-element-populated\">\n\t\t\t\t\t\t<div class=\"elementor-element elementor-element-abb4eb8 elementor-widget elementor-widget-spacer\" data-id=\"abb4eb8\" data-element_type=\"widget\" data-e-type=\"widget\" data-widget_type=\"spacer.default\">\n\t\t\t\t\t\t\t<div class=\"elementor-spacer\">\n\t\t\t<div class=\"elementor-spacer-inner\"><\/div>\n\t\t<\/div>\n\t\t\t\t\t\t<\/div>\n\t\t\t\t\t<\/div>\n\t\t<\/div>\n\t\t\t\t\t<\/div>\n\t\t<\/section>\n\t\t\t\t<section class=\"elementor-section elementor-top-section elementor-element elementor-element-a1ee23e elementor-section-boxed elementor-section-height-default elementor-section-height-default\" data-id=\"a1ee23e\" data-element_type=\"section\" data-e-type=\"section\">\n\t\t\t\t\t\t<div class=\"elementor-container elementor-column-gap-default\">\n\t\t\t\t\t<div class=\"elementor-column elementor-col-100 elementor-top-column elementor-element elementor-element-90c1339\" data-id=\"90c1339\" data-element_type=\"column\" data-e-type=\"column\">\n\t\t\t<div class=\"elementor-widget-wrap elementor-element-populated\">\n\t\t\t\t\t\t<div class=\"elementor-element elementor-element-503202c elementor-widget elementor-widget-heading\" data-id=\"503202c\" data-element_type=\"widget\" data-e-type=\"widget\" data-widget_type=\"heading.default\">\n\t\t\t\t\t<h3 class=\"elementor-heading-title elementor-size-default\">25 ans d'exp\u00e9rience<\/h3>\t\t\t\t<\/div>\n\t\t\t\t\t<\/div>\n\t\t<\/div>\n\t\t\t\t\t<\/div>\n\t\t<\/section>\n\t\t\t\t<section class=\"elementor-section elementor-top-section elementor-element elementor-element-c3849f7 elementor-section-boxed elementor-section-height-default elementor-section-height-default\" data-id=\"c3849f7\" data-element_type=\"section\" data-e-type=\"section\">\n\t\t\t\t\t\t<div class=\"elementor-container elementor-column-gap-default\">\n\t\t\t\t\t<div class=\"elementor-column elementor-col-50 elementor-top-column elementor-element elementor-element-e50d501\" data-id=\"e50d501\" data-element_type=\"column\" data-e-type=\"column\">\n\t\t\t<div class=\"elementor-widget-wrap elementor-element-populated\">\n\t\t\t\t\t\t<div class=\"elementor-element elementor-element-4f94a8d elementor-widget elementor-widget-text-editor\" data-id=\"4f94a8d\" data-element_type=\"widget\" data-e-type=\"widget\" data-widget_type=\"text-editor.default\">\n\t\t\t\t\t\t\t\t\t<p>Au cours des 25 derni\u00e8res ann\u00e9es, nous avons mis en \u0153uvre avec succ\u00e8s des projets dans des centaines d&#8217;entreprises de tous secteurs et de toutes tailles. Non seulement dans la r\u00e9gion DACH (Allemagne, Autriche, Suisse) , mais aussi dans le monde entier, par exemple en Asie ou aux \u00c9tats-Unis.<\/p><p>\u00a0<\/p><p>Sur demande, nous nous ferons un plaisir de vous citer des sujets que nous avons r\u00e9alis\u00e9s dans votre secteur d&#8217;activit\u00e9 et d&#8217;\u00e9tablir des contacts avec nos clients.<\/p>\t\t\t\t\t\t\t\t<\/div>\n\t\t\t\t<div class=\"elementor-element elementor-element-2a8a9d0 elementor-widget elementor-widget-spacer\" data-id=\"2a8a9d0\" data-element_type=\"widget\" data-e-type=\"widget\" data-widget_type=\"spacer.default\">\n\t\t\t\t\t\t\t<div class=\"elementor-spacer\">\n\t\t\t<div class=\"elementor-spacer-inner\"><\/div>\n\t\t<\/div>\n\t\t\t\t\t\t<\/div>\n\t\t\t\t\t<\/div>\n\t\t<\/div>\n\t\t\t\t<div class=\"elementor-column elementor-col-50 elementor-top-column elementor-element elementor-element-c581054\" data-id=\"c581054\" data-element_type=\"column\" data-e-type=\"column\" data-settings=\"{&quot;background_background&quot;:&quot;classic&quot;}\">\n\t\t\t<div class=\"elementor-widget-wrap elementor-element-populated\">\n\t\t\t\t\t\t<div class=\"elementor-element elementor-element-b56200b elementor-widget__width-initial elementor-hidden-mobile elementor-widget elementor-widget-text-editor\" data-id=\"b56200b\" data-element_type=\"widget\" data-e-type=\"widget\" data-widget_type=\"text-editor.default\">\n\t\t\t\t\t\t\t\t\t<h5>Clients Fortune 500 et champions cach\u00e9s de:<\/h5>\nSoins de sant\u00e9, produits pharmaceutiques, produits chimiques, industrie, commerce de d\u00e9tail, informatique, m\u00e9dias, t\u00e9l\u00e9communications, banques et assurances, services, tourisme, secteur public, h\u00f4pitaux.\t\t\t\t\t\t\t\t<\/div>\n\t\t\t\t<div class=\"elementor-element elementor-element-21a5faa elementor-widget elementor-widget-spacer\" data-id=\"21a5faa\" data-element_type=\"widget\" data-e-type=\"widget\" data-widget_type=\"spacer.default\">\n\t\t\t\t\t\t\t<div class=\"elementor-spacer\">\n\t\t\t<div class=\"elementor-spacer-inner\"><\/div>\n\t\t<\/div>\n\t\t\t\t\t\t<\/div>\n\t\t\t\t\t<\/div>\n\t\t<\/div>\n\t\t\t\t\t<\/div>\n\t\t<\/section>\n\t\t<div class=\"elementor-element elementor-element-a62f847 e-flex e-con-boxed e-con e-parent\" data-id=\"a62f847\" data-element_type=\"container\" data-e-type=\"container\">\n\t\t\t\t\t<div class=\"e-con-inner\">\n\t\t\t\t<div class=\"elementor-element elementor-element-7407d2d elementor-widget elementor-widget-image\" data-id=\"7407d2d\" data-element_type=\"widget\" data-e-type=\"widget\" data-widget_type=\"image.default\">\n\t\t\t\t\t\t\t\t\t\t\t\t\t\t\t<img fetchpriority=\"high\" decoding=\"async\" width=\"1024\" height=\"2100\" src=\"https:\/\/circle2.de\/fr\/wp-content\/uploads\/sites\/6\/2026\/02\/CIRCLE2-Logotapete-2026_01.webp\" class=\"attachment-large size-large wp-image-8274\" alt=\"CIRCLE2 Logos reference\" srcset=\"https:\/\/circle2.de\/fr\/wp-content\/uploads\/sites\/6\/2026\/02\/CIRCLE2-Logotapete-2026_01.webp 1024w, https:\/\/circle2.de\/fr\/wp-content\/uploads\/sites\/6\/2026\/02\/CIRCLE2-Logotapete-2026_01-800x1641.webp 800w, https:\/\/circle2.de\/fr\/wp-content\/uploads\/sites\/6\/2026\/02\/CIRCLE2-Logotapete-2026_01-400x820.webp 400w, https:\/\/circle2.de\/fr\/wp-content\/uploads\/sites\/6\/2026\/02\/CIRCLE2-Logotapete-2026_01-768x1575.webp 768w, https:\/\/circle2.de\/fr\/wp-content\/uploads\/sites\/6\/2026\/02\/CIRCLE2-Logotapete-2026_01-749x1536.webp 749w, https:\/\/circle2.de\/fr\/wp-content\/uploads\/sites\/6\/2026\/02\/CIRCLE2-Logotapete-2026_01-999x2048.webp 999w\" sizes=\"(max-width: 1024px) 100vw, 1024px\" \/>\t\t\t\t\t\t\t\t\t\t\t\t\t\t\t<\/div>\n\t\t\t\t\t<\/div>\n\t\t\t\t<\/div>\n\t\t\t\t<\/div>\n\t\t","protected":false},"excerpt":{"rendered":"<p>\u00c0 propos de nous R\u00e9f\u00e9rences 25 ans d&#8217;exp\u00e9rience Au cours des 25 derni\u00e8res ann\u00e9es, nous avons mis en \u0153uvre avec succ\u00e8s des projets dans des centaines d&#8217;entreprises de tous secteurs et de toutes tailles. Non seulement dans la r\u00e9gion DACH (Allemagne, Autriche, Suisse) , mais aussi dans le monde entier, par exemple en Asie ou &#8230;<\/p>\n","protected":false},"author":1,"featured_media":0,"parent":0,"menu_order":0,"comment_status":"closed","ping_status":"closed","template":"","meta":{"inline_featured_image":false,"footnotes":"","_links_to":"","_links_to_target":""},"class_list":["post-24","page","type-page","status-publish"],"_links":{"self":[{"href":"https:\/\/circle2.de\/fr\/wp-json\/wp\/v2\/pages\/24","targetHints":{"allow":["GET"]}}],"collection":[{"href":"https:\/\/circle2.de\/fr\/wp-json\/wp\/v2\/pages"}],"about":[{"href":"https:\/\/circle2.de\/fr\/wp-json\/wp\/v2\/types\/page"}],"author":[{"embeddable":true,"href":"https:\/\/circle2.de\/fr\/wp-json\/wp\/v2\/users\/1"}],"replies":[{"embeddable":true,"href":"https:\/\/circle2.de\/fr\/wp-json\/wp\/v2\/comments?post=24"}],"version-history":[{"count":63,"href":"https:\/\/circle2.de\/fr\/wp-json\/wp\/v2\/pages\/24\/revisions"}],"predecessor-version":[{"id":8277,"href":"https:\/\/circle2.de\/fr\/wp-json\/wp\/v2\/pages\/24\/revisions\/8277"}],"wp:attachment":[{"href":"https:\/\/circle2.de\/fr\/wp-json\/wp\/v2\/media?parent=24"}],"curies":[{"name":"wp","href":"https:\/\/api.w.org\/{rel}","templated":true}]}}