{"id":1974,"date":"2021-12-02T09:53:30","date_gmt":"2021-12-02T08:53:30","guid":{"rendered":"https:\/\/circle2.de\/fr\/?page_id=1974"},"modified":"2025-07-07T13:36:49","modified_gmt":"2025-07-07T11:36:49","slug":"tobias-heisig","status":"publish","type":"page","link":"https:\/\/circle2.de\/fr\/a-propos-de-nous\/equipe\/tobias-heisig\/","title":{"rendered":"Tobias Heisig"},"content":{"rendered":"\t\t<div data-elementor-type=\"wp-page\" data-elementor-id=\"1974\" class=\"elementor elementor-1974\" data-elementor-post-type=\"page\">\n\t\t\t\t\t\t<section class=\"elementor-section elementor-top-section elementor-element elementor-element-25d0ec8d elementor-section-boxed elementor-section-height-default elementor-section-height-default\" data-id=\"25d0ec8d\" data-element_type=\"section\" data-e-type=\"section\">\n\t\t\t\t\t\t<div class=\"elementor-container elementor-column-gap-default\">\n\t\t\t\t\t<div class=\"elementor-column elementor-col-100 elementor-top-column elementor-element elementor-element-1ac87a65\" data-id=\"1ac87a65\" data-element_type=\"column\" data-e-type=\"column\">\n\t\t\t<div class=\"elementor-widget-wrap elementor-element-populated\">\n\t\t\t\t\t\t<div class=\"elementor-element elementor-element-24791281 elementor-widget elementor-widget-heading\" data-id=\"24791281\" data-element_type=\"widget\" data-e-type=\"widget\" data-widget_type=\"heading.default\">\n\t\t\t\t\t<h5 class=\"elementor-heading-title elementor-size-default\">notre \u00e9quipe<\/h5>\t\t\t\t<\/div>\n\t\t\t\t<div class=\"elementor-element elementor-element-615996f8 elementor-widget elementor-widget-heading\" data-id=\"615996f8\" data-element_type=\"widget\" data-e-type=\"widget\" data-widget_type=\"heading.default\">\n\t\t\t\t\t<h1 class=\"elementor-heading-title elementor-size-default\">Dr. Tobias Heisig<\/h1>\t\t\t\t<\/div>\n\t\t\t\t\t<\/div>\n\t\t<\/div>\n\t\t\t\t\t<\/div>\n\t\t<\/section>\n\t\t\t\t<section class=\"elementor-section elementor-top-section elementor-element elementor-element-0df6669 elementor-section-boxed elementor-section-height-default elementor-section-height-default\" data-id=\"0df6669\" data-element_type=\"section\" data-e-type=\"section\">\n\t\t\t\t\t\t<div class=\"elementor-container elementor-column-gap-default\">\n\t\t\t\t\t<div class=\"elementor-column elementor-col-100 elementor-top-column elementor-element elementor-element-e913ebb\" data-id=\"e913ebb\" data-element_type=\"column\" data-e-type=\"column\">\n\t\t\t<div class=\"elementor-widget-wrap elementor-element-populated\">\n\t\t\t\t\t\t<div class=\"elementor-element elementor-element-11b299e elementor-widget elementor-widget-html\" data-id=\"11b299e\" data-element_type=\"widget\" data-e-type=\"widget\" data-widget_type=\"html.default\">\n\t\t\t\t\t<div class=\"triple\">\n<img decoding=\"async\" src=\"https:\/\/circle2.de\/fr\/wp-content\/uploads\/2021\/12\/heisig_portrait_3.jpg\" \/>\n<img decoding=\"async\" src=\"https:\/\/circle2.de\/fr\/wp-content\/uploads\/2021\/12\/heisig_portrait_2.jpg\" \/>\n<img decoding=\"async\" src=\"https:\/\/circle2.de\/fr\/wp-content\/uploads\/2021\/12\/tobias_heisig_mit_pferd.jpg\" \/>\n<\/div>\n<div class=\"spanner\">\n<div class=\"vita\">\n<h3>Directeur, Consultant<\/h3>\n<ul>\n<li>Dipl\u00f4me et doctorat \u00e0 l'universit\u00e9 de T\u00fcbingen (psychologie, th\u00e9ologie)<\/li>\n<li>Formation compl\u00e9mentaire en conseil syst\u00e9mique<\/li>\n<li>Consultant en gestion certifi\u00e9 BDU<\/li>\n<li>Principale exp\u00e9rience en mati\u00e8re de conseil depuis 1996 dans un large \u00e9ventail de secteurs, entrepreneur depuis 2001<\/li>\n<li>Projet d'apprentissage personnel: \u00e9quitation (avec au mieux un talent moyen)<\/li>\n<\/ul>\n<\/div>\n<div class=\"kdaten\">\n<h3>Contact<\/h3>\n<ul>\n<li><a href=\"mailto:tobias.heisig@circle2.de\"><i class=\"fa fa-fw fa-paper-plane-o\" aria-hidden=\"true\"><\/i>tobias.heisig@circle2.de<\/a><\/li>\n<li><a href=\"#\"><i class=\"fa fa-fw fa-xing\" aria-hidden=\"true\"><\/i>XING<\/a><\/li>\n<li><a href=\"https:\/\/www.linkedin.com\/in\/tobiasheisig\/\" target=\"_blank\"><i class=\"fa fa-fw fa-linkedin\" aria-hidden=\"true\"><\/i>LinkedIN<\/a><\/li>\n<\/ul><\/div>\n<\/div>\t\t\t\t<\/div>\n\t\t\t\t\t<\/div>\n\t\t<\/div>\n\t\t\t\t\t<\/div>\n\t\t<\/section>\n\t\t\t\t<section class=\"elementor-section elementor-top-section elementor-element elementor-element-a766987 elementor-section-boxed elementor-section-height-default elementor-section-height-default\" data-id=\"a766987\" data-element_type=\"section\" data-e-type=\"section\">\n\t\t\t\t\t\t<div class=\"elementor-container elementor-column-gap-default\">\n\t\t\t\t\t<div class=\"elementor-column elementor-col-100 elementor-top-column elementor-element elementor-element-a088c94\" data-id=\"a088c94\" data-element_type=\"column\" data-e-type=\"column\" data-settings=\"{&quot;background_background&quot;:&quot;classic&quot;}\">\n\t\t\t<div class=\"elementor-widget-wrap elementor-element-populated\">\n\t\t\t\t\t\t<div class=\"elementor-element elementor-element-5fe4cc4 elementor-widget elementor-widget-text-editor\" data-id=\"5fe4cc4\" data-element_type=\"widget\" data-e-type=\"widget\" data-widget_type=\"text-editor.default\">\n\t\t\t\t\t\t\t\t\t<h3> Ce qui m&#8217;inspire : La question de savoir ce qu&#8217;il faut pour que les gens travaillent ensemble de l&#8217;int\u00e9rieur pour atteindre des objectifs et pour qu&#8217;ils s&#8217;engagent \u00e0 utiliser leurs forces dans le processus. Et ce, dans des conditions difficiles. Le leadership, le changement et la vente visent en fin de compte \u00e0 r\u00e9pondre \u00e0 cette question centrale.<\/h3>\t\t\t\t\t\t\t\t<\/div>\n\t\t\t\t\t<\/div>\n\t\t<\/div>\n\t\t\t\t\t<\/div>\n\t\t<\/section>\n\t\t\t\t<section class=\"elementor-section elementor-top-section elementor-element elementor-element-9ead492 elementor-section-boxed elementor-section-height-default elementor-section-height-default\" data-id=\"9ead492\" data-element_type=\"section\" data-e-type=\"section\">\n\t\t\t\t\t\t<div class=\"elementor-container elementor-column-gap-default\">\n\t\t\t\t\t<div class=\"elementor-column elementor-col-100 elementor-top-column elementor-element elementor-element-99af11e\" data-id=\"99af11e\" data-element_type=\"column\" data-e-type=\"column\">\n\t\t\t<div class=\"elementor-widget-wrap elementor-element-populated\">\n\t\t\t\t\t\t<div class=\"elementor-element elementor-element-b7d6536 elementor-align-center elementor-widget elementor-widget-button\" data-id=\"b7d6536\" data-element_type=\"widget\" data-e-type=\"widget\" data-widget_type=\"button.default\">\n\t\t\t\t\t\t\t\t\t\t<a class=\"elementor-button elementor-button-link elementor-size-lg\" href=\"https:\/\/circle2.de\/fr\/a-propos-de-nous\/equipe\/\">\n\t\t\t\t\t\t<span class=\"elementor-button-content-wrapper\">\n\t\t\t\t\t\t\t\t\t<span class=\"elementor-button-text\">\u00c0 la vue d'ensemble de l'\u00e9quipe<\/span>\n\t\t\t\t\t<\/span>\n\t\t\t\t\t<\/a>\n\t\t\t\t\t\t\t\t<\/div>\n\t\t\t\t\t<\/div>\n\t\t<\/div>\n\t\t\t\t\t<\/div>\n\t\t<\/section>\n\t\t\t\t<\/div>\n\t\t","protected":false},"excerpt":{"rendered":"<p>notre \u00e9quipe Dr. Tobias Heisig Directeur, Consultant Dipl\u00f4me et doctorat \u00e0 l&#8217;universit\u00e9 de T\u00fcbingen (psychologie, th\u00e9ologie) Formation compl\u00e9mentaire en conseil syst\u00e9mique Consultant en gestion certifi\u00e9 BDU Principale exp\u00e9rience en mati\u00e8re de conseil depuis 1996 dans un large \u00e9ventail de secteurs, entrepreneur depuis 2001 Projet d&#8217;apprentissage personnel: \u00e9quitation (avec au mieux un talent moyen) Contact tobias.heisig@circle2.de &#8230;<\/p>\n","protected":false},"author":1,"featured_media":0,"parent":53,"menu_order":0,"comment_status":"closed","ping_status":"closed","template":"","meta":{"inline_featured_image":false,"footnotes":"","_links_to":"","_links_to_target":""},"class_list":["post-1974","page","type-page","status-publish"],"_links":{"self":[{"href":"https:\/\/circle2.de\/fr\/wp-json\/wp\/v2\/pages\/1974","targetHints":{"allow":["GET"]}}],"collection":[{"href":"https:\/\/circle2.de\/fr\/wp-json\/wp\/v2\/pages"}],"about":[{"href":"https:\/\/circle2.de\/fr\/wp-json\/wp\/v2\/types\/page"}],"author":[{"embeddable":true,"href":"https:\/\/circle2.de\/fr\/wp-json\/wp\/v2\/users\/1"}],"replies":[{"embeddable":true,"href":"https:\/\/circle2.de\/fr\/wp-json\/wp\/v2\/comments?post=1974"}],"version-history":[{"count":152,"href":"https:\/\/circle2.de\/fr\/wp-json\/wp\/v2\/pages\/1974\/revisions"}],"predecessor-version":[{"id":8102,"href":"https:\/\/circle2.de\/fr\/wp-json\/wp\/v2\/pages\/1974\/revisions\/8102"}],"up":[{"embeddable":true,"href":"https:\/\/circle2.de\/fr\/wp-json\/wp\/v2\/pages\/53"}],"wp:attachment":[{"href":"https:\/\/circle2.de\/fr\/wp-json\/wp\/v2\/media?parent=1974"}],"curies":[{"name":"wp","href":"https:\/\/api.w.org\/{rel}","templated":true}]}}