{"id":1944,"date":"2021-12-01T13:31:03","date_gmt":"2021-12-01T12:31:03","guid":{"rendered":"https:\/\/circle2.de\/fr\/?page_id=1944"},"modified":"2024-02-07T16:32:42","modified_gmt":"2024-02-07T15:32:42","slug":"mentions-legales","status":"publish","type":"page","link":"https:\/\/circle2.de\/fr\/mentions-legales\/","title":{"rendered":"Mentions l\u00e9gales"},"content":{"rendered":"\t\t<div data-elementor-type=\"wp-page\" data-elementor-id=\"1944\" class=\"elementor elementor-1944\" data-elementor-post-type=\"page\">\n\t\t\t\t\t\t<section class=\"elementor-section elementor-top-section elementor-element elementor-element-5d6b368 elementor-section-boxed elementor-section-height-default elementor-section-height-default\" data-id=\"5d6b368\" data-element_type=\"section\" data-e-type=\"section\">\n\t\t\t\t\t\t<div class=\"elementor-container elementor-column-gap-default\">\n\t\t\t\t\t<div class=\"elementor-column elementor-col-100 elementor-top-column elementor-element elementor-element-ce9fc1a\" data-id=\"ce9fc1a\" data-element_type=\"column\" data-e-type=\"column\">\n\t\t\t<div class=\"elementor-widget-wrap elementor-element-populated\">\n\t\t\t\t\t\t<div class=\"elementor-element elementor-element-4544921 elementor-widget elementor-widget-spacer\" data-id=\"4544921\" data-element_type=\"widget\" data-e-type=\"widget\" data-widget_type=\"spacer.default\">\n\t\t\t\t\t\t\t<div class=\"elementor-spacer\">\n\t\t\t<div class=\"elementor-spacer-inner\"><\/div>\n\t\t<\/div>\n\t\t\t\t\t\t<\/div>\n\t\t\t\t<div class=\"elementor-element elementor-element-568f6c4 elementor-widget elementor-widget-heading\" data-id=\"568f6c4\" data-element_type=\"widget\" data-e-type=\"widget\" data-widget_type=\"heading.default\">\n\t\t\t\t\t<h2 class=\"elementor-heading-title elementor-size-default\">Mentions l\u00e9gales<\/h2>\t\t\t\t<\/div>\n\t\t\t\t<div class=\"elementor-element elementor-element-3ee6795 elementor-widget elementor-widget-text-editor\" data-id=\"3ee6795\" data-element_type=\"widget\" data-e-type=\"widget\" data-widget_type=\"text-editor.default\">\n\t\t\t\t\t\t\t\t\t<p><b>CIRCLE2 GmbH<\/b><\/p><p><b>\u00a0<\/b><\/p><p>Sumpfweg 6<br \/>D-72070 Tuebingen<br \/>T\u00e9l\u00e9phone : +49 (0)172-5621816<br \/>Courriel : info[at]circle2.de<br \/>Internet : www.circle2.de<br \/>Directeur g\u00e9n\u00e9ral autoris\u00e9 \u00e0 repr\u00e9senter :<br \/>Tobias Heisig<br \/>Dr. Alexander Wittwer<\/p><p>\u00a0<\/p><p><b>Registre du commerce :<\/b><br \/>AG Stuttgart HRB 781420<\/p><p>\u00a0<\/p><p><b>Num\u00e9ro d&#8217;identification de la taxe sur les ventes conform\u00e9ment \u00e0 l&#8217;article 27a de la loi sur la taxe sur le chiffre d&#8217;affaires<br \/><\/b> CIRCLE2 GmbH DE 347120054<\/p><p>\u00a0<\/p><p><b>Responsable au sens de l&#8217;article 55 du RStV :<\/b><br \/>Dr. Alexander Wittwer, Dr. Tobias Heisig (Responsable au sens du \u00a7 55 RStV :).<\/p><p><br \/><b> Conditions g\u00e9n\u00e9rales :<\/b><br \/>Les conditions g\u00e9n\u00e9rales de vente (CGV) de la soci\u00e9t\u00e9 CIRCLE2 GmbH en vigueur en d\u00e9cembre 2021 s&#8217;appliquent.<\/p><p><b><br \/>Protection des donn\u00e9es :<\/b><br \/>CIRCE2 GmbH prend tr\u00e8s au s\u00e9rieux la protection de vos donn\u00e9es.<br \/>Pour des informations d\u00e9taill\u00e9es, veuillez vous r\u00e9f\u00e9rer \u00e0 notre politique de confidentialit\u00e9.<\/p><p>\u00a0<\/p><p><b>Liens et r\u00e9f\u00e9rences :<\/b><br \/>Au moment de l&#8217;\u00e9tablissement des liens, il a \u00e9t\u00e9 v\u00e9rifi\u00e9 que les offres r\u00e9f\u00e9renc\u00e9es sont exemptes de contenu ill\u00e9gal. Toutefois, nous n&#8217;avons aucune influence sur les modifications de contenu actuelles et futures du fournisseur concern\u00e9 et nous nous distan\u00e7ons express\u00e9ment de tout contenu modifi\u00e9 apr\u00e8s la mise en place du lien. Le fournisseur de la page li\u00e9e est exclusivement responsable de ces informations ainsi que de tout dommage caus\u00e9 par celles-ci. D\u00e8s que nous aurons connaissance de nouveaux contenus ill\u00e9gaux, nous supprimerons imm\u00e9diatement les liens ou les entr\u00e9es \u00e9trang\u00e8res. Nous demandons que toute notification \u00e0 cet \u00e9gard soit envoy\u00e9e \u00e0 l&#8217;adresse ci-dessus.<\/p><p>\u00a0<\/p><p><b>Droits d&#8217;auteur :<\/b><br \/>Les textes, images, graphiques, sons, animations et vid\u00e9os ainsi que leur disposition sur le site web CIRCLE2 sont prot\u00e9g\u00e9s par le droit d&#8217;auteur et d&#8217;autres lois de protection. Le contenu de ce site ne peut \u00eatre copi\u00e9, distribu\u00e9, modifi\u00e9 ou mis \u00e0 la disposition de tiers \u00e0 des fins commerciales sans autorisation expresse. Les pages peuvent \u00e9galement contenir des textes, des images et d&#8217;autres \u0153uvres soumises aux droits d&#8217;auteur de tiers.<\/p><p>\u00a0<\/p><p><b>Conception et design :<\/b><br \/><a href=\"https:\/\/digitalefrische.de\" target=\"_blank\" rel=\"noopener\">www.digitalefrische.de<\/a><\/p><p>\u00a0<\/p><p><b>D\u00e9veloppement web :<\/b><br \/><a href=\"https:\/\/seyfcom.de\" target=\"_blank\" rel=\"noopener\">www.seyfcom.de<\/a><\/p>\t\t\t\t\t\t\t\t<\/div>\n\t\t\t\t\t<\/div>\n\t\t<\/div>\n\t\t\t\t\t<\/div>\n\t\t<\/section>\n\t\t\t\t<section class=\"elementor-section elementor-top-section elementor-element elementor-element-af555ca elementor-section-boxed elementor-section-height-default elementor-section-height-default\" data-id=\"af555ca\" data-element_type=\"section\" data-e-type=\"section\">\n\t\t\t\t\t\t<div class=\"elementor-container elementor-column-gap-default\">\n\t\t\t\t\t<div class=\"elementor-column elementor-col-100 elementor-top-column elementor-element elementor-element-04931bd\" data-id=\"04931bd\" data-element_type=\"column\" data-e-type=\"column\">\n\t\t\t<div class=\"elementor-widget-wrap elementor-element-populated\">\n\t\t\t\t\t\t<div class=\"elementor-element elementor-element-36f8a53 elementor-widget elementor-widget-spacer\" data-id=\"36f8a53\" data-element_type=\"widget\" data-e-type=\"widget\" data-widget_type=\"spacer.default\">\n\t\t\t\t\t\t\t<div class=\"elementor-spacer\">\n\t\t\t<div class=\"elementor-spacer-inner\"><\/div>\n\t\t<\/div>\n\t\t\t\t\t\t<\/div>\n\t\t\t\t\t<\/div>\n\t\t<\/div>\n\t\t\t\t\t<\/div>\n\t\t<\/section>\n\t\t\t\t<\/div>\n\t\t","protected":false},"excerpt":{"rendered":"<p>Mentions l\u00e9gales CIRCLE2 GmbH \u00a0 Sumpfweg 6D-72070 TuebingenT\u00e9l\u00e9phone : +49 (0)172-5621816Courriel : info[at]circle2.deInternet : www.circle2.deDirecteur g\u00e9n\u00e9ral autoris\u00e9 \u00e0 repr\u00e9senter :Tobias HeisigDr. Alexander Wittwer \u00a0 Registre du commerce :AG Stuttgart HRB 781420 \u00a0 Num\u00e9ro d&#8217;identification de la taxe sur les ventes conform\u00e9ment \u00e0 l&#8217;article 27a de la loi sur la taxe sur le chiffre d&#8217;affaires CIRCLE2 &#8230;<\/p>\n","protected":false},"author":1,"featured_media":0,"parent":0,"menu_order":0,"comment_status":"closed","ping_status":"closed","template":"","meta":{"inline_featured_image":false,"footnotes":"","_links_to":"","_links_to_target":""},"class_list":["post-1944","page","type-page","status-publish"],"_links":{"self":[{"href":"https:\/\/circle2.de\/fr\/wp-json\/wp\/v2\/pages\/1944","targetHints":{"allow":["GET"]}}],"collection":[{"href":"https:\/\/circle2.de\/fr\/wp-json\/wp\/v2\/pages"}],"about":[{"href":"https:\/\/circle2.de\/fr\/wp-json\/wp\/v2\/types\/page"}],"author":[{"embeddable":true,"href":"https:\/\/circle2.de\/fr\/wp-json\/wp\/v2\/users\/1"}],"replies":[{"embeddable":true,"href":"https:\/\/circle2.de\/fr\/wp-json\/wp\/v2\/comments?post=1944"}],"version-history":[{"count":97,"href":"https:\/\/circle2.de\/fr\/wp-json\/wp\/v2\/pages\/1944\/revisions"}],"predecessor-version":[{"id":5625,"href":"https:\/\/circle2.de\/fr\/wp-json\/wp\/v2\/pages\/1944\/revisions\/5625"}],"wp:attachment":[{"href":"https:\/\/circle2.de\/fr\/wp-json\/wp\/v2\/media?parent=1944"}],"curies":[{"name":"wp","href":"https:\/\/api.w.org\/{rel}","templated":true}]}}