{"id":1767,"date":"2021-11-29T00:23:22","date_gmt":"2021-11-28T23:23:22","guid":{"rendered":"https:\/\/circle2.de\/fr\/?page_id=1767"},"modified":"2026-03-21T12:09:28","modified_gmt":"2026-03-21T11:09:28","slug":"circle2-ihr-partner-fuer-leadership-vertrieb-kooperation-transformation-wirksame-konzepte-trainings-workshops-und-coachings","status":"publish","type":"page","link":"https:\/\/circle2.de\/fr\/","title":{"rendered":"Start"},"content":{"rendered":"\t\t<div data-elementor-type=\"wp-page\" data-elementor-id=\"1767\" class=\"elementor elementor-1767\" data-elementor-post-type=\"page\">\n\t\t\t\t\t\t<section class=\"elementor-section elementor-top-section elementor-element elementor-element-7a5c25f elementor-section-content-top elementor-section-full_width elementor-section-height-default elementor-section-height-default\" data-id=\"7a5c25f\" data-element_type=\"section\" data-e-type=\"section\">\n\t\t\t\t\t\t<div class=\"elementor-container elementor-column-gap-no\">\n\t\t\t\t\t<div class=\"elementor-column elementor-col-50 elementor-top-column elementor-element elementor-element-993ffb8\" data-id=\"993ffb8\" data-element_type=\"column\" data-e-type=\"column\" data-settings=\"{&quot;background_background&quot;:&quot;classic&quot;}\">\n\t\t\t<div class=\"elementor-widget-wrap elementor-element-populated\">\n\t\t\t\t\t\t\t<\/div>\n\t\t<\/div>\n\t\t\t\t<div class=\"elementor-column elementor-col-50 elementor-top-column elementor-element elementor-element-e603458\" data-id=\"e603458\" data-element_type=\"column\" data-e-type=\"column\" data-settings=\"{&quot;background_background&quot;:&quot;classic&quot;}\">\n\t\t\t<div class=\"elementor-widget-wrap elementor-element-populated\">\n\t\t\t\t\t\t<div class=\"elementor-element elementor-element-d475031 elementor-widget elementor-widget-heading\" data-id=\"d475031\" data-element_type=\"widget\" data-e-type=\"widget\" data-widget_type=\"heading.default\">\n\t\t\t\t\t<h2 class=\"elementor-heading-title elementor-size-default\">Personnes et performances:<\/br>\nEnsemble pour l'ensemble<\/h2>\t\t\t\t<\/div>\n\t\t\t\t<div class=\"elementor-element elementor-element-fcbfef9 elementor-widget elementor-widget-text-editor\" data-id=\"fcbfef9\" data-element_type=\"widget\" data-e-type=\"widget\" data-widget_type=\"text-editor.default\">\n\t\t\t\t\t\t\t\t\t<p>CIRCLE2 GmbH est une soci\u00e9t\u00e9 internationale de conseil concentr\u00e9e sur<br \/><br \/><\/p><p>le d\u00e9veloppement du leadership<br \/>le d\u00e9veloppement des ventes<br \/>le soutien des processus de changement<br \/>le renforcement de la coop\u00e9ration au sein des entreprises<br \/>le coaching<br \/>les questions relatives au d\u00e9veloppement strat\u00e9gique du personnel.<\/p><p>Tobias Heisig, Alexander Wittwer et l&#8217;\u00e9quipe disposent de plus de 25 ans d\u2019exp\u00e9rience dans l\u2019accompagnement des personnes au sein des organisations pour relever avec succ\u00e8s des d\u00e9fis complexes.<\/p>\t\t\t\t\t\t\t\t<\/div>\n\t\t\t\t<div class=\"elementor-element elementor-element-8418597 elementor-widget elementor-widget-spacer\" data-id=\"8418597\" data-element_type=\"widget\" data-e-type=\"widget\" data-widget_type=\"spacer.default\">\n\t\t\t\t\t\t\t<div class=\"elementor-spacer\">\n\t\t\t<div class=\"elementor-spacer-inner\"><\/div>\n\t\t<\/div>\n\t\t\t\t\t\t<\/div>\n\t\t\t\t<div class=\"elementor-element elementor-element-ffa5a1a elementor-align-center elementor-widget elementor-widget-button\" data-id=\"ffa5a1a\" data-element_type=\"widget\" data-e-type=\"widget\" data-widget_type=\"button.default\">\n\t\t\t\t\t\t\t\t\t\t<a class=\"elementor-button elementor-button-link elementor-size-sm\" href=\"https:\/\/circle2.de\/fr\/a-propos-de-nous\/\">\n\t\t\t\t\t\t<span class=\"elementor-button-content-wrapper\">\n\t\t\t\t\t\t\t\t\t<span class=\"elementor-button-text\">\u00c0 propos de nous<\/span>\n\t\t\t\t\t<\/span>\n\t\t\t\t\t<\/a>\n\t\t\t\t\t\t\t\t<\/div>\n\t\t\t\t<div class=\"elementor-element elementor-element-b264494 elementor-widget elementor-widget-spacer\" data-id=\"b264494\" data-element_type=\"widget\" data-e-type=\"widget\" data-widget_type=\"spacer.default\">\n\t\t\t\t\t\t\t<div class=\"elementor-spacer\">\n\t\t\t<div class=\"elementor-spacer-inner\"><\/div>\n\t\t<\/div>\n\t\t\t\t\t\t<\/div>\n\t\t\t\t\t<\/div>\n\t\t<\/div>\n\t\t\t\t\t<\/div>\n\t\t<\/section>\n\t\t\t\t<section class=\"elementor-section elementor-top-section elementor-element elementor-element-4bcc0514 elementor-section-full_width elementor-section-height-default elementor-section-height-default\" data-id=\"4bcc0514\" data-element_type=\"section\" data-e-type=\"section\">\n\t\t\t\t\t\t<div class=\"elementor-container elementor-column-gap-no\">\n\t\t\t\t\t<div class=\"elementor-column elementor-col-50 elementor-top-column elementor-element elementor-element-2f23a509\" data-id=\"2f23a509\" data-element_type=\"column\" data-e-type=\"column\" data-settings=\"{&quot;background_background&quot;:&quot;classic&quot;}\">\n\t\t\t<div class=\"elementor-widget-wrap elementor-element-populated\">\n\t\t\t\t\t\t<div class=\"elementor-element elementor-element-1f5f3e01 elementor-widget elementor-widget-text-editor\" data-id=\"1f5f3e01\" data-element_type=\"widget\" data-e-type=\"widget\" data-widget_type=\"text-editor.default\">\n\t\t\t\t\t\t\t\t\t<h6>S\u00e9minaire<\/h6>\t\t\t\t\t\t\t\t<\/div>\n\t\t\t\t<div class=\"elementor-element elementor-element-5cba38a0 e-transform elementor-widget__width-initial elementor-widget elementor-widget-heading\" data-id=\"5cba38a0\" data-element_type=\"widget\" data-e-type=\"widget\" data-settings=\"{&quot;_transform_scaleX_effect&quot;:{&quot;unit&quot;:&quot;px&quot;,&quot;size&quot;:&quot;&quot;,&quot;sizes&quot;:[]},&quot;_transform_scaleX_effect_tablet&quot;:{&quot;unit&quot;:&quot;px&quot;,&quot;size&quot;:&quot;&quot;,&quot;sizes&quot;:[]},&quot;_transform_scaleX_effect_mobile&quot;:{&quot;unit&quot;:&quot;px&quot;,&quot;size&quot;:&quot;&quot;,&quot;sizes&quot;:[]},&quot;_transform_scaleY_effect&quot;:{&quot;unit&quot;:&quot;px&quot;,&quot;size&quot;:&quot;&quot;,&quot;sizes&quot;:[]},&quot;_transform_scaleY_effect_tablet&quot;:{&quot;unit&quot;:&quot;px&quot;,&quot;size&quot;:&quot;&quot;,&quot;sizes&quot;:[]},&quot;_transform_scaleY_effect_mobile&quot;:{&quot;unit&quot;:&quot;px&quot;,&quot;size&quot;:&quot;&quot;,&quot;sizes&quot;:[]}}\" data-widget_type=\"heading.default\">\n\t\t\t\t\t<h2 class=\"elementor-heading-title elementor-size-default\">Respiration consciente avec Marcel Beck<\/h2>\t\t\t\t<\/div>\n\t\t\t\t<div class=\"elementor-element elementor-element-7609dbf2 elementor-widget__width-initial elementor-widget elementor-widget-text-editor\" data-id=\"7609dbf2\" data-element_type=\"widget\" data-e-type=\"widget\" data-widget_type=\"text-editor.default\">\n\t\t\t\t\t\t\t\t\tQue ce soit dans le domaine du leadership, de la transformation ou de la vente, la clart\u00e9 int\u00e9rieure et la concentration font toute la diff\u00e9rence.\t\t\t\t\t\t\t\t<\/div>\n\t\t\t\t<div class=\"elementor-element elementor-element-3623e0c8 elementor-align-right elementor-widget elementor-widget-button\" data-id=\"3623e0c8\" data-element_type=\"widget\" data-e-type=\"widget\" data-widget_type=\"button.default\">\n\t\t\t\t\t\t\t\t\t\t<a class=\"elementor-button elementor-button-link elementor-size-sm\" href=\"https:\/\/circle2.de\/fr\/respiration-consciente-avec-marcel-beck\/\">\n\t\t\t\t\t\t<span class=\"elementor-button-content-wrapper\">\n\t\t\t\t\t\t\t\t\t<span class=\"elementor-button-text\">plus<\/span>\n\t\t\t\t\t<\/span>\n\t\t\t\t\t<\/a>\n\t\t\t\t\t\t\t\t<\/div>\n\t\t\t\t\t<\/div>\n\t\t<\/div>\n\t\t\t\t<div class=\"elementor-column elementor-col-50 elementor-top-column elementor-element elementor-element-32d6891a\" data-id=\"32d6891a\" data-element_type=\"column\" data-e-type=\"column\" data-settings=\"{&quot;background_background&quot;:&quot;classic&quot;}\">\n\t\t\t<div class=\"elementor-widget-wrap elementor-element-populated\">\n\t\t\t\t\t\t<div class=\"elementor-element elementor-element-722d3c0b elementor-widget elementor-widget-spacer\" data-id=\"722d3c0b\" data-element_type=\"widget\" data-e-type=\"widget\" data-widget_type=\"spacer.default\">\n\t\t\t\t\t\t\t<div class=\"elementor-spacer\">\n\t\t\t<div class=\"elementor-spacer-inner\"><\/div>\n\t\t<\/div>\n\t\t\t\t\t\t<\/div>\n\t\t\t\t\t<\/div>\n\t\t<\/div>\n\t\t\t\t\t<\/div>\n\t\t<\/section>\n\t\t\t\t<section class=\"elementor-section elementor-top-section elementor-element elementor-element-de3cdb5 elementor-section-full_width elementor-section-height-default elementor-section-height-default\" data-id=\"de3cdb5\" data-element_type=\"section\" data-e-type=\"section\">\n\t\t\t\t\t\t<div class=\"elementor-container elementor-column-gap-no\">\n\t\t\t\t\t<div class=\"elementor-column elementor-col-50 elementor-top-column elementor-element elementor-element-87a3a8c\" data-id=\"87a3a8c\" data-element_type=\"column\" data-e-type=\"column\" data-settings=\"{&quot;background_background&quot;:&quot;classic&quot;}\">\n\t\t\t<div class=\"elementor-widget-wrap elementor-element-populated\">\n\t\t\t\t\t<div class=\"elementor-background-overlay\"><\/div>\n\t\t\t\t\t\t<div class=\"elementor-element elementor-element-cb35a5e elementor-widget elementor-widget-spacer\" data-id=\"cb35a5e\" data-element_type=\"widget\" data-e-type=\"widget\" data-widget_type=\"spacer.default\">\n\t\t\t\t\t\t\t<div class=\"elementor-spacer\">\n\t\t\t<div class=\"elementor-spacer-inner\"><\/div>\n\t\t<\/div>\n\t\t\t\t\t\t<\/div>\n\t\t\t\t\t<\/div>\n\t\t<\/div>\n\t\t\t\t<div class=\"elementor-column elementor-col-50 elementor-top-column elementor-element elementor-element-d3180e5\" data-id=\"d3180e5\" data-element_type=\"column\" data-e-type=\"column\" data-settings=\"{&quot;background_background&quot;:&quot;classic&quot;}\">\n\t\t\t<div class=\"elementor-widget-wrap elementor-element-populated\">\n\t\t\t\t\t\t<div class=\"elementor-element elementor-element-dbed76e elementor-widget elementor-widget-text-editor\" data-id=\"dbed76e\" data-element_type=\"widget\" data-e-type=\"widget\" data-widget_type=\"text-editor.default\">\n\t\t\t\t\t\t\t\t\t<h5>Nouvelles du CIRCLE<\/h5>\n<h5>Laurence Schneider : depuis peu, elle fait partie de notre \u00e9quipe <\/h5>\n<br>\n<br>\n<h5> Comme nous recevons de plus en plus de demandes de l&#8217;espace francophone, nous sommes tr\u00e8s heureux que Laurence Schneider fasse partie int\u00e9grante de notre \u00e9quipe. Par le pass\u00e9, nous avons r\u00e9alis\u00e9 de nombreux projets avec Laurence, surtout en Suisse.\t\t\t\t\t\t\t\t<\/div>\n\t\t\t\t<div class=\"elementor-element elementor-element-aa07af5 elementor-align-left elementor-widget elementor-widget-button\" data-id=\"aa07af5\" data-element_type=\"widget\" data-e-type=\"widget\" data-widget_type=\"button.default\">\n\t\t\t\t\t\t\t\t\t\t<a class=\"elementor-button elementor-button-link elementor-size-sm\" href=\"https:\/\/circle2.de\/fr\/blog\/2024\/07\/03\/laurence-schneider\/\">\n\t\t\t\t\t\t<span class=\"elementor-button-content-wrapper\">\n\t\t\t\t\t\t\t\t\t<span class=\"elementor-button-text\">plus<\/span>\n\t\t\t\t\t<\/span>\n\t\t\t\t\t<\/a>\n\t\t\t\t\t\t\t\t<\/div>\n\t\t\t\t\t<\/div>\n\t\t<\/div>\n\t\t\t\t\t<\/div>\n\t\t<\/section>\n\t\t\t\t<section class=\"elementor-section elementor-top-section elementor-element elementor-element-7c837fa elementor-section-full_width elementor-section-height-default elementor-section-height-default\" data-id=\"7c837fa\" data-element_type=\"section\" data-e-type=\"section\">\n\t\t\t\t\t\t<div class=\"elementor-container elementor-column-gap-no\">\n\t\t\t\t\t<div class=\"elementor-column elementor-col-100 elementor-top-column elementor-element elementor-element-b55c743\" data-id=\"b55c743\" data-element_type=\"column\" data-e-type=\"column\">\n\t\t\t<div class=\"elementor-widget-wrap elementor-element-populated\">\n\t\t\t\t\t\t<div class=\"elementor-element elementor-element-418d06e elementor-widget elementor-widget-heading\" data-id=\"418d06e\" data-element_type=\"widget\" data-e-type=\"widget\" data-widget_type=\"heading.default\">\n\t\t\t\t\t<h1 class=\"elementor-heading-title elementor-size-default\">Nos services<\/h1>\t\t\t\t<\/div>\n\t\t\t\t\t<\/div>\n\t\t<\/div>\n\t\t\t\t\t<\/div>\n\t\t<\/section>\n\t\t\t\t<section class=\"elementor-section elementor-top-section elementor-element elementor-element-73d6de15 elementor-section-full_width elementor-section-height-default elementor-section-height-default\" data-id=\"73d6de15\" data-element_type=\"section\" data-e-type=\"section\">\n\t\t\t\t\t\t<div class=\"elementor-container elementor-column-gap-no\">\n\t\t\t\t\t<div class=\"elementor-column elementor-col-100 elementor-top-column elementor-element elementor-element-5dc6f2c3\" data-id=\"5dc6f2c3\" data-element_type=\"column\" data-e-type=\"column\">\n\t\t\t<div class=\"elementor-widget-wrap elementor-element-populated\">\n\t\t\t\t\t\t<div class=\"elementor-element elementor-element-1b1125f9 elementor-widget elementor-widget-html\" data-id=\"1b1125f9\" data-element_type=\"widget\" data-e-type=\"widget\" data-widget_type=\"html.default\">\n\t\t\t\t\t<div class=\"port\">\n<div class=\"chart fuehrung\"><a class=\"skip\" href=\"https:\/\/circle2.de\/fr\/services\/leadership\/\"><img decoding=\"async\" src=\"https:\/\/circle2.de\/fr\/wp-content\/uploads\/2021\/11\/icon_fuehrung.svg\" \/><h4>Le leadership<\/h4><p>Comment fonctionne le leadership aujourd'hui<\/p><\/a><\/div>\n<div class=\"chart vertrieb\"><a class=\"skip\" href=\"https:\/\/circle2.de\/fr\/services\/ventes\/\"><img decoding=\"async\" src=\"https:\/\/circle2.de\/fr\/wp-content\/uploads\/2021\/11\/icon_vertrieb.svg\" \/><h4>Ventes<\/h4><p>Ce qui fonctionne r\u00e9ellement avec les clients<\/p><\/a><\/div>\n<div class=\"chart change\"><a class=\"skip\" href=\"https:\/\/circle2.de\/fr\/services\/changement\/\"><img decoding=\"async\" src=\"https:\/\/circle2.de\/fr\/wp-content\/uploads\/2021\/11\/icon_change.svg\" \/><h4>Le changement<\/h4><p>Des processus de changement r\u00e9ussis<\/p><\/a><\/div>\n<div class=\"chart coaching\"><a class=\"skip\" href=\"https:\/\/circle2.de\/fr\/services\/coaching\/\"><img decoding=\"async\" src=\"https:\/\/circle2.de\/fr\/wp-content\/uploads\/2021\/11\/icon_coaching.svg\" \/><h4>Le coaching<\/h4><p>D\u00e9velopper les potentiels<\/p><\/a><\/div>\n<div class=\"chart kooperation\"><a class=\"skip\" href=\"https:\/\/circle2.de\/fr\/services\/cooperation\/\"><img decoding=\"async\" src=\"https:\/\/circle2.de\/fr\/wp-content\/uploads\/2021\/11\/icon_kooperation.svg\" \/><h4>La coop\u00e9ration<\/h4><p>La coop\u00e9ration, un avantage concurrentiell<\/p><\/a><\/div>\n<div class=\"chart strateg\"><a class=\"skip\" href=\"https:\/\/circle2.de\/fr\/services\/developpement-strategique\/\"><img decoding=\"async\" src=\"https:\/\/circle2.de\/fr\/wp-content\/uploads\/2021\/11\/icon_strategischePE-1.svg\" \/><h4>D\u00e9veloppement strat\u00e9gique<\/br>des ressources humaines<\/h4><p>Processus de d\u00e9veloppement<\/p><\/a><\/div>\n<\/div>\t\t\t\t<\/div>\n\t\t\t\t<div class=\"elementor-element elementor-element-084e2a8 elementor-widget elementor-widget-spacer\" data-id=\"084e2a8\" data-element_type=\"widget\" data-e-type=\"widget\" data-widget_type=\"spacer.default\">\n\t\t\t\t\t\t\t<div class=\"elementor-spacer\">\n\t\t\t<div class=\"elementor-spacer-inner\"><\/div>\n\t\t<\/div>\n\t\t\t\t\t\t<\/div>\n\t\t\t\t\t<\/div>\n\t\t<\/div>\n\t\t\t\t\t<\/div>\n\t\t<\/section>\n\t\t\t\t<section class=\"elementor-section elementor-top-section elementor-element elementor-element-5221fd2 elementor-section-boxed elementor-section-height-default elementor-section-height-default\" data-id=\"5221fd2\" data-element_type=\"section\" data-e-type=\"section\">\n\t\t\t\t\t\t<div class=\"elementor-container elementor-column-gap-default\">\n\t\t\t\t\t<div class=\"elementor-column elementor-col-100 elementor-top-column elementor-element elementor-element-5c08444\" data-id=\"5c08444\" data-element_type=\"column\" data-e-type=\"column\">\n\t\t\t<div class=\"elementor-widget-wrap elementor-element-populated\">\n\t\t\t\t\t\t<div class=\"elementor-element elementor-element-63b342f elementor-widget elementor-widget-heading\" data-id=\"63b342f\" data-element_type=\"widget\" data-e-type=\"widget\" data-widget_type=\"heading.default\">\n\t\t\t\t\t<h1 class=\"elementor-heading-title elementor-size-default\">Qui sommes-nous et que faisons-nous ?<\/h1>\t\t\t\t<\/div>\n\t\t\t\t\t<\/div>\n\t\t<\/div>\n\t\t\t\t\t<\/div>\n\t\t<\/section>\n\t\t\t\t<section class=\"elementor-section elementor-top-section elementor-element elementor-element-6801e9e elementor-section-boxed elementor-section-height-default elementor-section-height-default\" data-id=\"6801e9e\" data-element_type=\"section\" data-e-type=\"section\">\n\t\t\t\t\t\t<div class=\"elementor-container elementor-column-gap-default\">\n\t\t\t\t\t<div class=\"elementor-column elementor-col-100 elementor-top-column elementor-element elementor-element-acae0c7\" data-id=\"acae0c7\" data-element_type=\"column\" data-e-type=\"column\">\n\t\t\t<div class=\"elementor-widget-wrap elementor-element-populated\">\n\t\t\t\t\t\t<div class=\"elementor-element elementor-element-04daab7 elementor-widget elementor-widget-text-editor\" data-id=\"04daab7\" data-element_type=\"widget\" data-e-type=\"widget\" data-widget_type=\"text-editor.default\">\n\t\t\t\t\t\t\t\t\t<p>En tant que cabinet de conseil en ressources humaines et en d\u00e9veloppement organisationnel, nous soutenons les personnes et les organisations par le biais de formations personnalis\u00e9es, de coaching et de formats de d\u00e9veloppement. Nos principaux th\u00e8mes sont <a href=\"https:\/\/circle2.de\/fr\/services\/leadership\/\">le leadership<\/a>, <a href=\"https:\/\/circle2.de\/fr\/services\/vente\/\">la vente<\/a>, <a href=\"https:\/\/circle2.de\/fr\/services\/changement\/\">la transformation<\/a> et <a href=\"https:\/\/circle2.de\/fr\/services\/cooperation\/\">la collaboration<\/a>.<\/p><p>\u00a0<\/p><p>Qu&#8217;il s&#8217;agisse d&#8217;une mesure de <a href=\"https:\/\/circle2.de\/fr\/services\/coaching\/\">coaching individuel<\/a> ou <a href=\"https:\/\/circle2.de\/fr\/services\/leadership\/\">d&#8217;un programme de formation international complet<\/a>, de l&#8217;animation d&#8217;un <a href=\"https:\/\/circle2.de\/fr\/services\/changement\/\">atelier strat\u00e9gique<\/a> stimulant ou d&#8217;un <a href=\"https:\/\/circle2.de\/fr\/services\/developpement-strategique\/\">processus culturel ou de transformation complexe<\/a> et complet, nous condensons notre exp\u00e9rience acquise depuis 1996 dans divers secteurs d&#8217;activit\u00e9 en concepts inspirants &#8222;pour demain&#8220;. Ces concepts sont \u00e0 la fois pratiques et scientifiquement fond\u00e9s. Nous nous concentrons sur l&#8217;entreprise en tant que lieu de travail attrayant et performant.<br \/>Nous aimons former un CERCLE avec des personnes qui ont identifi\u00e9 des besoins de d\u00e9veloppement et de changement pertinents dans leur propre entreprise et qui veulent faire une diff\u00e9rence durable. Avec des personnes qui ont des valeurs et qui veulent les cr\u00e9er ensemble. Nous sommes soucieux d&#8217;une attitude claire, mais aussi d&#8217;une grande ouverture aux besoins individuels dans le contexte de la r\u00e9ussite de l&#8217;entreprise. En effet, l&#8217;expertise n&#8217;est utile que si elle est utilis\u00e9e de mani\u00e8re cibl\u00e9e. Cela vaut \u00e9galement pour nos formats : Beaucoup de dialogue, peu de sens unique. Beaucoup de pratique et autant de th\u00e9orie que n\u00e9cessaire. Nous utilisons des m\u00e9thodes lorsqu&#8217;elles ont un sens : <a href=\"https:\/\/circle2.de\/fr\/outils\/\">Formation classique, formation en ligne, ateliers, enqu\u00eates, grands \u00e9v\u00e9nements, open-space, p\u00e9pites d&#8217;apprentissage num\u00e9rique, \u00e9valuations potentielles<\/a> &#8211; en g\u00e9n\u00e9ral, un m\u00e9lange sp\u00e9cifique de tout cela fait sens.<\/p><p>\u00a0<\/p><p>Nous, les consultants, sommes des ma\u00eetres de notre m\u00e9tier et avons une grande exp\u00e9rience &#8211; \u00e9galement en ligne et dans des secteurs tr\u00e8s diff\u00e9rents. Nous aimons les actions pragmatiques et concr\u00e8tes. Comprendre pr\u00e9cis\u00e9ment votre entreprise et soutenir efficacement ses collaborateurs dans leur d\u00e9veloppement.<\/p>\t\t\t\t\t\t\t\t<\/div>\n\t\t\t\t\t<\/div>\n\t\t<\/div>\n\t\t\t\t\t<\/div>\n\t\t<\/section>\n\t\t\t\t<section class=\"elementor-section elementor-top-section elementor-element elementor-element-3ba79fa elementor-section-boxed elementor-section-height-default elementor-section-height-default\" data-id=\"3ba79fa\" data-element_type=\"section\" data-e-type=\"section\">\n\t\t\t\t\t\t<div class=\"elementor-container elementor-column-gap-default\">\n\t\t\t\t\t<div class=\"elementor-column elementor-col-100 elementor-top-column elementor-element elementor-element-b2fb9c8\" data-id=\"b2fb9c8\" data-element_type=\"column\" data-e-type=\"column\">\n\t\t\t<div class=\"elementor-widget-wrap elementor-element-populated\">\n\t\t\t\t\t\t<div class=\"elementor-element elementor-element-c90c290 elementor-align-center elementor-widget elementor-widget-button\" data-id=\"c90c290\" data-element_type=\"widget\" data-e-type=\"widget\" data-widget_type=\"button.default\">\n\t\t\t\t\t\t\t\t\t\t<a class=\"elementor-button elementor-button-link elementor-size-sm\" href=\"https:\/\/circle2.de\/fr\/contact\/\">\n\t\t\t\t\t\t<span class=\"elementor-button-content-wrapper\">\n\t\t\t\t\t\t\t\t\t<span class=\"elementor-button-text\">Contact<\/span>\n\t\t\t\t\t<\/span>\n\t\t\t\t\t<\/a>\n\t\t\t\t\t\t\t\t<\/div>\n\t\t\t\t\t<\/div>\n\t\t<\/div>\n\t\t\t\t\t<\/div>\n\t\t<\/section>\n\t\t\t\t<section class=\"elementor-section elementor-top-section elementor-element elementor-element-a1d1a5f elementor-section-boxed elementor-section-height-default elementor-section-height-default\" data-id=\"a1d1a5f\" data-element_type=\"section\" data-e-type=\"section\">\n\t\t\t\t\t\t<div class=\"elementor-container elementor-column-gap-default\">\n\t\t\t\t\t<div class=\"elementor-column elementor-col-100 elementor-top-column elementor-element elementor-element-6c8ff5b\" data-id=\"6c8ff5b\" data-element_type=\"column\" data-e-type=\"column\">\n\t\t\t<div class=\"elementor-widget-wrap elementor-element-populated\">\n\t\t\t\t\t\t<div class=\"elementor-element elementor-element-55e852c elementor-widget elementor-widget-spacer\" data-id=\"55e852c\" data-element_type=\"widget\" data-e-type=\"widget\" data-widget_type=\"spacer.default\">\n\t\t\t\t\t\t\t<div class=\"elementor-spacer\">\n\t\t\t<div class=\"elementor-spacer-inner\"><\/div>\n\t\t<\/div>\n\t\t\t\t\t\t<\/div>\n\t\t\t\t\t<\/div>\n\t\t<\/div>\n\t\t\t\t\t<\/div>\n\t\t<\/section>\n\t\t\t\t<\/div>\n\t\t","protected":false},"excerpt":{"rendered":"<p>Personnes et performances: Ensemble pour l&#8217;ensemble CIRCLE2 GmbH est une soci\u00e9t\u00e9 internationale de conseil concentr\u00e9e sur le d\u00e9veloppement du leadershiple d\u00e9veloppement des ventesle soutien des processus de changementle renforcement de la coop\u00e9ration au sein des entreprisesle coachingles questions relatives au d\u00e9veloppement strat\u00e9gique du personnel. Tobias Heisig, Alexander Wittwer et l&#8217;\u00e9quipe disposent de plus de 25 &#8230;<\/p>\n","protected":false},"author":1,"featured_media":0,"parent":0,"menu_order":0,"comment_status":"closed","ping_status":"closed","template":"","meta":{"inline_featured_image":false,"footnotes":"","_links_to":"","_links_to_target":""},"class_list":["post-1767","page","type-page","status-publish"],"_links":{"self":[{"href":"https:\/\/circle2.de\/fr\/wp-json\/wp\/v2\/pages\/1767","targetHints":{"allow":["GET"]}}],"collection":[{"href":"https:\/\/circle2.de\/fr\/wp-json\/wp\/v2\/pages"}],"about":[{"href":"https:\/\/circle2.de\/fr\/wp-json\/wp\/v2\/types\/page"}],"author":[{"embeddable":true,"href":"https:\/\/circle2.de\/fr\/wp-json\/wp\/v2\/users\/1"}],"replies":[{"embeddable":true,"href":"https:\/\/circle2.de\/fr\/wp-json\/wp\/v2\/comments?post=1767"}],"version-history":[{"count":972,"href":"https:\/\/circle2.de\/fr\/wp-json\/wp\/v2\/pages\/1767\/revisions"}],"predecessor-version":[{"id":8281,"href":"https:\/\/circle2.de\/fr\/wp-json\/wp\/v2\/pages\/1767\/revisions\/8281"}],"wp:attachment":[{"href":"https:\/\/circle2.de\/fr\/wp-json\/wp\/v2\/media?parent=1767"}],"curies":[{"name":"wp","href":"https:\/\/api.w.org\/{rel}","templated":true}]}}