{"id":154,"date":"2021-11-22T11:59:25","date_gmt":"2021-11-22T10:59:25","guid":{"rendered":"https:\/\/circle2.de\/fr\/?page_id=154"},"modified":"2024-02-07T15:58:24","modified_gmt":"2024-02-07T14:58:24","slug":"transfert-numerique","status":"publish","type":"page","link":"https:\/\/circle2.de\/fr\/apprentissage\/transfert-numerique\/","title":{"rendered":"Formats de transfert num\u00e9rique"},"content":{"rendered":"\t\t<div data-elementor-type=\"wp-page\" data-elementor-id=\"154\" class=\"elementor elementor-154\" data-elementor-post-type=\"page\">\n\t\t\t\t\t\t<section class=\"elementor-section elementor-top-section elementor-element elementor-element-5d5c4585 elementor-section-boxed elementor-section-height-default elementor-section-height-default\" data-id=\"5d5c4585\" data-element_type=\"section\" data-e-type=\"section\">\n\t\t\t\t\t\t<div class=\"elementor-container elementor-column-gap-default\">\n\t\t\t\t\t<div class=\"elementor-column elementor-col-100 elementor-top-column elementor-element elementor-element-e15a8d4\" data-id=\"e15a8d4\" data-element_type=\"column\" data-e-type=\"column\">\n\t\t\t<div class=\"elementor-widget-wrap elementor-element-populated\">\n\t\t\t\t\t\t<div class=\"elementor-element elementor-element-242c2b55 elementor-widget elementor-widget-heading\" data-id=\"242c2b55\" data-element_type=\"widget\" data-e-type=\"widget\" data-widget_type=\"heading.default\">\n\t\t\t\t\t<h5 class=\"elementor-heading-title elementor-size-default\">L'apprentissage<\/h5>\t\t\t\t<\/div>\n\t\t\t\t<div class=\"elementor-element elementor-element-62b494dc elementor-widget elementor-widget-heading\" data-id=\"62b494dc\" data-element_type=\"widget\" data-e-type=\"widget\" data-widget_type=\"heading.default\">\n\t\t\t\t\t<h1 class=\"elementor-heading-title elementor-size-default\">Formats de transfert num\u00e9rique<\/h1>\t\t\t\t<\/div>\n\t\t\t\t\t<\/div>\n\t\t<\/div>\n\t\t\t\t\t<\/div>\n\t\t<\/section>\n\t\t\t\t<section class=\"elementor-section elementor-top-section elementor-element elementor-element-2708ec9 elementor-section-boxed elementor-section-height-default elementor-section-height-default\" data-id=\"2708ec9\" data-element_type=\"section\" data-e-type=\"section\" data-settings=\"{&quot;background_background&quot;:&quot;classic&quot;}\">\n\t\t\t\t\t\t<div class=\"elementor-container elementor-column-gap-narrow\">\n\t\t\t\t\t<div class=\"elementor-column elementor-col-33 elementor-top-column elementor-element elementor-element-66a0a13\" data-id=\"66a0a13\" data-element_type=\"column\" data-e-type=\"column\" data-settings=\"{&quot;background_background&quot;:&quot;classic&quot;}\">\n\t\t\t<div class=\"elementor-widget-wrap elementor-element-populated\">\n\t\t\t\t\t\t<div class=\"elementor-element elementor-element-903746e transferbox elementor-widget elementor-widget-text-editor\" data-id=\"903746e\" data-element_type=\"widget\" data-e-type=\"widget\" data-widget_type=\"text-editor.default\">\n\t\t\t\t\t\t\t\t\t<strong>Questions sur l&#8217;autor\u00e9flexion<\/strong><\/br>\nElles concernent d&#8217;une part la motivation personnelle de transfert, la conviction d&#8217;efficacit\u00e9 personnelle et la volont\u00e9 de transfert, et d&#8217;autre part la r\u00e9flexion sur ses propres exp\u00e9riences de mise en \u0153uvre ou sur la qualit\u00e9 de l&#8217;application.\t\t\t\t\t\t\t\t<\/div>\n\t\t\t\t<div class=\"elementor-element elementor-element-f438d4f transferbox elementor-widget elementor-widget-text-editor\" data-id=\"f438d4f\" data-element_type=\"widget\" data-e-type=\"widget\" data-widget_type=\"text-editor.default\">\n\t\t\t\t\t\t\t\t\t<strong> Test de connaissances <\/strong><\/br>\nDe petites questions d&#8217;impulsion stimulent la r\u00e9flexion (pourquoi le retour d&#8217;information est-il si r\u00e9ticent \u00e0 \u00eatre mis en \u0153uvre ? Comment g\u00e9rer les candidats difficiles ? Quels sont les principes d&#8217;un &#8222;\u00e9tat d&#8217;esprit pour une performance optimale&#8220; ?)\t\t\t\t\t\t\t\t<\/div>\n\t\t\t\t<div class=\"elementor-element elementor-element-f241aee transferbox elementor-widget elementor-widget-text-editor\" data-id=\"f241aee\" data-element_type=\"widget\" data-e-type=\"widget\" data-widget_type=\"text-editor.default\">\n\t\t\t\t\t\t\t\t\t<strong> S\u00e9minaire en ligne <\/strong><\/br>\nIl peut s&#8217;agir de nouveaux sujets, mais aussi d&#8217;\u00e9valuations de la mise en \u0153uvre.  \t\t\t\t\t\t\t\t<\/div>\n\t\t\t\t<div class=\"elementor-element elementor-element-e18f39c elementor-widget elementor-widget-image\" data-id=\"e18f39c\" data-element_type=\"widget\" data-e-type=\"widget\" data-widget_type=\"image.default\">\n\t\t\t\t\t\t\t\t\t\t\t\t\t\t\t<img fetchpriority=\"high\" decoding=\"async\" width=\"488\" height=\"366\" src=\"https:\/\/circle2.de\/fr\/wp-content\/uploads\/sites\/6\/2021\/11\/transferformat_1er_b.png\" class=\"attachment-large size-large wp-image-1608\" alt=\"\" srcset=\"https:\/\/circle2.de\/fr\/wp-content\/uploads\/sites\/6\/2021\/11\/transferformat_1er_b.png 488w, https:\/\/circle2.de\/fr\/wp-content\/uploads\/sites\/6\/2021\/11\/transferformat_1er_b-150x113.png 150w\" sizes=\"(max-width: 488px) 100vw, 488px\" \/>\t\t\t\t\t\t\t\t\t\t\t\t\t\t\t<\/div>\n\t\t\t\t<div class=\"elementor-element elementor-element-c8ba98b transferbox elementor-widget elementor-widget-text-editor\" data-id=\"c8ba98b\" data-element_type=\"widget\" data-e-type=\"widget\" data-widget_type=\"text-editor.default\">\n\t\t\t\t\t\t\t\t\t<strong>VOX-Pops<\/strong><\/br>\nFichiers vid\u00e9o ou audio dans lesquels les participants expriment leur opinion, par exemple, sur la qualit\u00e9 du s\u00e9minaire ou sur les exp\u00e9riences de mise en \u0153uvre.\t\t\t\t\t\t\t\t<\/div>\n\t\t\t\t<div class=\"elementor-element elementor-element-24c75de transferbox elementor-widget elementor-widget-text-editor\" data-id=\"24c75de\" data-element_type=\"widget\" data-e-type=\"widget\" data-widget_type=\"text-editor.default\">\n\t\t\t\t\t\t\t\t\t<strong> T\u00e2ches de mise en \u0153uvre <\/strong><\/br>\nDes \u00e9tapes concr\u00e8tes sont donn\u00e9es \u00e0 l&#8217;\u00e9quipe (par exemple, mettre en \u0153uvre &#8222;diriger \u00e0 travers la r\u00e9alit\u00e9&#8220; trois fois au cours de la semaine suivante).\t\t\t\t\t\t\t\t<\/div>\n\t\t\t\t<div class=\"elementor-element elementor-element-3e6d462 transferbox elementor-widget elementor-widget-text-editor\" data-id=\"3e6d462\" data-element_type=\"widget\" data-e-type=\"widget\" data-widget_type=\"text-editor.default\">\n\t\t\t\t\t\t\t\t\t<strong>Blog<\/strong><\/br>\nD\u00e9clarations et opinions\n\t\t\t\t\t\t\t\t<\/div>\n\t\t\t\t<div class=\"elementor-element elementor-element-738b325 transferbox elementor-widget elementor-widget-text-editor\" data-id=\"738b325\" data-element_type=\"widget\" data-e-type=\"widget\" data-widget_type=\"text-editor.default\">\n\t\t\t\t\t\t\t\t\t<strong> Cahier d&#8217;exercices interactif <\/strong><\/br>\nNon-mod\u00e9r\u00e9, qui comprend des instructions qui sont travaill\u00e9es en ligne dans un petit groupe (\u00e9tude de cas ptx-stretch pour la discussion, etc.)  \t\t\t\t\t\t\t\t<\/div>\n\t\t\t\t\t<\/div>\n\t\t<\/div>\n\t\t\t\t<div class=\"elementor-column elementor-col-33 elementor-top-column elementor-element elementor-element-2db3ccd\" data-id=\"2db3ccd\" data-element_type=\"column\" data-e-type=\"column\" data-settings=\"{&quot;background_background&quot;:&quot;classic&quot;}\">\n\t\t\t<div class=\"elementor-widget-wrap elementor-element-populated\">\n\t\t\t\t\t\t<div class=\"elementor-element elementor-element-f92db59 elementor-widget elementor-widget-image\" data-id=\"f92db59\" data-element_type=\"widget\" data-e-type=\"widget\" data-widget_type=\"image.default\">\n\t\t\t\t\t\t\t\t\t\t\t\t\t\t\t<img decoding=\"async\" width=\"488\" height=\"299\" src=\"https:\/\/circle2.de\/fr\/wp-content\/uploads\/sites\/6\/2021\/11\/transferformate_1er_a.png\" class=\"attachment-large size-large wp-image-1595\" alt=\"\" srcset=\"https:\/\/circle2.de\/fr\/wp-content\/uploads\/sites\/6\/2021\/11\/transferformate_1er_a.png 488w, https:\/\/circle2.de\/fr\/wp-content\/uploads\/sites\/6\/2021\/11\/transferformate_1er_a-150x92.png 150w\" sizes=\"(max-width: 488px) 100vw, 488px\" \/>\t\t\t\t\t\t\t\t\t\t\t\t\t\t\t<\/div>\n\t\t\t\t<div class=\"elementor-element elementor-element-411e2ea transferbox elementor-widget elementor-widget-text-editor\" data-id=\"411e2ea\" data-element_type=\"widget\" data-e-type=\"widget\" data-widget_type=\"text-editor.default\">\n\t\t\t\t\t\t\t\t\t<strong>Plan de transfert personnel\n<\/strong><\/br>\nChaque participant doit \u00e9laborer un plan de transfert qui comprend, d&#8217;une part, les attentes en mati\u00e8re de transfert (le r\u00e9sultat final en fonction des niveaux de capacit\u00e9 et de d\u00e9sir) et, d&#8217;autre part, de petites \u00e9tapes de mise en \u0153uvre tr\u00e8s sp\u00e9cifiques et planifi\u00e9es. Les \u00e9valuations interm\u00e9diaires permettent d&#8217;\u00e9valuer les progr\u00e8s de l&#8217;apprentissage.\t\t\t\t\t\t\t\t<\/div>\n\t\t\t\t<div class=\"elementor-element elementor-element-268952d transferbox elementor-widget elementor-widget-text-editor\" data-id=\"268952d\" data-element_type=\"widget\" data-e-type=\"widget\" data-widget_type=\"text-editor.default\">\n\t\t\t\t\t\t\t\t\t<strong> Questions d&#8217;impulsion <\/strong><\/br>\nDe petites questions li\u00e9es au contenu ou \u00e0 la mise en \u0153uvre enrichissent le processus d&#8217;apprentissage (Quel effet avez-vous obtenu exactement avec la derni\u00e8re \u00e9tape de la mise en \u0153uvre ? Quelle diff\u00e9rence avez-vous remarqu\u00e9e par rapport aux approches pr\u00e9c\u00e9dentes ?)\t\t\t\t\t\t\t\t<\/div>\n\t\t\t\t<div class=\"elementor-element elementor-element-f2bd6bd transferbox elementor-widget elementor-widget-text-editor\" data-id=\"f2bd6bd\" data-element_type=\"widget\" data-e-type=\"widget\" data-widget_type=\"text-editor.default\">\n\t\t\t\t\t\t\t\t\t<strong>Streamcast<\/strong><\/br>\nLe contenu est expliqu\u00e9 \u00e0 l&#8217;aide de diapositives sur une piste audio.\t\t\t\t\t\t\t\t<\/div>\n\t\t\t\t<div class=\"elementor-element elementor-element-3302f43 transferbox elementor-widget elementor-widget-text-editor\" data-id=\"3302f43\" data-element_type=\"widget\" data-e-type=\"widget\" data-widget_type=\"text-editor.default\">\n\t\t\t\t\t\t\t\t\t<strong>Entretien avec un expert<\/strong><\/br>\nUne personne r\u00e9put\u00e9e (cadre, consultant, etc.) donne une courte interview sur vid\u00e9o. \t\t\t\t\t\t\t\t<\/div>\n\t\t\t\t<div class=\"elementor-element elementor-element-175fcec elementor-widget elementor-widget-image\" data-id=\"175fcec\" data-element_type=\"widget\" data-e-type=\"widget\" data-widget_type=\"image.default\">\n\t\t\t\t\t\t\t\t\t\t\t\t\t\t\t<img decoding=\"async\" width=\"488\" height=\"299\" src=\"https:\/\/circle2.de\/fr\/wp-content\/uploads\/sites\/6\/2021\/11\/transferformate_1er_d.png\" class=\"attachment-large size-large wp-image-1621\" alt=\"\" srcset=\"https:\/\/circle2.de\/fr\/wp-content\/uploads\/sites\/6\/2021\/11\/transferformate_1er_d.png 488w, https:\/\/circle2.de\/fr\/wp-content\/uploads\/sites\/6\/2021\/11\/transferformate_1er_d-150x92.png 150w\" sizes=\"(max-width: 488px) 100vw, 488px\" \/>\t\t\t\t\t\t\t\t\t\t\t\t\t\t\t<\/div>\n\t\t\t\t<div class=\"elementor-element elementor-element-fca6de6 transferbox elementor-widget elementor-widget-text-editor\" data-id=\"fca6de6\" data-element_type=\"widget\" data-e-type=\"widget\" data-widget_type=\"text-editor.default\">\n\t\t\t\t\t\t\t\t\t<strong>Podcast<\/strong>\nImpulsions sur la piste audio\n\t\t\t\t\t\t\t\t<\/div>\n\t\t\t\t<div class=\"elementor-element elementor-element-4b12cfc transferbox elementor-widget elementor-widget-text-editor\" data-id=\"4b12cfc\" data-element_type=\"widget\" data-e-type=\"widget\" data-widget_type=\"text-editor.default\">\n\t\t\t\t\t\t\t\t\t<strong>Questions et r\u00e9ponses <\/strong><\/br>\nDes questions sp\u00e9cifiques peuvent \u00eatre adress\u00e9es aux pr\u00e9sentateurs\t\t\t\t\t\t\t\t<\/div>\n\t\t\t\t\t<\/div>\n\t\t<\/div>\n\t\t\t\t<div class=\"elementor-column elementor-col-33 elementor-top-column elementor-element elementor-element-cc7c9d0\" data-id=\"cc7c9d0\" data-element_type=\"column\" data-e-type=\"column\">\n\t\t\t<div class=\"elementor-widget-wrap elementor-element-populated\">\n\t\t\t\t\t\t<div class=\"elementor-element elementor-element-51b4efd transferbox elementor-widget elementor-widget-text-editor\" data-id=\"51b4efd\" data-element_type=\"widget\" data-e-type=\"widget\" data-widget_type=\"text-editor.default\">\n\t\t\t\t\t\t\t\t\t<strong>Remise \u00e0 niveau<\/strong><\/br>\nDe courts scripts r\u00e9sument les sujets les plus importants de la formation, enrichis d&#8217;informations compl\u00e9mentaires.\n\t\t\t\t\t\t\t\t<\/div>\n\t\t\t\t<div class=\"elementor-element elementor-element-602af32 transferbox elementor-widget elementor-widget-text-editor\" data-id=\"602af32\" data-element_type=\"widget\" data-e-type=\"widget\" data-widget_type=\"text-editor.default\">\n\t\t\t\t\t\t\t\t\t<strong> P\u00e9pites d&#8217;apprentissage<\/strong><\/br>\nSous la forme d&#8217;un court script, de nouvelles impulsions pour la th\u00e9orie et la pratique sont introduites.\t\t\t\t\t\t\t\t<\/div>\n\t\t\t\t<div class=\"elementor-element elementor-element-0f2469d transferbox elementor-widget elementor-widget-text-editor\" data-id=\"0f2469d\" data-element_type=\"widget\" data-e-type=\"widget\" data-widget_type=\"text-editor.default\">\n\t\t\t\t\t\t\t\t\t<strong>Vid\u00e9o des meilleures pratiques par les participants<\/strong><\/br>\nCes vid\u00e9os de 2 minutes maximum sont des vid\u00e9os r\u00e9alis\u00e9es par les participants sur leur t\u00e9l\u00e9phone portable. \t\t\t\t\t\t\t\t<\/div>\n\t\t\t\t<div class=\"elementor-element elementor-element-3caa0cb elementor-widget elementor-widget-image\" data-id=\"3caa0cb\" data-element_type=\"widget\" data-e-type=\"widget\" data-widget_type=\"image.default\">\n\t\t\t\t\t\t\t\t\t\t\t\t\t\t\t<img loading=\"lazy\" decoding=\"async\" width=\"488\" height=\"299\" src=\"https:\/\/circle2.de\/fr\/wp-content\/uploads\/sites\/6\/2021\/11\/tranferformate_1er_c.png\" class=\"attachment-large size-large wp-image-1641\" alt=\"\" srcset=\"https:\/\/circle2.de\/fr\/wp-content\/uploads\/sites\/6\/2021\/11\/tranferformate_1er_c.png 488w, https:\/\/circle2.de\/fr\/wp-content\/uploads\/sites\/6\/2021\/11\/tranferformate_1er_c-150x92.png 150w\" sizes=\"(max-width: 488px) 100vw, 488px\" \/>\t\t\t\t\t\t\t\t\t\t\t\t\t\t\t<\/div>\n\t\t\t\t<div class=\"elementor-element elementor-element-7de76f8 transferbox elementor-widget elementor-widget-text-editor\" data-id=\"7de76f8\" data-element_type=\"widget\" data-e-type=\"widget\" data-widget_type=\"text-editor.default\">\n\t\t\t\t\t\t\t\t\t<strong>FIlm pratique<\/strong><\/br>\nUn film explicatif classique avec un nouveau contenu.\t\t\t\t\t\t\t\t<\/div>\n\t\t\t\t<div class=\"elementor-element elementor-element-8700bf7 transferbox elementor-widget elementor-widget-text-editor\" data-id=\"8700bf7\" data-element_type=\"widget\" data-e-type=\"widget\" data-widget_type=\"text-editor.default\">\n\t\t\t\t\t\t\t\t\t<strong>Informations<\/strong><\/br>\nInformations sur les organisations du s\u00e9minaire, les ant\u00e9c\u00e9dents dans l&#8217;entreprise, etc.\t\t\t\t\t\t\t\t<\/div>\n\t\t\t\t<div class=\"elementor-element elementor-element-d32d64e transferbox elementor-widget elementor-widget-text-editor\" data-id=\"d32d64e\" data-element_type=\"widget\" data-e-type=\"widget\" data-widget_type=\"text-editor.default\">\n\t\t\t\t\t\t\t\t\t<strong> Impulsion <\/strong><\/br>\nTexte court avec des suggestions\t\t\t\t\t\t\t\t<\/div>\n\t\t\t\t<div class=\"elementor-element elementor-element-6c6a324 transferbox elementor-widget elementor-widget-text-editor\" data-id=\"6c6a324\" data-element_type=\"widget\" data-e-type=\"widget\" data-widget_type=\"text-editor.default\">\n\t\t\t\t\t\t\t\t\t<strong> Appeler un coach <\/strong>\nUn coaching personnel et confidentiel peut \u00eatre demand\u00e9 \u00e0 tout moment par chat ou par t\u00e9l\u00e9phone.\t\t\t\t\t\t\t\t<\/div>\n\t\t\t\t<div class=\"elementor-element elementor-element-5504aa9 transferbox elementor-widget elementor-widget-text-editor\" data-id=\"5504aa9\" data-element_type=\"widget\" data-e-type=\"widget\" data-widget_type=\"text-editor.default\">\n\t\t\t\t\t\t\t\t\t<strong> Solde de transfert <\/strong><\/br>\nSur la base de questions d&#8217;auto-\u00e9valuation, les balances de transfert sont r\u00e9guli\u00e8rement trac\u00e9es le long d&#8217;une \u00e9chelle. A l&#8217;instar d&#8217;une &#8222;courbe de fi\u00e8vre&#8220;, l&#8217;\u00e9volution peut \u00eatre montr\u00e9e (auto-\u00e9valuation). \t\t\t\t\t\t\t\t<\/div>\n\t\t\t\t\t<\/div>\n\t\t<\/div>\n\t\t\t\t\t<\/div>\n\t\t<\/section>\n\t\t\t\t<\/div>\n\t\t","protected":false},"excerpt":{"rendered":"<p>L&#8217;apprentissage Formats de transfert num\u00e9rique Questions sur l&#8217;autor\u00e9flexion Elles concernent d&#8217;une part la motivation personnelle de transfert, la conviction d&#8217;efficacit\u00e9 personnelle et la volont\u00e9 de transfert, et d&#8217;autre part la r\u00e9flexion sur ses propres exp\u00e9riences de mise en \u0153uvre ou sur la qualit\u00e9 de l&#8217;application. Test de connaissances De petites questions d&#8217;impulsion stimulent la r\u00e9flexion &#8230;<\/p>\n","protected":false},"author":1,"featured_media":0,"parent":22,"menu_order":0,"comment_status":"closed","ping_status":"closed","template":"","meta":{"inline_featured_image":false,"footnotes":"","_links_to":"","_links_to_target":""},"class_list":["post-154","page","type-page","status-publish"],"_links":{"self":[{"href":"https:\/\/circle2.de\/fr\/wp-json\/wp\/v2\/pages\/154","targetHints":{"allow":["GET"]}}],"collection":[{"href":"https:\/\/circle2.de\/fr\/wp-json\/wp\/v2\/pages"}],"about":[{"href":"https:\/\/circle2.de\/fr\/wp-json\/wp\/v2\/types\/page"}],"author":[{"embeddable":true,"href":"https:\/\/circle2.de\/fr\/wp-json\/wp\/v2\/users\/1"}],"replies":[{"embeddable":true,"href":"https:\/\/circle2.de\/fr\/wp-json\/wp\/v2\/comments?post=154"}],"version-history":[{"count":128,"href":"https:\/\/circle2.de\/fr\/wp-json\/wp\/v2\/pages\/154\/revisions"}],"predecessor-version":[{"id":5579,"href":"https:\/\/circle2.de\/fr\/wp-json\/wp\/v2\/pages\/154\/revisions\/5579"}],"up":[{"embeddable":true,"href":"https:\/\/circle2.de\/fr\/wp-json\/wp\/v2\/pages\/22"}],"wp:attachment":[{"href":"https:\/\/circle2.de\/fr\/wp-json\/wp\/v2\/media?parent=154"}],"curies":[{"name":"wp","href":"https:\/\/api.w.org\/{rel}","templated":true}]}}