{"id":3564,"date":"2021-12-21T16:53:27","date_gmt":"2021-12-21T15:53:27","guid":{"rendered":"https:\/\/circle2.de\/en\/?page_id=3564"},"modified":"2024-12-05T18:54:11","modified_gmt":"2024-12-05T17:54:11","slug":"data-protection","status":"publish","type":"page","link":"https:\/\/circle2.de\/en\/data-protection\/","title":{"rendered":"Data Protection"},"content":{"rendered":"\t\t<div data-elementor-type=\"wp-page\" data-elementor-id=\"3564\" class=\"elementor elementor-3564\" data-elementor-post-type=\"page\">\n\t\t\t\t\t\t<section class=\"elementor-section elementor-top-section elementor-element elementor-element-bede802 elementor-section-boxed elementor-section-height-default elementor-section-height-default\" data-id=\"bede802\" data-element_type=\"section\" data-e-type=\"section\">\n\t\t\t\t\t\t<div class=\"elementor-container elementor-column-gap-default\">\n\t\t\t\t\t<div class=\"elementor-column elementor-col-100 elementor-top-column elementor-element elementor-element-f5ec4aa\" data-id=\"f5ec4aa\" data-element_type=\"column\" data-e-type=\"column\">\n\t\t\t<div class=\"elementor-widget-wrap elementor-element-populated\">\n\t\t\t\t\t\t<div class=\"elementor-element elementor-element-aab81dc elementor-widget elementor-widget-spacer\" data-id=\"aab81dc\" data-element_type=\"widget\" data-e-type=\"widget\" data-widget_type=\"spacer.default\">\n\t\t\t\t\t\t\t<div class=\"elementor-spacer\">\n\t\t\t<div class=\"elementor-spacer-inner\"><\/div>\n\t\t<\/div>\n\t\t\t\t\t\t<\/div>\n\t\t\t\t\t<\/div>\n\t\t<\/div>\n\t\t\t\t\t<\/div>\n\t\t<\/section>\n\t\t\t\t<section class=\"elementor-section elementor-top-section elementor-element elementor-element-1219388b elementor-section-boxed elementor-section-height-default elementor-section-height-default\" data-id=\"1219388b\" data-element_type=\"section\" data-e-type=\"section\">\n\t\t\t\t\t\t<div class=\"elementor-container elementor-column-gap-default\">\n\t\t\t\t\t<div class=\"elementor-column elementor-col-100 elementor-top-column elementor-element elementor-element-23cb4bc5\" data-id=\"23cb4bc5\" data-element_type=\"column\" data-e-type=\"column\">\n\t\t\t<div class=\"elementor-widget-wrap elementor-element-populated\">\n\t\t\t\t\t\t<div class=\"elementor-element elementor-element-30ed0c3d elementor-widget elementor-widget-spacer\" data-id=\"30ed0c3d\" data-element_type=\"widget\" data-e-type=\"widget\" data-widget_type=\"spacer.default\">\n\t\t\t\t\t\t\t<div class=\"elementor-spacer\">\n\t\t\t<div class=\"elementor-spacer-inner\"><\/div>\n\t\t<\/div>\n\t\t\t\t\t\t<\/div>\n\t\t\t\t<div class=\"elementor-element elementor-element-24953239 elementor-widget elementor-widget-heading\" data-id=\"24953239\" data-element_type=\"widget\" data-e-type=\"widget\" data-widget_type=\"heading.default\">\n\t\t\t\t\t<h2 class=\"elementor-heading-title elementor-size-default\">Data protection information<\/h2>\t\t\t\t<\/div>\n\t\t\t\t\t<\/div>\n\t\t<\/div>\n\t\t\t\t\t<\/div>\n\t\t<\/section>\n\t\t\t\t<section class=\"elementor-section elementor-top-section elementor-element elementor-element-1b6654e elementor-section-boxed elementor-section-height-default elementor-section-height-default\" data-id=\"1b6654e\" data-element_type=\"section\" data-e-type=\"section\">\n\t\t\t\t\t\t<div class=\"elementor-container elementor-column-gap-default\">\n\t\t\t\t\t<div class=\"elementor-column elementor-col-100 elementor-top-column elementor-element elementor-element-122179ee\" data-id=\"122179ee\" data-element_type=\"column\" data-e-type=\"column\">\n\t\t\t<div class=\"elementor-widget-wrap elementor-element-populated\">\n\t\t\t\t\t\t<div class=\"elementor-element elementor-element-694a7522 elementor-widget elementor-widget-heading\" data-id=\"694a7522\" data-element_type=\"widget\" data-e-type=\"widget\" data-widget_type=\"heading.default\">\n\t\t\t\t\t<h5 class=\"elementor-heading-title elementor-size-default\">Status October 2024<\/h5>\t\t\t\t<\/div>\n\t\t\t\t<div class=\"elementor-element elementor-element-738c7a35 elementor-widget elementor-widget-text-editor\" data-id=\"738c7a35\" data-element_type=\"widget\" data-e-type=\"widget\" data-widget_type=\"text-editor.default\">\n\t\t\t\t\t\t\t\t\t<p>The protection and security of your personal data is a high priority for us. It is important to us to inform you about what personal data is collected, how it is used and what options you have when you visit our website.<\/p>\t\t\t\t\t\t\t\t<\/div>\n\t\t\t\t<div class=\"elementor-element elementor-element-4b24e097 elementor-widget elementor-widget-heading\" data-id=\"4b24e097\" data-element_type=\"widget\" data-e-type=\"widget\" data-widget_type=\"heading.default\">\n\t\t\t\t\t<h3 class=\"elementor-heading-title elementor-size-default\">1. controller and data protection officer <\/h3>\t\t\t\t<\/div>\n\t\t\t\t<div class=\"elementor-element elementor-element-73656848 elementor-widget elementor-widget-text-editor\" data-id=\"73656848\" data-element_type=\"widget\" data-e-type=\"widget\" data-widget_type=\"text-editor.default\">\n\t\t\t\t\t\t\t\t\t<p>Circle2 GmbH\u2028Sumpfweg 6, 72070 T\u00fcbingen<br>Gesch\u00e4ftsf\u00fchrer: Dr. Tobias Heisig, Dr. Alexander Wittwer<BR>Telefon: +49 89 20984810<BR>E-Mail: info@circle2.de<BR>\nWe have appointed a data protection officer for our company:<BR>\nwalliser consulting gmbh<BR>Altenwaldstr. 8, 72768 Reutlingen<BR>E-Mail: datenschutzbeauftragter@walliser-datenschutz.de<\/p>\n<h5>You can download the order processing contract in accordance with the GDPR and the associated annexes here:<\/h5>\n\t\t\t\t\t\t\t\t<\/div>\n\t\t\t\t<div class=\"elementor-element elementor-element-22d9829 elementor-widget elementor-widget-button\" data-id=\"22d9829\" data-element_type=\"widget\" data-e-type=\"widget\" data-widget_type=\"button.default\">\n\t\t\t\t\t\t\t\t\t\t<a class=\"elementor-button elementor-button-link elementor-size-sm elementor-animation-grow\" href=\"https:\/\/circle2.de\/wp-content\/uploads\/2024\/12\/AV-Vertrag_Vereinbarung-zur-Auftragsverarbeitung.pdf\" target=\"_blank\">\n\t\t\t\t\t\t<span class=\"elementor-button-content-wrapper\">\n\t\t\t\t\t\t\t\t\t<span class=\"elementor-button-text\">Download order processing contract<\/span>\n\t\t\t\t\t<\/span>\n\t\t\t\t\t<\/a>\n\t\t\t\t\t\t\t\t<\/div>\n\t\t\t\t<div class=\"elementor-element elementor-element-9efe286 elementor-widget elementor-widget-button\" data-id=\"9efe286\" data-element_type=\"widget\" data-e-type=\"widget\" data-widget_type=\"button.default\">\n\t\t\t\t\t\t\t\t\t\t<a class=\"elementor-button elementor-button-link elementor-size-sm elementor-animation-grow\" href=\"https:\/\/circle2.de\/wp-content\/uploads\/2024\/12\/Anhang1_Personalentwicklung.pdf\" target=\"_blank\">\n\t\t\t\t\t\t<span class=\"elementor-button-content-wrapper\">\n\t\t\t\t\t\t\t\t\t<span class=\"elementor-button-text\">Download Appendix 1: Personnel development<\/span>\n\t\t\t\t\t<\/span>\n\t\t\t\t\t<\/a>\n\t\t\t\t\t\t\t\t<\/div>\n\t\t\t\t<div class=\"elementor-element elementor-element-6fdceec7 elementor-widget elementor-widget-button\" data-id=\"6fdceec7\" data-element_type=\"widget\" data-e-type=\"widget\" data-widget_type=\"button.default\">\n\t\t\t\t\t\t\t\t\t\t<a class=\"elementor-button elementor-button-link elementor-size-sm elementor-animation-grow\" href=\"https:\/\/circle2.de\/wp-content\/uploads\/2024\/12\/Anhang2_genemigte-Unterauftragnehmer.pdf\" target=\"_blank\">\n\t\t\t\t\t\t<span class=\"elementor-button-content-wrapper\">\n\t\t\t\t\t\t\t\t\t<span class=\"elementor-button-text\">Download Appendix 2: Subcontractor<\/span>\n\t\t\t\t\t<\/span>\n\t\t\t\t\t<\/a>\n\t\t\t\t\t\t\t\t<\/div>\n\t\t\t\t<div class=\"elementor-element elementor-element-4e458534 elementor-widget elementor-widget-button\" data-id=\"4e458534\" data-element_type=\"widget\" data-e-type=\"widget\" data-widget_type=\"button.default\">\n\t\t\t\t\t\t\t\t\t\t<a class=\"elementor-button elementor-button-link elementor-size-sm elementor-animation-grow\" href=\"https:\/\/circle2.de\/wp-content\/uploads\/2024\/12\/Anhang3_TOMs_CIRCLE2-GmbH.pdf\" target=\"_blank\">\n\t\t\t\t\t\t<span class=\"elementor-button-content-wrapper\">\n\t\t\t\t\t\t\t\t\t<span class=\"elementor-button-text\">Download Appendix 3: TOM\u2019s<\/span>\n\t\t\t\t\t<\/span>\n\t\t\t\t\t<\/a>\n\t\t\t\t\t\t\t\t<\/div>\n\t\t\t\t\t<\/div>\n\t\t<\/div>\n\t\t\t\t\t<\/div>\n\t\t<\/section>\n\t\t\t\t<section class=\"elementor-section elementor-top-section elementor-element elementor-element-1f597250 elementor-section-boxed elementor-section-height-default elementor-section-height-default\" data-id=\"1f597250\" data-element_type=\"section\" data-e-type=\"section\">\n\t\t\t\t\t\t<div class=\"elementor-container elementor-column-gap-default\">\n\t\t\t\t\t<div class=\"elementor-column elementor-col-100 elementor-top-column elementor-element elementor-element-543fc145\" data-id=\"543fc145\" data-element_type=\"column\" data-e-type=\"column\">\n\t\t\t<div class=\"elementor-widget-wrap elementor-element-populated\">\n\t\t\t\t\t\t<div class=\"elementor-element elementor-element-27365f09 elementor-widget elementor-widget-heading\" data-id=\"27365f09\" data-element_type=\"widget\" data-e-type=\"widget\" data-widget_type=\"heading.default\">\n\t\t\t\t\t<h3 class=\"elementor-heading-title elementor-size-default\">2. handling of personal data <\/h3>\t\t\t\t<\/div>\n\t\t\t\t<div class=\"elementor-element elementor-element-f172ce7 elementor-widget elementor-widget-text-editor\" data-id=\"f172ce7\" data-element_type=\"widget\" data-e-type=\"widget\" data-widget_type=\"text-editor.default\">\n\t\t\t\t\t\t\t\t\t<p>Personal data is only collected, used and processed if this is permitted by law or if users consent to the collection of data. \nWe primarily process personal data that the data subjects themselves provide to us in the context of contractual and business relationships.\nor which we receive from the respective contractual and business partners.\nRelevant personal data includes in particular personal details (e.g. surname, first name, address, bank details, invoice address, tax number\/USt ID) and other contact details such as telephone number and e-mail address.<\/p>\n\t\t\t\t\t\t\t\t<\/div>\n\t\t\t\t<div class=\"elementor-element elementor-element-4aa43b05 elementor-widget elementor-widget-heading\" data-id=\"4aa43b05\" data-element_type=\"widget\" data-e-type=\"widget\" data-widget_type=\"heading.default\">\n\t\t\t\t\t<h3 class=\"elementor-heading-title elementor-size-default\">\n3. accessing our website <\/h3>\t\t\t\t<\/div>\n\t\t\t\t<div class=\"elementor-element elementor-element-4b77f93a elementor-widget elementor-widget-text-editor\" data-id=\"4b77f93a\" data-element_type=\"widget\" data-e-type=\"widget\" data-widget_type=\"text-editor.default\">\n\t\t\t\t\t\t\t\t\t<p>When you visit our website, we collect the following data, which is technically necessary for us to display our website to you and to ensure stability and security. The legal basis for the processing of the data is Art. 6 para. 1 lit. f) GDPR and \u00a7 25 para. 2 TDDDG due to our legitimate interest in enabling website access and functionality. \nEach time our website is accessed, access data is stored in a log file, the server log. The stored data record contains the following information in particular:<\/p>\n<ul>\n<li>IP address of the requesting computer<\/li>\n<li>Date and time of the request <\/li>\n<li>Time zone difference to Greenwich Mean Time (GMT)<\/li>\n<li>Content of the request (specific page)<\/li>\n<li>Access status\/ HTTP status code<\/li>\n<li>Information about the browser and operating system used <\/li>\n<li>Request information such as language<\/li>\n<li>Amount of data transferred<\/li><\/ul>\n<p>We only evaluate these log files in the event of misuse of our website. We reserve the right to subsequently check the log files of those users for whom there is a concrete suspicion that they are using our website in violation of the law and\/or the contract. In general, we cannot assign this data to a specific person. If no evaluation is carried out in individual cases, this data is not permanently stored or analyzed. The data is deleted after 30 days.<\/p>\n\t\t\t\t\t\t\t\t<\/div>\n\t\t\t\t<div class=\"elementor-element elementor-element-52c7c6b5 elementor-widget elementor-widget-heading\" data-id=\"52c7c6b5\" data-element_type=\"widget\" data-e-type=\"widget\" data-widget_type=\"heading.default\">\n\t\t\t\t\t<h3 class=\"elementor-heading-title elementor-size-default\">4. possibility to contact us <\/h3>\t\t\t\t<\/div>\n\t\t\t\t<div class=\"elementor-element elementor-element-65ea8bc5 elementor-widget elementor-widget-text-editor\" data-id=\"65ea8bc5\" data-element_type=\"widget\" data-e-type=\"widget\" data-widget_type=\"text-editor.default\">\n\t\t\t\t\t\t\t\t\t<p>Bei Ihrer Kontaktaufnahme mit uns per E-Mail werden die von Ihnen mitgeteilten Daten (etwas Ihre E-Mail-Adresse, Ihr Name und Ihre Telefonnummer) von uns gespeichert, um Ihre Anfrage zu beantworten. Die in diesem Zusammenhang anfallenden Daten l\u00f6schen wir, nachdem die Speicherung nicht mehr erforderlich ist, oder schr\u00e4nken die Verarbeitung ein, falls gesetzliche Aufbewahrungspflichten bestehen. Rechtsgrundlage f\u00fcr die Verarbeitung der Daten, die im Zuge einer E-Mail \u00fcbermittelt werden, ist Art. 6 Abs. 1 lit. f) DSGVO. Zielt der E-Mail-Kontakt auf den Abschluss eines Vertrages ab, so ist zus\u00e4tzliche Rechtsgrundlage f\u00fcr die Verarbeitung der Daten Art. 6 Abs. 1 lit. b) DSGVO.<\/p>\t\t\t\t\t\t\t\t<\/div>\n\t\t\t\t<div class=\"elementor-element elementor-element-39d1199e elementor-widget elementor-widget-heading\" data-id=\"39d1199e\" data-element_type=\"widget\" data-e-type=\"widget\" data-widget_type=\"heading.default\">\n\t\t\t\t\t<h3 class=\"elementor-heading-title elementor-size-default\">5. cookies<\/h3>\t\t\t\t<\/div>\n\t\t\t\t<div class=\"elementor-element elementor-element-3d6da211 elementor-widget elementor-widget-text-editor\" data-id=\"3d6da211\" data-element_type=\"widget\" data-e-type=\"widget\" data-widget_type=\"text-editor.default\">\n\t\t\t\t\t\t\t\t\t<p>We use cookies on our website. These are small text files that are stored on your computer. Some of the cookies we use are deleted from your hard disk at the end of the browser session (session cookies). Other cookies remain on your computer and enable us to recognize your computer on your next visit (long-term cookies).<\/p><p><br \/>We use optional cookies for marketing and analysis purposes. Processing only takes place if you have given your consent for data processing in accordance with Art. 6 para. 1 lit. a) GDPR and for data transfer to third countries in accordance with Art. 49 para. 1 sentence 1 lit. a) GDPR via the consent banner. The storage and access to information in the end device is based on the ePrivacy Directive of the EU member states, in Germany according to \u00a7 25 para. 1 TDDDG.<\/p><p>\u00a0<\/p><p>You can completely prevent the storage of cookies by setting your browser accordingly. However, we would like to point out that in this case you may not be able to use all functions of this website to their full extent.<\/p>\t\t\t\t\t\t\t\t<\/div>\n\t\t\t\t<div class=\"elementor-element elementor-element-68fd0f22 elementor-widget elementor-widget-heading\" data-id=\"68fd0f22\" data-element_type=\"widget\" data-e-type=\"widget\" data-widget_type=\"heading.default\">\n\t\t\t\t\t<h3 class=\"elementor-heading-title elementor-size-default\">6. application<\/h3>\t\t\t\t<\/div>\n\t\t\t\t<div class=\"elementor-element elementor-element-14f8d6bd elementor-widget elementor-widget-text-editor\" data-id=\"14f8d6bd\" data-element_type=\"widget\" data-e-type=\"widget\" data-widget_type=\"text-editor.default\">\n\t\t\t\t\t\t\t\t\t<p>You can apply for vacancies via our website. The purpose of data collection is the selection of applicants for the possible establishment of an employment relationship. The data you provide (first and last name, email address, application documents such as certificates and CV, mobile phone number if applicable, application photo, salary expectations, Xing or LinkedIn profile) will be processed by us for the selection process.<br \/>As part of the application process, the applications received are reviewed, any queries are made using the above information, invitations to interviews are sent and further personal data is collected in interviews as part of the selection process in order to make a decision.<\/p><p><br \/>The legal basis for the processing of applicant data is Art. 88 para. 1 GDPR in conjunction with \u00a7 26 BDSG or Art. 6 para. 1 lit. b) GDPR.<br \/>The purpose of collecting and processing your data is to handle the application process.<\/p><p><br \/>If no employment relationship is established following the application procedure, the application documents will be deleted no later than six months after notification of the rejection decision, unless you consent to us storing your applicant data for longer than six months.<br \/>If your application is followed by the conclusion of an employment contract, your data will be stored and used in compliance with the relevant legal provisions pursuant to Art. 6 para. 1 lit. b) GDPR.<\/p><p><br \/>We assure you that your data will be collected, processed and used in accordance with the principles of the GDPR and all other legal provisions and that your data will be treated in strict confidence.<\/p>\t\t\t\t\t\t\t\t<\/div>\n\t\t\t\t<div class=\"elementor-element elementor-element-fa4364 elementor-widget elementor-widget-heading\" data-id=\"fa4364\" data-element_type=\"widget\" data-e-type=\"widget\" data-widget_type=\"heading.default\">\n\t\t\t\t\t<h3 class=\"elementor-heading-title elementor-size-default\">7. recipients of personal data<\/h3>\t\t\t\t<\/div>\n\t\t\t\t<div class=\"elementor-element elementor-element-669b7e11 elementor-widget elementor-widget-text-editor\" data-id=\"669b7e11\" data-element_type=\"widget\" data-e-type=\"widget\" data-widget_type=\"text-editor.default\">\n\t\t\t\t\t\t\t\t\t<p>In case of doubt, your personal data will be passed on if we are legally obliged to do so or if you have given your consent to the passing on of the data.<\/p>\t\t\t\t\t\t\t\t<\/div>\n\t\t\t\t<div class=\"elementor-element elementor-element-6c4dadb3 elementor-widget elementor-widget-heading\" data-id=\"6c4dadb3\" data-element_type=\"widget\" data-e-type=\"widget\" data-widget_type=\"heading.default\">\n\t\t\t\t\t<h3 class=\"elementor-heading-title elementor-size-default\">8. duration of processing<\/h3>\t\t\t\t<\/div>\n\t\t\t\t<div class=\"elementor-element elementor-element-6dcac1b5 elementor-widget elementor-widget-text-editor\" data-id=\"6dcac1b5\" data-element_type=\"widget\" data-e-type=\"widget\" data-widget_type=\"text-editor.default\">\n\t\t\t\t\t\t\t\t\t<p>Your data will be deleted by us as soon as the purpose for processing no longer applies and there are no legal retention periods to the contrary.<\/p>\t\t\t\t\t\t\t\t<\/div>\n\t\t\t\t<div class=\"elementor-element elementor-element-42229945 elementor-widget elementor-widget-heading\" data-id=\"42229945\" data-element_type=\"widget\" data-e-type=\"widget\" data-widget_type=\"heading.default\">\n\t\t\t\t\t<h3 class=\"elementor-heading-title elementor-size-default\"> 9. rights of data subjects<\/h3>\t\t\t\t<\/div>\n\t\t\t\t<div class=\"elementor-element elementor-element-5afd6085 elementor-widget elementor-widget-text-editor\" data-id=\"5afd6085\" data-element_type=\"widget\" data-e-type=\"widget\" data-widget_type=\"text-editor.default\">\n\t\t\t\t\t\t\t\t\t<p>With regard to the processing of your personal data, you have the following rights vis-\u00e0-vis us:<\/p><p>\u00a0<\/p><p>Right to information (Art. 15 GDPR): You can request information at any time as to whether and which personal data concerning you is being used by us, the purposes of the processing, the origin of the data, the recipients to whom the data may be transmitted and how long such data is stored by us.<\/p><p>\u00a0<\/p><p>Right to rectification (Art. 16 GDPR): If you discover that personal data concerning you is incorrect, you can request the rectification of such data at any time. If you believe that data is incomplete, you can also request that it be completed.<\/p><p>\u00a0<\/p><p>Right to erasure (Art. 17 GDPR): If you are of the opinion that the use of your personal data is no longer necessary or takes place without a sufficient legal basis or is unlawful for other reasons, you can request the deletion of this data.<\/p><p>\u00a0<\/p><p>Right to restriction of the use of data (Art. 18 GDPR): Instead of the erasure of data, you can also request the restriction of the use of data if data is being used unlawfully. In particular, you can also request such a restriction on the use of data if you dispute the accuracy of data or have objected to the use of data.<\/p><p>\u00a0<\/p><p>Right to data portability (Art. 20 GDPR): With regard to personal data that you have provided yourself and that is used on the basis of a contract or consent, you can request that this data be made available to you in a structured, commonly used and machine-readable format. You can also request that this data be transmitted directly to another controller.<\/p><p>\u00a0<\/p><p>Right to lodge a complaint with a supervisory authority (Art. 77 GDPR): If you believe that your rights in relation to the personal data concerning you have been infringed, you have the right to lodge a complaint with a supervisory authority. The local authority responsible for us is:<\/p><p>\u00a0<\/p><p>The State Commissioner for Data Protection and Freedom of Information Baden-W\u00fcrttemberg, Lautenschlagerstr. 20, 70173 Stuttgart.<\/p><p>\u00a0<\/p><p>We draw your attention separately to your right to object (Art. 21 GDPR). If there are reasons arising from your particular situation that make the use of your personal data, which we use on the basis of a balancing of interests (Art. 6 para. 1 lit. f) GDPR), inadmissible, you have the right to object to such data use. If your personal data is used for direct advertising, you have the right to object. Furthermore, you have the right to revoke your consent granted under data protection law at any time in accordance with Art. 7 para. 3 GDPR.<\/p><p>\u00a0<\/p><p>Please send this to:<\/p><p><br \/>Circle2 GmbH<br \/>Sumpfweg 6<br \/>72070 T\u00fcbingen<br \/>info@circle2.de<\/p>\t\t\t\t\t\t\t\t<\/div>\n\t\t\t\t\t<\/div>\n\t\t<\/div>\n\t\t\t\t\t<\/div>\n\t\t<\/section>\n\t\t<div class=\"elementor-element elementor-element-1b4e56e5 e-flex e-con-boxed e-con e-parent\" data-id=\"1b4e56e5\" data-element_type=\"container\" data-e-type=\"container\">\n\t\t\t\t\t<div class=\"e-con-inner\">\n\t\t\t\t<div class=\"elementor-element elementor-element-58783c3 elementor-widget elementor-widget-spacer\" data-id=\"58783c3\" data-element_type=\"widget\" data-e-type=\"widget\" data-widget_type=\"spacer.default\">\n\t\t\t\t\t\t\t<div class=\"elementor-spacer\">\n\t\t\t<div class=\"elementor-spacer-inner\"><\/div>\n\t\t<\/div>\n\t\t\t\t\t\t<\/div>\n\t\t\t\t\t<\/div>\n\t\t\t\t<\/div>\n\t\t\t\t<\/div>\n\t\t","protected":false},"excerpt":{"rendered":"<p>Data protection information Status October 2024 The protection and security of your personal data is a high priority for us. It is important to us to inform you about what personal data is collected, how it is used and what options you have when you visit our website. 1. controller and data protection officer Circle2 &#8230;<\/p>\n","protected":false},"author":1,"featured_media":0,"parent":0,"menu_order":0,"comment_status":"closed","ping_status":"closed","template":"","meta":{"inline_featured_image":false,"footnotes":"","_links_to":"","_links_to_target":""},"class_list":["post-3564","page","type-page","status-publish"],"_links":{"self":[{"href":"https:\/\/circle2.de\/en\/wp-json\/wp\/v2\/pages\/3564","targetHints":{"allow":["GET"]}}],"collection":[{"href":"https:\/\/circle2.de\/en\/wp-json\/wp\/v2\/pages"}],"about":[{"href":"https:\/\/circle2.de\/en\/wp-json\/wp\/v2\/types\/page"}],"author":[{"embeddable":true,"href":"https:\/\/circle2.de\/en\/wp-json\/wp\/v2\/users\/1"}],"replies":[{"embeddable":true,"href":"https:\/\/circle2.de\/en\/wp-json\/wp\/v2\/comments?post=3564"}],"version-history":[{"count":81,"href":"https:\/\/circle2.de\/en\/wp-json\/wp\/v2\/pages\/3564\/revisions"}],"predecessor-version":[{"id":6161,"href":"https:\/\/circle2.de\/en\/wp-json\/wp\/v2\/pages\/3564\/revisions\/6161"}],"wp:attachment":[{"href":"https:\/\/circle2.de\/en\/wp-json\/wp\/v2\/media?parent=3564"}],"curies":[{"name":"wp","href":"https:\/\/api.w.org\/{rel}","templated":true}]}}